{"id":39271,"date":"2025-02-19T19:40:54","date_gmt":"2025-02-19T18:40:54","guid":{"rendered":"https:\/\/milkydaisy.com\/?post_type=product&#038;p=39271"},"modified":"2025-12-29T15:55:25","modified_gmt":"2025-12-29T14:55:25","slug":"duo-di-tisane-biologiche-per-lallattamento-al-gusto-di-fragola-e-albicocca-miele-50-bustine-copie","status":"publish","type":"product","link":"https:\/\/milkydaisy.com\/it\/produit\/duo-di-tisane-biologiche-per-lallattamento-al-gusto-di-fragola-e-albicocca-miele-50-bustine-copie\/","title":{"rendered":"Duo di tisane biologiche per l&#8217;allattamento al gusto di fragola e albicocca-miele &#8211; 50 bustine"},"content":{"rendered":"<p>Il nostro cofanetto Bi-Go\u00fbt offre <b><br \/>\n  una vera e propria tavolozza di sapori<br \/>\n  v<br \/>\n  gusti<br \/>\n<\/b>. L&#8217;infuso di fragole \u00e8 caratterizzato da note di finocchio, rooibos, ortica, cumino, ibisco e<br \/>\n  <b>pezzi di fragola vera<\/b><br \/>\n.  <\/p>\n<p>\t\t\t\t\t\t\t\t\t\t\t\t\t\t\t<img decoding=\"async\" width=\"1300\" height=\"542\" src=\"https:\/\/milkydaisy.com\/wp-content\/themes\/woodmart\/images\/lazy.png\" alt=\"\" loading=\"lazy\" srcset=\"\" sizes=\"auto, (max-width: 1300px) 100vw, 1300px\" data-wood-src=\"https:\/\/milkydaisy.com\/wp-content\/uploads\/2023\/06\/Liste-Ingredients-Tisane-Fraise-Milky-Daisy-min-1-min-1-1300x542.jpg\" data-srcset=\"https:\/\/milkydaisy.com\/wp-content\/uploads\/2023\/06\/Liste-Ingredients-Tisane-Fraise-Milky-Daisy-min-1-min-1-1300x542.jpg 1300w, https:\/\/milkydaisy.com\/wp-content\/uploads\/2023\/06\/Liste-Ingredients-Tisane-Fraise-Milky-Daisy-min-1-min-1-400x167.jpg 400w, https:\/\/milkydaisy.com\/wp-content\/uploads\/2023\/06\/Liste-Ingredients-Tisane-Fraise-Milky-Daisy-min-1-min-1-768x320.jpg 768w, https:\/\/milkydaisy.com\/wp-content\/uploads\/2023\/06\/Liste-Ingredients-Tisane-Fraise-Milky-Daisy-min-1-min-1-1536x640.jpg 1536w, https:\/\/milkydaisy.com\/wp-content\/uploads\/2023\/06\/Liste-Ingredients-Tisane-Fraise-Milky-Daisy-min-1-min-1-2048x853.jpg 2048w, https:\/\/milkydaisy.com\/wp-content\/uploads\/2023\/06\/Liste-Ingredients-Tisane-Fraise-Milky-Daisy-min-1-min-1-860x358.jpg 860w, https:\/\/milkydaisy.com\/wp-content\/uploads\/2023\/06\/Liste-Ingredients-Tisane-Fraise-Milky-Daisy-min-1-min-1-430x179.jpg 430w, https:\/\/milkydaisy.com\/wp-content\/uploads\/2023\/06\/Liste-Ingredients-Tisane-Fraise-Milky-Daisy-min-1-min-1-700x292.jpg 700w, https:\/\/milkydaisy.com\/wp-content\/uploads\/2023\/06\/Liste-Ingredients-Tisane-Fraise-Milky-Daisy-min-1-min-1-150x63.jpg 150w\" \/>\t\t\t\t\t\t\t\t\t\t\t\t\t\t\t<\/p>\n<p>La tisana al miele di albicocca \u00e8 una delicata combinazione di verbena, finocchio, anice verde, cumino, ortica e pezzi di albicocca. pezzi di albicocca.<\/p>\n<p>\t\t\t\t\t\t\t\t\t\t\t\t\t\t\t<img decoding=\"async\" width=\"1300\" height=\"542\" src=\"https:\/\/milkydaisy.com\/wp-content\/themes\/woodmart\/images\/lazy.png\" alt=\"\" loading=\"lazy\" srcset=\"\" sizes=\"auto, (max-width: 1300px) 100vw, 1300px\" data-wood-src=\"https:\/\/milkydaisy.com\/wp-content\/uploads\/2023\/06\/Ingredients-Tisane-Abricot-Milky-Daisy-min-min-1300x542.jpg\" data-srcset=\"https:\/\/milkydaisy.com\/wp-content\/uploads\/2023\/06\/Ingredients-Tisane-Abricot-Milky-Daisy-min-min-1300x542.jpg 1300w, https:\/\/milkydaisy.com\/wp-content\/uploads\/2023\/06\/Ingredients-Tisane-Abricot-Milky-Daisy-min-min-400x167.jpg 400w, https:\/\/milkydaisy.com\/wp-content\/uploads\/2023\/06\/Ingredients-Tisane-Abricot-Milky-Daisy-min-min-768x320.jpg 768w, https:\/\/milkydaisy.com\/wp-content\/uploads\/2023\/06\/Ingredients-Tisane-Abricot-Milky-Daisy-min-min-1536x640.jpg 1536w, https:\/\/milkydaisy.com\/wp-content\/uploads\/2023\/06\/Ingredients-Tisane-Abricot-Milky-Daisy-min-min-2048x853.jpg 2048w, https:\/\/milkydaisy.com\/wp-content\/uploads\/2023\/06\/Ingredients-Tisane-Abricot-Milky-Daisy-min-min-860x358.jpg 860w, https:\/\/milkydaisy.com\/wp-content\/uploads\/2023\/06\/Ingredients-Tisane-Abricot-Milky-Daisy-min-min-430x179.jpg 430w, https:\/\/milkydaisy.com\/wp-content\/uploads\/2023\/06\/Ingredients-Tisane-Abricot-Milky-Daisy-min-min-700x292.jpg 700w, https:\/\/milkydaisy.com\/wp-content\/uploads\/2023\/06\/Ingredients-Tisane-Abricot-Milky-Daisy-min-min-150x62.jpg 150w\" \/>\t\t\t\t\t\t\t\t\t\t\t\t\t\t\t<\/p>\n<p>Noi di Milky Daisy ci impegniamo a utilizzare solo ingredienti <b>biologici al 100%<\/b>.<br \/>\nTutti gli ingredienti delle nostre ricette sono coltivati biologicamente, per garantire un infuso <b>di alta qualit\u00e0<\/b> e rispettoso del corpo e dell&#8217;ambiente.<\/p>\n<p>\t\t\t\t\t\t\t\t\t\t\t\t\t\t\t<img decoding=\"async\" width=\"1200\" height=\"800\" src=\"https:\/\/milkydaisy.com\/wp-content\/themes\/woodmart\/images\/lazy.png\" alt=\"\" loading=\"lazy\" srcset=\"\" sizes=\"auto, (max-width: 1200px) 100vw, 1200px\" data-wood-src=\"https:\/\/milkydaisy.com\/wp-content\/uploads\/2023\/06\/tisane-allaitement-duo-fraise-abricot-miel-fenouil-carvi-ortie_0000s_0007_IMG_3152-min.jpg\" data-srcset=\"https:\/\/milkydaisy.com\/wp-content\/uploads\/2023\/06\/tisane-allaitement-duo-fraise-abricot-miel-fenouil-carvi-ortie_0000s_0007_IMG_3152-min.jpg 1200w, https:\/\/milkydaisy.com\/wp-content\/uploads\/2023\/06\/tisane-allaitement-duo-fraise-abricot-miel-fenouil-carvi-ortie_0000s_0007_IMG_3152-min-400x267.jpg 400w, https:\/\/milkydaisy.com\/wp-content\/uploads\/2023\/06\/tisane-allaitement-duo-fraise-abricot-miel-fenouil-carvi-ortie_0000s_0007_IMG_3152-min-768x512.jpg 768w, https:\/\/milkydaisy.com\/wp-content\/uploads\/2023\/06\/tisane-allaitement-duo-fraise-abricot-miel-fenouil-carvi-ortie_0000s_0007_IMG_3152-min-860x573.jpg 860w, https:\/\/milkydaisy.com\/wp-content\/uploads\/2023\/06\/tisane-allaitement-duo-fraise-abricot-miel-fenouil-carvi-ortie_0000s_0007_IMG_3152-min-430x287.jpg 430w, https:\/\/milkydaisy.com\/wp-content\/uploads\/2023\/06\/tisane-allaitement-duo-fraise-abricot-miel-fenouil-carvi-ortie_0000s_0007_IMG_3152-min-700x467.jpg 700w, https:\/\/milkydaisy.com\/wp-content\/uploads\/2023\/06\/tisane-allaitement-duo-fraise-abricot-miel-fenouil-carvi-ortie_0000s_0007_IMG_3152-min-150x100.jpg 150w\" \/><br \/>\n\t\t\t\t\t\t\t\t\t\t\t\t\t\t\t<img decoding=\"async\" width=\"1200\" height=\"800\" src=\"https:\/\/milkydaisy.com\/wp-content\/themes\/woodmart\/images\/lazy.png\" alt=\"\" loading=\"lazy\" srcset=\"\" sizes=\"auto, (max-width: 1200px) 100vw, 1200px\" data-wood-src=\"https:\/\/milkydaisy.com\/wp-content\/uploads\/2023\/06\/tisane-allaitement-duo-fraise-abricot-miel-fenouil-carvi-ortie_0000s_0003_IMG_3174-min.jpg\" data-srcset=\"https:\/\/milkydaisy.com\/wp-content\/uploads\/2023\/06\/tisane-allaitement-duo-fraise-abricot-miel-fenouil-carvi-ortie_0000s_0003_IMG_3174-min.jpg 1200w, https:\/\/milkydaisy.com\/wp-content\/uploads\/2023\/06\/tisane-allaitement-duo-fraise-abricot-miel-fenouil-carvi-ortie_0000s_0003_IMG_3174-min-400x267.jpg 400w, https:\/\/milkydaisy.com\/wp-content\/uploads\/2023\/06\/tisane-allaitement-duo-fraise-abricot-miel-fenouil-carvi-ortie_0000s_0003_IMG_3174-min-768x512.jpg 768w, https:\/\/milkydaisy.com\/wp-content\/uploads\/2023\/06\/tisane-allaitement-duo-fraise-abricot-miel-fenouil-carvi-ortie_0000s_0003_IMG_3174-min-860x573.jpg 860w, https:\/\/milkydaisy.com\/wp-content\/uploads\/2023\/06\/tisane-allaitement-duo-fraise-abricot-miel-fenouil-carvi-ortie_0000s_0003_IMG_3174-min-430x287.jpg 430w, https:\/\/milkydaisy.com\/wp-content\/uploads\/2023\/06\/tisane-allaitement-duo-fraise-abricot-miel-fenouil-carvi-ortie_0000s_0003_IMG_3174-min-700x467.jpg 700w, https:\/\/milkydaisy.com\/wp-content\/uploads\/2023\/06\/tisane-allaitement-duo-fraise-abricot-miel-fenouil-carvi-ortie_0000s_0003_IMG_3174-min-150x100.jpg 150w\" \/>\t\t\t\t\t\t\t\t\t\t\t\t\t\t\t<\/p>\n<p>Ogni confezione contiene <b>50 bustine di t\u00e8<\/b> in fibra di mais <b>compostabili<\/b>, sufficienti per un trattamento di poco pi\u00f9 di due settimane con tre infusioni al giorno. Presentate in un sacchetto di plastica <b>riciclabile<\/b>, le nostre infusette <b>non sono sovraconfezionate<\/b>.<\/p>\n<p>Entrambe le ricette sono arricchite con<br \/>\n  <b>con aromi naturali <\/b><br \/>\ndi Grasse, la capitale mondiale del profumo, per un&#8217;esperienza sensoriale unica.<\/p>\n<p>\t\t\t\t\t\t\t\t\t\t\t\t\t\t\t<img decoding=\"async\" width=\"1300\" height=\"542\" src=\"https:\/\/milkydaisy.com\/wp-content\/themes\/woodmart\/images\/lazy.png\" alt=\"\" loading=\"lazy\" srcset=\"\" sizes=\"auto, (max-width: 1300px) 100vw, 1300px\" data-wood-src=\"https:\/\/milkydaisy.com\/wp-content\/uploads\/2023\/06\/Aromes-Tisane-Abricot-Miel-Fraise-Milky-Daisy-min-1-1300x542.png\" data-srcset=\"https:\/\/milkydaisy.com\/wp-content\/uploads\/2023\/06\/Aromes-Tisane-Abricot-Miel-Fraise-Milky-Daisy-min-1-1300x542.png 1300w, https:\/\/milkydaisy.com\/wp-content\/uploads\/2023\/06\/Aromes-Tisane-Abricot-Miel-Fraise-Milky-Daisy-min-1-400x167.png 400w, https:\/\/milkydaisy.com\/wp-content\/uploads\/2023\/06\/Aromes-Tisane-Abricot-Miel-Fraise-Milky-Daisy-min-1-768x320.png 768w, https:\/\/milkydaisy.com\/wp-content\/uploads\/2023\/06\/Aromes-Tisane-Abricot-Miel-Fraise-Milky-Daisy-min-1-1536x640.png 1536w, https:\/\/milkydaisy.com\/wp-content\/uploads\/2023\/06\/Aromes-Tisane-Abricot-Miel-Fraise-Milky-Daisy-min-1-2048x853.png 2048w, https:\/\/milkydaisy.com\/wp-content\/uploads\/2023\/06\/Aromes-Tisane-Abricot-Miel-Fraise-Milky-Daisy-min-1-860x358.png 860w, https:\/\/milkydaisy.com\/wp-content\/uploads\/2023\/06\/Aromes-Tisane-Abricot-Miel-Fraise-Milky-Daisy-min-1-430x179.png 430w, https:\/\/milkydaisy.com\/wp-content\/uploads\/2023\/06\/Aromes-Tisane-Abricot-Miel-Fraise-Milky-Daisy-min-1-700x292.png 700w, https:\/\/milkydaisy.com\/wp-content\/uploads\/2023\/06\/Aromes-Tisane-Abricot-Miel-Fraise-Milky-Daisy-min-1-150x62.png 150w\" \/>\t\t\t\t\t\t\t\t\t\t\t\t\t\t\t<\/p>\n<p>Le nostre confezioni sono realizzate in <b>cartone riciclabile certificato FSC\u2122<\/b>, per garantire che i nostri prodotti siano realizzati con materiali provenienti da foreste gestite<b> in modo responsabile<\/b>.<\/p>\n<p>\t\t\t\t\t\t\t\t\t\t\t\t\t\t\t<img decoding=\"async\" width=\"1200\" height=\"800\" src=\"https:\/\/milkydaisy.com\/wp-content\/themes\/woodmart\/images\/lazy.png\" alt=\"\" loading=\"lazy\" srcset=\"\" sizes=\"auto, (max-width: 1200px) 100vw, 1200px\" data-wood-src=\"https:\/\/milkydaisy.com\/wp-content\/uploads\/2023\/06\/tisane-allaitement-duo-fraise-abricot-miel-fenouil-carvi-ortie_0000s_0002_IMG_3182-min.jpg\" data-srcset=\"https:\/\/milkydaisy.com\/wp-content\/uploads\/2023\/06\/tisane-allaitement-duo-fraise-abricot-miel-fenouil-carvi-ortie_0000s_0002_IMG_3182-min.jpg 1200w, https:\/\/milkydaisy.com\/wp-content\/uploads\/2023\/06\/tisane-allaitement-duo-fraise-abricot-miel-fenouil-carvi-ortie_0000s_0002_IMG_3182-min-400x267.jpg 400w, https:\/\/milkydaisy.com\/wp-content\/uploads\/2023\/06\/tisane-allaitement-duo-fraise-abricot-miel-fenouil-carvi-ortie_0000s_0002_IMG_3182-min-768x512.jpg 768w, https:\/\/milkydaisy.com\/wp-content\/uploads\/2023\/06\/tisane-allaitement-duo-fraise-abricot-miel-fenouil-carvi-ortie_0000s_0002_IMG_3182-min-860x573.jpg 860w, https:\/\/milkydaisy.com\/wp-content\/uploads\/2023\/06\/tisane-allaitement-duo-fraise-abricot-miel-fenouil-carvi-ortie_0000s_0002_IMG_3182-min-430x287.jpg 430w, https:\/\/milkydaisy.com\/wp-content\/uploads\/2023\/06\/tisane-allaitement-duo-fraise-abricot-miel-fenouil-carvi-ortie_0000s_0002_IMG_3182-min-700x467.jpg 700w, https:\/\/milkydaisy.com\/wp-content\/uploads\/2023\/06\/tisane-allaitement-duo-fraise-abricot-miel-fenouil-carvi-ortie_0000s_0002_IMG_3182-min-150x100.jpg 150w\" \/><br \/>\n\t\t\t\t\t\t\t\t\t\t\t\t\t\t\t<img decoding=\"async\" width=\"1200\" height=\"800\" src=\"https:\/\/milkydaisy.com\/wp-content\/themes\/woodmart\/images\/lazy.png\" alt=\"Bo\u00eete de tisane MilkyDaisy accompagn\u00e9e d&#039;une tasse de tisane et d&#039;abricots et fraises frais sur un plateau\" loading=\"lazy\" srcset=\"\" sizes=\"auto, (max-width: 1200px) 100vw, 1200px\" data-wood-src=\"https:\/\/milkydaisy.com\/wp-content\/uploads\/2023\/06\/tisane-allaitement-duo-fraise-abricot-miel-fenouil-carvi-ortie_0000s_0009_IMG_3149-min.jpg\" data-srcset=\"https:\/\/milkydaisy.com\/wp-content\/uploads\/2023\/06\/tisane-allaitement-duo-fraise-abricot-miel-fenouil-carvi-ortie_0000s_0009_IMG_3149-min.jpg 1200w, https:\/\/milkydaisy.com\/wp-content\/uploads\/2023\/06\/tisane-allaitement-duo-fraise-abricot-miel-fenouil-carvi-ortie_0000s_0009_IMG_3149-min-400x267.jpg 400w, https:\/\/milkydaisy.com\/wp-content\/uploads\/2023\/06\/tisane-allaitement-duo-fraise-abricot-miel-fenouil-carvi-ortie_0000s_0009_IMG_3149-min-768x512.jpg 768w, https:\/\/milkydaisy.com\/wp-content\/uploads\/2023\/06\/tisane-allaitement-duo-fraise-abricot-miel-fenouil-carvi-ortie_0000s_0009_IMG_3149-min-860x573.jpg 860w, https:\/\/milkydaisy.com\/wp-content\/uploads\/2023\/06\/tisane-allaitement-duo-fraise-abricot-miel-fenouil-carvi-ortie_0000s_0009_IMG_3149-min-430x287.jpg 430w, https:\/\/milkydaisy.com\/wp-content\/uploads\/2023\/06\/tisane-allaitement-duo-fraise-abricot-miel-fenouil-carvi-ortie_0000s_0009_IMG_3149-min-700x467.jpg 700w, https:\/\/milkydaisy.com\/wp-content\/uploads\/2023\/06\/tisane-allaitement-duo-fraise-abricot-miel-fenouil-carvi-ortie_0000s_0009_IMG_3149-min-150x100.jpg 150w\" \/>\t\t\t\t\t\t\t\t\t\t\t\t\t\t\t<\/p>\n<p>In qualsiasi stagione, confortatevi con una tisana calda o rinfrescatevi con una fredda. Il nostro cofanetto Bi-Go\u00fbt vi offre <b>il meglio di entrambi i mondi<\/b>, per una variet\u00e0 di piaceri quotidiani.<\/p>\n<p>Godetevi un&#8217;<b>esperienza di gusto unica<\/b> con il t\u00e8 da allattamento Milky Daisy Bi-Go\u00fbt Strawberry &amp; Apricot-Honey.<\/p>\n","protected":false},"excerpt":{"rendered":"<p>Scoprite la variet\u00e0 di sapori del nostro t\u00e8 da allattamento Milky Daisy Bi-Go\u00fbt Fragola e albicocca-miele. Questo infuso biologico, ideato e prodotto in Francia, \u00e8 rivolto alle mamme che allattano e che amano i cambiamenti e il piacere di esplorare nuovi sapori.<\/p>\n<p><img decoding=\"async\" class=\"alignnone wp-image-15805\" src=\"http:\/\/milkydaisy.com\/wp-content\/uploads\/2023\/06\/AB-Converted-249x300.png\" alt=\"\" width=\"41\" height=\"50\">  <img decoding=\"async\" class=\"alignnone wp-image-15807\" src=\"http:\/\/milkydaisy.com\/wp-content\/uploads\/2023\/06\/Eurofeuille_couleurAB-400x266.jpg\" alt=\"\" width=\"75\" height=\"50\">  <img decoding=\"async\" class=\"alignnone wp-image-15810\" src=\"http:\/\/milkydaisy.com\/wp-content\/uploads\/2023\/06\/mad_bloc_cartouche_rvb-small-191x300.jpg\" alt=\"\" width=\"32\" height=\"50\">  <img decoding=\"async\" class=\"alignnone wp-image-15809\" src=\"http:\/\/milkydaisy.com\/wp-content\/uploads\/2023\/06\/fsc_solo-260x300.png\" alt=\"\" width=\"43\" height=\"50\"><\/p>\n","protected":false},"featured_media":39276,"comment_status":"open","ping_status":"closed","template":"","meta":[],"product_brand":[233],"product_cat":[108],"product_tag":[],"class_list":{"0":"post-39271","1":"product","2":"type-product","3":"status-publish","4":"has-post-thumbnail","6":"product_brand-milky-daisy","7":"product_cat-tisane","9":"first","10":"outofstock","11":"taxable","12":"shipping-taxable","13":"purchasable","14":"product-type-simple"},"_links":{"self":[{"href":"https:\/\/milkydaisy.com\/it\/wp-json\/wp\/v2\/product\/39271","targetHints":{"allow":["GET"]}}],"collection":[{"href":"https:\/\/milkydaisy.com\/it\/wp-json\/wp\/v2\/product"}],"about":[{"href":"https:\/\/milkydaisy.com\/it\/wp-json\/wp\/v2\/types\/product"}],"replies":[{"embeddable":true,"href":"https:\/\/milkydaisy.com\/it\/wp-json\/wp\/v2\/comments?post=39271"}],"wp:featuredmedia":[{"embeddable":true,"href":"https:\/\/milkydaisy.com\/it\/wp-json\/wp\/v2\/media\/39276"}],"wp:attachment":[{"href":"https:\/\/milkydaisy.com\/it\/wp-json\/wp\/v2\/media?parent=39271"}],"wp:term":[{"taxonomy":"product_brand","embeddable":true,"href":"https:\/\/milkydaisy.com\/it\/wp-json\/wp\/v2\/product_brand?post=39271"},{"taxonomy":"product_cat","embeddable":true,"href":"https:\/\/milkydaisy.com\/it\/wp-json\/wp\/v2\/product_cat?post=39271"},{"taxonomy":"product_tag","embeddable":true,"href":"https:\/\/milkydaisy.com\/it\/wp-json\/wp\/v2\/product_tag?post=39271"}],"curies":[{"name":"wp","href":"https:\/\/api.w.org\/{rel}","templated":true}]}}