{"id":39266,"date":"2025-02-19T19:40:49","date_gmt":"2025-02-19T18:40:49","guid":{"rendered":"https:\/\/milkydaisy.com\/?post_type=product&#038;p=39266"},"modified":"2025-12-29T15:55:35","modified_gmt":"2025-12-29T14:55:35","slug":"tisana-biologica-per-lallattamento-al-gusto-di-albicocca-e-miele-45-bustine-copie","status":"publish","type":"product","link":"https:\/\/milkydaisy.com\/it\/produit\/tisana-biologica-per-lallattamento-al-gusto-di-albicocca-e-miele-45-bustine-copie\/","title":{"rendered":"Tisana biologica per l&#8217;allattamento al gusto di albicocca e miele &#8211; 45 bustine (Copie)"},"content":{"rendered":"<p>La tisana all&#8217;allattamento Milky Daisy Strawberry \u00e8 molto pi\u00f9 di un semplice infuso.  <\/p>\n<p>Questa tisana <b>biologica<\/b>, <b>prodotta in Francia<\/b>, \u00e8 stata studiata appositamente per le <b>mamme che allattano<\/b>, con particolare attenzione a ogni dettaglio.<\/p>\n<p>\t\t\t\t\t\t\t\t\t\t\t\t\t\t\t<img decoding=\"async\" width=\"1300\" height=\"542\" src=\"https:\/\/milkydaisy.com\/wp-content\/themes\/woodmart\/images\/lazy.png\" alt=\"\" loading=\"lazy\" srcset=\"\" sizes=\"auto, (max-width: 1300px) 100vw, 1300px\" data-wood-src=\"https:\/\/milkydaisy.com\/wp-content\/uploads\/2023\/06\/Ingredients-Tisane-Abricot-Milky-Daisy-min-1300x542.png\" data-srcset=\"https:\/\/milkydaisy.com\/wp-content\/uploads\/2023\/06\/Ingredients-Tisane-Abricot-Milky-Daisy-min-1300x542.png 1300w, https:\/\/milkydaisy.com\/wp-content\/uploads\/2023\/06\/Ingredients-Tisane-Abricot-Milky-Daisy-min-400x167.png 400w, https:\/\/milkydaisy.com\/wp-content\/uploads\/2023\/06\/Ingredients-Tisane-Abricot-Milky-Daisy-min-768x320.png 768w, https:\/\/milkydaisy.com\/wp-content\/uploads\/2023\/06\/Ingredients-Tisane-Abricot-Milky-Daisy-min-1536x640.png 1536w, https:\/\/milkydaisy.com\/wp-content\/uploads\/2023\/06\/Ingredients-Tisane-Abricot-Milky-Daisy-min-2048x853.png 2048w, https:\/\/milkydaisy.com\/wp-content\/uploads\/2023\/06\/Ingredients-Tisane-Abricot-Milky-Daisy-min-860x358.png 860w, https:\/\/milkydaisy.com\/wp-content\/uploads\/2023\/06\/Ingredients-Tisane-Abricot-Milky-Daisy-min-430x179.png 430w, https:\/\/milkydaisy.com\/wp-content\/uploads\/2023\/06\/Ingredients-Tisane-Abricot-Milky-Daisy-min-700x292.png 700w, https:\/\/milkydaisy.com\/wp-content\/uploads\/2023\/06\/Ingredients-Tisane-Abricot-Milky-Daisy-min-150x62.png 150w\" \/>\t\t\t\t\t\t\t\t\t\t\t\t\t\t\t<\/p>\n<p>La dolcezza dell&#8217;albicocca si combina perfettamente con il sapore ricco e dolce del miele per creare un <b>infuso caldo e avvolgente<\/b>.<br \/>\nQuesta sinfonia di sapori \u00e8 completata da note di verbena, finocchio, anice verde e cumino, che conferiscono alla tisana un <b>carattere unico<\/b>. Pezzi di albicocca intensificano il sapore fruttato dell&#8217;infuso.<\/p>\n<p>\t\t\t\t\t\t\t\t\t\t\t\t\t\t\t<img decoding=\"async\" width=\"1200\" height=\"800\" src=\"https:\/\/milkydaisy.com\/wp-content\/themes\/woodmart\/images\/lazy.png\" alt=\"\" loading=\"lazy\" srcset=\"\" sizes=\"auto, (max-width: 1200px) 100vw, 1200px\" data-wood-src=\"https:\/\/milkydaisy.com\/wp-content\/uploads\/2023\/06\/tisane-allaitement-abricot-miel-milky-daisy_0004_IMG_3168.jpg\" data-srcset=\"https:\/\/milkydaisy.com\/wp-content\/uploads\/2023\/06\/tisane-allaitement-abricot-miel-milky-daisy_0004_IMG_3168.jpg 1200w, https:\/\/milkydaisy.com\/wp-content\/uploads\/2023\/06\/tisane-allaitement-abricot-miel-milky-daisy_0004_IMG_3168-400x267.jpg 400w, https:\/\/milkydaisy.com\/wp-content\/uploads\/2023\/06\/tisane-allaitement-abricot-miel-milky-daisy_0004_IMG_3168-768x512.jpg 768w, https:\/\/milkydaisy.com\/wp-content\/uploads\/2023\/06\/tisane-allaitement-abricot-miel-milky-daisy_0004_IMG_3168-860x573.jpg 860w, https:\/\/milkydaisy.com\/wp-content\/uploads\/2023\/06\/tisane-allaitement-abricot-miel-milky-daisy_0004_IMG_3168-430x287.jpg 430w, https:\/\/milkydaisy.com\/wp-content\/uploads\/2023\/06\/tisane-allaitement-abricot-miel-milky-daisy_0004_IMG_3168-700x467.jpg 700w, https:\/\/milkydaisy.com\/wp-content\/uploads\/2023\/06\/tisane-allaitement-abricot-miel-milky-daisy_0004_IMG_3168-150x100.jpg 150w\" \/><br \/>\n\t\t\t\t\t\t\t\t\t\t\t\t\t\t\t<img decoding=\"async\" width=\"1200\" height=\"800\" src=\"https:\/\/milkydaisy.com\/wp-content\/themes\/woodmart\/images\/lazy.png\" alt=\"\" loading=\"lazy\" srcset=\"\" sizes=\"auto, (max-width: 1200px) 100vw, 1200px\" data-wood-src=\"https:\/\/milkydaisy.com\/wp-content\/uploads\/2023\/06\/tisane-allaitement-abricot-miel-milky-daisy_0011_IMG_3157.jpg\" data-srcset=\"https:\/\/milkydaisy.com\/wp-content\/uploads\/2023\/06\/tisane-allaitement-abricot-miel-milky-daisy_0011_IMG_3157.jpg 1200w, https:\/\/milkydaisy.com\/wp-content\/uploads\/2023\/06\/tisane-allaitement-abricot-miel-milky-daisy_0011_IMG_3157-400x267.jpg 400w, https:\/\/milkydaisy.com\/wp-content\/uploads\/2023\/06\/tisane-allaitement-abricot-miel-milky-daisy_0011_IMG_3157-768x512.jpg 768w, https:\/\/milkydaisy.com\/wp-content\/uploads\/2023\/06\/tisane-allaitement-abricot-miel-milky-daisy_0011_IMG_3157-860x573.jpg 860w, https:\/\/milkydaisy.com\/wp-content\/uploads\/2023\/06\/tisane-allaitement-abricot-miel-milky-daisy_0011_IMG_3157-430x287.jpg 430w, https:\/\/milkydaisy.com\/wp-content\/uploads\/2023\/06\/tisane-allaitement-abricot-miel-milky-daisy_0011_IMG_3157-700x467.jpg 700w, https:\/\/milkydaisy.com\/wp-content\/uploads\/2023\/06\/tisane-allaitement-abricot-miel-milky-daisy_0011_IMG_3157-150x100.jpg 150w\" \/>\t\t\t\t\t\t\t\t\t\t\t\t\t\t\t<\/p>\n<p>Milky Daisy utilizza solo ingredienti <b>biologici al 100%<\/b> per garantire una qualit\u00e0 ottimale.<br \/>\nLa verbena, il finocchio, l&#8217;anice verde, il cumino, l&#8217;ortica e i pezzi di albicocca sono tutti di coltivazione biologica.<\/p>\n<p>Gli aromi naturali di miele e albicocca sono prodotti a <b>Grasse<\/b>, culla mondiale del profumo, e conferiscono alla nostra tisana <b>una nota autentica e distintiva<\/b>.<\/p>\n<p>\t\t\t\t\t\t\t\t\t\t\t\t\t\t\t<img decoding=\"async\" width=\"1300\" height=\"542\" src=\"https:\/\/milkydaisy.com\/wp-content\/themes\/woodmart\/images\/lazy.png\" alt=\"\" loading=\"lazy\" srcset=\"\" sizes=\"auto, (max-width: 1300px) 100vw, 1300px\" data-wood-src=\"https:\/\/milkydaisy.com\/wp-content\/uploads\/2023\/06\/Aromes-Tisane-Abricot-Milky-Daisy-min-1300x542.png\" data-srcset=\"https:\/\/milkydaisy.com\/wp-content\/uploads\/2023\/06\/Aromes-Tisane-Abricot-Milky-Daisy-min-1300x542.png 1300w, https:\/\/milkydaisy.com\/wp-content\/uploads\/2023\/06\/Aromes-Tisane-Abricot-Milky-Daisy-min-400x167.png 400w, https:\/\/milkydaisy.com\/wp-content\/uploads\/2023\/06\/Aromes-Tisane-Abricot-Milky-Daisy-min-768x320.png 768w, https:\/\/milkydaisy.com\/wp-content\/uploads\/2023\/06\/Aromes-Tisane-Abricot-Milky-Daisy-min-1536x640.png 1536w, https:\/\/milkydaisy.com\/wp-content\/uploads\/2023\/06\/Aromes-Tisane-Abricot-Milky-Daisy-min-2048x853.png 2048w, https:\/\/milkydaisy.com\/wp-content\/uploads\/2023\/06\/Aromes-Tisane-Abricot-Milky-Daisy-min-860x358.png 860w, https:\/\/milkydaisy.com\/wp-content\/uploads\/2023\/06\/Aromes-Tisane-Abricot-Milky-Daisy-min-430x179.png 430w, https:\/\/milkydaisy.com\/wp-content\/uploads\/2023\/06\/Aromes-Tisane-Abricot-Milky-Daisy-min-700x292.png 700w, https:\/\/milkydaisy.com\/wp-content\/uploads\/2023\/06\/Aromes-Tisane-Abricot-Milky-Daisy-min-150x62.png 150w\" \/>\t\t\t\t\t\t\t\t\t\t\t\t\t\t\t<\/p>\n<p>Ogni confezione contiene <b>45 bustine compostabili<\/b> in fibra di mais, sufficienti per un ciclo di due settimane con tre t\u00e8 al giorno. Le bustine di t\u00e8 sono contenute in un sacchetto di plastica riciclabile, <b>senza inutili incarti<\/b>.<\/p>\n<p>Abbiamo scelto un imballaggio in <b>cartone riciclabile certificato FSC\u2122<\/b>, che garantisce che i nostri prodotti siano realizzati con materiali provenienti da foreste gestite <b>in modo responsabile<\/b>.<\/p>\n<p>\t\t\t\t\t\t\t\t\t\t\t\t\t\t\t<img decoding=\"async\" width=\"1200\" height=\"800\" src=\"https:\/\/milkydaisy.com\/wp-content\/themes\/woodmart\/images\/lazy.png\" alt=\"\" loading=\"lazy\" srcset=\"\" sizes=\"auto, (max-width: 1200px) 100vw, 1200px\" data-wood-src=\"https:\/\/milkydaisy.com\/wp-content\/uploads\/2023\/06\/tisane-allaitement-abricot-miel-milky-daisy_0002_IMG_3181.jpg\" data-srcset=\"https:\/\/milkydaisy.com\/wp-content\/uploads\/2023\/06\/tisane-allaitement-abricot-miel-milky-daisy_0002_IMG_3181.jpg 1200w, https:\/\/milkydaisy.com\/wp-content\/uploads\/2023\/06\/tisane-allaitement-abricot-miel-milky-daisy_0002_IMG_3181-400x267.jpg 400w, https:\/\/milkydaisy.com\/wp-content\/uploads\/2023\/06\/tisane-allaitement-abricot-miel-milky-daisy_0002_IMG_3181-768x512.jpg 768w, https:\/\/milkydaisy.com\/wp-content\/uploads\/2023\/06\/tisane-allaitement-abricot-miel-milky-daisy_0002_IMG_3181-860x573.jpg 860w, https:\/\/milkydaisy.com\/wp-content\/uploads\/2023\/06\/tisane-allaitement-abricot-miel-milky-daisy_0002_IMG_3181-430x287.jpg 430w, https:\/\/milkydaisy.com\/wp-content\/uploads\/2023\/06\/tisane-allaitement-abricot-miel-milky-daisy_0002_IMG_3181-700x467.jpg 700w, https:\/\/milkydaisy.com\/wp-content\/uploads\/2023\/06\/tisane-allaitement-abricot-miel-milky-daisy_0002_IMG_3181-150x100.jpg 150w\" \/><br \/>\n\t\t\t\t\t\t\t\t\t\t\t\t\t\t\t<img decoding=\"async\" width=\"1200\" height=\"800\" src=\"https:\/\/milkydaisy.com\/wp-content\/themes\/woodmart\/images\/lazy.png\" alt=\"\" loading=\"lazy\" srcset=\"\" sizes=\"auto, (max-width: 1200px) 100vw, 1200px\" data-wood-src=\"https:\/\/milkydaisy.com\/wp-content\/uploads\/2023\/06\/tisane-allaitement-abricot-miel-milky-daisy_0010_IMG_3158.jpg\" data-srcset=\"https:\/\/milkydaisy.com\/wp-content\/uploads\/2023\/06\/tisane-allaitement-abricot-miel-milky-daisy_0010_IMG_3158.jpg 1200w, https:\/\/milkydaisy.com\/wp-content\/uploads\/2023\/06\/tisane-allaitement-abricot-miel-milky-daisy_0010_IMG_3158-400x267.jpg 400w, https:\/\/milkydaisy.com\/wp-content\/uploads\/2023\/06\/tisane-allaitement-abricot-miel-milky-daisy_0010_IMG_3158-768x512.jpg 768w, https:\/\/milkydaisy.com\/wp-content\/uploads\/2023\/06\/tisane-allaitement-abricot-miel-milky-daisy_0010_IMG_3158-860x573.jpg 860w, https:\/\/milkydaisy.com\/wp-content\/uploads\/2023\/06\/tisane-allaitement-abricot-miel-milky-daisy_0010_IMG_3158-430x287.jpg 430w, https:\/\/milkydaisy.com\/wp-content\/uploads\/2023\/06\/tisane-allaitement-abricot-miel-milky-daisy_0010_IMG_3158-700x467.jpg 700w, https:\/\/milkydaisy.com\/wp-content\/uploads\/2023\/06\/tisane-allaitement-abricot-miel-milky-daisy_0010_IMG_3158-150x100.jpg 150w\" \/>\t\t\t\t\t\t\t\t\t\t\t\t\t\t\t<\/p>\n<p>Questa tisana delicata e confortante \u00e8 ideale per le mamme in fase di allattamento, ma anche per chiunque desideri una <b>tisana rilassante e golosa<\/b>. Da gustare caldo per un momento di relax accanto al fuoco, o freddo per una pausa rinfrescante in piena estate.<\/p>\n<p>Scoprite il piacere di una pausa di benessere con la tisana all&#8217;albicocca e miele Milky Daisy.<\/p>\n","protected":false},"excerpt":{"rendered":"<p>Godetevi la combinazione unica di albicocca e miele nel nostro t\u00e8 da allattamento al gusto di albicocca e miele Milky Daisy. Questo infuso biologico, ideato e prodotto in Francia, \u00e8 dedicato alle mamme che allattano e che vogliono dare al proprio corpo il meglio che la natura pu\u00f2 offrire.<\/p>\n<p><img decoding=\"async\" class=\"alignnone wp-image-15805\" src=\"http:\/\/milkydaisy.com\/wp-content\/uploads\/2023\/06\/AB-Converted-249x300.png\" alt=\"\" width=\"41\" height=\"50\">  <img decoding=\"async\" class=\"alignnone wp-image-15807\" src=\"http:\/\/milkydaisy.com\/wp-content\/uploads\/2023\/06\/Eurofeuille_couleurAB-400x266.jpg\" alt=\"\" width=\"75\" height=\"50\">  <img decoding=\"async\" class=\"alignnone wp-image-15810\" src=\"http:\/\/milkydaisy.com\/wp-content\/uploads\/2023\/06\/mad_bloc_cartouche_rvb-small-191x300.jpg\" alt=\"\" width=\"32\" height=\"50\">  <img decoding=\"async\" class=\"alignnone wp-image-15809\" src=\"http:\/\/milkydaisy.com\/wp-content\/uploads\/2023\/06\/fsc_solo-260x300.png\" alt=\"\" width=\"43\" height=\"50\"><\/p>\n","protected":false},"featured_media":39357,"comment_status":"open","ping_status":"closed","template":"","meta":[],"product_brand":[233],"product_cat":[108],"product_tag":[],"class_list":{"0":"post-39266","1":"product","2":"type-product","3":"status-publish","4":"has-post-thumbnail","6":"product_brand-milky-daisy","7":"product_cat-tisane","9":"first","10":"outofstock","11":"taxable","12":"shipping-taxable","13":"purchasable","14":"product-type-simple"},"_links":{"self":[{"href":"https:\/\/milkydaisy.com\/it\/wp-json\/wp\/v2\/product\/39266","targetHints":{"allow":["GET"]}}],"collection":[{"href":"https:\/\/milkydaisy.com\/it\/wp-json\/wp\/v2\/product"}],"about":[{"href":"https:\/\/milkydaisy.com\/it\/wp-json\/wp\/v2\/types\/product"}],"replies":[{"embeddable":true,"href":"https:\/\/milkydaisy.com\/it\/wp-json\/wp\/v2\/comments?post=39266"}],"wp:featuredmedia":[{"embeddable":true,"href":"https:\/\/milkydaisy.com\/it\/wp-json\/wp\/v2\/media\/39357"}],"wp:attachment":[{"href":"https:\/\/milkydaisy.com\/it\/wp-json\/wp\/v2\/media?parent=39266"}],"wp:term":[{"taxonomy":"product_brand","embeddable":true,"href":"https:\/\/milkydaisy.com\/it\/wp-json\/wp\/v2\/product_brand?post=39266"},{"taxonomy":"product_cat","embeddable":true,"href":"https:\/\/milkydaisy.com\/it\/wp-json\/wp\/v2\/product_cat?post=39266"},{"taxonomy":"product_tag","embeddable":true,"href":"https:\/\/milkydaisy.com\/it\/wp-json\/wp\/v2\/product_tag?post=39266"}],"curies":[{"name":"wp","href":"https:\/\/api.w.org\/{rel}","templated":true}]}}