{"id":39261,"date":"2025-02-19T19:40:44","date_gmt":"2025-02-19T18:40:44","guid":{"rendered":"https:\/\/milkydaisy.com\/?post_type=product&#038;p=39261"},"modified":"2026-04-27T04:16:10","modified_gmt":"2026-04-27T02:16:10","slug":"tisana-biologica-al-gusto-di-fragola-che-allatta-il-finocchio-45-bustine-copie","status":"publish","type":"product","link":"https:\/\/milkydaisy.com\/it\/produit\/tisana-biologica-al-gusto-di-fragola-che-allatta-il-finocchio-45-bustine-copie\/","title":{"rendered":"Tisana biologica al gusto di fragola che allatta il finocchio &#8211; 45 bustine (Copie)"},"content":{"rendered":"<h2><strong>Ingredienti naturali per stimolare la lattazione<\/strong><\/h2>\n<p>La <strong>tisana biologica al finocchio per l&#8217;allattamento Milky Daisy, aromatizzata alla fragola, stimola l&#8217;allattamento<\/strong>. Contiene semi di finocchio, cumino e ortica. Il suo delicato profumo di fragola \u00e8 bilanciato da note dolci di finocchio e rooibos. Vi piacer\u00e0 questa tisana fruttata. Scoprite <a href=\"https:\/\/milkydaisy.com\/tisanes-allaitement\" target=\"_new\" rel=\"noopener\">qui<\/a> la nostra gamma completa di tisane per l&#8217;allattamento.<\/p>\n<p>\t\t\t\t\t\t\t\t\t\t\t\t\t\t\t<img decoding=\"async\" width=\"1300\" height=\"542\" src=\"http:\/\/milkydaisy.com\/wp-content\/uploads\/2023\/06\/Ingredients-Tisane-Fraise-Milky-Daisy-1920-min-1300x542.jpg\" alt=\"\" loading=\"lazy\" srcset=\"http:\/\/milkydaisy.com\/wp-content\/uploads\/2023\/06\/Ingredients-Tisane-Fraise-Milky-Daisy-1920-min-1300x542.jpg 1300w, https:\/\/milkydaisy.com\/wp-content\/uploads\/2023\/06\/Ingredients-Tisane-Fraise-Milky-Daisy-1920-min-400x167.jpg 400w, https:\/\/milkydaisy.com\/wp-content\/uploads\/2023\/06\/Ingredients-Tisane-Fraise-Milky-Daisy-1920-min-768x320.jpg 768w, https:\/\/milkydaisy.com\/wp-content\/uploads\/2023\/06\/Ingredients-Tisane-Fraise-Milky-Daisy-1920-min-1536x640.jpg 1536w, https:\/\/milkydaisy.com\/wp-content\/uploads\/2023\/06\/Ingredients-Tisane-Fraise-Milky-Daisy-1920-min-860x358.jpg 860w, https:\/\/milkydaisy.com\/wp-content\/uploads\/2023\/06\/Ingredients-Tisane-Fraise-Milky-Daisy-1920-min-430x179.jpg 430w, https:\/\/milkydaisy.com\/wp-content\/uploads\/2023\/06\/Ingredients-Tisane-Fraise-Milky-Daisy-1920-min-700x292.jpg 700w, https:\/\/milkydaisy.com\/wp-content\/uploads\/2023\/06\/Ingredients-Tisane-Fraise-Milky-Daisy-1920-min-150x63.jpg 150w, https:\/\/milkydaisy.com\/wp-content\/uploads\/2023\/06\/Ingredients-Tisane-Fraise-Milky-Daisy-1920-min.jpg 1920w\" sizes=\"auto, (max-width: 1300px) 100vw, 1300px\" \/>\t\t\t\t\t\t\t\t\t\t\t\t\t\t\t<\/p>\n<h2><strong>Una tisana al finocchio da allattamento unica e gustosa<\/strong><\/h2>\n<p>L&#8217;originalit\u00e0 e la complessit\u00e0 di questa tisana derivano dalla presenza di ortiche e cumino. Pezzi di fragola esaltano il sapore naturale dell&#8217;infuso. Le ortiche sono note per <a href=\"https:\/\/www.medicalnewstoday.com\/articles\/325244\" target=\"_blank\" rel=\"noopener\">i loro numerosi benefici per la salute<\/a>.<\/p>\n<p>\t\t\t\t\t\t\t\t<img width=\"1200\" height=\"800\" src=\"http:\/\/milkydaisy.com\/wp-content\/uploads\/2023\/06\/MDT.FR1_.45-Ambiance-Web_0004_IMG_3089-min.jpg\" alt=\"\" decoding=\"async\" loading=\"lazy\" srcset=\"http:\/\/milkydaisy.com\/wp-content\/uploads\/2023\/06\/MDT.FR1_.45-Ambiance-Web_0004_IMG_3089-min.jpg 1200w, https:\/\/milkydaisy.com\/wp-content\/uploads\/2023\/06\/MDT.FR1_.45-Ambiance-Web_0004_IMG_3089-min-400x267.jpg 400w, https:\/\/milkydaisy.com\/wp-content\/uploads\/2023\/06\/MDT.FR1_.45-Ambiance-Web_0004_IMG_3089-min-768x512.jpg 768w, https:\/\/milkydaisy.com\/wp-content\/uploads\/2023\/06\/MDT.FR1_.45-Ambiance-Web_0004_IMG_3089-min-860x573.jpg 860w, https:\/\/milkydaisy.com\/wp-content\/uploads\/2023\/06\/MDT.FR1_.45-Ambiance-Web_0004_IMG_3089-min-430x287.jpg 430w, https:\/\/milkydaisy.com\/wp-content\/uploads\/2023\/06\/MDT.FR1_.45-Ambiance-Web_0004_IMG_3089-min-700x467.jpg 700w, https:\/\/milkydaisy.com\/wp-content\/uploads\/2023\/06\/MDT.FR1_.45-Ambiance-Web_0004_IMG_3089-min-150x100.jpg 150w\" sizes=\"auto, (max-width: 1200px) 100vw, 1200px\" \/><br \/>\n\t\t\t\t\t\t\t\t\t\t\t\t\t\t\t<img decoding=\"async\" width=\"1200\" height=\"800\" src=\"http:\/\/milkydaisy.com\/wp-content\/uploads\/2023\/06\/MDT.FR1_.45-Ambiance-Web_0000_IMG_3111-min.jpg\" alt=\"\" loading=\"lazy\" srcset=\"http:\/\/milkydaisy.com\/wp-content\/uploads\/2023\/06\/MDT.FR1_.45-Ambiance-Web_0000_IMG_3111-min.jpg 1200w, https:\/\/milkydaisy.com\/wp-content\/uploads\/2023\/06\/MDT.FR1_.45-Ambiance-Web_0000_IMG_3111-min-400x267.jpg 400w, https:\/\/milkydaisy.com\/wp-content\/uploads\/2023\/06\/MDT.FR1_.45-Ambiance-Web_0000_IMG_3111-min-768x512.jpg 768w, https:\/\/milkydaisy.com\/wp-content\/uploads\/2023\/06\/MDT.FR1_.45-Ambiance-Web_0000_IMG_3111-min-860x573.jpg 860w, https:\/\/milkydaisy.com\/wp-content\/uploads\/2023\/06\/MDT.FR1_.45-Ambiance-Web_0000_IMG_3111-min-430x287.jpg 430w, https:\/\/milkydaisy.com\/wp-content\/uploads\/2023\/06\/MDT.FR1_.45-Ambiance-Web_0000_IMG_3111-min-700x467.jpg 700w, https:\/\/milkydaisy.com\/wp-content\/uploads\/2023\/06\/MDT.FR1_.45-Ambiance-Web_0000_IMG_3111-min-150x100.jpg 150w\" sizes=\"auto, (max-width: 1200px) 100vw, 1200px\" \/>\t\t\t\t\t\t\t\t\t\t\t\t\t\t\t<\/p>\n<h2><strong>Impegno per la qualit\u00e0 e l&#8217;ambiente<\/strong><\/h2>\n<p>Da Milky Daisy selezioniamo <strong>ingredienti biologici al 100%<\/strong>. Il finocchio, il rooibos, l&#8217;ortica, il cumino, l&#8217;ibisco e i pezzi di fragola sono tutti di coltivazione biologica. Questo garantisce una tisana di qualit\u00e0 impeccabile. Scoprite di pi\u00f9 sul <a href=\"https:\/\/milkydaisy.com\/nos-engagements\">nostro impegno per la qualit\u00e0<\/a>.<\/p>\n<p>Il nostro <strong>aroma naturale di fragola<\/strong> \u00e8 prodotto a Grasse, <a href=\"http:\/\/www.ville-grasse.fr\/aromes_et_parfums.mob\" target=\"_blank\" rel=\"noopener\">la capitale mondiale del profumo<\/a>. Questo conferisce alle nostre tisane un&#8217;autenticit\u00e0 e una freschezza senza pari.<\/p>\n<p>\t\t\t\t\t\t\t\t\t\t\t\t\t\t\t<img decoding=\"async\" width=\"1300\" height=\"542\" src=\"http:\/\/milkydaisy.com\/wp-content\/uploads\/2023\/06\/Arome-Tisane-Fraise-Milky-Daisy-min-1300x542.png\" alt=\"\" loading=\"lazy\" srcset=\"http:\/\/milkydaisy.com\/wp-content\/uploads\/2023\/06\/Arome-Tisane-Fraise-Milky-Daisy-min-1300x542.png 1300w, https:\/\/milkydaisy.com\/wp-content\/uploads\/2023\/06\/Arome-Tisane-Fraise-Milky-Daisy-min-400x167.png 400w, https:\/\/milkydaisy.com\/wp-content\/uploads\/2023\/06\/Arome-Tisane-Fraise-Milky-Daisy-min-768x320.png 768w, https:\/\/milkydaisy.com\/wp-content\/uploads\/2023\/06\/Arome-Tisane-Fraise-Milky-Daisy-min-1536x640.png 1536w, https:\/\/milkydaisy.com\/wp-content\/uploads\/2023\/06\/Arome-Tisane-Fraise-Milky-Daisy-min-2048x853.png 2048w, https:\/\/milkydaisy.com\/wp-content\/uploads\/2023\/06\/Arome-Tisane-Fraise-Milky-Daisy-min-860x358.png 860w, https:\/\/milkydaisy.com\/wp-content\/uploads\/2023\/06\/Arome-Tisane-Fraise-Milky-Daisy-min-430x179.png 430w, https:\/\/milkydaisy.com\/wp-content\/uploads\/2023\/06\/Arome-Tisane-Fraise-Milky-Daisy-min-700x292.png 700w, https:\/\/milkydaisy.com\/wp-content\/uploads\/2023\/06\/Arome-Tisane-Fraise-Milky-Daisy-min-150x62.png 150w\" sizes=\"auto, (max-width: 1300px) 100vw, 1300px\" \/>\t\t\t\t\t\t\t\t\t\t\t\t\t\t\t<\/p>\n<h2><strong>Imballaggio eco-responsabile<\/strong><\/h2>\n<p>Ogni confezione contiene 45 bustine di t\u00e8. Ci\u00f2 equivale a un ciclo di trattamento di due settimane con tre infusioni al giorno. Le nostre infusette sono compostabili e confezionate in un sacchetto di plastica riciclabile. Scoprite <a href=\"https:\/\/milkydaisy.com\/produits-allaitement\" target=\"_new\" rel=\"noopener\">qui<\/a> gli altri prodotti per l&#8217;allattamento al seno.<\/p>\n<p>Utilizziamo <strong style=\"font-size: 14px; background-color: var(--bgcolor-white); color: var(--wd-text-color);\">cartone riciclabile certificato FSC\u2122<\/strong> per  il nostro imballaggio. Questo garantisce che i nostri imballaggi provengano da foreste  gestita in modo sostenibile. Per saperne di pi\u00f9  Certificazione FSC <a style=\"font-size: 14px; background-color: var(--bgcolor-white);\" href=\"https:\/\/www.fsc.org\/en\" target=\"_new\" rel=\"noopener\">qui<\/a>.<\/p>\n<p>\t\t\t\t\t\t\t\t\t\t\t\t\t\t\t<img decoding=\"async\" width=\"1200\" height=\"800\" src=\"http:\/\/milkydaisy.com\/wp-content\/uploads\/2023\/06\/MDT.FR1_.45-Ambiance-Web_0005_IMG_3187-min-1.jpg\" alt=\"\" loading=\"lazy\" srcset=\"http:\/\/milkydaisy.com\/wp-content\/uploads\/2023\/06\/MDT.FR1_.45-Ambiance-Web_0005_IMG_3187-min-1.jpg 1200w, https:\/\/milkydaisy.com\/wp-content\/uploads\/2023\/06\/MDT.FR1_.45-Ambiance-Web_0005_IMG_3187-min-1-400x267.jpg 400w, https:\/\/milkydaisy.com\/wp-content\/uploads\/2023\/06\/MDT.FR1_.45-Ambiance-Web_0005_IMG_3187-min-1-768x512.jpg 768w, https:\/\/milkydaisy.com\/wp-content\/uploads\/2023\/06\/MDT.FR1_.45-Ambiance-Web_0005_IMG_3187-min-1-860x573.jpg 860w, https:\/\/milkydaisy.com\/wp-content\/uploads\/2023\/06\/MDT.FR1_.45-Ambiance-Web_0005_IMG_3187-min-1-430x287.jpg 430w, https:\/\/milkydaisy.com\/wp-content\/uploads\/2023\/06\/MDT.FR1_.45-Ambiance-Web_0005_IMG_3187-min-1-700x467.jpg 700w, https:\/\/milkydaisy.com\/wp-content\/uploads\/2023\/06\/MDT.FR1_.45-Ambiance-Web_0005_IMG_3187-min-1-150x100.jpg 150w\" sizes=\"auto, (max-width: 1200px) 100vw, 1200px\" \/><br \/>\n\t\t\t\t\t\t\t\t\t\t\t\t\t\t\t<img decoding=\"async\" width=\"1200\" height=\"800\" src=\"http:\/\/milkydaisy.com\/wp-content\/uploads\/2023\/06\/MDT.FR1_.45-Ambiance-Web_0002_IMG_3132-min.jpg\" alt=\"\" loading=\"lazy\" srcset=\"http:\/\/milkydaisy.com\/wp-content\/uploads\/2023\/06\/MDT.FR1_.45-Ambiance-Web_0002_IMG_3132-min.jpg 1200w, https:\/\/milkydaisy.com\/wp-content\/uploads\/2023\/06\/MDT.FR1_.45-Ambiance-Web_0002_IMG_3132-min-400x267.jpg 400w, https:\/\/milkydaisy.com\/wp-content\/uploads\/2023\/06\/MDT.FR1_.45-Ambiance-Web_0002_IMG_3132-min-768x512.jpg 768w, https:\/\/milkydaisy.com\/wp-content\/uploads\/2023\/06\/MDT.FR1_.45-Ambiance-Web_0002_IMG_3132-min-860x573.jpg 860w, https:\/\/milkydaisy.com\/wp-content\/uploads\/2023\/06\/MDT.FR1_.45-Ambiance-Web_0002_IMG_3132-min-430x287.jpg 430w, https:\/\/milkydaisy.com\/wp-content\/uploads\/2023\/06\/MDT.FR1_.45-Ambiance-Web_0002_IMG_3132-min-700x467.jpg 700w, https:\/\/milkydaisy.com\/wp-content\/uploads\/2023\/06\/MDT.FR1_.45-Ambiance-Web_0002_IMG_3132-min-150x100.jpg 150w\" sizes=\"auto, (max-width: 1200px) 100vw, 1200px\" \/>\t\t\t\t\t\t\t\t\t\t\t\t\t\t\t<\/p>\n<h2><strong>Un momento di relax per voi<\/strong><\/h2>\n<p>Questa tisana \u00e8 ideale per le madri che allattano. \u00c8 anche un&#8217;opzione eccellente per chi cerca un infuso gustoso e rilassante. Si pu\u00f2 gustare caldo o freddo. Leggete i nostri <a href=\"https:\/\/milkydaisy.com\/conseils-allaitement\">consigli per un allattamento di successo<\/a>.<\/p>\n<p>La <strong>Tisana all&#8217;allattamento alla fragola Milky Daisy con finocchio<\/strong> sostiene l&#8217;allattamento e regala un momento di delizioso relax.<\/p>\n","protected":false},"excerpt":{"rendered":"<p>La <strong>tisana al finocchio per l&#8217;allattamento Milky Daisy al gusto di fragola<\/strong> \u00e8 molto pi\u00f9 di un semplice infuso. <strong>Realizzata con amore in Francia<\/strong>, questa tisana \u00e8 stata appositamente studiata per sostenere le mamme che allattano al seno come me. Ogni dettaglio \u00e8 oggetto di particolare attenzione, perch\u00e9 sappiamo quanto ogni momento sia importante per voi e per il vostro bambino. Per saperne di pi\u00f9 sul nostro processo di produzione, <a href=\"https:\/\/milkydaisy.com\/notre-processus-de-fabrication\" target=\"_new\" rel=\"noopener\">cliccate qui<\/a>.<\/p>\n<p><img decoding=\"async\" class=\"alignnone wp-image-15805\" src=\"http:\/\/milkydaisy.com\/wp-content\/uploads\/2023\/06\/AB-Converted-249x300.png\" alt=\"\" width=\"41\" height=\"50\">  <img decoding=\"async\" class=\"alignnone wp-image-15807\" src=\"http:\/\/milkydaisy.com\/wp-content\/uploads\/2023\/06\/Eurofeuille_couleurAB-400x266.jpg\" alt=\"\" width=\"75\" height=\"50\">  <img decoding=\"async\" class=\"alignnone wp-image-15810\" src=\"http:\/\/milkydaisy.com\/wp-content\/uploads\/2023\/06\/mad_bloc_cartouche_rvb-small-191x300.jpg\" alt=\"\" width=\"32\" height=\"50\">  <img decoding=\"async\" class=\"alignnone wp-image-15809\" src=\"http:\/\/milkydaisy.com\/wp-content\/uploads\/2023\/06\/fsc_solo-260x300.png\" alt=\"\" width=\"43\" height=\"50\"><\/p>\n","protected":false},"featured_media":39363,"comment_status":"open","ping_status":"closed","template":"","meta":[],"product_brand":[233],"product_cat":[108],"product_tag":[],"class_list":{"0":"post-39261","1":"product","2":"type-product","3":"status-publish","4":"has-post-thumbnail","6":"product_brand-milky-daisy","7":"product_cat-tisane","9":"first","10":"outofstock","11":"taxable","12":"shipping-taxable","13":"purchasable","14":"product-type-simple"},"_links":{"self":[{"href":"https:\/\/milkydaisy.com\/it\/wp-json\/wp\/v2\/product\/39261","targetHints":{"allow":["GET"]}}],"collection":[{"href":"https:\/\/milkydaisy.com\/it\/wp-json\/wp\/v2\/product"}],"about":[{"href":"https:\/\/milkydaisy.com\/it\/wp-json\/wp\/v2\/types\/product"}],"replies":[{"embeddable":true,"href":"https:\/\/milkydaisy.com\/it\/wp-json\/wp\/v2\/comments?post=39261"}],"wp:featuredmedia":[{"embeddable":true,"href":"https:\/\/milkydaisy.com\/it\/wp-json\/wp\/v2\/media\/39363"}],"wp:attachment":[{"href":"https:\/\/milkydaisy.com\/it\/wp-json\/wp\/v2\/media?parent=39261"}],"wp:term":[{"taxonomy":"product_brand","embeddable":true,"href":"https:\/\/milkydaisy.com\/it\/wp-json\/wp\/v2\/product_brand?post=39261"},{"taxonomy":"product_cat","embeddable":true,"href":"https:\/\/milkydaisy.com\/it\/wp-json\/wp\/v2\/product_cat?post=39261"},{"taxonomy":"product_tag","embeddable":true,"href":"https:\/\/milkydaisy.com\/it\/wp-json\/wp\/v2\/product_tag?post=39261"}],"curies":[{"name":"wp","href":"https:\/\/api.w.org\/{rel}","templated":true}]}}