{"id":47505,"date":"2026-03-23T22:12:37","date_gmt":"2026-03-23T21:12:37","guid":{"rendered":"http:\/\/milkydaisy.com\/impegno-milky-daisy\/"},"modified":"2026-03-23T22:12:37","modified_gmt":"2026-03-23T21:12:37","slug":"impegno-milky-daisy","status":"publish","type":"page","link":"https:\/\/milkydaisy.com\/it\/impegno-milky-daisy\/","title":{"rendered":"L&#8217;Impegno di Milky Daisy"},"content":{"rendered":"<h2>La nostra passione, il vostro sostegno<\/h2>\n<p>Benvenute da Milky Daisy, un&#8217;azienda dedicata dove ogni dettaglio \u00e8 pensato per voi. Il nostro amore e il nostro impegno sono al cuore di ogni prodotto che creiamo. Ogni articolo \u00e8 accuratamente progettato con attenzione, dedizione e un tocco personale per garantire il meglio alle nostre preziose clienti.<\/p>\n<p><img width=\"800\" height=\"400\" src=\"https:\/\/milkydaisy.com\/wp-content\/uploads\/2023\/07\/Untitled-1_0003_djerem_See_a_diverse_group_of_mothers_from_around_the_world_co_4b14371f-7408-4cdf-8743-343e643f540823-jpg.webp\" alt=\"\" decoding=\"async\" loading=\"lazy\" srcset=\"https:\/\/milkydaisy.com\/wp-content\/uploads\/2023\/07\/Untitled-1_0003_djerem_See_a_diverse_group_of_mothers_from_around_the_world_co_4b14371f-7408-4cdf-8743-343e643f540823-jpg.webp 800w, https:\/\/milkydaisy.com\/wp-content\/uploads\/2023\/07\/Untitled-1_0003_djerem_See_a_diverse_group_of_mothers_from_around_the_world_co_4b14371f-7408-4cdf-8743-343e643f540823-400x200.webp 400w, https:\/\/milkydaisy.com\/wp-content\/uploads\/2023\/07\/Untitled-1_0003_djerem_See_a_diverse_group_of_mothers_from_around_the_world_co_4b14371f-7408-4cdf-8743-343e643f540823-768x384.webp 768w, https:\/\/milkydaisy.com\/wp-content\/uploads\/2023\/07\/Untitled-1_0003_djerem_See_a_diverse_group_of_mothers_from_around_the_world_co_4b14371f-7408-4cdf-8743-343e643f540823-430x215.webp 430w, https:\/\/milkydaisy.com\/wp-content\/uploads\/2023\/07\/Untitled-1_0003_djerem_See_a_diverse_group_of_mothers_from_around_the_world_co_4b14371f-7408-4cdf-8743-343e643f540823-700x350.webp 700w, https:\/\/milkydaisy.com\/wp-content\/uploads\/2023\/07\/Untitled-1_0003_djerem_See_a_diverse_group_of_mothers_from_around_the_world_co_4b14371f-7408-4cdf-8743-343e643f540823-150x75.webp 150w\" sizes=\"auto, (max-width: 800px) 100vw, 800px\" \/><\/p>\n<h2 style=\"margin-bottom: var(--wd-tags-mb); font-style: normal; font-variant-ligatures: normal; font-variant-caps: normal; font-weight: var(--wd-title-font-weight); font-family: Montserrat, Arial, Helvetica, sans-serif; text-transform: var(--wd-title-transform); white-space-collapse: collapse;\">SOSTENERE LE MAMME, NUTRIRE I BAMBINI<\/h2>\n<p style=\"margin-bottom: var(--wd-tags-mb); font-style: normal; font-variant-ligatures: normal; font-variant-caps: normal; font-weight: 400; font-family: Montserrat, Arial, Helvetica, sans-serif; font-size: 14px; white-space-collapse: collapse;\">L&#8217;allattamento \u00e8 un viaggio, a volte complicato ma sempre arricchente. Da Milky Daisy, siamo guidati da una missione profonda: accompagnare ogni mamma in questo percorso di allattamento. Crediamo fermamente che ogni mamma, con le sue sfide e le sue esperienze uniche, meriti il miglior sostegno possibile. Ecco perch\u00e9 offriamo una gamma variegata, adattata alle esigenze specifiche di ciascuna.<\/p>\n<p><img width=\"800\" height=\"400\" src=\"https:\/\/milkydaisy.com\/wp-content\/uploads\/2023\/07\/Untitled-1_0002_djerem_See_a_diverse_group_of_mothers_from_around_the_world_co_4b14371f-7408-4cdf-8743-343e643f54082-jpg.webp\" alt=\"\" decoding=\"async\" loading=\"lazy\" srcset=\"https:\/\/milkydaisy.com\/wp-content\/uploads\/2023\/07\/Untitled-1_0002_djerem_See_a_diverse_group_of_mothers_from_around_the_world_co_4b14371f-7408-4cdf-8743-343e643f54082-jpg.webp 800w, https:\/\/milkydaisy.com\/wp-content\/uploads\/2023\/07\/Untitled-1_0002_djerem_See_a_diverse_group_of_mothers_from_around_the_world_co_4b14371f-7408-4cdf-8743-343e643f54082-400x200.webp 400w, https:\/\/milkydaisy.com\/wp-content\/uploads\/2023\/07\/Untitled-1_0002_djerem_See_a_diverse_group_of_mothers_from_around_the_world_co_4b14371f-7408-4cdf-8743-343e643f54082-768x384.webp 768w, https:\/\/milkydaisy.com\/wp-content\/uploads\/2023\/07\/Untitled-1_0002_djerem_See_a_diverse_group_of_mothers_from_around_the_world_co_4b14371f-7408-4cdf-8743-343e643f54082-430x215.webp 430w, https:\/\/milkydaisy.com\/wp-content\/uploads\/2023\/07\/Untitled-1_0002_djerem_See_a_diverse_group_of_mothers_from_around_the_world_co_4b14371f-7408-4cdf-8743-343e643f54082-700x350.webp 700w, https:\/\/milkydaisy.com\/wp-content\/uploads\/2023\/07\/Untitled-1_0002_djerem_See_a_diverse_group_of_mothers_from_around_the_world_co_4b14371f-7408-4cdf-8743-343e643f54082-150x75.webp 150w\" sizes=\"auto, (max-width: 800px) 100vw, 800px\" \/><\/p>\n<h2 style=\"margin-bottom: var(--wd-tags-mb); font-style: normal; font-variant-ligatures: normal; font-variant-caps: normal; font-weight: var(--wd-title-font-weight); font-family: Montserrat, Arial, Helvetica, sans-serif; text-transform: var(--wd-title-transform); white-space-collapse: collapse;\">LA QUALIT\u00c0 AL CUORE DELLA NOSTRA PASSIONE<\/h2>\n<p style=\"margin-bottom: var(--wd-tags-mb); font-style: normal; font-variant-ligatures: normal; font-variant-caps: normal; font-weight: 400; font-family: Montserrat, Arial, Helvetica, sans-serif; font-size: 14px; color: #777777; text-transform: none;\">La fiducia si conquista con la qualit\u00e0. Ogni prodotto Milky Daisy \u00e8 un&#8217;incarnazione di questo ideale. Utilizziamo ingredienti biologici rigorosamente selezionati e adottiamo imballaggi ecoresponsabili. I nostri prodotti non sono solo pensati per essere efficaci, ma sono anche creati per essere sani, sicuri e adatti alla delicata fase dell&#8217;allattamento.<\/p>\n<p><img width=\"800\" height=\"400\" src=\"https:\/\/milkydaisy.com\/wp-content\/uploads\/2023\/07\/Untitled-1_0000_djerem_See_a_diverse_group_of_mothers_from_around_the_world_co_4b14371f-7408-4cdf-8743-343e643f5408234-jpg.webp\" alt=\"servizio clienti che risponde a una richiesta\" decoding=\"async\" loading=\"lazy\" srcset=\"https:\/\/milkydaisy.com\/wp-content\/uploads\/2023\/07\/Untitled-1_0000_djerem_See_a_diverse_group_of_mothers_from_around_the_world_co_4b14371f-7408-4cdf-8743-343e643f5408234-jpg.webp 800w, https:\/\/milkydaisy.com\/wp-content\/uploads\/2023\/07\/Untitled-1_0000_djerem_See_a_diverse_group_of_mothers_from_around_the_world_co_4b14371f-7408-4cdf-8743-343e643f5408234-400x200.webp 400w, https:\/\/milkydaisy.com\/wp-content\/uploads\/2023\/07\/Untitled-1_0000_djerem_See_a_diverse_group_of_mothers_from_around_the_world_co_4b14371f-7408-4cdf-8743-343e643f5408234-768x384.webp 768w, https:\/\/milkydaisy.com\/wp-content\/uploads\/2023\/07\/Untitled-1_0000_djerem_See_a_diverse_group_of_mothers_from_around_the_world_co_4b14371f-7408-4cdf-8743-343e643f5408234-430x215.webp 430w, https:\/\/milkydaisy.com\/wp-content\/uploads\/2023\/07\/Untitled-1_0000_djerem_See_a_diverse_group_of_mothers_from_around_the_world_co_4b14371f-7408-4cdf-8743-343e643f5408234-700x350.webp 700w, https:\/\/milkydaisy.com\/wp-content\/uploads\/2023\/07\/Untitled-1_0000_djerem_See_a_diverse_group_of_mothers_from_around_the_world_co_4b14371f-7408-4cdf-8743-343e643f5408234-150x75.webp 150w\" sizes=\"auto, (max-width: 800px) 100vw, 800px\" \/><\/p>\n<h3 style=\"margin-bottom: var(--wd-tags-mb); font-style: normal; font-variant-ligatures: normal; font-variant-caps: normal; font-weight: var(--wd-title-font-weight); font-family: Montserrat, Arial, Helvetica, sans-serif; text-transform: var(--wd-title-transform); white-space-collapse: collapse;\">LA VOSTRA SODDISFAZIONE, IL NOSTRO OBIETTIVO<\/h3>\n<p>Apprezziamo ogni feedback, ogni testimonianza. Impegnati a soddisfarvi, il nostro team dedicato \u00e8 sempre disponibile per rispondere alle vostre esigenze. Ogni membro del nostro team \u00e8 formato per offrirvi il miglior servizio possibile. Esplorate la nostra gamma, approfittate dei nostri consigli e non esitate a condividere la vostra esperienza.<\/p>\n<p>Scoprite il nostro blog, uno spazio dedicato all&#8217;allattamento. Ricco di suggerimenti, testimonianze e ricerche, ha l&#8217;obiettivo di accompagnare e informare tutte le mamme.<\/p>\n<p><img width=\"800\" height=\"400\" src=\"https:\/\/milkydaisy.com\/wp-content\/uploads\/2023\/07\/Untitled-1_0001_djerem_See_a_diverse_group_of_mothers_from_around_the_world_co_4b14371f-7408-4cdf-8743-343e643f5408-jpg.webp\" alt=\"Gruppo di mamme riunite con i loro bambini\" decoding=\"async\" loading=\"lazy\" srcset=\"https:\/\/milkydaisy.com\/wp-content\/uploads\/2023\/07\/Untitled-1_0001_djerem_See_a_diverse_group_of_mothers_from_around_the_world_co_4b14371f-7408-4cdf-8743-343e643f5408-jpg.webp 800w, https:\/\/milkydaisy.com\/wp-content\/uploads\/2023\/07\/Untitled-1_0001_djerem_See_a_diverse_group_of_mothers_from_around_the_world_co_4b14371f-7408-4cdf-8743-343e643f5408-400x200.webp 400w, https:\/\/milkydaisy.com\/wp-content\/uploads\/2023\/07\/Untitled-1_0001_djerem_See_a_diverse_group_of_mothers_from_around_the_world_co_4b14371f-7408-4cdf-8743-343e643f5408-768x384.webp 768w, https:\/\/milkydaisy.com\/wp-content\/uploads\/2023\/07\/Untitled-1_0001_djerem_See_a_diverse_group_of_mothers_from_around_the_world_co_4b14371f-7408-4cdf-8743-343e643f5408-430x215.webp 430w, https:\/\/milkydaisy.com\/wp-content\/uploads\/2023\/07\/Untitled-1_0001_djerem_See_a_diverse_group_of_mothers_from_around_the_world_co_4b14371f-7408-4cdf-8743-343e643f5408-700x350.webp 700w, https:\/\/milkydaisy.com\/wp-content\/uploads\/2023\/07\/Untitled-1_0001_djerem_See_a_diverse_group_of_mothers_from_around_the_world_co_4b14371f-7408-4cdf-8743-343e643f5408-150x75.webp 150w\" sizes=\"auto, (max-width: 800px) 100vw, 800px\" \/><\/p>\n<h3 style=\"margin-bottom: var(--wd-tags-mb); font-style: normal; font-variant-ligatures: normal; font-variant-caps: normal; font-weight: var(--wd-title-font-weight); font-family: Montserrat, Arial, Helvetica, sans-serif; text-transform: var(--wd-title-transform); white-space-collapse: collapse;\">ENTRATE A FAR PARTE DEL NOSTRO VIAGGIO<\/h3>\n<p style=\"margin-bottom: var(--wd-tags-mb); font-style: normal; font-variant-ligatures: normal; font-variant-caps: normal; font-weight: 400; font-family: Montserrat, Arial, Helvetica, sans-serif; font-size: 14px; white-space-collapse: collapse;\">Essere con Milky Daisy significa scegliere una comunit\u00e0. Significa circondarsi di esperti e di altre mamme che condividono e comprendono il vostro percorso. Apprezziamo ogni storia, ogni esperienza. La vostra voce \u00e8 essenziale per noi, e non vediamo l&#8217;ora di ascoltarvi.<\/p>\n<p><a href=\"https:\/\/milkydaisy.com\/shop\/\">Scoprite anche i nostri prodotti.<\/a><\/p>\n<p>Milky Daisy \u00e8 molto pi\u00f9 di un semplice marchio. \u00c8 una promessa, un impegno quotidiano verso di voi. Lavoriamo ogni giorno per rendere l&#8217;allattamento un&#8217;esperienza pi\u00f9 dolce, pi\u00f9 serena e pi\u00f9 gioiosa. La vostra fiducia \u00e8 il nostro pi\u00f9 grande orgoglio, e la vostra soddisfazione, la nostra ricompensa pi\u00f9 grande.<\/p>\n<h3 style=\"margin-bottom: var(--wd-tags-mb); font-style: normal; font-variant-ligatures: normal; font-variant-caps: normal; font-weight: var(--wd-title-font-weight); font-family: Montserrat, Arial, Helvetica, sans-serif; text-transform: var(--wd-title-transform); white-space-collapse: collapse;\"><strong>RISORSE AGGIUNTIVE<\/strong><\/h3>\n<p>L&#8217;allattamento \u00e8 un viaggio unico per ogni mamma, ed \u00e8 essenziale avere accesso a risorse affidabili. Per chi cerca ulteriori informazioni e supporto riguardo all&#8217;allattamento, raccomandiamo vivamente il sito dell&#8217;Organizzazione Mondiale della Sanit\u00e0 (OMS) che offre una moltitudine di risorse e studi sui benefici e le migliori pratiche dell&#8217;allattamento. Scopritelo <a href=\"https:\/\/www.who.int\/fr\/health-topics\/breastfeeding#tab=tab_1\" target=\"_new\" rel=\"noopener\">qui<\/a>.<\/p>\n<p>Inoltre, <a href=\"https:\/\/www.lllfrance.org\/\" target=\"_new\" rel=\"noopener\">La Leche League<\/a> \u00e8 un&#8217;organizzazione internazionale dedicata al sostegno dell&#8217;allattamento. Offrono una variet\u00e0 di risorse, gruppi di sostegno e consigli di esperti per aiutare le madri ad affrontare le sfide e le gioie dell&#8217;allattamento.<\/p>\n","protected":false},"excerpt":{"rendered":"<p>La nostra passione, il vostro sostegno Benvenute da Milky Daisy, un&#8217;azienda dedicata dove ogni dettaglio \u00e8 pensato per voi. Il nostro amore e il nostro impegno sono al cuore di ogni prodotto che creiamo. Ogni articolo \u00e8 accuratamente progettato con attenzione, dedizione e un tocco personale per garantire il meglio alle nostre preziose clienti. SOSTENERE &#8230; <a title=\"L&#8217;Impegno di Milky Daisy\" class=\"read-more\" href=\"https:\/\/milkydaisy.com\/it\/impegno-milky-daisy\/\" aria-label=\"Per saperne di pi\u00f9 su L&#8217;Impegno di Milky Daisy\">Leggi tutto<\/a><\/p>\n","protected":false},"author":0,"featured_media":0,"parent":0,"menu_order":0,"comment_status":"closed","ping_status":"closed","template":"","meta":{"footnotes":""},"class_list":["post-47505","page","type-page","status-publish"],"_links":{"self":[{"href":"https:\/\/milkydaisy.com\/it\/wp-json\/wp\/v2\/pages\/47505","targetHints":{"allow":["GET"]}}],"collection":[{"href":"https:\/\/milkydaisy.com\/it\/wp-json\/wp\/v2\/pages"}],"about":[{"href":"https:\/\/milkydaisy.com\/it\/wp-json\/wp\/v2\/types\/page"}],"replies":[{"embeddable":true,"href":"https:\/\/milkydaisy.com\/it\/wp-json\/wp\/v2\/comments?post=47505"}],"version-history":[{"count":0,"href":"https:\/\/milkydaisy.com\/it\/wp-json\/wp\/v2\/pages\/47505\/revisions"}],"wp:attachment":[{"href":"https:\/\/milkydaisy.com\/it\/wp-json\/wp\/v2\/media?parent=47505"}],"curies":[{"name":"wp","href":"https:\/\/api.w.org\/{rel}","templated":true}]}}