{"id":31700,"date":"2024-04-03T14:00:50","date_gmt":"2024-04-03T12:00:50","guid":{"rendered":"https:\/\/milkydaisy.com\/cipolla-allattamento-cosa-sappiamo-davvero\/"},"modified":"2024-04-04T15:45:48","modified_gmt":"2024-04-04T13:45:48","slug":"cipolla-allattamento-cosa-sappiamo-davvero","status":"publish","type":"page","link":"https:\/\/milkydaisy.com\/it\/allattamento\/cipolla-allattamento-cosa-sappiamo-davvero\/","title":{"rendered":"Cipolla Allattamento &#8211; Cosa sappiamo davvero?"},"content":{"rendered":"\n<h2 class=\"wp-block-heading\">Introduzione<\/h2>\n\n<p>Diventata popolare nel mondo della cucina creativa, la cipolla risveglia le papille gustative del tuo bambino. Infondendo il latte materno con il suo aroma, familiarizza il tuo neonato con nuovi sapori. <strong>Mangiare cipolla durante l&#8217;allattamento non \u00e8 un problema, purch\u00e9 il tuo bambino la accetti bene e non abbia alcun disagio<\/strong>. In caso contrario, potresti dover considerare di ridurre o eliminare temporaneamente le cipolle dalla tua dieta. Allora, cipolla allattamento, cosa ne pensi davvero? Vediamo tutto questo un po&#8217; pi\u00f9 da vicino.<\/p>\n\n<h2 class=\"wp-block-heading\">La Cipolla in Breve<\/h2>\n\n<p>La cipolla, un <strong>ortaggio radice<\/strong> con molteplici strati, \u00e8 ricca di vitamine C e B6, fibre, nonch\u00e9 di minerali (potassio e magnesio). I suoi composti anti-infiammatori e antiossidanti, come la <strong><a href=\"https:\/\/it.wikipedia.org\/wiki\/Quercetina\" target=\"_blank\" rel=\"noopener\">quercetina<\/a><\/strong>, svolgono un ruolo chiave nella protezione dell&#8217;organismo. Tuttavia, il suo alto contenuto di fibre e di composti solforati pu\u00f2 rendere difficile la digestione per alcune persone. Ed \u00e8 ben noto, fa piangere quando la si taglia! Nonostante questi svantaggi, la cipolla rimane un ingrediente essenziale in cucina.<\/p>\n\n<h2 class=\"wp-block-heading\">Consumare Cipolla Durante l&#8217;Allattamento: \u00c8 una Buona Idea?<\/h2>\n\n<p>Aggiungere cipolle ai pasti, che siano rosse, gialle, verdi o addirittura cipollotti, non \u00e8 controindicato per le mamme che allattano. In realt\u00e0, nessuna verdura \u00e8 strettamente proibita durante questo periodo, comprese tutte le variet\u00e0 di cipolle. Possono persino essere benefiche, arricchendo la tua dieta in modo sano. Su questa base, \u00e8 una buona idea consumarle e non privarsi di cibi che ti piacciono. Detto questo, resta sempre vigile sul comportamento del tuo bambino quando cambi il tuo menu per adattarlo se necessario. Non esitare a chiedere consigli a un <strong>nutrizionista <\/strong>o a una <strong>consulente in allattamento<\/strong> per ulteriori chiarimenti su questo argomento.<\/p>\n\n<h3 class=\"wp-block-heading\">Aglio, Cipolla e Allattamento<\/h3>\n\n<p>Poich\u00e9 le due vanno quasi di pari passo, vediamo cosa si dice. L&#8217;aglio \u00e8 spesso lodato per i suoi benefici e il suo forte sapore. In alcune culture, si crede addirittura che abbia la capacit\u00e0 di migliorare la produzione e la qualit\u00e0 del latte materno. Tuttavia, queste affermazioni mancano di basi scientifiche. Allo stesso modo, una convinzione diffusa suggerisce che consumare aglio potrebbe portare a una diminuzione della produzione di latte nelle madri, anche questa teoria non \u00e8 supportata da prove solide.<\/p>\n\n<style>\r\n    .product-container {\r\n        text-align: center;\r\n        margin: 20px auto;\r\n        box-shadow: 0 4px 8px 0 rgba(0, 0, 0, 0.2);\r\n        display: flex;\r\n        align-items: start;\r\n        padding-bottom: 20px;\r\n    }\r\n    .image-container {\r\n        flex: 1;\r\n        display: flex;\r\n        align-items: center;\r\n        justify-content: center;\r\n        height: 200px;\r\n        overflow: hidden;\r\n        margin-top: 20px;\r\n    }\r\n    .product-info {\r\n        flex: 2;\r\n        text-align: left;\r\n        margin-left: 20px;\r\n    }\r\n    .productName {\r\n        margin-top: 10px;\r\n        margin-right: 10px;\r\n        display: -webkit-box;\r\n        -webkit-line-clamp: 3;\r\n        -webkit-box-orient: vertical;\r\n        overflow: hidden;\r\n    }\r\n    .productPrice {\r\n        font-weight: bold;\r\n        font-size: 2em;\r\n        color: #D69C9C; \/* Pink color for price *\/\r\n    }\r\n    .wd-star-rating {\r\n        font-size: 15px;\r\n        margin-bottom: 0px;\r\n        display: flex;\r\n        align-items: center;\r\n    }\r\n    .btn {\r\n        padding: 10px;\r\n        background-color: rgb(216, 156, 156); \/* Pink background for the button *\/\r\n        color: white;\r\n        text-decoration: none;\r\n        display: inline-block;\r\n        cursor: pointer;\r\n    }\r\n<\/style>\r\n\r\n<div class=\"product-container-widget\">\r\n    <div class=\"product-container\">\r\n        <div class=\"image-container\">\r\n            <a class=\"productLink\" href=\"#\" style=\"display: block;\">\r\n                <img decoding=\"async\" class=\"productImage\" src=\"\" alt=\"Product Image\" style=\"max-height: 200px; max-width: 200px;\"\/>\r\n            <\/a>\r\n        <\/div>\r\n        <div class=\"product-info\">\r\n            <a class=\"productLink\" href=\"#\" style=\"display: block;\">\r\n                <h5 class=\"productName\"><\/h5>\r\n            <\/a>\r\n            <div style=\"display: flex; align-items: center; margin-top: 5px;\">\r\n                <div class=\"productPrice\"><\/div>\r\n                <img decoding=\"async\" src=\"https:\/\/milkydaisy.com\/wp-content\/uploads\/2024\/02\/disponible_amazon_icon.jpg\" alt=\"Disponible sur Amazon\" style=\"height: 40px; width: auto; margin-left: 20px;\"\/>\r\n            <\/div>\r\n            <div class=\"wd-star-rating\">\r\n                <div class=\"productRating\" style=\"color: black; margin-right: 5px;\"><\/div>\r\n                <span class=\"productRatingStars\" style=\"color: #FFA41C; font-size: 24px;\">\u2605\u2605\u2605\u2605\u2605<\/span> \r\n                <span class=\"productRatingText\" style=\"color: black; margin-left: 10px;\"><\/span>\r\n            <\/div>\r\n            <div style=\"font-size: 15px; margin-bottom: 10px;\"><strong>Recevez le <span class=\"deliveryDate\"><\/span><\/strong><\/div>\r\n            <a class=\"productOfferLink btn\" href=\"#\" target=\"_blank\" rel=\"noopener\">D\u00e9couvrir l&#8217;offre<\/a>\r\n        <\/div>\r\n    <\/div>\r\n\r\n    <script>\r\n        (function() {\r\n            var widgetContainer = document.currentScript.parentElement;\r\n\r\n            function calculateDeliveryDate() {\r\n                var deliveryDate = new Date();\r\n                deliveryDate.setDate(deliveryDate.getDate() + 2);\r\n                var options = { day: 'numeric', month: 'long' };\r\n                return deliveryDate.toLocaleDateString('fr-FR', options);\r\n            }\r\n\r\n            function fetchRandomProduct() {\r\n                fetch('https:\/\/milkydaisy.com\/wp-content\/custom-scripts\/amazon_product.php')\r\n                    .then(response => {\r\n                        if (!response.ok) {\r\n                            throw new Error('Network response was not ok: ' + response.statusText);\r\n                        }\r\n                        return response.json();\r\n                    })\r\n                    .then(data => {\r\n                        displayProduct(data, widgetContainer);\r\n                    })\r\n                    .catch(error => {\r\n                        console.error('Error during fetch: ' + error.message);\r\n                    });\r\n            }\r\n\r\n            function displayProduct(productData, container) {\r\n                container.querySelector('.productName').innerText = productData.short_name;\r\n                container.querySelector('.productImage').src = productData.img_src;\r\n                container.querySelector('.productImage').alt = productData.short_name;\r\n                container.querySelector('.productPrice').innerText = `${productData.price}\u20ac`;\r\n                var rating = parseFloat(productData.rating_average).toFixed(1).replace('.', ',');\r\n                container.querySelector('.productRating').innerText = rating;\r\n                container.querySelector('.productRatingText').innerText = `${productData.rating_number} avis`;\r\n                container.querySelector('.deliveryDate').innerText = calculateDeliveryDate();\r\n                container.querySelector('.productLink').href = productData.href_cecile;\r\n                container.querySelector('.productOfferLink').href = productData.href_cecile;\r\n\r\n                \/\/ Update stars based on rating\r\n                var filledStars = Math.round(productData.rating_average);\r\n                var emptyStars = 5 - filledStars;\r\n                container.querySelector('.productRatingStars').innerText = '\u2605'.repeat(filledStars) + '\u2606'.repeat(emptyStars);\r\n            }\r\n\r\n            fetchRandomProduct();\r\n        })();\r\n    <\/script>\r\n<\/div>\r\n\n<h2 class=\"wp-block-heading\">L&#8217;Impatto della Cipolla sul Latte Materno<\/h2>\n\n<p>\u00c8 ben documentato che cibi dall&#8217;odore forte consumati dalla mamma possono leggermente alterare il sapore del latte materno. S\u00ec, mangiare cipolle pu\u00f2 cambiare il gusto del tuo latte, ed \u00e8 effettivamente una cosa positiva. Questa esperienza gustativa introduce il tuo piccolo gourmet in erba ai piaceri della tavola senza cambiarne la qualit\u00e0. Non c&#8217;\u00e8 motivo di preoccuparsi finch\u00e9 il tuo bambino sembra confortevole e felice. Tuttavia, rimani vigile su come reagisce e goditi il \u200b\u200bpiacere di condividere un po&#8217; del tuo mondo culinario con lui.<\/p>\n\n<p><strong>L&#8217;cipolla cruda influisce sul latte materno?<\/strong> L&#8217;cipolla cruda, con il suo aroma pi\u00f9 pronunciato, sembra aromatizzare di pi\u00f9 il latte materno rispetto <strong>all&#8217;cipolla cotta<\/strong>. Infatti, la cottura riduce il sapore e ammorbidisce il pizzicore dell&#8217;cipolla.<\/p>\n\n<p><strong>L&#8217;cipolla provoca gas nei bambini?<\/strong> \u00c8 raro che le cipolle siano la causa diretta di disagi digestivi nei neonati. Tuttavia, osservare e adattare l&#8217;alimentazione in base alle reazioni del neonato rimane il miglior approccio.<\/p>\n\n<figure class=\"wp-block-image size-large\"><img decoding=\"async\" width=\"1300\" height=\"729\" src=\"https:\/\/milkydaisy.com\/wp-content\/uploads\/2024\/03\/Oignon-Allaitement-1300x729.jpg\" alt=\"Cipolla Allattamento\" class=\"wp-image-31637\" srcset=\"https:\/\/milkydaisy.com\/wp-content\/uploads\/2024\/03\/Oignon-Allaitement-1300x729.jpg 1300w, https:\/\/milkydaisy.com\/wp-content\/uploads\/2024\/03\/Oignon-Allaitement-430x241.jpg 430w, https:\/\/milkydaisy.com\/wp-content\/uploads\/2024\/03\/Oignon-Allaitement-700x392.jpg 700w, https:\/\/milkydaisy.com\/wp-content\/uploads\/2024\/03\/Oignon-Allaitement-400x224.jpg 400w, https:\/\/milkydaisy.com\/wp-content\/uploads\/2024\/03\/Oignon-Allaitement-768x430.jpg 768w, https:\/\/milkydaisy.com\/wp-content\/uploads\/2024\/03\/Oignon-Allaitement-860x482.jpg 860w, https:\/\/milkydaisy.com\/wp-content\/uploads\/2024\/03\/Oignon-Allaitement.jpg 1456w\" sizes=\"(max-width: 1300px) 100vw, 1300px\" \/><\/figure>\n\n<div style=\"height:20px\" aria-hidden=\"true\" class=\"wp-block-spacer\"><\/div>\n\n<h2 class=\"wp-block-heading\">Suggerimenti pratici per l&#8217;allattamento all&#8217;cipolla<\/h2>\n\n<p>Inizia aggiungendone un po&#8217; ai tuoi piatti e osserva come reagisce il tuo bambino. Tutto dipende dalla tua reattivit\u00e0 e dalla risposta del tuo piccolo. Le cipolle cotte sono pi\u00f9 dolci, quindi \u00e8 meglio iniziare con quelle. Prova diversi tipi di cipolla per vedere quale ti piace di pi\u00f9, a te e al tuo bambino. Se non gli piace troppo, riduci la frequenza o smetti del tutto. Aggiungere le cipolle alla tua dieta aiuta il bambino a conoscere sapori diversi, il che \u00e8 fantastico per quando inizier\u00e0 a mangiare come te.<\/p>\n\n<p>Idea Ricetta: <strong>Crostata di Cipolle<\/strong><\/p>\n\n<p>&#8211;<\/p>\n\n<p><strong>Le cipolle infastidiscono i neonati allattati al seno?<\/strong> Ogni bambino ha il proprio modo di reagire ai nuovi sapori. Introducendo le cipolle nella tua dieta, potresti osservare una serie di reazioni da parte del tuo piccolo. La maggior parte delle volte passano inosservate, ma alcuni bambini potrebbero mostrare una leggera differenza nel loro comportamento abituale, forse diventando un po&#8217; pi\u00f9 capricciosi o cambiando le loro abitudini di allattamento. I segni di una possibile sensibilit\u00e0 includono disagio, gas pi\u00f9 frequenti o un certo irritabilit\u00e0 dopo i pasti. Ci\u00f2 non significa che dovresti immediatamente bandire le cipolle dalla tua cucina, ma procedere prima per passi:<\/p>\n\n<meta charset=\"UTF-8\"\/>\r\n<meta name=\"viewport\" content=\"width=device-width, initial-scale=1.0\"\/>\r\n<title>Accordion<\/title>\r\n<style>\r\n  .accordion {\r\n    max-width: 600px;\r\n    margin: 0 auto;\r\n  }\r\n\r\n  .accordion-item {\r\n    border-bottom: 1px solid #ccc;\r\n  }\r\n\r\n  .accordion-header {\r\n    background-color: #f4f4f4;\r\n    padding: 10px;\r\n    cursor: pointer;\r\n    text-align: center;\r\n    position: relative;\r\n  }\r\n\r\n  .accordion-header::after {\r\n    content: '+';\r\n    position: absolute;\r\n    right: 10px;\r\n    top: 50%;\r\n    transform: translateY(-50%);\r\n  }\r\n\r\n  .accordion-header:hover {\r\n    background-color: #eaeaea;\r\n  }\r\n\r\n  .accordion-content {\r\n    display: none;\r\n    padding: 10px;\r\n  }\r\n\r\n  .accordion-item.active .accordion-content {\r\n    display: block;\r\n  }\r\n<\/style>\r\n\r\n\r\n\r\n<div class=\"accordion\">\r\n  <div class=\"accordion-item\">\r\n    <div class=\"accordion-header\"><strong>Osservazione<\/strong><\/div>\r\n    <div class=\"accordion-content\">\r\n      <p>Rimani attento a qualsiasi cambiamento nel comportamento o nel comfort del tuo bambino dopo i pasti. Le indicazioni post-allattamento meritano tutta la tua attenzione.<\/p>\r\n    <\/div>\r\n  <\/div>\r\n  \r\n  <div class=\"accordion-item\">\r\n    <div class=\"accordion-header\"><strong>Adattamento<\/strong><\/div>\r\n    <div class=\"accordion-content\">\r\n      <p>Di fronte a una possibile reazione alla cipolla o a qualsiasi altro alimento, riduci il consumo o togli il cibo dalla tua dieta per vedere se c&#8217;\u00e8 un miglioramento, questo potrebbe far luce sulla fonte del problema.<\/p>\r\n    <\/div>\r\n  <\/div>\r\n  \r\n  <div class=\"accordion-item\">\r\n    <div class=\"accordion-header\"><strong>Reintroduzione<\/strong><\/div>\r\n    <div class=\"accordion-content\">\r\n      <p>Dopo aver escluso il cibo sospetto e notato un miglioramento, prova a reintrodurlo gradualmente. Questo \u00e8 il modo per determinare se quel cibo era davvero il colpevole.<\/p>\r\n    <\/div>\r\n  <\/div>\r\n  \r\n  <div class=\"accordion-item\">\r\n    <div class=\"accordion-header\"><strong>Consultazione<\/strong><\/div>\r\n    <div class=\"accordion-content\">\r\n      <p>Se i problemi persistono, peggiorano o se tuo figlio presenta sintomi allarmanti come una eruzione cutanea, vomito o difficolt\u00e0 respiratorie, la visita da un professionista sanitario diventa essenziale. Che si tratti di un pediatra o di una levatrice, la loro esperienza fornir\u00e0 un supporto personalizzato. In generale, fai affidamento sul tuo istinto genitoriale: in caso di dubbi o preoccupazioni, non esitare a chiedere il loro parere.<\/p>\r\n    <\/div>\r\n  <\/div>\r\n<\/div>\r\n\r\n<script>\r\n  const accordionHeaders = document.querySelectorAll('.accordion-header');\r\n\r\n  accordionHeaders.forEach(header => {\r\n    header.addEventListener('click', () => {\r\n      const accordionItem = header.parentElement;\r\n      accordionItem.classList.toggle('active');\r\n      const accordionContent = header.nextElementSibling;\r\n      if (accordionItem.classList.contains('active')) {\r\n        accordionContent.style.display = 'block';\r\n      } else {\r\n        accordionContent.style.display = 'none';\r\n      }\r\n    });\r\n  });\r\n<\/script>\r\n\n<div style=\"height:30px\" aria-hidden=\"true\" class=\"wp-block-spacer\"><\/div>\n\n<h2 class=\"wp-block-heading\">Cipolla e Allattamento: In conclusione<\/h2>\n\n<p>Consumare cipolla durante l&#8217;allattamento abitua il tuo bambino a una gamma di sapori, stimolando cos\u00ec i suoi sensi. Variare i gusti fin dall&#8217;inizio favorisce l&#8217;apprezzamento di una dieta ricca e variegata. Se il tuo piccolo gusta il latte leggermente aromatizzato, tutto va bene. Optate per la cipolla cotta, che \u00e8 generalmente pi\u00f9 dolce. Affidatevi alla vostra intuizione materna per valutare l&#8217;aggiunta di cipolla nella vostra dieta e l&#8217;accoglienza del vostro bambino. Infine, per consigli personalizzati, non esitate a rivolgervi agli operatori sanitari che sono l\u00ec per questo. Curiosi di sapere come altri cibi influenzano l&#8217;allattamento al seno? Vi invitiamo a continuare la lettura con questo articolo sui <strong><a href=\"https:\/\/milkydaisy.com\/it\/allattamento\/alimentazione-e-allattamento\/peperoncino-e-allattamento-trovare-lequilibrio-per-mamma-e-bambino\/\">peperoncini<\/a><\/strong>!<\/p>\n","protected":false},"excerpt":{"rendered":"<p>Introduzione Diventata popolare nel mondo della cucina creativa, la cipolla risveglia le papille gustative del tuo bambino. Infondendo il latte materno con il suo aroma, familiarizza il tuo neonato con nuovi sapori. Mangiare cipolla durante l&#8217;allattamento non \u00e8 un problema, purch\u00e9 il tuo bambino la accetti bene e non abbia alcun disagio. In caso contrario, &#8230; <a title=\"Cipolla Allattamento &#8211; Cosa sappiamo davvero?\" class=\"read-more\" href=\"https:\/\/milkydaisy.com\/it\/allattamento\/cipolla-allattamento-cosa-sappiamo-davvero\/\" aria-label=\"Per saperne di pi\u00f9 su Cipolla Allattamento &#8211; Cosa sappiamo davvero?\">Leggi tutto<\/a><\/p>\n","protected":false},"author":79,"featured_media":31656,"parent":44210,"menu_order":0,"comment_status":"open","ping_status":"open","template":"","meta":{"footnotes":""},"class_list":["post-31700","page","type-page","status-publish","has-post-thumbnail"],"_links":{"self":[{"href":"https:\/\/milkydaisy.com\/it\/wp-json\/wp\/v2\/pages\/31700","targetHints":{"allow":["GET"]}}],"collection":[{"href":"https:\/\/milkydaisy.com\/it\/wp-json\/wp\/v2\/pages"}],"about":[{"href":"https:\/\/milkydaisy.com\/it\/wp-json\/wp\/v2\/types\/page"}],"author":[{"embeddable":true,"href":"https:\/\/milkydaisy.com\/it\/wp-json\/wp\/v2\/users\/79"}],"replies":[{"embeddable":true,"href":"https:\/\/milkydaisy.com\/it\/wp-json\/wp\/v2\/comments?post=31700"}],"version-history":[{"count":0,"href":"https:\/\/milkydaisy.com\/it\/wp-json\/wp\/v2\/pages\/31700\/revisions"}],"up":[{"embeddable":true,"href":"https:\/\/milkydaisy.com\/it\/wp-json\/wp\/v2\/pages\/44210"}],"wp:featuredmedia":[{"embeddable":true,"href":"https:\/\/milkydaisy.com\/it\/wp-json\/wp\/v2\/media\/31656"}],"wp:attachment":[{"href":"https:\/\/milkydaisy.com\/it\/wp-json\/wp\/v2\/media?parent=31700"}],"curies":[{"name":"wp","href":"https:\/\/api.w.org\/{rel}","templated":true}]}}