{"id":29887,"date":"2024-02-09T08:50:07","date_gmt":"2024-02-09T07:50:07","guid":{"rendered":"https:\/\/milkydaisy.com\/ostriche-allattamento-vantaggi-precauzioni-e-idee-ricette\/"},"modified":"2024-02-22T13:36:15","modified_gmt":"2024-02-22T12:36:15","slug":"ostriche-allattamento-vantaggi-precauzioni-e-idee-ricette","status":"publish","type":"page","link":"https:\/\/milkydaisy.com\/it\/allattamento\/ostriche-allattamento-vantaggi-precauzioni-e-idee-ricette\/","title":{"rendered":"Ostriche Allattamento: Vantaggi, Precauzioni e Idee Ricette"},"content":{"rendered":"\n<p><a href=\"https:\/\/milkydaisy.com\/it\/allattamento-al-seno\/\">L&#8217;allattamento<\/a> al seno \u00e8 un momento prezioso in cui la mamma fornisce direttamente al suo bambino tutti gli elementi nutritivi essenziali per la sua crescita e sviluppo. <a href=\"https:\/\/milkydaisy.com\/it\/allattamento-al-seno\/alimentazione-ottimale-durante-lallattamento-una-guida-completa\/\">L&#8217;alimentazione della madre che allatta<\/a> \u00e8 quindi un fattore chiave per la salute del neonato in quanto influisce sulla qualit\u00e0 del suo latte.<\/p>\n\n<p>Mangiare in modo equilibrato \u00e8 il miglior consiglio che si possa dare per garantire un latte materno completo, ma \u00e8 opportuno prendere alcune precauzioni con gli alimenti sensibili come frutti di mare, formaggi, pesce e carne cruda. Questi alimenti e in particolare le ostriche pongono spesso domande alle madri che allattano, <strong>possono consumare ostriche durante l&#8217;allattamento, ma devono essere cotte prima di essere degustate.<\/strong><\/p>\n\n<h2 class=\"wp-block-heading\">Le propriet\u00e0 nutrizionali dell&#8217; ostrica<\/h2>\n\n<figure class=\"wp-block-image size-large is-resized\"><img decoding=\"async\" width=\"1300\" height=\"729\" src=\"https:\/\/milkydaisy.com\/wp-content\/uploads\/2024\/02\/plateau-huitres-allaitement-citron-et-persil-1300x729.jpg\" alt=\"Vassoio di ostriche con limone e prezzemolo\" class=\"wp-image-29549\" style=\"width:760px;height:auto\" srcset=\"https:\/\/milkydaisy.com\/wp-content\/uploads\/2024\/02\/plateau-huitres-allaitement-citron-et-persil-1300x729.jpg 1300w, https:\/\/milkydaisy.com\/wp-content\/uploads\/2024\/02\/plateau-huitres-allaitement-citron-et-persil-430x241.jpg 430w, https:\/\/milkydaisy.com\/wp-content\/uploads\/2024\/02\/plateau-huitres-allaitement-citron-et-persil-700x392.jpg 700w, https:\/\/milkydaisy.com\/wp-content\/uploads\/2024\/02\/plateau-huitres-allaitement-citron-et-persil-400x224.jpg 400w, https:\/\/milkydaisy.com\/wp-content\/uploads\/2024\/02\/plateau-huitres-allaitement-citron-et-persil-768x430.jpg 768w, https:\/\/milkydaisy.com\/wp-content\/uploads\/2024\/02\/plateau-huitres-allaitement-citron-et-persil-860x482.jpg 860w, https:\/\/milkydaisy.com\/wp-content\/uploads\/2024\/02\/plateau-huitres-allaitement-citron-et-persil.jpg 1456w\" sizes=\"(max-width: 1300px) 100vw, 1300px\" \/><\/figure>\n\n<p><\/p>\n\n<p>Allattamento con ostriche: quali sono i vantaggi? Le ostriche sono ricche di micronutrienti benefici per le donne che allattano e i loro bambini. Questi benefici sono riassunti nella tabella qui sotto.<\/p>\n\n<table>\r\n<thead>\r\n<tr>\r\n<th>Propri\u00e9t\u00e9s<\/th>\r\n<th>Eigenschaften<\/th>\r\n<th>Propriet\u00e0<\/th>\r\n<th>Propiedades<\/th>\r\n<\/tr>\r\n<\/thead>\r\n<tbody>\r\n<tr>\r\n<td>Prot\u00e9ines<\/td>\r\n<td>Proteine<\/td>\r\n<td>Proteine<\/td>\r\n<td>Prote\u00ednas<\/td>\r\n<\/tr>\r\n<tr>\r\n<td>Description<\/td>\r\n<td>Beschreibung<\/td>\r\n<td>Descrizione<\/td>\r\n<td>Descripci\u00f3n<\/td>\r\n<\/tr>\r\n<tr>\r\n<td>Acides gras om\u00e9ga-3<\/td>\r\n<td>Omega-3-Fetts\u00e4uren<\/td>\r\n<td>Acidi grassi omega-3<\/td>\r\n<td>\u00c1cidos grasos omega-3<\/td>\r\n<\/tr>\r\n<tr>\r\n<td>Description<\/td>\r\n<td>Beschreibung<\/td>\r\n<td>Descrizione<\/td>\r\n<td>Descripci\u00f3n<\/td>\r\n<\/tr>\r\n<tr>\r\n<td>Fer<\/td>\r\n<td>Eisen<\/td>\r\n<td>Ferro<\/td>\r\n<td>Hierro<\/td>\r\n<\/tr>\r\n<tr>\r\n<td>Description<\/td>\r\n<td>Beschreibung<\/td>\r\n<td>Descrizione<\/td>\r\n<td>Descripci\u00f3n<\/td>\r\n<\/tr>\r\n<tr>\r\n<td>Zinc, cuivre, vitamines D et B12<\/td>\r\n<td>Zink, Kupfer, Vitamin D und B12<\/td>\r\n<td>Zinco, rame, vitamine D e B12<\/td>\r\n<td>Zinc, cobre, vitaminas D y B12<\/td>\r\n<\/tr>\r\n<tr>\r\n<td>Description<\/td>\r\n<td>Beschreibung<\/td>\r\n<td>Descrizione<\/td>\r\n<td>Descripci\u00f3n<\/td>\r\n<\/tr>\r\n<\/tbody>\r\n<\/table>\r\n\n<h2 class=\"wp-block-heading\">Allattamento con ostriche: potenziali rischi<\/h2>\n\n<p>Il consumo di questi molluschi comporta alcuni rischi. La carne dell&#8217;ostrica contiene allergeni che possono causare <a href=\"https:\/\/www.ospedalebambinogesu.it\/bambini-e-allergie-la-prima-barriera-e-il-latte-materno--91679\/\" target=\"_blank\" rel=\"noopener\">reazioni allergiche<\/a> in alcune persone, compresi i neonati. Queste allergie si manifestano con sintomi diversi: eruzioni cutanee, prurito, problemi respiratori o disturbi gastro-intestinali. Si consiglia alla madre di prestare attenzione alle reazioni del suo bambino dopo aver consumato le ostriche.<\/p>\n\n<style>\r\n    .product-container {\r\n        text-align: center;\r\n        margin: 20px auto;\r\n        box-shadow: 0 4px 8px 0 rgba(0, 0, 0, 0.2);\r\n        display: flex;\r\n        align-items: start;\r\n        padding-bottom: 20px;\r\n    }\r\n    .image-container {\r\n        flex: 1;\r\n        display: flex;\r\n        align-items: center;\r\n        justify-content: center;\r\n        height: 200px;\r\n        overflow: hidden;\r\n        margin-top: 20px;\r\n    }\r\n    .product-info {\r\n        flex: 2;\r\n        text-align: left;\r\n        margin-left: 20px;\r\n    }\r\n    .productName {\r\n        margin-top: 10px;\r\n        margin-right: 10px;\r\n        display: -webkit-box;\r\n        -webkit-line-clamp: 3;\r\n        -webkit-box-orient: vertical;\r\n        overflow: hidden;\r\n    }\r\n    .productPrice {\r\n        font-weight: bold;\r\n        font-size: 2em;\r\n        color: #D69C9C; \/* Pink color for price *\/\r\n    }\r\n    .wd-star-rating {\r\n        font-size: 15px;\r\n        margin-bottom: 0px;\r\n        display: flex;\r\n        align-items: center;\r\n    }\r\n    .btn {\r\n        padding: 10px;\r\n        background-color: rgb(216, 156, 156); \/* Pink background for the button *\/\r\n        color: white;\r\n        text-decoration: none;\r\n        display: inline-block;\r\n        cursor: pointer;\r\n    }\r\n<\/style>\r\n\r\n<div class=\"product-container-widget\">\r\n    <div class=\"product-container\">\r\n        <div class=\"image-container\">\r\n            <a class=\"productLink\" href=\"#\" style=\"display: block;\">\r\n                <img decoding=\"async\" class=\"productImage\" src=\"\" alt=\"Product Image\" style=\"max-height: 200px; max-width: 200px;\"\/>\r\n            <\/a>\r\n        <\/div>\r\n        <div class=\"product-info\">\r\n            <a class=\"productLink\" href=\"#\" style=\"display: block;\">\r\n                <h5 class=\"productName\"><\/h5>\r\n            <\/a>\r\n            <div style=\"display: flex; align-items: center; margin-top: 5px;\">\r\n                <div class=\"productPrice\"><\/div>\r\n                <img decoding=\"async\" src=\"https:\/\/milkydaisy.com\/wp-content\/uploads\/2024\/02\/disponible_amazon_icon.jpg\" alt=\"Disponible sur Amazon\" style=\"height: 40px; width: auto; margin-left: 20px;\"\/>\r\n            <\/div>\r\n            <div class=\"wd-star-rating\">\r\n                <div class=\"productRating\" style=\"color: black; margin-right: 5px;\"><\/div>\r\n                <span class=\"productRatingStars\" style=\"color: #FFA41C; font-size: 24px;\">\u2605\u2605\u2605\u2605\u2605<\/span> \r\n                <span class=\"productRatingText\" style=\"color: black; margin-left: 10px;\"><\/span>\r\n            <\/div>\r\n            <div style=\"font-size: 15px; margin-bottom: 10px;\"><strong>Recevez le <span class=\"deliveryDate\"><\/span><\/strong><\/div>\r\n            <a class=\"productOfferLink btn\" href=\"#\" target=\"_blank\" rel=\"noopener\">D\u00e9couvrir l&#8217;offre<\/a>\r\n        <\/div>\r\n    <\/div>\r\n\r\n    <script>\r\n        (function() {\r\n            var widgetContainer = document.currentScript.parentElement;\r\n\r\n            function calculateDeliveryDate() {\r\n                var deliveryDate = new Date();\r\n                deliveryDate.setDate(deliveryDate.getDate() + 2);\r\n                var options = { day: 'numeric', month: 'long' };\r\n                return deliveryDate.toLocaleDateString('fr-FR', options);\r\n            }\r\n\r\n            function fetchRandomProduct() {\r\n                fetch('https:\/\/milkydaisy.com\/wp-content\/custom-scripts\/amazon_product.php')\r\n                    .then(response => {\r\n                        if (!response.ok) {\r\n                            throw new Error('Network response was not ok: ' + response.statusText);\r\n                        }\r\n                        return response.json();\r\n                    })\r\n                    .then(data => {\r\n                        displayProduct(data, widgetContainer);\r\n                    })\r\n                    .catch(error => {\r\n                        console.error('Error during fetch: ' + error.message);\r\n                    });\r\n            }\r\n\r\n            function displayProduct(productData, container) {\r\n                container.querySelector('.productName').innerText = productData.short_name;\r\n                container.querySelector('.productImage').src = productData.img_src;\r\n                container.querySelector('.productImage').alt = productData.short_name;\r\n                container.querySelector('.productPrice').innerText = `${productData.price}\u20ac`;\r\n                var rating = parseFloat(productData.rating_average).toFixed(1).replace('.', ',');\r\n                container.querySelector('.productRating').innerText = rating;\r\n                container.querySelector('.productRatingText').innerText = `${productData.rating_number} avis`;\r\n                container.querySelector('.deliveryDate').innerText = calculateDeliveryDate();\r\n                container.querySelector('.productLink').href = productData.href_cecile;\r\n                container.querySelector('.productOfferLink').href = productData.href_cecile;\r\n\r\n                \/\/ Update stars based on rating\r\n                var filledStars = Math.round(productData.rating_average);\r\n                var emptyStars = 5 - filledStars;\r\n                container.querySelector('.productRatingStars').innerText = '\u2605'.repeat(filledStars) + '\u2606'.repeat(emptyStars);\r\n            }\r\n\r\n            fetchRandomProduct();\r\n        })();\r\n    <\/script>\r\n<\/div>\r\n\r\n\n<h3 class=\"wp-block-heading\">4 consigli per ridurre i rischi<\/h3>\n\n<ol class=\"wp-block-list\">\n<li>Assicurarsi che le ostriche siano fresche, preferire <a href=\"https:\/\/www.iloveostrica.it\/it\/news\/l%27ostrica-%C3%A8-bio-17316\" target=\"_blank\" rel=\"noopener\">ostriche biologiche<\/a> che garantiscono una riproduzione naturale.<\/li>\n\n\n\n<li>Evitare di consumare ostriche crude o insufficientemente cotte, poich\u00e9 il rischio di contaminazione \u00e8 maggiore.<\/li>\n\n\n\n<li>Limitare il consumo di ostriche e monitorare attentamente le reazioni del bambino<\/li>\n\n\n\n<li>Consultare un professionista della salute in caso di preoccupazioni riguardanti allergie alimentari o rischi potenziali per la salute del neonato<\/li>\n<\/ol>\n\n<p><strong>Osservando queste misure, il consumo di ostriche rimane sicuro durante l&#8217;allattamento.<\/strong><\/p>\n\n<figure class=\"wp-block-image size-large is-resized\"><img decoding=\"async\" width=\"1300\" height=\"729\" src=\"https:\/\/milkydaisy.com\/wp-content\/uploads\/2024\/02\/recette-huitres-et-allaitement-1300x729.jpg\" alt=\"Ricette di cucina per ostriche durante l'allattamento\" class=\"wp-image-29528\" style=\"width:839px;height:auto\" srcset=\"https:\/\/milkydaisy.com\/wp-content\/uploads\/2024\/02\/recette-huitres-et-allaitement-1300x729.jpg 1300w, https:\/\/milkydaisy.com\/wp-content\/uploads\/2024\/02\/recette-huitres-et-allaitement-430x241.jpg 430w, https:\/\/milkydaisy.com\/wp-content\/uploads\/2024\/02\/recette-huitres-et-allaitement-700x392.jpg 700w, https:\/\/milkydaisy.com\/wp-content\/uploads\/2024\/02\/recette-huitres-et-allaitement-400x224.jpg 400w, https:\/\/milkydaisy.com\/wp-content\/uploads\/2024\/02\/recette-huitres-et-allaitement-768x430.jpg 768w, https:\/\/milkydaisy.com\/wp-content\/uploads\/2024\/02\/recette-huitres-et-allaitement-860x482.jpg 860w, https:\/\/milkydaisy.com\/wp-content\/uploads\/2024\/02\/recette-huitres-et-allaitement.jpg 1456w\" sizes=\"(max-width: 1300px) 100vw, 1300px\" \/><\/figure>\n\n<p><\/p>\n\n<h2 class=\"wp-block-heading\">Ricette di ostriche adatte alle donne che allattano<\/h2>\n\n<p>Scopri alcune ricette semplici e deliziose a base di ostriche, perfettamente adatte alla dieta delle donne che allattano. Prima di iniziare la preparazione, assicurati di acquistare ostriche fresche, puliscile accuratamente per eliminare qualsiasi impurit\u00e0. Poi, lascia libero sfogo alla tua creativit\u00e0, incorporandole in vari piatti cucinati, zuppe o salse.<\/p>\n\n<h3 class=\"wp-block-heading\">Ostriche grigliate al burro d&#8217;aglio e alle erbe<\/h3>\n\n<p><strong>Ingredienti:<\/strong><\/p>\n\n<ul class=\"wp-block-list\">\n<li>10 ostriche fresche<\/li>\n\n\n\n<li>Burro<\/li>\n\n\n\n<li>Aglio tritato<\/li>\n\n\n\n<li>Prezzemolo tritato<\/li>\n\n\n\n<li>Sale e pepe<\/li>\n<\/ul>\n\n<p><strong>Preparazione:<\/strong><\/p>\n\n<p>Dopo aver pulito le ostriche. In una padella, fate fondere il burro e aggiungete l&#8217;aglio e le erbe.<\/p>\n\n<p>Disporre le ostriche su una teglia da forno e ricoprirle con il mix di burro-aglio-erbe.<\/p>\n\n<p>Grigliarle in forno fino a renderle ben calde e il burro dorato.<\/p>\n\n<h3 class=\"wp-block-heading\">Ricetta di ostriche al limone e prezzemolo<\/h3>\n\n<p><strong>Ingredienti:<\/strong><\/p>\n\n<ul class=\"wp-block-list\">\n<li>12 ostriche fresche1 limone biologico (per la scorza e il succo)<\/li>\n\n\n\n<li>2 cucchiai di prezzemolo fresco tritato<\/li>\n\n\n\n<li>2 cucchiai di olio d&#8217;oliva extravergine<\/li>\n\n\n\n<li>Aggiungi sale, pepe e aggiungi spicchi di limone extra.<\/li>\n<\/ul>\n\n<p><strong>Preparazione:<\/strong><\/p>\n\n<p>Preriscaldate il forno a 200\u00b0C (390\u00b0F).<\/p>\n\n<p>Aprite delicatamente le ostriche e toglietele dal loro guscio mantenendole il pi\u00f9 intatte possibile.<\/p>\n\n<p>Disporre le conchiglie delle ostriche su una teglia da forno.<\/p>\n\n<p>In una piccola ciotola, mescolare l&#8217;olio d&#8217;oliva, la scorza grattugiata di mezzo limone e il prezzemolo tritato. Condire con sale e pepe a piacere.<\/p>\n\n<p>Distribuire uniformemente il mix di olio d&#8217;oliva e prezzemolo sulle ostriche nelle conchiglie.<\/p>\n\n<p>Spremere il succo di limone rimasto sulle ostriche.<\/p>\n\n<p>Mettere le ostriche farcite nel forno preriscaldato e cuocere per circa 8-10 minuti, o finch\u00e9 sono calde e i bordi iniziano a bollire leggermente.<\/p>\n\n<p>Rimuovere le ostriche dal forno e lasciarle raffreddare qualche minuto prima di servirle.<\/p>\n\n<style>\r\n    .product-container {\r\n        text-align: center;\r\n        margin: 20px auto;\r\n        box-shadow: 0 4px 8px 0 rgba(0, 0, 0, 0.2);\r\n        display: flex;\r\n        align-items: start;\r\n        padding-bottom: 20px;\r\n    }\r\n    .image-container {\r\n        flex: 1;\r\n        display: flex;\r\n        align-items: center;\r\n        justify-content: center;\r\n        height: 200px;\r\n        overflow: hidden;\r\n        margin-top: 20px;\r\n    }\r\n    .product-info {\r\n        flex: 2;\r\n        text-align: left;\r\n        margin-left: 20px;\r\n    }\r\n    .productName {\r\n        margin-top: 10px;\r\n        margin-right: 10px;\r\n        display: -webkit-box;\r\n        -webkit-line-clamp: 3;\r\n        -webkit-box-orient: vertical;\r\n        overflow: hidden;\r\n    }\r\n    .productPrice {\r\n        font-weight: bold;\r\n        font-size: 2em;\r\n        color: #D69C9C; \/* Pink color for price *\/\r\n    }\r\n    .wd-star-rating {\r\n        font-size: 15px;\r\n        margin-bottom: 0px;\r\n        display: flex;\r\n        align-items: center;\r\n    }\r\n    .btn {\r\n        padding: 10px;\r\n        background-color: rgb(216, 156, 156); \/* Pink background for the button *\/\r\n        color: white;\r\n        text-decoration: none;\r\n        display: inline-block;\r\n        cursor: pointer;\r\n    }\r\n<\/style>\r\n\r\n<div class=\"product-container-widget\">\r\n    <div class=\"product-container\">\r\n        <div class=\"image-container\">\r\n            <a class=\"productLink\" href=\"#\" style=\"display: block;\">\r\n                <img decoding=\"async\" class=\"productImage\" src=\"\" alt=\"Product Image\" style=\"max-height: 200px; max-width: 200px;\"\/>\r\n            <\/a>\r\n        <\/div>\r\n        <div class=\"product-info\">\r\n            <a class=\"productLink\" href=\"#\" style=\"display: block;\">\r\n                <h5 class=\"productName\"><\/h5>\r\n            <\/a>\r\n            <div style=\"display: flex; align-items: center; margin-top: 5px;\">\r\n                <div class=\"productPrice\"><\/div>\r\n                <img decoding=\"async\" src=\"https:\/\/milkydaisy.com\/wp-content\/uploads\/2024\/02\/disponible_amazon_icon.jpg\" alt=\"Disponible sur Amazon\" style=\"height: 40px; width: auto; margin-left: 20px;\"\/>\r\n            <\/div>\r\n            <div class=\"wd-star-rating\">\r\n                <div class=\"productRating\" style=\"color: black; margin-right: 5px;\"><\/div>\r\n                <span class=\"productRatingStars\" style=\"color: #FFA41C; font-size: 24px;\">\u2605\u2605\u2605\u2605\u2605<\/span> \r\n                <span class=\"productRatingText\" style=\"color: black; margin-left: 10px;\"><\/span>\r\n            <\/div>\r\n            <div style=\"font-size: 15px; margin-bottom: 10px;\"><strong>Recevez le <span class=\"deliveryDate\"><\/span><\/strong><\/div>\r\n            <a class=\"productOfferLink btn\" href=\"#\" target=\"_blank\" rel=\"noopener\">D\u00e9couvrir l&#8217;offre<\/a>\r\n        <\/div>\r\n    <\/div>\r\n\r\n    <script>\r\n        (function() {\r\n            var widgetContainer = document.currentScript.parentElement;\r\n\r\n            function calculateDeliveryDate() {\r\n                var deliveryDate = new Date();\r\n                deliveryDate.setDate(deliveryDate.getDate() + 2);\r\n                var options = { day: 'numeric', month: 'long' };\r\n                return deliveryDate.toLocaleDateString('fr-FR', options);\r\n            }\r\n\r\n            function fetchRandomProduct() {\r\n                fetch('https:\/\/milkydaisy.com\/wp-content\/custom-scripts\/amazon_product.php')\r\n                    .then(response => {\r\n                        if (!response.ok) {\r\n                            throw new Error('Network response was not ok: ' + response.statusText);\r\n                        }\r\n                        return response.json();\r\n                    })\r\n                    .then(data => {\r\n                        displayProduct(data, widgetContainer);\r\n                    })\r\n                    .catch(error => {\r\n                        console.error('Error during fetch: ' + error.message);\r\n                    });\r\n            }\r\n\r\n            function displayProduct(productData, container) {\r\n                container.querySelector('.productName').innerText = productData.short_name;\r\n                container.querySelector('.productImage').src = productData.img_src;\r\n                container.querySelector('.productImage').alt = productData.short_name;\r\n                container.querySelector('.productPrice').innerText = `${productData.price}\u20ac`;\r\n                var rating = parseFloat(productData.rating_average).toFixed(1).replace('.', ',');\r\n                container.querySelector('.productRating').innerText = rating;\r\n                container.querySelector('.productRatingText').innerText = `${productData.rating_number} avis`;\r\n                container.querySelector('.deliveryDate').innerText = calculateDeliveryDate();\r\n                container.querySelector('.productLink').href = productData.href_cecile;\r\n                container.querySelector('.productOfferLink').href = productData.href_cecile;\r\n\r\n                \/\/ Update stars based on rating\r\n                var filledStars = Math.round(productData.rating_average);\r\n                var emptyStars = 5 - filledStars;\r\n                container.querySelector('.productRatingStars').innerText = '\u2605'.repeat(filledStars) + '\u2606'.repeat(emptyStars);\r\n            }\r\n\r\n            fetchRandomProduct();\r\n        })();\r\n    <\/script>\r\n<\/div>\r\n\r\n\n<h2 class=\"wp-block-heading\">Alternative alle ostriche per aumentare la produzione di latte materno<\/h2>\n\n<p><strong>Alimenti ricchi di proteine: <\/strong>Legumi, noci, semi di chia e tofu sono ottime fonti di proteine vegetali che favoriscono l&#8217;allattamento.<\/p>\n\n<p><strong>Alimenti ricchi di ferro:<\/strong> Spinaci, lenticchie, fagioli e carne magra sono fonti di ferro che aiutano a prevenire l&#8217;anemia e a mantenere la produzione di latte.<\/p>\n\n<p><strong>Alimenti ricchi di acidi grassi omega-3:<\/strong> Pesci grassi come il salmone, semi di lino e noci contengono acidi grassi omega-3 benefici per la salute.<\/p>\n\n<p><a href=\"https:\/\/milkydaisy.com\/it\/\"><strong>Piante galattogene:<\/strong><\/a> Avena, fieno greco, cumino, basilico e finocchio sono erbe e spezie tradizionalmente usate per favorire l&#8217;allattamento. Anche se questi alimenti non sono cos\u00ec ricchi di nutrienti come le ostriche, rimangono comunque un vantaggio per l&#8217;allattamento e sono pi\u00f9 accessibili.<\/p>\n\n<h2 class=\"wp-block-heading\">Consumare ostriche durante l&#8217;allattamento: vero o falso?<\/h2>\n\n<figure class=\"wp-block-image size-large\"><img decoding=\"async\" width=\"1300\" height=\"729\" src=\"https:\/\/milkydaisy.com\/wp-content\/uploads\/2024\/02\/mere-et-bebe-en-cusine-huitres-et-palourdes-1-1300x729.jpg\" alt=\"Mamma e bambino in cucina: vassoio di ostriche e vongole durante l'allattamento\" class=\"wp-image-29554\" srcset=\"https:\/\/milkydaisy.com\/wp-content\/uploads\/2024\/02\/mere-et-bebe-en-cusine-huitres-et-palourdes-1-1300x729.jpg 1300w, https:\/\/milkydaisy.com\/wp-content\/uploads\/2024\/02\/mere-et-bebe-en-cusine-huitres-et-palourdes-1-430x241.jpg 430w, https:\/\/milkydaisy.com\/wp-content\/uploads\/2024\/02\/mere-et-bebe-en-cusine-huitres-et-palourdes-1-700x392.jpg 700w, https:\/\/milkydaisy.com\/wp-content\/uploads\/2024\/02\/mere-et-bebe-en-cusine-huitres-et-palourdes-1-400x224.jpg 400w, https:\/\/milkydaisy.com\/wp-content\/uploads\/2024\/02\/mere-et-bebe-en-cusine-huitres-et-palourdes-1-768x430.jpg 768w, https:\/\/milkydaisy.com\/wp-content\/uploads\/2024\/02\/mere-et-bebe-en-cusine-huitres-et-palourdes-1-860x482.jpg 860w, https:\/\/milkydaisy.com\/wp-content\/uploads\/2024\/02\/mere-et-bebe-en-cusine-huitres-et-palourdes-1.jpg 1456w\" sizes=\"(max-width: 1300px) 100vw, 1300px\" \/><\/figure>\n\n<p><\/p>\n\n<p>Alcune credenze popolari sono persistenti, \u00e8 importante distinguere il vero dal falso, ecco le idee pi\u00f9 diffuse sul tema delle ostriche e l&#8217;allattamento al seno:<\/p>\n\n<p>Le ostriche possono aumentare la produzione di latte materno: <strong>Falso! <\/strong>Anche se le ostriche sono ricche di nutrienti preziosi per l&#8217;organismo, non ci sono prove scientifiche solide a sostegno di questa affermazione.<\/p>\n\n<p>Le ostriche crude sono migliori delle ostriche cotte durante l&#8217;allattamento: <strong>Falso!<\/strong><\/p>\n\n<p>Il consumo di ostriche crude durante l&#8217;allattamento comporta un rischio di contaminazione da agenti patogeni, il che rappresenta un pericolo per la madre e il bambino. Le ostriche cotte invece conservano i loro valori nutrizionali e sono adatte alla dieta delle donne che allattano: <strong>Vero!<\/strong><\/p>\n\n<p>Le raccomandazioni dietetiche generali esortano a un&#8217;alimentazione varia ed equilibrata, che includa il consumo di frutti di mare.<\/p>\n\n<h2 class=\"wp-block-heading\"><strong>Conclusione:<\/strong><\/h2>\n\n<p>Le ostriche, una volta cotte, sono sicure per la madre che allatta e il suo bambino. Pertanto, pu\u00f2 continuare a mangiarle e beneficiare delle loro propriet\u00e0 naturali. Per saperne di pi\u00f9 sull&#8217;alimentazione e sull&#8217;allattamento, non esitate a consultare i siti web dell&#8217;<a href=\"https:\/\/www.who.int\/it\" target=\"_blank\" rel=\"noopener\">OMS<\/a> e della <a href=\"https:\/\/www.llli.org\/italiano\/\" target=\"_blank\" rel=\"noopener\">Leche League<\/a>. Potete anche consultare la sezione sull&#8217;<a href=\"https:\/\/milkydaisy.com\/it\/allattamento-al-seno\/\">allattamento<\/a> del nostro blog per ulteriori informazioni su questa meravigliosa avventura materna.<\/p>\n","protected":false},"excerpt":{"rendered":"<p>L&#8217;allattamento al seno \u00e8 un momento prezioso in cui la mamma fornisce direttamente al suo bambino tutti gli elementi nutritivi essenziali per la sua crescita e sviluppo. L&#8217;alimentazione della madre che allatta \u00e8 quindi un fattore chiave per la salute del neonato in quanto influisce sulla qualit\u00e0 del suo latte. Mangiare in modo equilibrato \u00e8 &#8230; <a title=\"Ostriche Allattamento: Vantaggi, Precauzioni e Idee Ricette\" class=\"read-more\" href=\"https:\/\/milkydaisy.com\/it\/allattamento\/ostriche-allattamento-vantaggi-precauzioni-e-idee-ricette\/\" aria-label=\"Per saperne di pi\u00f9 su Ostriche Allattamento: Vantaggi, Precauzioni e Idee Ricette\">Leggi tutto<\/a><\/p>\n","protected":false},"author":79,"featured_media":29562,"parent":44210,"menu_order":0,"comment_status":"open","ping_status":"open","template":"","meta":{"footnotes":""},"class_list":["post-29887","page","type-page","status-publish","has-post-thumbnail"],"_links":{"self":[{"href":"https:\/\/milkydaisy.com\/it\/wp-json\/wp\/v2\/pages\/29887","targetHints":{"allow":["GET"]}}],"collection":[{"href":"https:\/\/milkydaisy.com\/it\/wp-json\/wp\/v2\/pages"}],"about":[{"href":"https:\/\/milkydaisy.com\/it\/wp-json\/wp\/v2\/types\/page"}],"author":[{"embeddable":true,"href":"https:\/\/milkydaisy.com\/it\/wp-json\/wp\/v2\/users\/79"}],"replies":[{"embeddable":true,"href":"https:\/\/milkydaisy.com\/it\/wp-json\/wp\/v2\/comments?post=29887"}],"version-history":[{"count":0,"href":"https:\/\/milkydaisy.com\/it\/wp-json\/wp\/v2\/pages\/29887\/revisions"}],"up":[{"embeddable":true,"href":"https:\/\/milkydaisy.com\/it\/wp-json\/wp\/v2\/pages\/44210"}],"wp:featuredmedia":[{"embeddable":true,"href":"https:\/\/milkydaisy.com\/it\/wp-json\/wp\/v2\/media\/29562"}],"wp:attachment":[{"href":"https:\/\/milkydaisy.com\/it\/wp-json\/wp\/v2\/media?parent=29887"}],"curies":[{"name":"wp","href":"https:\/\/api.w.org\/{rel}","templated":true}]}}