{"id":18499,"date":"2021-10-12T16:27:24","date_gmt":"2021-10-12T14:27:24","guid":{"rendered":"https:\/\/milkydaisy.com\/contattateci\/"},"modified":"2023-07-03T16:32:56","modified_gmt":"2023-07-03T14:32:56","slug":"contattateci","status":"publish","type":"page","link":"https:\/\/milkydaisy.com\/it\/contattateci\/","title":{"rendered":"Contattateci"},"content":{"rendered":"<p>DOMANDE DI INFORMAZIONE\t\t\t\t<\/p>\n<h4>DOMANDE FREQUENTI<\/h4>\n<p>\t\t\t\t\t\t\t\tPosso modificare o cancellare il mio ordine?\t\t\t\t\t\t\t<\/p>\n<p>Se si desidera modificare o annullare l&#8217;ordine, si prega di contattarci immediatamente. Faremo del nostro meglio per accogliere la vostra richiesta, ma non possiamo garantire che saremo in grado di modificarla o cancellarla una volta elaborata.<\/p>\n<p>\t\t\t\t\t\t\t\tDove consegnate?\t\t\t\t\t\t\t<\/p>\n<p>Consegniamo in Francia continentale e nei dipartimenti e territori francesi d&#8217;oltremare, in Belgio, Paesi Bassi, Germania, Lussemburgo, Spagna, Italia, Portogallo, Regno Unito, Svizzera e Stati Uniti.<\/p>\n<p>\t\t\t\t\t\t\t\tQuando verr\u00e0 spedito il mio ordine?\t\t\t\t\t\t\t<\/p>\n<p>Il nostro obiettivo \u00e8 quello di spedire tutti gli ordini entro 48 ore dal ricevimento.<\/p>\n<p>\t\t\t\t\t\t\t\tRiempirete gli articoli indicati come &quot;esauriti&quot;?\t\t\t\t\t\t\t<\/p>\n<p>S\u00ec, tutti i nostri prodotti alimentari sono biologici. Utilizziamo solo ingredienti naturali di alta qualit\u00e0, accuratamente selezionati per i loro benefici specifici.<\/p>\n<p>Ac curae aliquet vivamus aptent duis congue urna venenatis ridiculus faucibus tincidunt a lorem rutrum nullam potenti adipiscing.Adipiscing.<\/p>\n<p>\t\t\t\t\t\t\t\tCome si restituisce un prodotto?\t\t\t\t\t\t\t<\/p>\n<p>Se non siete completamente soddisfatti del vostro acquisto, potete restituire il prodotto entro 14 giorni dalla ricezione dell&#8217;ordine. Contattateci per ricevere istruzioni su come procedere.<\/p>\n<p>\t\t\t\t\tINFORMAZIONI SU DI NOI\t\t\t\t<\/p>\n<h4>UNA DOMANDA? CONTATTACI!<\/h4>\n<p role=\"status\" aria-live=\"polite\" aria-atomic=\"true\">\n<ul><\/ul>\n<form action=\"\/wp-json\/wpml\/tm\/v1\/ate\/jobs\/download#wpcf7-f1572-o5\" method=\"post\" aria-label=\"Formulaire de contact\" novalidate=\"novalidate\" data-status=\"init\">\n<input type=\"hidden\" name=\"_wpcf7\" value=\"1572\" \/><br \/>\n<input type=\"hidden\" name=\"_wpcf7_version\" value=\"5.7.7\" \/><br \/>\n<input type=\"hidden\" name=\"_wpcf7_locale\" value=\"fr_FR\" \/><br \/>\n<input type=\"hidden\" name=\"_wpcf7_unit_tag\" value=\"wpcf7-f1572-o5\" \/><br \/>\n<input type=\"hidden\" name=\"_wpcf7_container_post\" value=\"0\" \/><br \/>\n<input type=\"hidden\" name=\"_wpcf7_posted_data_hash\" value=\"\" \/><\/p>\n<p><label>Votre Nom<\/label><input size=\"40\" aria-required=\"true\" aria-invalid=\"false\" value=\"\" type=\"text\" name=\"your-name\" \/>\n\t<\/p>\n<p><label>Votre Email<\/label><input size=\"40\" aria-required=\"true\" aria-invalid=\"false\" value=\"\" type=\"email\" name=\"your-email\" \/>\n\t<\/p>\n<p><label>Num\u00e9ro de t\u00e9l\u00e9phone<\/label><input size=\"40\" aria-invalid=\"false\" value=\"\" type=\"tel\" name=\"tel-767\" \/>\n\t<\/p>\n<p><label>Entreprise<\/label><input size=\"40\" aria-invalid=\"false\" value=\"\" type=\"text\" name=\"text-1\" \/>\n\t<\/p>\n<p><label>Votre Message<\/label><textarea cols=\"40\" rows=\"10\" aria-invalid=\"false\" name=\"your-message\"><\/textarea>\n<\/p>\n<p><input type=\"submit\" value=\"ENVOYER\" \/>\n<\/p>\n<\/form>\n","protected":false},"excerpt":{"rendered":"<p>DOMANDE DI INFORMAZIONE DOMANDE FREQUENTI Posso modificare o cancellare il mio ordine? Se si desidera modificare o annullare l&#8217;ordine, si prega di contattarci immediatamente. Faremo del nostro meglio per accogliere la vostra richiesta, ma non possiamo garantire che saremo in grado di modificarla o cancellarla una volta elaborata. Dove consegnate? Consegniamo in Francia continentale e &#8230; <a title=\"Contattateci\" class=\"read-more\" href=\"https:\/\/milkydaisy.com\/it\/contattateci\/\" aria-label=\"Per saperne di pi\u00f9 su Contattateci\">Leggi tutto<\/a><\/p>\n","protected":false},"author":1,"featured_media":0,"parent":0,"menu_order":0,"comment_status":"closed","ping_status":"closed","template":"","meta":{"footnotes":""},"class_list":["post-18499","page","type-page","status-publish"],"_links":{"self":[{"href":"https:\/\/milkydaisy.com\/it\/wp-json\/wp\/v2\/pages\/18499","targetHints":{"allow":["GET"]}}],"collection":[{"href":"https:\/\/milkydaisy.com\/it\/wp-json\/wp\/v2\/pages"}],"about":[{"href":"https:\/\/milkydaisy.com\/it\/wp-json\/wp\/v2\/types\/page"}],"author":[{"embeddable":true,"href":"https:\/\/milkydaisy.com\/it\/wp-json\/wp\/v2\/users\/1"}],"replies":[{"embeddable":true,"href":"https:\/\/milkydaisy.com\/it\/wp-json\/wp\/v2\/comments?post=18499"}],"version-history":[{"count":0,"href":"https:\/\/milkydaisy.com\/it\/wp-json\/wp\/v2\/pages\/18499\/revisions"}],"wp:attachment":[{"href":"https:\/\/milkydaisy.com\/it\/wp-json\/wp\/v2\/media?parent=18499"}],"curies":[{"name":"wp","href":"https:\/\/api.w.org\/{rel}","templated":true}]}}