{"id":39262,"date":"2025-02-19T19:40:44","date_gmt":"2025-02-19T18:40:44","guid":{"rendered":"https:\/\/milkydaisy.com\/?post_type=product&#038;p=39262"},"modified":"2026-04-27T04:16:10","modified_gmt":"2026-04-27T02:16:10","slug":"infusion-de-hinojo-sabor-fresa-45-bolsitas-copie","status":"publish","type":"product","link":"https:\/\/milkydaisy.com\/es\/produit\/infusion-de-hinojo-sabor-fresa-45-bolsitas-copie\/","title":{"rendered":"Infusi\u00f3n de Hinojo Sabor Fresa &#8211; 45 Bolsitas (Copie)"},"content":{"rendered":"<h2><strong>Ingredientes naturales para estimular la lactancia<\/strong><\/h2>\n<p>El <strong>t\u00e9 de hinojo ecol\u00f3gico para lactancia con sabor a fresa Milky Daisy estimula la lactancia<\/strong>. Contiene semillas de hinojo, alcaravea y ortiga. Su delicada fragancia de fresa se equilibra con notas dulces de hinojo y rooibos. Te encantar\u00e1 esta tisana afrutada. Descubra <a href=\"https:\/\/milkydaisy.com\/tisanes-allaitement\" target=\"_new\" rel=\"noopener\">aqu\u00ed<\/a> toda nuestra gama de infusiones para la lactancia.<\/p>\n<p>\t\t\t\t\t\t\t\t\t\t\t\t\t\t\t<img decoding=\"async\" width=\"1300\" height=\"542\" src=\"http:\/\/milkydaisy.com\/wp-content\/uploads\/2023\/06\/Ingredients-Tisane-Fraise-Milky-Daisy-1920-min-1300x542.jpg\" alt=\"\" loading=\"lazy\" srcset=\"http:\/\/milkydaisy.com\/wp-content\/uploads\/2023\/06\/Ingredients-Tisane-Fraise-Milky-Daisy-1920-min-1300x542.jpg 1300w, https:\/\/milkydaisy.com\/wp-content\/uploads\/2023\/06\/Ingredients-Tisane-Fraise-Milky-Daisy-1920-min-400x167.jpg 400w, https:\/\/milkydaisy.com\/wp-content\/uploads\/2023\/06\/Ingredients-Tisane-Fraise-Milky-Daisy-1920-min-768x320.jpg 768w, https:\/\/milkydaisy.com\/wp-content\/uploads\/2023\/06\/Ingredients-Tisane-Fraise-Milky-Daisy-1920-min-1536x640.jpg 1536w, https:\/\/milkydaisy.com\/wp-content\/uploads\/2023\/06\/Ingredients-Tisane-Fraise-Milky-Daisy-1920-min-860x358.jpg 860w, https:\/\/milkydaisy.com\/wp-content\/uploads\/2023\/06\/Ingredients-Tisane-Fraise-Milky-Daisy-1920-min-430x179.jpg 430w, https:\/\/milkydaisy.com\/wp-content\/uploads\/2023\/06\/Ingredients-Tisane-Fraise-Milky-Daisy-1920-min-700x292.jpg 700w, https:\/\/milkydaisy.com\/wp-content\/uploads\/2023\/06\/Ingredients-Tisane-Fraise-Milky-Daisy-1920-min-150x63.jpg 150w, https:\/\/milkydaisy.com\/wp-content\/uploads\/2023\/06\/Ingredients-Tisane-Fraise-Milky-Daisy-1920-min.jpg 1920w\" sizes=\"auto, (max-width: 1300px) 100vw, 1300px\" \/>\t\t\t\t\t\t\t\t\t\t\t\t\t\t\t<\/p>\n<h2><strong>Un t\u00e9 de hinojo de lactancia \u00fanico y sabroso<\/strong><\/h2>\n<p>La originalidad y la complejidad de esta tisana proceden de la presencia de ortigas y alcaravea. Los trozos de fresa realzan el sabor natural de la infusi\u00f3n. Las ortigas son famosas por <a href=\"https:\/\/www.medicalnewstoday.com\/articles\/325244\" target=\"_blank\" rel=\"noopener\">sus numerosos beneficios para la salud<\/a>.<\/p>\n<p>\t\t\t\t\t\t\t\t<img width=\"1200\" height=\"800\" src=\"http:\/\/milkydaisy.com\/wp-content\/uploads\/2023\/06\/MDT.FR1_.45-Ambiance-Web_0004_IMG_3089-min.jpg\" alt=\"\" decoding=\"async\" loading=\"lazy\" srcset=\"http:\/\/milkydaisy.com\/wp-content\/uploads\/2023\/06\/MDT.FR1_.45-Ambiance-Web_0004_IMG_3089-min.jpg 1200w, https:\/\/milkydaisy.com\/wp-content\/uploads\/2023\/06\/MDT.FR1_.45-Ambiance-Web_0004_IMG_3089-min-400x267.jpg 400w, https:\/\/milkydaisy.com\/wp-content\/uploads\/2023\/06\/MDT.FR1_.45-Ambiance-Web_0004_IMG_3089-min-768x512.jpg 768w, https:\/\/milkydaisy.com\/wp-content\/uploads\/2023\/06\/MDT.FR1_.45-Ambiance-Web_0004_IMG_3089-min-860x573.jpg 860w, https:\/\/milkydaisy.com\/wp-content\/uploads\/2023\/06\/MDT.FR1_.45-Ambiance-Web_0004_IMG_3089-min-430x287.jpg 430w, https:\/\/milkydaisy.com\/wp-content\/uploads\/2023\/06\/MDT.FR1_.45-Ambiance-Web_0004_IMG_3089-min-700x467.jpg 700w, https:\/\/milkydaisy.com\/wp-content\/uploads\/2023\/06\/MDT.FR1_.45-Ambiance-Web_0004_IMG_3089-min-150x100.jpg 150w\" sizes=\"auto, (max-width: 1200px) 100vw, 1200px\" \/><br \/>\n\t\t\t\t\t\t\t\t\t\t\t\t\t\t\t<img decoding=\"async\" width=\"1200\" height=\"800\" src=\"http:\/\/milkydaisy.com\/wp-content\/uploads\/2023\/06\/MDT.FR1_.45-Ambiance-Web_0000_IMG_3111-min.jpg\" alt=\"\" loading=\"lazy\" srcset=\"http:\/\/milkydaisy.com\/wp-content\/uploads\/2023\/06\/MDT.FR1_.45-Ambiance-Web_0000_IMG_3111-min.jpg 1200w, https:\/\/milkydaisy.com\/wp-content\/uploads\/2023\/06\/MDT.FR1_.45-Ambiance-Web_0000_IMG_3111-min-400x267.jpg 400w, https:\/\/milkydaisy.com\/wp-content\/uploads\/2023\/06\/MDT.FR1_.45-Ambiance-Web_0000_IMG_3111-min-768x512.jpg 768w, https:\/\/milkydaisy.com\/wp-content\/uploads\/2023\/06\/MDT.FR1_.45-Ambiance-Web_0000_IMG_3111-min-860x573.jpg 860w, https:\/\/milkydaisy.com\/wp-content\/uploads\/2023\/06\/MDT.FR1_.45-Ambiance-Web_0000_IMG_3111-min-430x287.jpg 430w, https:\/\/milkydaisy.com\/wp-content\/uploads\/2023\/06\/MDT.FR1_.45-Ambiance-Web_0000_IMG_3111-min-700x467.jpg 700w, https:\/\/milkydaisy.com\/wp-content\/uploads\/2023\/06\/MDT.FR1_.45-Ambiance-Web_0000_IMG_3111-min-150x100.jpg 150w\" sizes=\"auto, (max-width: 1200px) 100vw, 1200px\" \/>\t\t\t\t\t\t\t\t\t\t\t\t\t\t\t<\/p>\n<h2><strong>Comprometidos con la calidad y el medio ambiente<\/strong><\/h2>\n<p>En Milky Daisy, seleccionamos <strong>ingredientes 100% ecol\u00f3gicos<\/strong>. Los trozos de hinojo, rooibos, ortigas, alcaravea, hibisco y fresas son de cultivo ecol\u00f3gico. Esto garantiza una tisana de calidad impecable. M\u00e1s informaci\u00f3n sobre <a href=\"https:\/\/milkydaisy.com\/nos-engagements\">nuestro compromiso con la calidad<\/a>.<\/p>\n<p>Nuestro <strong>aroma natural de fresa<\/strong> se produce en Grasse, <a href=\"http:\/\/www.ville-grasse.fr\/aromes_et_parfums.mob\" target=\"_blank\" rel=\"noopener\">capital mundial del perfume<\/a>. Esto confiere a nuestra tisana una autenticidad y frescura inigualables.<\/p>\n<p>\t\t\t\t\t\t\t\t\t\t\t\t\t\t\t<img decoding=\"async\" width=\"1300\" height=\"542\" src=\"http:\/\/milkydaisy.com\/wp-content\/uploads\/2023\/06\/Arome-Tisane-Fraise-Milky-Daisy-min-1300x542.png\" alt=\"\" loading=\"lazy\" srcset=\"http:\/\/milkydaisy.com\/wp-content\/uploads\/2023\/06\/Arome-Tisane-Fraise-Milky-Daisy-min-1300x542.png 1300w, https:\/\/milkydaisy.com\/wp-content\/uploads\/2023\/06\/Arome-Tisane-Fraise-Milky-Daisy-min-400x167.png 400w, https:\/\/milkydaisy.com\/wp-content\/uploads\/2023\/06\/Arome-Tisane-Fraise-Milky-Daisy-min-768x320.png 768w, https:\/\/milkydaisy.com\/wp-content\/uploads\/2023\/06\/Arome-Tisane-Fraise-Milky-Daisy-min-1536x640.png 1536w, https:\/\/milkydaisy.com\/wp-content\/uploads\/2023\/06\/Arome-Tisane-Fraise-Milky-Daisy-min-2048x853.png 2048w, https:\/\/milkydaisy.com\/wp-content\/uploads\/2023\/06\/Arome-Tisane-Fraise-Milky-Daisy-min-860x358.png 860w, https:\/\/milkydaisy.com\/wp-content\/uploads\/2023\/06\/Arome-Tisane-Fraise-Milky-Daisy-min-430x179.png 430w, https:\/\/milkydaisy.com\/wp-content\/uploads\/2023\/06\/Arome-Tisane-Fraise-Milky-Daisy-min-700x292.png 700w, https:\/\/milkydaisy.com\/wp-content\/uploads\/2023\/06\/Arome-Tisane-Fraise-Milky-Daisy-min-150x62.png 150w\" sizes=\"auto, (max-width: 1300px) 100vw, 1300px\" \/>\t\t\t\t\t\t\t\t\t\t\t\t\t\t\t<\/p>\n<h2><strong>Envases ecorresponsables<\/strong><\/h2>\n<p>Cada caja contiene 45 bolsitas de t\u00e9. Esto equivale a un tratamiento de dos semanas con tres infusiones al d\u00eda. Nuestras infusas son compostables y se envasan en una bolsa de pl\u00e1stico reciclable. Descubra <a href=\"https:\/\/milkydaisy.com\/produits-allaitement\" target=\"_new\" rel=\"noopener\">aqu\u00ed<\/a> nuestros otros productos para la lactancia materna.<\/p>\n<p>Utilizamos <strong style=\"font-size: 14px; background-color: var(--bgcolor-white); color: var(--wd-text-color);\">cart\u00f3n reciclable con certificaci\u00f3n FSC<\/strong> para  nuestros envases. Esto garantiza que nuestros envases proceden de bosques  gestionados de forma sostenible. M\u00e1s informaci\u00f3n sobre  Certificaci\u00f3n FSC <a style=\"font-size: 14px; background-color: var(--bgcolor-white);\" href=\"https:\/\/www.fsc.org\/en\" target=\"_new\" rel=\"noopener\">aqu\u00ed<\/a>.<\/p>\n<p>\t\t\t\t\t\t\t\t\t\t\t\t\t\t\t<img decoding=\"async\" width=\"1200\" height=\"800\" src=\"http:\/\/milkydaisy.com\/wp-content\/uploads\/2023\/06\/MDT.FR1_.45-Ambiance-Web_0005_IMG_3187-min-1.jpg\" alt=\"\" loading=\"lazy\" srcset=\"http:\/\/milkydaisy.com\/wp-content\/uploads\/2023\/06\/MDT.FR1_.45-Ambiance-Web_0005_IMG_3187-min-1.jpg 1200w, https:\/\/milkydaisy.com\/wp-content\/uploads\/2023\/06\/MDT.FR1_.45-Ambiance-Web_0005_IMG_3187-min-1-400x267.jpg 400w, https:\/\/milkydaisy.com\/wp-content\/uploads\/2023\/06\/MDT.FR1_.45-Ambiance-Web_0005_IMG_3187-min-1-768x512.jpg 768w, https:\/\/milkydaisy.com\/wp-content\/uploads\/2023\/06\/MDT.FR1_.45-Ambiance-Web_0005_IMG_3187-min-1-860x573.jpg 860w, https:\/\/milkydaisy.com\/wp-content\/uploads\/2023\/06\/MDT.FR1_.45-Ambiance-Web_0005_IMG_3187-min-1-430x287.jpg 430w, https:\/\/milkydaisy.com\/wp-content\/uploads\/2023\/06\/MDT.FR1_.45-Ambiance-Web_0005_IMG_3187-min-1-700x467.jpg 700w, https:\/\/milkydaisy.com\/wp-content\/uploads\/2023\/06\/MDT.FR1_.45-Ambiance-Web_0005_IMG_3187-min-1-150x100.jpg 150w\" sizes=\"auto, (max-width: 1200px) 100vw, 1200px\" \/><br \/>\n\t\t\t\t\t\t\t\t\t\t\t\t\t\t\t<img decoding=\"async\" width=\"1200\" height=\"800\" src=\"http:\/\/milkydaisy.com\/wp-content\/uploads\/2023\/06\/MDT.FR1_.45-Ambiance-Web_0002_IMG_3132-min.jpg\" alt=\"\" loading=\"lazy\" srcset=\"http:\/\/milkydaisy.com\/wp-content\/uploads\/2023\/06\/MDT.FR1_.45-Ambiance-Web_0002_IMG_3132-min.jpg 1200w, https:\/\/milkydaisy.com\/wp-content\/uploads\/2023\/06\/MDT.FR1_.45-Ambiance-Web_0002_IMG_3132-min-400x267.jpg 400w, https:\/\/milkydaisy.com\/wp-content\/uploads\/2023\/06\/MDT.FR1_.45-Ambiance-Web_0002_IMG_3132-min-768x512.jpg 768w, https:\/\/milkydaisy.com\/wp-content\/uploads\/2023\/06\/MDT.FR1_.45-Ambiance-Web_0002_IMG_3132-min-860x573.jpg 860w, https:\/\/milkydaisy.com\/wp-content\/uploads\/2023\/06\/MDT.FR1_.45-Ambiance-Web_0002_IMG_3132-min-430x287.jpg 430w, https:\/\/milkydaisy.com\/wp-content\/uploads\/2023\/06\/MDT.FR1_.45-Ambiance-Web_0002_IMG_3132-min-700x467.jpg 700w, https:\/\/milkydaisy.com\/wp-content\/uploads\/2023\/06\/MDT.FR1_.45-Ambiance-Web_0002_IMG_3132-min-150x100.jpg 150w\" sizes=\"auto, (max-width: 1200px) 100vw, 1200px\" \/>\t\t\t\t\t\t\t\t\t\t\t\t\t\t\t<\/p>\n<h2><strong>Un momento de relajaci\u00f3n para usted<\/strong><\/h2>\n<p>Esta tisana es ideal para las madres lactantes. Tambi\u00e9n es una excelente opci\u00f3n para quienes buscan una infusi\u00f3n sabrosa y relajante. Se puede disfrutar caliente o fr\u00edo. Lea nuestros <a href=\"https:\/\/milkydaisy.com\/conseils-allaitement\">consejos para una lactancia materna satisfactoria<\/a>.<\/p>\n<p><strong>Milky Daisy Tisana de Fresa para la Lactancia con Hinojo<\/strong> favorece la lactancia y te proporciona un momento de deliciosa relajaci\u00f3n.<\/p>\n","protected":false},"excerpt":{"rendered":"<p>El <strong>t\u00e9 de hinojo para lactancia Milky Daisy sabor fresa<\/strong> es mucho m\u00e1s que una infusi\u00f3n. <strong>Hecha con amor en Francia<\/strong>, esta infusi\u00f3n est\u00e1 especialmente dise\u00f1ada para apoyar a las mam\u00e1s lactantes como yo. Prestamos especial atenci\u00f3n a cada detalle, porque sabemos lo importante que es cada momento para ti y para tu beb\u00e9. <a href=\"https:\/\/milkydaisy.com\/notre-processus-de-fabrication\" target=\"_new\" rel=\"noopener\">Aqu\u00ed<\/a> encontrar\u00e1 m\u00e1s informaci\u00f3n sobre nuestro proceso de fabricaci\u00f3n.<\/p>\n<p><img decoding=\"async\" class=\"alignnone wp-image-15805\" src=\"http:\/\/milkydaisy.com\/wp-content\/uploads\/2023\/06\/AB-Converted-249x300.png\" alt=\"\" width=\"41\" height=\"50\">  <img decoding=\"async\" class=\"alignnone wp-image-15807\" src=\"http:\/\/milkydaisy.com\/wp-content\/uploads\/2023\/06\/Eurofeuille_couleurAB-400x266.jpg\" alt=\"\" width=\"75\" height=\"50\">  <img decoding=\"async\" class=\"alignnone wp-image-15810\" src=\"http:\/\/milkydaisy.com\/wp-content\/uploads\/2023\/06\/mad_bloc_cartouche_rvb-small-191x300.jpg\" alt=\"\" width=\"32\" height=\"50\">  <img decoding=\"async\" class=\"alignnone wp-image-15809\" src=\"http:\/\/milkydaisy.com\/wp-content\/uploads\/2023\/06\/fsc_solo-260x300.png\" alt=\"\" width=\"43\" height=\"50\"><\/p>\n","protected":false},"featured_media":39364,"comment_status":"open","ping_status":"closed","template":"","meta":[],"product_brand":[233],"product_cat":[111],"product_tag":[],"class_list":{"0":"post-39262","1":"product","2":"type-product","3":"status-publish","4":"has-post-thumbnail","6":"product_brand-milky-daisy","7":"product_cat-infusiones","9":"first","10":"outofstock","11":"taxable","12":"shipping-taxable","13":"purchasable","14":"product-type-simple"},"_links":{"self":[{"href":"https:\/\/milkydaisy.com\/es\/wp-json\/wp\/v2\/product\/39262","targetHints":{"allow":["GET"]}}],"collection":[{"href":"https:\/\/milkydaisy.com\/es\/wp-json\/wp\/v2\/product"}],"about":[{"href":"https:\/\/milkydaisy.com\/es\/wp-json\/wp\/v2\/types\/product"}],"replies":[{"embeddable":true,"href":"https:\/\/milkydaisy.com\/es\/wp-json\/wp\/v2\/comments?post=39262"}],"wp:featuredmedia":[{"embeddable":true,"href":"https:\/\/milkydaisy.com\/es\/wp-json\/wp\/v2\/media\/39364"}],"wp:attachment":[{"href":"https:\/\/milkydaisy.com\/es\/wp-json\/wp\/v2\/media?parent=39262"}],"wp:term":[{"taxonomy":"product_brand","embeddable":true,"href":"https:\/\/milkydaisy.com\/es\/wp-json\/wp\/v2\/product_brand?post=39262"},{"taxonomy":"product_cat","embeddable":true,"href":"https:\/\/milkydaisy.com\/es\/wp-json\/wp\/v2\/product_cat?post=39262"},{"taxonomy":"product_tag","embeddable":true,"href":"https:\/\/milkydaisy.com\/es\/wp-json\/wp\/v2\/product_tag?post=39262"}],"curies":[{"name":"wp","href":"https:\/\/api.w.org\/{rel}","templated":true}]}}