{"id":39045,"date":"2024-09-03T20:26:10","date_gmt":"2024-09-03T18:26:10","guid":{"rendered":"https:\/\/milkydaisy.com\/produit\/tisana-hoja-de-frambuesa-bio-milky-daisy-40-bolsas-sabor-mango-tropical\/"},"modified":"2025-12-29T15:56:37","modified_gmt":"2025-12-29T14:56:37","slug":"tisana-hoja-de-frambuesa-bio-milky-daisy-40-bolsas-sabor-mango-tropical","status":"publish","type":"product","link":"https:\/\/milkydaisy.com\/es\/produit\/tisana-hoja-de-frambuesa-bio-milky-daisy-40-bolsas-sabor-mango-tropical\/","title":{"rendered":"Tisana Hoja de Frambuesa Bio Milky Daisy &#8211; 40 bolsas &#8211; Sabor Mango-Tropical"},"content":{"rendered":"<p><img width=\"1632\" height=\"1632\" src=\"http:\/\/milkydaisy.com\/wp-content\/uploads\/2024\/09\/feuille-de-framboisier-1-1.jpg\" alt=\"feuille de framboisier\" decoding=\"async\" srcset=\"http:\/\/milkydaisy.com\/wp-content\/uploads\/2024\/09\/feuille-de-framboisier-1-1.jpg 1632w, https:\/\/milkydaisy.com\/wp-content\/uploads\/2024\/09\/feuille-de-framboisier-1-1-300x300.jpg 300w, https:\/\/milkydaisy.com\/wp-content\/uploads\/2024\/09\/feuille-de-framboisier-1-1-800x800.jpg 800w, https:\/\/milkydaisy.com\/wp-content\/uploads\/2024\/09\/feuille-de-framboisier-1-1-150x150.jpg 150w, https:\/\/milkydaisy.com\/wp-content\/uploads\/2024\/09\/feuille-de-framboisier-1-1-768x768.jpg 768w, https:\/\/milkydaisy.com\/wp-content\/uploads\/2024\/09\/feuille-de-framboisier-1-1-1536x1536.jpg 1536w, https:\/\/milkydaisy.com\/wp-content\/uploads\/2024\/09\/feuille-de-framboisier-1-1-430x430.jpg 430w, https:\/\/milkydaisy.com\/wp-content\/uploads\/2024\/09\/feuille-de-framboisier-1-1-700x700.jpg 700w\" sizes=\"(max-width: 1632px) 100vw, 1632px\" \/>\t\t\t\t\t<\/p>\n<h2><strong>Una Tisana de Hojas de Frambuesa con Beneficios Naturales<\/strong><\/h2>\n<link rel=\"stylesheet\" id=\"wd-text-block-css\" href=\"https:\/\/milkydaisy.com\/wp-content\/themes\/woodmart\/css\/parts\/el-text-block.min.css?ver=8.0.6\" type=\"text\/css\" media=\"all\" \/>\n<p>Nuestra Tisana de Hojas de Frambuesa Bio est\u00e1 elaborada con una mezcla sabrosa y beneficiosa, dise\u00f1ada especialmente para acompa\u00f1ar a las mujeres en todas las etapas de su vida. Gracias a ingredientes cuidadosamente seleccionados, esta tisana apoya el bienestar femenino, especialmente durante el embarazo y el per\u00edodo postparto.<\/p>\n<h4><strong>Ingredientes de Alta Calidad:<\/strong><\/h4>\n<ul>\n<li><strong>Hojas de Frambuesa Bio:<\/strong> Conocidas por su efecto tonificante sobre el \u00fatero, preparan el cuerpo para el parto, facilitan las contracciones y mejoran la elasticidad del perin\u00e9 para reducir el riesgo de desgarros.<\/li>\n<li><strong>Melisa Bio:<\/strong> Propiedades calmantes y relajantes, ideales para reducir la ansiedad y promover un sue\u00f1o reparador.<\/li>\n<li><strong>Manzanilla Bio:<\/strong> Conocida por sus efectos relajantes, ayuda a calmar las tensiones y fomentar la relajaci\u00f3n.<\/li>\n<li><strong>Mango y Frutas Tropicales:<\/strong> Ofrecen un sabor suave y ex\u00f3tico para un verdadero momento de escape sensorial.<\/li>\n<li><strong>Aromas Naturales:<\/strong> Aportan un toque afrutado y delicioso para un placer \u00f3ptimo sin comprometer los beneficios.<\/li>\n<\/ul>\n<p>Todos nuestros ingredientes est\u00e1n certificados 100% org\u00e1nicos y naturales, garantizando una infusi\u00f3n saludable y respetuosa con su bienestar.<\/p>\n<h2><strong>Los Beneficios de Nuestra Tisana de Hojas de Frambuesa<\/strong><\/h2>\n<p>\t\t\t\t\t\t\t\t\t\tPreparaci\u00f3n para el Parto<\/p>\n<p>Mejora la elasticidad del perin\u00e9 y facilita las contracciones: Las hojas de frambuesa tonifican el m\u00fasculo uterino, regulando las contracciones y reduciendo el riesgo de desgarros durante el parto.<\/p>\n<p>Beneficios Postparto<\/p>\n<p>Tonifica los tejidos uterinos: Ayuda a limitar las p\u00e9rdidas excesivas de sangre y a restaurar la tonicidad del perin\u00e9 despu\u00e9s del parto.<\/p>\n<p>Aumento de la Producci\u00f3n de Leche y Calidad de la Leche Materna<\/p>\n<p>Favorece el aumento de la producci\u00f3n de leche y enriquece la leche materna, ofreciendo una mejor calidad nutricional para el beb\u00e9.<\/p>\n<p>Alivio de los Dolores Menstruales y del S\u00edndrome Premenstrual (SPM)<\/p>\n<p>Ayuda a aliviar los dolores menstruales y los s\u00edntomas del s\u00edndrome premenstrual gracias a sus propiedades calmantes.<\/p>\n<p>Efecto Relajante y Calmante<\/p>\n<p>Sus propiedades calmantes favorecen la relajaci\u00f3n y ayudan a combatir la ansiedad y a mejorar el sue\u00f1o.<\/p>\n<h2>Tisana para Mujeres: Consejos de Preparaci\u00f3n<\/h2>\n<p><strong>Disfruta plenamente de los beneficios y sabores de nuestra Tisana de Hojas de Frambuesa siguiendo estos sencillos pasos:<\/strong><\/p>\n<p><strong>Dosificaci\u00f3n:<\/strong> Usa una bolsita por taza (aproximadamente 200 ml).<\/p>\n<p><strong>Infusi\u00f3n Caliente:<\/strong><\/p>\n<ol>\n<li>Hierve agua fresca (100\u00b0C).<\/li>\n<li>Vierte el agua sobre la bolsita y deja infusionar de 5 a 7 minutos.<\/li>\n<li>Retira la bolsita y disfruta de esta tisana sola o ligeramente endulzada, seg\u00fan tus preferencias.<\/li>\n<\/ol>\n<p><strong>Infusi\u00f3n Fr\u00eda:<\/strong><\/p>\n<ol>\n<li>Infusiona la tisana en agua caliente como se indic\u00f3 anteriormente.<\/li>\n<li>Deja enfriar, luego ponla en el refrigerador durante algunas horas.<\/li>\n<li>Sirve con hielo y frutas frescas para una bebida refrescante.<\/li>\n<\/ol>\n<h3><strong>Frecuencia de Uso<\/strong><\/h3>\n<p>Esta tisana se puede consumir varias veces al d\u00eda, especialmente durante el embarazo para preparar el parto o despu\u00e9s de las comidas para favorecer la digesti\u00f3n y la relajaci\u00f3n.<\/p>\n<p>\t\t\t\t\t\t\t\t<img width=\"1632\" height=\"1632\" src=\"http:\/\/milkydaisy.com\/wp-content\/uploads\/2024\/09\/tisane-de-feuille-de-framboisier-1-1.jpg\" alt=\"tisane de feuille de framboisier\" decoding=\"async\" srcset=\"http:\/\/milkydaisy.com\/wp-content\/uploads\/2024\/09\/tisane-de-feuille-de-framboisier-1-1.jpg 1632w, https:\/\/milkydaisy.com\/wp-content\/uploads\/2024\/09\/tisane-de-feuille-de-framboisier-1-1-300x300.jpg 300w, https:\/\/milkydaisy.com\/wp-content\/uploads\/2024\/09\/tisane-de-feuille-de-framboisier-1-1-800x800.jpg 800w, https:\/\/milkydaisy.com\/wp-content\/uploads\/2024\/09\/tisane-de-feuille-de-framboisier-1-1-150x150.jpg 150w, https:\/\/milkydaisy.com\/wp-content\/uploads\/2024\/09\/tisane-de-feuille-de-framboisier-1-1-768x768.jpg 768w, https:\/\/milkydaisy.com\/wp-content\/uploads\/2024\/09\/tisane-de-feuille-de-framboisier-1-1-1536x1536.jpg 1536w, https:\/\/milkydaisy.com\/wp-content\/uploads\/2024\/09\/tisane-de-feuille-de-framboisier-1-1-430x430.jpg 430w, https:\/\/milkydaisy.com\/wp-content\/uploads\/2024\/09\/tisane-de-feuille-de-framboisier-1-1-700x700.jpg 700w\" sizes=\"(max-width: 1632px) 100vw, 1632px\" \/>\n\t\t\t\t\t\t\t\t<link rel=\"stylesheet\" id=\"wd-mod-star-rating-css\" href=\"https:\/\/milkydaisy.com\/wp-content\/themes\/woodmart\/css\/parts\/mod-star-rating.min.css?ver=8.0.6\" type=\"text\/css\" media=\"all\" \/> \t\t\t\t\t\t<link rel=\"stylesheet\" id=\"wd-swiper-css\" href=\"https:\/\/milkydaisy.com\/wp-content\/themes\/woodmart\/css\/parts\/lib-swiper.min.css?ver=8.0.6\" type=\"text\/css\" media=\"all\" \/> \t\t\t\t\t\t<link rel=\"stylesheet\" id=\"wd-testimonial-old-css\" href=\"https:\/\/milkydaisy.com\/wp-content\/themes\/woodmart\/css\/parts\/el-testimonial-old.min.css?ver=8.0.6\" type=\"text\/css\" media=\"all\" \/>\n<p>Uso el t\u00e9 durante mi per\u00edodo premenstrual, me ayuda a calmar los calambres.<\/p>\n<p><a href=\"https:\/\/www.amazon.fr\/Milky-Daisy-Framboisier-Douloureuses-Allaitement\/dp\/B0DDJV9PH9\/ref=cm_cr_arp_d_product_top?ie=UTF8#customerReviews\" target=\"_blank\" rel=\"noopener\">Leer la rese\u00f1a completa<\/a><\/p>\n<footer>\n\t\t\t\tDesencantada<br \/>\n\t\t\t\t\t\ten amazon.fr<br \/>\n\t\t\t\t\t\t\t<\/footer>\n<p>Encuentro que esta tisana es \u00fatil para los dolores abdominales, y adem\u00e1s, es un producto org\u00e1nico, fabricado localmente. \ud83c\udf31<\/p>\n<p><a href=\"https:\/\/www.amazon.fr\/Milky-Daisy-Framboisier-Douloureuses-Allaitement\/dp\/B0DDJV9PH9\/ref=cm_cr_arp_d_product_top?ie=UTF8#customerReviews\" target=\"_blank\" rel=\"noopener\">Leer la rese\u00f1a completa<\/a><\/p>\n<footer>\n\t\t\t\tSuelma<br \/>\n\t\t\t\t\t\ten amazon.fr<br \/>\n\t\t\t\t\t\t\t<\/footer>\n<p>\t\t\t\u00a1Qu\u00e9 placer beber esta tisana varias veces al d\u00eda! El sabor es excelente, a\u00fan no tengo suficiente experiencia para ver el efecto sobre mi embarazo. <a href=\"https:\/\/www.amazon.fr\/Milky-Daisy-Framboisier-Douloureuses-Allaitement\/dp\/B0DDJV9PH9\/ref=cm_cr_arp_d_product_top?ie=UTF8#customerReviews\" target=\"_blank\" rel=\"noopener\">Leer la rese\u00f1a completa<\/a><\/p>\n<footer>\n\t\t\t\tVillaBeatrice<br \/>\n\t\t\t\t\t\ten amazon.fr<br \/>\n\t\t\t\t\t\t\t<\/footer>\n<link rel=\"stylesheet\" id=\"wd-swiper-arrows-css\" href=\"https:\/\/milkydaisy.com\/wp-content\/themes\/woodmart\/css\/parts\/lib-swiper-arrows.min.css?ver=8.0.6\" type=\"text\/css\" media=\"all\" \/>\n\t\t\t\t\t\t\t<link rel=\"stylesheet\" id=\"wd-swiper-pagin-css\" href=\"https:\/\/milkydaisy.com\/wp-content\/themes\/woodmart\/css\/parts\/lib-swiper-pagin.min.css?ver=8.0.6\" type=\"text\/css\" media=\"all\" \/>\n<ul><\/ul>\n<p>\t\t\t\t\t\t\t\t<img width=\"1632\" height=\"1632\" src=\"http:\/\/milkydaisy.com\/wp-content\/uploads\/2024\/09\/tisane-framboisier-1-1.jpg\" alt=\"tisane framboisier\" decoding=\"async\" srcset=\"http:\/\/milkydaisy.com\/wp-content\/uploads\/2024\/09\/tisane-framboisier-1-1.jpg 1632w, https:\/\/milkydaisy.com\/wp-content\/uploads\/2024\/09\/tisane-framboisier-1-1-300x300.jpg 300w, https:\/\/milkydaisy.com\/wp-content\/uploads\/2024\/09\/tisane-framboisier-1-1-800x800.jpg 800w, https:\/\/milkydaisy.com\/wp-content\/uploads\/2024\/09\/tisane-framboisier-1-1-150x150.jpg 150w, https:\/\/milkydaisy.com\/wp-content\/uploads\/2024\/09\/tisane-framboisier-1-1-768x768.jpg 768w, https:\/\/milkydaisy.com\/wp-content\/uploads\/2024\/09\/tisane-framboisier-1-1-1536x1536.jpg 1536w, https:\/\/milkydaisy.com\/wp-content\/uploads\/2024\/09\/tisane-framboisier-1-1-430x430.jpg 430w, https:\/\/milkydaisy.com\/wp-content\/uploads\/2024\/09\/tisane-framboisier-1-1-700x700.jpg 700w\" sizes=\"(max-width: 1632px) 100vw, 1632px\" \/>\t\t\t\t\t<\/p>\n<h2><strong>Compromisos y Certificaciones de Nuestra Tisana de Hojas de Frambuesa<\/strong><\/h2>\n<ul>\n<li><strong>Formulada por una Sommeli\u00e8re en T\u00e9:<\/strong> La experiencia de nuestra sommeli\u00e8re garantiza un equilibrio perfecto entre sabor y beneficios para el cuerpo.<\/li>\n<li><strong>100% Ingredientes Naturales y Org\u00e1nicos:<\/strong> Todos los ingredientes est\u00e1n certificados como org\u00e1nicos, respetando su salud y el medio ambiente.<\/li>\n<li><strong>Sach\u00e9s Compostables:<\/strong> Sachets respetuosos con el medio ambiente, hechos con materiales compostables.<\/li>\n<li><strong>Sin Cafe\u00edna:<\/strong> Se puede consumir en cualquier momento del d\u00eda sin riesgo de nerviosismo.<\/li>\n<li><strong>Env\u00edo R\u00e1pido:<\/strong> Entrega r\u00e1pida garantizada en 24 horas para que pueda disfrutar de su tisana sin esperar.<\/li>\n<\/ul>\n<h2><strong>Informaci\u00f3n Adicional<\/strong><\/h2>\n<ul>\n<li><strong>Contenido:<\/strong> Caja con 40 sachets individuales para un uso pr\u00e1ctico y una conservaci\u00f3n \u00f3ptima.<\/li>\n<li><strong>Conservaci\u00f3n:<\/strong> Conservar en un lugar fresco y seco, alejado de la luz directa, para preservar los aromas y beneficios de la tisana.<\/li>\n<li><strong>Precauciones de Uso:<\/strong> Esta tisana no sustituye una dieta equilibrada. Consulte a su m\u00e9dico en caso de embarazo o lactancia.<\/li>\n<li><strong>Alergenos:<\/strong> No se conocen al\u00e9rgenos. Apto para dietas vegetarianas y veganas.<\/li>\n<\/ul>\n<h2><strong>\u00bfPor qu\u00e9 elegir Milky Daisy?<\/strong><\/h2>\n<p>En Milky Daisy, nos comprometemos a ofrecer productos de alta calidad que respeten tanto su bienestar como el medio ambiente. Nuestra Tisana de Hojas de Frambuesa Bio refleja nuestra pasi\u00f3n por el bienestar femenino y nuestra experiencia en el mundo de los t\u00e9s y las infusiones. Elija una pausa de bienestar relajante y responsable con Milky Daisy.<\/p>\n<p><strong>\u00a1Haga su pedido ahora<\/strong> y deje que esta infusi\u00f3n lo acompa\u00f1e durante su recorrido de bienestar natural!<\/p>\n<p>Para cualquier pregunta o informaci\u00f3n adicional, cont\u00e1ctenos a <strong><a rel=\"noopener\">hello@milkydaisy.com<\/a><\/strong>.<\/p>\n","protected":false},"excerpt":{"rendered":"<p>Descubra nuestra <strong>Tisana de Hojas de Frambuesa Bio<\/strong> con delicioso sabor a Mango y Frutas Tropicales, una infusi\u00f3n relajante y ex\u00f3tica dise\u00f1ada para acompa\u00f1ar a las mujeres en cada etapa de su vida. Formulada por nuestra sommeli\u00e8re en t\u00e9, y elaborada con <strong>ingredientes 100% naturales<\/strong> <strong>y certificados como org\u00e1nicos<\/strong>, esta tisana es ideal para ofrecerle un momento de relajaci\u00f3n mientras <strong>prepara su cuerpo para el parto<\/strong>. Adem\u00e1s de apoyar su bienestar, <strong>ayuda a transitar las transiciones hormonales con suavidad<\/strong>.<\/p>\n","protected":false},"featured_media":38502,"comment_status":"open","ping_status":"closed","template":"","meta":[],"product_brand":[],"product_cat":[226],"product_tag":[],"class_list":{"0":"post-39045","1":"product","2":"type-product","3":"status-publish","4":"has-post-thumbnail","6":"product_cat-tisana-de-bienestar","8":"first","9":"outofstock","10":"taxable","11":"shipping-taxable","12":"purchasable","13":"product-type-simple"},"_links":{"self":[{"href":"https:\/\/milkydaisy.com\/es\/wp-json\/wp\/v2\/product\/39045","targetHints":{"allow":["GET"]}}],"collection":[{"href":"https:\/\/milkydaisy.com\/es\/wp-json\/wp\/v2\/product"}],"about":[{"href":"https:\/\/milkydaisy.com\/es\/wp-json\/wp\/v2\/types\/product"}],"replies":[{"embeddable":true,"href":"https:\/\/milkydaisy.com\/es\/wp-json\/wp\/v2\/comments?post=39045"}],"wp:featuredmedia":[{"embeddable":true,"href":"https:\/\/milkydaisy.com\/es\/wp-json\/wp\/v2\/media\/38502"}],"wp:attachment":[{"href":"https:\/\/milkydaisy.com\/es\/wp-json\/wp\/v2\/media?parent=39045"}],"wp:term":[{"taxonomy":"product_brand","embeddable":true,"href":"https:\/\/milkydaisy.com\/es\/wp-json\/wp\/v2\/product_brand?post=39045"},{"taxonomy":"product_cat","embeddable":true,"href":"https:\/\/milkydaisy.com\/es\/wp-json\/wp\/v2\/product_cat?post=39045"},{"taxonomy":"product_tag","embeddable":true,"href":"https:\/\/milkydaisy.com\/es\/wp-json\/wp\/v2\/product_tag?post=39045"}],"curies":[{"name":"wp","href":"https:\/\/api.w.org\/{rel}","templated":true}]}}