{"id":47557,"date":"2026-03-23T22:51:26","date_gmt":"2026-03-23T21:51:26","guid":{"rendered":"http:\/\/milkydaisy.com\/encuentra-consultora-lactancia\/"},"modified":"2026-03-23T22:51:26","modified_gmt":"2026-03-23T21:51:26","slug":"encuentra-consultora-lactancia","status":"publish","type":"page","link":"https:\/\/milkydaisy.com\/es\/encuentra-consultora-lactancia\/","title":{"rendered":"Encuentra tu Consultora de Lactancia"},"content":{"rendered":"\n<!DOCTYPE html>\n<html>\n<head>\n    <title>Mapa de Consultoras de Lactancia en Francia<\/title>\n    <link rel=\"stylesheet\" href=\"https:\/\/milkydaisy.com\/wp-content\/custom-scripts\/consultants-map.css\">\n<\/head>\n<body>\n    <div class=\"map-controls\">\n\n    <!-- Barra de b\u00fasqueda + geolocalizaci\u00f3n + radio -->\n    <div class=\"search-row\" style=\"display:flex; align-items:center; gap:16px; flex-wrap:wrap;\">\n\n    <!-- Campo de b\u00fasqueda -->\n    <div class=\"search-input-container\" style=\"position:relative; flex:1; max-width:680px;\">\n        <input\n        type=\"text\"\n        id=\"md-address-search\"\n        class=\"md-search-input\"\n        placeholder=\"Introduce una direcci\u00f3n, una ciudad, un c\u00f3digo postal\u2026\"\n        aria-label=\"Buscar una direcci\u00f3n\"\n        autocomplete=\"off\"\n        style=\"width:100%; height:48px; padding-right:96px;\"\n        \/>\n        <button id=\"md-search-btn\" class=\"button\" title=\"Buscar\"\n                style=\"position:absolute; right:48px; top:4px; height:40px; width:40px; border-radius:12px; background:#c76363; border:none;\">\n        <img decoding=\"async\" src=\"https:\/\/milkydaisy.com\/wp-content\/uploads\/2023\/12\/loupe-white.png\" alt=\"\">\n        <\/button>\n        <button id=\"md-geoloc-btn\" class=\"button\" title=\"Mi ubicaci\u00f3n\"\n                style=\"position:absolute; right:4px; top:4px; height:40px; width:40px; border-radius:12px; background:#c76363; border:none;\">\n        <img decoding=\"async\" src=\"https:\/\/milkydaisy.com\/wp-content\/uploads\/2023\/12\/geoloc-white.png\" alt=\"\">\n        <\/button>\n    <\/div>\n\n    <!-- Radio -->\n    <div class=\"radius-input-container\" style=\"display:flex; align-items:center; gap:8px;\">\n        <img decoding=\"async\" src=\"https:\/\/milkydaisy.com\/wp-content\/uploads\/2023\/12\/radius-2.png\" alt=\"Radio\" style=\"width:28px; height:28px;\">\n        <div style=\"position:relative;\">\n        <input type=\"number\" id=\"md-radius\" class=\"radius-input\" min=\"1\" max=\"500\" value=\"10\"\n            style=\"height:40px; width:72px; padding-right:28px; border-radius:12px; border:1px solid #ccc; background:#f0f0f0; text-align:center;\">\n        <span class=\"radius-unit\" style=\"position:absolute; right:8px; top:50%; transform:translateY(-50%);\">km<\/span>\n        <\/div>\n    <\/div>\n\n    <\/div>\n\n    <!-- Filtros (con Reset a la derecha en la misma l\u00ednea) -->\n    <div class=\"filter-button-row\">\n    <input type=\"checkbox\" id=\"ibclc-filter\" class=\"toggle-checkbox\">\n    <label for=\"ibclc-filter\" id=\"ibclc-label\" class=\"toggle-button\">\n        <img decoding=\"async\" src=\"https:\/\/milkydaisy.com\/wp-content\/uploads\/2023\/12\/toggle-pink.png\" alt=\"\"> IBCLC\n    <\/label>\n\n    <input type=\"checkbox\" id=\"online-consultation-filter\" class=\"toggle-checkbox\">\n    <label for=\"online-consultation-filter\" id=\"online-consultation-label\" class=\"toggle-button\">\n        <img decoding=\"async\" src=\"https:\/\/milkydaisy.com\/wp-content\/uploads\/2023\/12\/toggle-pink.png\" alt=\"\"> Consulta en L\u00ednea\n    <\/label>\n\n    <input type=\"checkbox\" id=\"home-consultation-filter\" class=\"toggle-checkbox\">\n    <label for=\"home-consultation-filter\" id=\"home-consultation-label\" class=\"toggle-button\">\n        <img decoding=\"async\" src=\"https:\/\/milkydaisy.com\/wp-content\/uploads\/2023\/12\/toggle-pink.png\" alt=\"\"> Consulta a domicilio\n    <\/label>\n\n    <input type=\"checkbox\" id=\"university-degree-filter\" class=\"toggle-checkbox\">\n    <label for=\"university-degree-filter\" id=\"university-degree-label\" class=\"toggle-button\">\n        <img decoding=\"async\" src=\"https:\/\/milkydaisy.com\/wp-content\/uploads\/2023\/12\/toggle-pink.png\" alt=\"\"> Diploma Universitario\n    <\/label>\n\n    <!-- Reset alineado a la derecha -->\n    <button id=\"reset-map-button\" class=\"button reset-inline\" type=\"button\" title=\"Reiniciar\">\n        <img decoding=\"async\" src=\"https:\/\/milkydaisy.com\/wp-content\/uploads\/2023\/12\/reset.png\" alt=\"\">\n        Reiniciar\n    <\/button>\n\n    <!-- \u00bfNo est\u00e1s en la lista? -->\n    <button class=\"button\">\n        <a href=\"https:\/\/milkydaisy.com\/contact-consultante-lactation\/\" target=\"_blank\">Aparecer en la lista<\/a>\n    <\/button>\n\n    <\/div>\n\n    <!-- Mapa -->\n    <div id=\"map\" data-mode=\"france\"><\/div>\n\n    <!-- Debajo del mapa: Ordenar lista + Reset -->\n    <div class=\"map-bottom-controls\">\n    <button id=\"reviews-filter\" class=\"filter-button\" type=\"button\">\n        <img decoding=\"async\" src=\"https:\/\/milkydaisy.com\/wp-content\/uploads\/2023\/12\/ascending-descending.png\" alt=\"\">\n        N\u00famero de opiniones\n    <\/button>\n    <button id=\"rating-filter\" class=\"filter-button\" type=\"button\">\n        <img decoding=\"async\" src=\"https:\/\/milkydaisy.com\/wp-content\/uploads\/2023\/12\/ascending-descending.png\" alt=\"\">\n        Puntuaci\u00f3n Media\n    <\/button>\n\n    <button id=\"reset-map-button-bottom\" class=\"button\" type=\"button\" title=\"Reiniciar\">\n        <img decoding=\"async\" src=\"https:\/\/milkydaisy.com\/wp-content\/uploads\/2023\/12\/reset.png\" alt=\"\">\n        Reiniciar\n    <\/button>\n    <\/div>\n\n    <!-- Lista de consultoras -->\n    <div id=\"consultant-list\" class=\"consultant-list\"><\/div>\n\n    <!-- Bot\u00f3n Mostrar m\u00e1s -->\n    <div class=\"load-more-container\">\n        <button id=\"load-more-button\" class=\"button\">\n            <span id=\"displayed-count\">20<\/span> \/ <span id=\"total-consultants-count\">0<\/span> consultoras en Francia<br>Mostrar m\u00e1s\n        <\/button>\n    <\/div>\n\n    <!-- Bot\u00f3n contacto -->\n    <div class=\"buttons-container\">\n        <button class=\"button\">\n            <a href=\"https:\/\/milkydaisy.com\/contact-consultante-lactation\/\" target=\"_blank\">\u00bfQuieres aparecer en esta lista? Cont\u00e1ctanos<\/a>\n        <\/button>\n    <\/div>\n\n    <!-- Scripts -->\n    <script src=\"https:\/\/milkydaisy.com\/wp-content\/custom-scripts\/consultants-map.js\"><\/script>\n<script\n  src=\"https:\/\/maps.googleapis.com\/maps\/api\/js?key=AIzaSyAAN-Kf6Ba_UMuWhjFPCL677vLId1K19ao&#038;libraries=places,geometry&#038;loading=async&#038;callback=initMap\"\n  async defer>\n<\/script>\n\n<\/body>\n<\/html>\n\n\n\n<h4 class=\"wp-block-heading\">\u00bfPor qu\u00e9 consultar a una consultora de lactancia?<\/h4>\n\n\n\n<p>Consultar a una consultora de lactancia puede ser beneficioso por diversas razones:<\/p>\n\n\n\n<ul class=\"wp-block-list\">\n<li><strong>Resoluci\u00f3n de <a href=\"\/?p=28217\">problemas de lactancia<\/a>:<\/strong> ayuda a resolver problemas como dolor, dificultades de agarre (prendida al pecho), bajo aumento de peso del beb\u00e9, ingurgitaci\u00f3n mamaria, etc.<\/li>\n\n\n\n<li><strong>Consejos y apoyo:<\/strong> ofrece consejos pr\u00e1cticos y apoyo emocional para facilitar la lactancia y reforzar la confianza de las madres.<\/li>\n\n\n\n<li><strong>Planes de lactancia personalizados:<\/strong> elabora planes de lactancia adaptados a las necesidades individuales de la madre y del beb\u00e9.<\/li>\n\n\n\n<li><strong>Educaci\u00f3n:<\/strong> proporciona informaci\u00f3n sobre las <a href=\"\/?p=28212\">mejores pr\u00e1cticas de lactancia<\/a>, la alimentaci\u00f3n y la salud de la madre, as\u00ed como sobre el desarrollo del reci\u00e9n nacido.<\/li>\n\n\n\n<li><strong>Apoyo para situaciones especiales:<\/strong> asistencia en casos particulares como la lactancia de gemelos, despu\u00e9s de una ces\u00e1rea o en caso de regreso al trabajo.<\/li>\n<\/ul>\n\n\n\n<figure class=\"wp-block-image size-large is-resized\"><img decoding=\"async\" width=\"1300\" height=\"729\" src=\"https:\/\/milkydaisy.com\/wp-content\/uploads\/2025\/08\/consultante-lactation-1300x729.jpg\" alt=\"consultora de lactancia\" class=\"wp-image-40053\" style=\"width:800px\" srcset=\"https:\/\/milkydaisy.com\/wp-content\/uploads\/2025\/08\/consultante-lactation-1300x729.jpg 1300w, https:\/\/milkydaisy.com\/wp-content\/uploads\/2025\/08\/consultante-lactation-400x224.jpg 400w, https:\/\/milkydaisy.com\/wp-content\/uploads\/2025\/08\/consultante-lactation-768x430.jpg 768w, https:\/\/milkydaisy.com\/wp-content\/uploads\/2025\/08\/consultante-lactation-430x241.jpg 430w, https:\/\/milkydaisy.com\/wp-content\/uploads\/2025\/08\/consultante-lactation-700x392.jpg 700w, https:\/\/milkydaisy.com\/wp-content\/uploads\/2025\/08\/consultante-lactation.jpg 1456w\" sizes=\"(max-width: 1300px) 100vw, 1300px\" \/><\/figure>\n\n\n\n<p><\/p>\n\n\n\n<h3 class=\"wp-block-heading\">\u00bfCu\u00e1ndo pedir cita con una consultora de lactancia?<\/h3>\n\n\n\n<p>Se recomienda pedir cita con una consultora de lactancia en las siguientes situaciones:<\/p>\n\n\n\n<ul class=\"wp-block-list\">\n<li><strong>Antes del nacimiento:<\/strong> para prepararse e informarse sobre la lactancia.<\/li>\n\n\n\n<li><strong>Justo despu\u00e9s del nacimiento:<\/strong> para asegurarse de que la lactancia comience bien y prevenir posibles problemas.<\/li>\n\n\n\n<li><strong>En caso de dificultades:<\/strong> ante la aparici\u00f3n de dolor, problemas de agarre al pecho o cualquier otra preocupaci\u00f3n relacionada con la lactancia.<\/li>\n\n\n\n<li><strong>Para consejos sobre el destete:<\/strong> cuando llega el momento de destetar al beb\u00e9 o de introducir la alimentaci\u00f3n complementaria.<\/li>\n\n\n\n<li><strong>En cualquier momento:<\/strong> cuando una madre necesita apoyo o informaci\u00f3n adicional sobre la lactancia.<\/li>\n<\/ul>\n","protected":false},"excerpt":{"rendered":"<p>Mapa de Consultoras de Lactancia en Francia km IBCLC Consulta en L\u00ednea Consulta a domicilio Diploma Universitario Reiniciar Aparecer en la lista N\u00famero de opiniones Puntuaci\u00f3n Media Reiniciar 20 \/ 0 consultoras en FranciaMostrar m\u00e1s \u00bfQuieres aparecer en esta lista? Cont\u00e1ctanos \u00bfPor qu\u00e9 consultar a una consultora de lactancia? Consultar a una consultora de lactancia &#8230; <a title=\"Encuentra tu Consultora de Lactancia\" class=\"read-more\" href=\"https:\/\/milkydaisy.com\/es\/encuentra-consultora-lactancia\/\" aria-label=\"Leer m\u00e1s sobre Encuentra tu Consultora de Lactancia\">Leer m\u00e1s<\/a><\/p>\n","protected":false},"author":0,"featured_media":0,"parent":0,"menu_order":0,"comment_status":"closed","ping_status":"closed","template":"","meta":{"footnotes":""},"class_list":["post-47557","page","type-page","status-publish"],"_links":{"self":[{"href":"https:\/\/milkydaisy.com\/es\/wp-json\/wp\/v2\/pages\/47557","targetHints":{"allow":["GET"]}}],"collection":[{"href":"https:\/\/milkydaisy.com\/es\/wp-json\/wp\/v2\/pages"}],"about":[{"href":"https:\/\/milkydaisy.com\/es\/wp-json\/wp\/v2\/types\/page"}],"replies":[{"embeddable":true,"href":"https:\/\/milkydaisy.com\/es\/wp-json\/wp\/v2\/comments?post=47557"}],"version-history":[{"count":0,"href":"https:\/\/milkydaisy.com\/es\/wp-json\/wp\/v2\/pages\/47557\/revisions"}],"wp:attachment":[{"href":"https:\/\/milkydaisy.com\/es\/wp-json\/wp\/v2\/media?parent=47557"}],"curies":[{"name":"wp","href":"https:\/\/api.w.org\/{rel}","templated":true}]}}