{"id":47530,"date":"2023-11-06T20:54:10","date_gmt":"2023-11-06T19:54:10","guid":{"rendered":"http:\/\/milkydaisy.com\/lactancia-materna\/lactancia-dia-a-dia\/"},"modified":"2026-03-23T22:36:54","modified_gmt":"2026-03-23T21:36:54","slug":"lactancia-dia-a-dia","status":"publish","type":"page","link":"https:\/\/milkydaisy.com\/es\/lactancia-materna\/lactancia-dia-a-dia\/","title":{"rendered":"Lactancia en el D\u00eda a D\u00eda: Consejos Pr\u00e1cticos"},"content":{"rendered":"","protected":false},"excerpt":{"rendered":"","protected":false},"author":0,"featured_media":0,"parent":18744,"menu_order":0,"comment_status":"closed","ping_status":"closed","template":"","meta":{"footnotes":""},"class_list":["post-47530","page","type-page","status-publish"],"_links":{"self":[{"href":"https:\/\/milkydaisy.com\/es\/wp-json\/wp\/v2\/pages\/47530","targetHints":{"allow":["GET"]}}],"collection":[{"href":"https:\/\/milkydaisy.com\/es\/wp-json\/wp\/v2\/pages"}],"about":[{"href":"https:\/\/milkydaisy.com\/es\/wp-json\/wp\/v2\/types\/page"}],"replies":[{"embeddable":true,"href":"https:\/\/milkydaisy.com\/es\/wp-json\/wp\/v2\/comments?post=47530"}],"version-history":[{"count":0,"href":"https:\/\/milkydaisy.com\/es\/wp-json\/wp\/v2\/pages\/47530\/revisions"}],"up":[{"embeddable":true,"href":"https:\/\/milkydaisy.com\/es\/wp-json\/wp\/v2\/pages\/18744"}],"wp:attachment":[{"href":"https:\/\/milkydaisy.com\/es\/wp-json\/wp\/v2\/media?parent=47530"}],"curies":[{"name":"wp","href":"https:\/\/api.w.org\/{rel}","templated":true}]}}