{"id":47511,"date":"2026-03-23T22:17:00","date_gmt":"2026-03-23T21:17:00","guid":{"rendered":"http:\/\/milkydaisy.com\/dificultades-lactancia\/"},"modified":"2026-03-23T22:17:00","modified_gmt":"2026-03-23T21:17:00","slug":"dificultades-lactancia","status":"publish","type":"page","link":"https:\/\/milkydaisy.com\/es\/lactancia-materna\/dificultades-lactancia\/","title":{"rendered":"Dificultades Relacionadas con la Lactancia"},"content":{"rendered":"Bienvenida a nuestra secci\u00f3n \u00abLactancia\u00bb de nuestro blog. Aqu\u00ed compartimos nuestra pasi\u00f3n y experiencia para apoyar a las mam\u00e1s durante todo su proceso de lactancia. Ya sean consejos pr\u00e1cticos, recetas nutritivas para estimular la producci\u00f3n de leche, o historias inspiradoras de mam\u00e1s que amamantan, hemos reunido una gran cantidad de informaci\u00f3n para ayudarte a navegar por este maravilloso y a veces delicado per\u00edodo.\n\nPorque en Milky Daisy, creemos que cada mam\u00e1 merece vivir una experiencia de lactancia positiva y satisfactoria. As\u00ed que si\u00e9ntate, toma una taza de nuestra infusi\u00f3n y exploremos juntas el mundo de la lactancia.\n<h1>M\u00e1s informaci\u00f3n sobre la alimentaci\u00f3n durante la Lactancia<\/h1>\n<style>\/*! elementor - v3.14.0 - 26-06-2023 *\/<br \/>\n.elementor-column .elementor-spacer-inner{height:var(--spacer-size)}.e-con{--container-widget-width:100%}.e-con-inner>.elementor-widget-spacer,.e-con>.elementor-widget-spacer{width:var(--container-widget-width,var(--spacer-size));--align-self:var(--container-widget-align-self,initial);--flex-shrink:0}.e-con-inner>.elementor-widget-spacer>.elementor-widget-container,.e-con-inner>.elementor-widget-spacer>.elementor-widget-container>.elementor-spacer,.e-con>.elementor-widget-spacer>.elementor-widget-container,.e-con>.elementor-widget-spacer>.elementor-widget-container>.elementor-spacer{height:100%}.e-con-inner>.elementor-widget-spacer>.elementor-widget-container>.elementor-spacer>.elementor-spacer-inner,.e-con>.elementor-widget-spacer>.elementor-widget-container>.elementor-spacer>.elementor-spacer-inner{height:var(--container-widget-height,var(--spacer-size))}<\/style>\t\t\t\t\t\t\t<a href=\"\/?page_id=18707\">\n<img width=\"300\" height=\"175\" src=\"https:\/\/milkydaisy.com\/wp-content\/uploads\/2023\/07\/bol-de-fruit-alimentation-allaitement-300-x-175-min-jpg.webp\" alt=\"\" decoding=\"async\" loading=\"lazy\" srcset=\"https:\/\/milkydaisy.com\/wp-content\/uploads\/2023\/07\/bol-de-fruit-alimentation-allaitement-300-x-175-min-jpg.webp 300w, https:\/\/milkydaisy.com\/wp-content\/uploads\/2023\/07\/bol-de-fruit-alimentation-allaitement-300-x-175-min-150x88.webp 150w\" sizes=\"auto, (max-width: 300px) 100vw, 300px\" data-has-transparency=\"false\" data-dominant-color=\"826965\" style=\"--dominant-color: #826965;\">\t\t\t\t\t\t\t<\/a>\n<h6><a href=\"\/?page_id=18707\">Snacks de lactancia<\/a><\/h6>\n<img width=\"300\" height=\"175\" src=\"https:\/\/milkydaisy.com\/wp-content\/uploads\/2023\/07\/bol-de-fruit-alimentation-allaitement-300-x-175-min-jpg.webp\" alt=\"\" decoding=\"async\" loading=\"lazy\" srcset=\"https:\/\/milkydaisy.com\/wp-content\/uploads\/2023\/07\/bol-de-fruit-alimentation-allaitement-300-x-175-min-jpg.webp 300w, https:\/\/milkydaisy.com\/wp-content\/uploads\/2023\/07\/bol-de-fruit-alimentation-allaitement-300-x-175-min-150x88.webp 150w\" sizes=\"auto, (max-width: 300px) 100vw, 300px\" data-has-transparency=\"false\" data-dominant-color=\"826965\" style=\"--dominant-color: #826965;\">\n<h6>Recetas de lactancia<\/h6>\n<img width=\"300\" height=\"175\" src=\"https:\/\/milkydaisy.com\/wp-content\/uploads\/2023\/07\/bol-de-fruit-alimentation-allaitement-300-x-175-min-jpg.webp\" alt=\"\" decoding=\"async\" loading=\"lazy\" srcset=\"https:\/\/milkydaisy.com\/wp-content\/uploads\/2023\/07\/bol-de-fruit-alimentation-allaitement-300-x-175-min-jpg.webp 300w, https:\/\/milkydaisy.com\/wp-content\/uploads\/2023\/07\/bol-de-fruit-alimentation-allaitement-300-x-175-min-150x88.webp 150w\" sizes=\"auto, (max-width: 300px) 100vw, 300px\" data-has-transparency=\"false\" data-dominant-color=\"826965\" style=\"--dominant-color: #826965;\">\n<h6>Alimentos galact\u00f3genos<\/h6>\n<h6>&nbsp;<\/h6>\n<img width=\"300\" height=\"175\" src=\"https:\/\/milkydaisy.com\/wp-content\/uploads\/2023\/07\/bol-de-fruit-alimentation-allaitement-300-x-175-min-jpg.webp\" alt=\"\" decoding=\"async\" loading=\"lazy\" srcset=\"https:\/\/milkydaisy.com\/wp-content\/uploads\/2023\/07\/bol-de-fruit-alimentation-allaitement-300-x-175-min-jpg.webp 300w, https:\/\/milkydaisy.com\/wp-content\/uploads\/2023\/07\/bol-de-fruit-alimentation-allaitement-300-x-175-min-150x88.webp 150w\" sizes=\"auto, (max-width: 300px) 100vw, 300px\" data-has-transparency=\"false\" data-dominant-color=\"826965\" style=\"--dominant-color: #826965;\">\n<h6>Alimentos a evitar durante la lactancia<\/h6>\n<img width=\"300\" height=\"175\" src=\"https:\/\/milkydaisy.com\/wp-content\/uploads\/2023\/07\/bol-de-fruit-alimentation-allaitement-300-x-175-min-jpg.webp\" alt=\"\" decoding=\"async\" loading=\"lazy\" srcset=\"https:\/\/milkydaisy.com\/wp-content\/uploads\/2023\/07\/bol-de-fruit-alimentation-allaitement-300-x-175-min-jpg.webp 300w, https:\/\/milkydaisy.com\/wp-content\/uploads\/2023\/07\/bol-de-fruit-alimentation-allaitement-300-x-175-min-150x88.webp 150w\" sizes=\"auto, (max-width: 300px) 100vw, 300px\" data-has-transparency=\"false\" data-dominant-color=\"826965\" style=\"--dominant-color: #826965;\">\n<h6>Calidad de la leche materna<\/h6>\n<img width=\"300\" height=\"175\" src=\"https:\/\/milkydaisy.com\/wp-content\/uploads\/2023\/07\/bol-de-fruit-alimentation-allaitement-300-x-175-min-jpg.webp\" alt=\"\" decoding=\"async\" loading=\"lazy\" srcset=\"https:\/\/milkydaisy.com\/wp-content\/uploads\/2023\/07\/bol-de-fruit-alimentation-allaitement-300-x-175-min-jpg.webp 300w, https:\/\/milkydaisy.com\/wp-content\/uploads\/2023\/07\/bol-de-fruit-alimentation-allaitement-300-x-175-min-150x88.webp 150w\" sizes=\"auto, (max-width: 300px) 100vw, 300px\" data-has-transparency=\"false\" data-dominant-color=\"826965\" style=\"--dominant-color: #826965;\">\n<h6>Hidrataci\u00f3n durante la lactancia<\/h6>\n<h1>Nuestros \u00faltimos art\u00edculos sobre la alimentaci\u00f3n durante la Lactancia<\/h1>\n\n\n<h2 class=\"wp-block-heading\">Las Dificultades Comunes<\/h2>\n\n\n<ul class=\"wp-block-list\">\n<li><a href=\"\/?p=43792\">Conducto lact\u00edfero obstruido<\/a><\/li>\n<li><a href=\"\/?p=43828\">Pez\u00f3n blanco<\/a><\/li>\n<li><a href=\"\/?p=43819\">Grietas en la lactancia<\/a><\/li>\n<li><a href=\"\/?p=43816\">Ampolla de succi\u00f3n<\/a><\/li>\n<li><a href=\"\/?p=44227\">Bola de leche<\/a><\/li>\n<li><a href=\"\/?p=43839\">Pezones blancos y vasoespasmo<\/a><\/li>\n<li><a href=\"\/?p=43823\">Frenillo lingual<\/a><\/li>\n<li><a href=\"\/?p=43824\">Frenillo labial<\/a><\/li>\n<li><a href=\"\/?p=43822\">Frenillo bucal<\/a><\/li>\n<li><a href=\"\/?p=43806\">Aversi\u00f3n a la lactancia<\/a><\/li>\n<li><a href=\"\/?page_id=43856\">Reflejo de eyecci\u00f3n disf\u00f3rico<\/a><\/li>\n<li><a href=\"\/?p=43832\">Sangrado durante la lactancia<\/a><\/li>\n<li><a href=\"\/?p=43805\">Cese de lactancia bulto doloroso<\/a><\/li>\n<li><a href=\"\/soulager-engorgement-mammaire\/\">Ingurgitaci\u00f3n mamaria<\/a><\/li>\n<li><a href=\"\/baisse-de-lactation\/\">Disminuci\u00f3n de la lactancia<\/a><\/li>\n<\/ul>\n","protected":false},"excerpt":{"rendered":"<p>Bienvenida a nuestra secci\u00f3n \u00abLactancia\u00bb de nuestro blog. Aqu\u00ed compartimos nuestra pasi\u00f3n y experiencia para apoyar a las mam\u00e1s durante todo su proceso de lactancia. Ya sean consejos pr\u00e1cticos, recetas nutritivas para estimular la producci\u00f3n de leche, o historias inspiradoras de mam\u00e1s que amamantan, hemos reunido una gran cantidad de informaci\u00f3n para ayudarte a navegar &#8230; <a title=\"Dificultades Relacionadas con la Lactancia\" class=\"read-more\" href=\"https:\/\/milkydaisy.com\/es\/lactancia-materna\/dificultades-lactancia\/\" aria-label=\"Leer m\u00e1s sobre Dificultades Relacionadas con la Lactancia\">Leer m\u00e1s<\/a><\/p>\n","protected":false},"author":0,"featured_media":0,"parent":18744,"menu_order":0,"comment_status":"closed","ping_status":"closed","template":"","meta":{"footnotes":""},"class_list":["post-47511","page","type-page","status-publish"],"_links":{"self":[{"href":"https:\/\/milkydaisy.com\/es\/wp-json\/wp\/v2\/pages\/47511","targetHints":{"allow":["GET"]}}],"collection":[{"href":"https:\/\/milkydaisy.com\/es\/wp-json\/wp\/v2\/pages"}],"about":[{"href":"https:\/\/milkydaisy.com\/es\/wp-json\/wp\/v2\/types\/page"}],"replies":[{"embeddable":true,"href":"https:\/\/milkydaisy.com\/es\/wp-json\/wp\/v2\/comments?post=47511"}],"version-history":[{"count":0,"href":"https:\/\/milkydaisy.com\/es\/wp-json\/wp\/v2\/pages\/47511\/revisions"}],"up":[{"embeddable":true,"href":"https:\/\/milkydaisy.com\/es\/wp-json\/wp\/v2\/pages\/18744"}],"wp:attachment":[{"href":"https:\/\/milkydaisy.com\/es\/wp-json\/wp\/v2\/media?parent=47511"}],"curies":[{"name":"wp","href":"https:\/\/api.w.org\/{rel}","templated":true}]}}