{"id":29891,"date":"2024-02-09T08:50:07","date_gmt":"2024-02-09T07:50:07","guid":{"rendered":"https:\/\/milkydaisy.com\/ostras-lactancia-ventajas-precauciones-e-ideas-recetas\/"},"modified":"2024-02-22T13:37:06","modified_gmt":"2024-02-22T12:37:06","slug":"ostras-lactancia-ventajas-precauciones-e-ideas-recetas","status":"publish","type":"page","link":"https:\/\/milkydaisy.com\/es\/lactancia-materna\/ostras-lactancia-ventajas-precauciones-e-ideas-recetas\/","title":{"rendered":"Ostras Lactancia: Ventajas, Precauciones e Ideas Recetas"},"content":{"rendered":"\n<p><a href=\"https:\/\/milkydaisy.com\/es\/lactancia-materna\/\">La lactancia<\/a> materna es un momento precioso en el que la mam\u00e1 proporciona directamente a su beb\u00e9 todos los nutrientes esenciales para su crecimiento y desarrollo. <a href=\"https:\/\/milkydaisy.com\/es\/lactancia-materna\/alimentacion-optima-durante-la-lactancia-una-guia-completa\/\">La alimentaci\u00f3n de la madre lactante<\/a> es, por lo tanto, un factor clave para la salud del lactante, ya que influye en la calidad de su leche.<\/p>\n\n<p>Comer de manera equilibrada es el mejor consejo que se puede dar para garantizar una leche materna completa, pero es importante tomar ciertas precauciones con alimentos sensibles como mariscos, quesos, pescados y carnes crudas. Estos alimentos y en particular las ostras a menudo plantean dudas a las madres lactantes;<strong> pueden consumir ostras durante la lactancia,pero deben cocinarlas antes de degustarlas.<\/strong><\/p>\n\n<h2 class=\"wp-block-heading\">Las propiedades nutricionales de la ostra<\/h2>\n\n<figure class=\"wp-block-image size-large is-resized\"><img decoding=\"async\" width=\"1300\" height=\"729\" src=\"https:\/\/milkydaisy.com\/wp-content\/uploads\/2024\/02\/plateau-huitres-allaitement-citron-et-persil-1300x729.jpg\" alt=\"Bandeja de ostras con lim&#xF3;n y perejil\" class=\"wp-image-29549\" style=\"width:760px;height:auto\" srcset=\"https:\/\/milkydaisy.com\/wp-content\/uploads\/2024\/02\/plateau-huitres-allaitement-citron-et-persil-1300x729.jpg 1300w, https:\/\/milkydaisy.com\/wp-content\/uploads\/2024\/02\/plateau-huitres-allaitement-citron-et-persil-430x241.jpg 430w, https:\/\/milkydaisy.com\/wp-content\/uploads\/2024\/02\/plateau-huitres-allaitement-citron-et-persil-700x392.jpg 700w, https:\/\/milkydaisy.com\/wp-content\/uploads\/2024\/02\/plateau-huitres-allaitement-citron-et-persil-400x224.jpg 400w, https:\/\/milkydaisy.com\/wp-content\/uploads\/2024\/02\/plateau-huitres-allaitement-citron-et-persil-768x430.jpg 768w, https:\/\/milkydaisy.com\/wp-content\/uploads\/2024\/02\/plateau-huitres-allaitement-citron-et-persil-860x482.jpg 860w, https:\/\/milkydaisy.com\/wp-content\/uploads\/2024\/02\/plateau-huitres-allaitement-citron-et-persil.jpg 1456w\" sizes=\"(max-width: 1300px) 100vw, 1300px\" \/><\/figure>\n\n<p><\/p>\n\n<p>Ostras lactancia \u00bfcu\u00e1les son los beneficios? Las ostras est\u00e1n llenas de micronutrientes beneficiosos para las mujeres lactantes y sus beb\u00e9s. Estos beneficios se resumen en la tabla a continuaci\u00f3n.<\/p>\n\n<table>\r\n<thead>\r\n<tr>\r\n<th>Propri\u00e9t\u00e9s<\/th>\r\n<th>Eigenschaften<\/th>\r\n<th>Propriet\u00e0<\/th>\r\n<th>Propiedades<\/th>\r\n<\/tr>\r\n<\/thead>\r\n<tbody>\r\n<tr>\r\n<td>Prot\u00e9ines<\/td>\r\n<td>Proteine<\/td>\r\n<td>Proteine<\/td>\r\n<td>Prote\u00ednas<\/td>\r\n<\/tr>\r\n<tr>\r\n<td>Description<\/td>\r\n<td>Beschreibung<\/td>\r\n<td>Descrizione<\/td>\r\n<td>Descripci\u00f3n<\/td>\r\n<\/tr>\r\n<tr>\r\n<td>Acides gras om\u00e9ga-3<\/td>\r\n<td>Omega-3-Fetts\u00e4uren<\/td>\r\n<td>Acidi grassi omega-3<\/td>\r\n<td>\u00c1cidos grasos omega-3<\/td>\r\n<\/tr>\r\n<tr>\r\n<td>Description<\/td>\r\n<td>Beschreibung<\/td>\r\n<td>Descrizione<\/td>\r\n<td>Descripci\u00f3n<\/td>\r\n<\/tr>\r\n<tr>\r\n<td>Fer<\/td>\r\n<td>Eisen<\/td>\r\n<td>Ferro<\/td>\r\n<td>Hierro<\/td>\r\n<\/tr>\r\n<tr>\r\n<td>Description<\/td>\r\n<td>Beschreibung<\/td>\r\n<td>Descrizione<\/td>\r\n<td>Descripci\u00f3n<\/td>\r\n<\/tr>\r\n<tr>\r\n<td>Zinc, cuivre, vitamines D et B12<\/td>\r\n<td>Zink, Kupfer, Vitamin D und B12<\/td>\r\n<td>Zinco, rame, vitamine D e B12<\/td>\r\n<td>Zinc, cobre, vitaminas D y B12<\/td>\r\n<\/tr>\r\n<tr>\r\n<td>Description<\/td>\r\n<td>Beschreibung<\/td>\r\n<td>Descrizione<\/td>\r\n<td>Descripci\u00f3n<\/td>\r\n<\/tr>\r\n<\/tbody>\r\n<\/table>\r\n\n<h2 class=\"wp-block-heading\">Lactancia con ostras: riesgos potenciales<\/h2>\n\n<p>El consumo de estos moluscos conlleva algunos riesgos. La carne de la ostra contiene al\u00e9rgenos que pueden desencadenar <a href=\"https:\/\/www.mayoclinic.org\/es\/diseases-conditions\/shellfish-allergy\/symptoms-causes\/syc-20377503#:~:text=Los%20s%C3%ADntomas%20de%20la%20alergia,Congesti%C3%B3n%20nasal.\" target=\"_blank\" rel=\"noopener\">reacciones al\u00e9rgicas<\/a> en algunas personas, incluidos los beb\u00e9s. Estas alergias se manifiestan con diferentes s\u00edntomas: erupciones cut\u00e1neas, picaz\u00f3n, problemas respiratorios o trastornos gastrointestinales. Se recomienda que la madre est\u00e9 atenta a las reacciones de su beb\u00e9 despu\u00e9s de consumir ostras.<\/p>\n\n\r\n<style>\r\n    .product-container {\r\n        text-align: center;\r\n        margin: 20px auto;\r\n        box-shadow: 0 4px 8px 0 rgba(0, 0, 0, 0.2);\r\n        display: flex;\r\n        align-items: start;\r\n        padding-bottom: 20px;\r\n    }\r\n    .image-container {\r\n        flex: 1;\r\n        display: flex;\r\n        align-items: center;\r\n        justify-content: center;\r\n        height: 200px;\r\n        overflow: hidden;\r\n        margin-top: 20px;\r\n    }\r\n    .product-info {\r\n        flex: 2;\r\n        text-align: left;\r\n        margin-left: 20px;\r\n    }\r\n    .productName {\r\n        margin-top: 10px;\r\n        margin-right: 10px;\r\n        display: -webkit-box;\r\n        -webkit-line-clamp: 3;\r\n        -webkit-box-orient: vertical;\r\n        overflow: hidden;\r\n    }\r\n    .productPrice {\r\n        font-weight: bold;\r\n        font-size: 2em;\r\n        color: #D69C9C; \/* Pink color for price *\/\r\n    }\r\n    .wd-star-rating {\r\n        font-size: 15px;\r\n        margin-bottom: 0px;\r\n        display: flex;\r\n        align-items: center;\r\n    }\r\n    .btn {\r\n        padding: 10px;\r\n        background-color: rgb(216, 156, 156); \/* Pink background for the button *\/\r\n        color: white;\r\n        text-decoration: none;\r\n        display: inline-block;\r\n        cursor: pointer;\r\n    }\r\n<\/style>\r\n\r\n<div class=\"product-container-widget\">\r\n    <div class=\"product-container\">\r\n        <div class=\"image-container\">\r\n            <a class=\"productLink\" href=\"#\" style=\"display: block;\">\r\n                <img decoding=\"async\" class=\"productImage\" src=\"\" alt=\"Product Image\" style=\"max-height: 200px; max-width: 200px;\"\/>\r\n            <\/a>\r\n        <\/div>\r\n        <div class=\"product-info\">\r\n            <a class=\"productLink\" href=\"#\" style=\"display: block;\">\r\n                <h5 class=\"productName\"><\/h5>\r\n            <\/a>\r\n            <div style=\"display: flex; align-items: center; margin-top: 5px;\">\r\n                <div class=\"productPrice\"><\/div>\r\n                <img decoding=\"async\" src=\"https:\/\/milkydaisy.com\/wp-content\/uploads\/2024\/02\/disponible_amazon_icon.jpg\" alt=\"Disponible sur Amazon\" style=\"height: 40px; width: auto; margin-left: 20px;\"\/>\r\n            <\/div>\r\n            <div class=\"wd-star-rating\">\r\n                <div class=\"productRating\" style=\"color: black; margin-right: 5px;\"><\/div>\r\n                <span class=\"productRatingStars\" style=\"color: #FFA41C; font-size: 24px;\">\u2605\u2605\u2605\u2605\u2605<\/span> \r\n                <span class=\"productRatingText\" style=\"color: black; margin-left: 10px;\"><\/span>\r\n            <\/div>\r\n            <div style=\"font-size: 15px; margin-bottom: 10px;\"><strong>Recevez le <span class=\"deliveryDate\"><\/span><\/strong><\/div>\r\n            <a class=\"productOfferLink btn\" href=\"#\" target=\"_blank\" rel=\"noopener\">D\u00e9couvrir l&#8217;offre<\/a>\r\n        <\/div>\r\n    <\/div>\r\n\r\n    <script>\r\n        (function() {\r\n            var widgetContainer = document.currentScript.parentElement;\r\n\r\n            function calculateDeliveryDate() {\r\n                var deliveryDate = new Date();\r\n                deliveryDate.setDate(deliveryDate.getDate() + 2);\r\n                var options = { day: 'numeric', month: 'long' };\r\n                return deliveryDate.toLocaleDateString('fr-FR', options);\r\n            }\r\n\r\n            function fetchRandomProduct() {\r\n                fetch('https:\/\/milkydaisy.com\/wp-content\/custom-scripts\/amazon_product.php')\r\n                    .then(response => {\r\n                        if (!response.ok) {\r\n                            throw new Error('Network response was not ok: ' + response.statusText);\r\n                        }\r\n                        return response.json();\r\n                    })\r\n                    .then(data => {\r\n                        displayProduct(data, widgetContainer);\r\n                    })\r\n                    .catch(error => {\r\n                        console.error('Error during fetch: ' + error.message);\r\n                    });\r\n            }\r\n\r\n            function displayProduct(productData, container) {\r\n                container.querySelector('.productName').innerText = productData.short_name;\r\n                container.querySelector('.productImage').src = productData.img_src;\r\n                container.querySelector('.productImage').alt = productData.short_name;\r\n                container.querySelector('.productPrice').innerText = `${productData.price}\u20ac`;\r\n                var rating = parseFloat(productData.rating_average).toFixed(1).replace('.', ',');\r\n                container.querySelector('.productRating').innerText = rating;\r\n                container.querySelector('.productRatingText').innerText = `${productData.rating_number} avis`;\r\n                container.querySelector('.deliveryDate').innerText = calculateDeliveryDate();\r\n                container.querySelector('.productLink').href = productData.href_cecile;\r\n                container.querySelector('.productOfferLink').href = productData.href_cecile;\r\n\r\n                \/\/ Update stars based on rating\r\n                var filledStars = Math.round(productData.rating_average);\r\n                var emptyStars = 5 - filledStars;\r\n                container.querySelector('.productRatingStars').innerText = '\u2605'.repeat(filledStars) + '\u2606'.repeat(emptyStars);\r\n            }\r\n\r\n            fetchRandomProduct();\r\n        })();\r\n    <\/script>\r\n<\/div>\r\n\n<h3 class=\"wp-block-heading\">4 consejos para minimizar los riesgos<\/h3>\n\n<ol class=\"wp-block-list\">\n<li>Asegurarse de que las ostras est\u00e9n frescas, preferir <a href=\"https:\/\/www.primarorganica.com.br\/ostra-organica\" target=\"_blank\" rel=\"noopener\">ostras org\u00e1nicas<\/a> que garanticen una reproducci\u00f3n natural.<\/li>\n\n\n\n<li>Evitar consumir ostras crudas o insuficientemente cocidas, ya que el riesgo de contaminaci\u00f3n es mayor.<\/li>\n\n\n\n<li>Limitar el consumo de ostras y vigilar atentamente las reacciones del beb\u00e9.<\/li>\n\n\n\n<li>Consultar a un profesional de la salud en caso de preocupaciones sobre alergias alimentarias o riesgos potenciales para la salud del beb\u00e9.<\/li>\n<\/ol>\n\n<p><strong>Al observar estas medidas, el consumo de ostras sigue siendo seguro durante la lactancia.<\/strong><\/p>\n\n<figure class=\"wp-block-image size-large is-resized\"><img decoding=\"async\" width=\"1300\" height=\"729\" src=\"https:\/\/milkydaisy.com\/wp-content\/uploads\/2024\/02\/recette-huitres-et-allaitement-1300x729.jpg\" alt=\"Recetas de cocina para ostras durante la lactancia\" class=\"wp-image-29528\" style=\"width:839px;height:auto\" srcset=\"https:\/\/milkydaisy.com\/wp-content\/uploads\/2024\/02\/recette-huitres-et-allaitement-1300x729.jpg 1300w, https:\/\/milkydaisy.com\/wp-content\/uploads\/2024\/02\/recette-huitres-et-allaitement-430x241.jpg 430w, https:\/\/milkydaisy.com\/wp-content\/uploads\/2024\/02\/recette-huitres-et-allaitement-700x392.jpg 700w, https:\/\/milkydaisy.com\/wp-content\/uploads\/2024\/02\/recette-huitres-et-allaitement-400x224.jpg 400w, https:\/\/milkydaisy.com\/wp-content\/uploads\/2024\/02\/recette-huitres-et-allaitement-768x430.jpg 768w, https:\/\/milkydaisy.com\/wp-content\/uploads\/2024\/02\/recette-huitres-et-allaitement-860x482.jpg 860w, https:\/\/milkydaisy.com\/wp-content\/uploads\/2024\/02\/recette-huitres-et-allaitement.jpg 1456w\" sizes=\"(max-width: 1300px) 100vw, 1300px\" \/><\/figure>\n\n<p><\/p>\n\n<h2 class=\"wp-block-heading\">Recetas de ostras adaptadas para mujeres lactantes<\/h2>\n\n<p>Descubre algunas recetas simples y deliciosas a base de ostras, perfectamente adaptadas a la dieta de las mujeres lactantes. Antes de comenzar la preparaci\u00f3n, aseg\u00farate de comprar ostras frescas, l\u00edmpialas cuidadosamente para eliminar cualquier impureza. Luego, deja volar tu creatividad e incorp\u00f3ralas en diversos platos cocinados, sopas o salsas.<\/p>\n\n<h3 class=\"wp-block-heading\">Ostras a la parrilla con mantequilla de ajo y hierbas<\/h3>\n\n<p><strong>Ingredientes:<\/strong><\/p>\n\n<ul class=\"wp-block-list\">\n<li>10 ostras frescas<\/li>\n\n\n\n<li>Mantequilla<\/li>\n\n\n\n<li>Ajo picado<\/li>\n\n\n\n<li>Perejil picado<\/li>\n\n\n\n<li>Sal y pimienta<\/li>\n<\/ul>\n\n<p><strong>Preparaci\u00f3n:<\/strong><\/p>\n\n<p>Despu\u00e9s de limpiar las ostras. En una sart\u00e9n, derrita la mantequilla y agregue el ajo y las hierbas.<\/p>\n\n<p>Coloque las ostras en una bandeja para hornear y cubra con la mezcla de mantequilla-ajo-hierbas.<\/p>\n\n<p>\u00c1selas en el horno hasta que est\u00e9n bien calientes y la mantequilla est\u00e9 dorada.<\/p>\n\n<h3 class=\"wp-block-heading\">Receta de ostras con lim\u00f3n y perejil<\/h3>\n\n<p><strong>Ingredientes:<\/strong><\/p>\n\n<ul class=\"wp-block-list\">\n<li>12 ostras frescas1 lim\u00f3n org\u00e1nico (para la ralladura y el jugo)<\/li>\n\n\n\n<li>2 cucharadas de perejil fresco picado<\/li>\n\n\n\n<li>2 cucharadas de aceite de oliva virgen extra<\/li>\n\n\n\n<li>Salpimienta y agrega gajos de lim\u00f3n adicionales.<\/li>\n<\/ul>\n\n<p><strong>Preparaci\u00f3n:<\/strong><\/p>\n\n<p>Precalienta tu horno a 200\u00b0C (390\u00b0F).<\/p>\n\n<p>Abra las ostras con cuidado y ret\u00edrelas de su concha manteni\u00e9ndolas lo m\u00e1s intactas posible.<\/p>\n\n<p>Coloque las conchas de las ostras en una bandeja para hornear.<\/p>\n\n<p>En un bol peque\u00f1o, mezcle el aceite de oliva, la ralladura de medio lim\u00f3n y el perejil picado. Sazone con sal y pimienta al gusto.<\/p>\n\n<p>Distribuya uniformemente la mezcla de aceite de oliva y perejil sobre las ostras en las conchas<\/p>\n\n<p>Exprima el jugo de lim\u00f3n restante sobre las ostras.<\/p>\n\n<p>Coloque las ostras rellenas en el horno precalentado y cocine durante aproximadamente 8 a 10 minutos, o hasta que est\u00e9n calientes y los bordes comiencen a burbujear ligeramente.<\/p>\n\n<p>Retire las ostras del horno y d\u00e9jelas enfriar unos minutos antes de servirlas.<\/p>\n\n\r\n<style>\r\n    .product-container {\r\n        text-align: center;\r\n        margin: 20px auto;\r\n        box-shadow: 0 4px 8px 0 rgba(0, 0, 0, 0.2);\r\n        display: flex;\r\n        align-items: start;\r\n        padding-bottom: 20px;\r\n    }\r\n    .image-container {\r\n        flex: 1;\r\n        display: flex;\r\n        align-items: center;\r\n        justify-content: center;\r\n        height: 200px;\r\n        overflow: hidden;\r\n        margin-top: 20px;\r\n    }\r\n    .product-info {\r\n        flex: 2;\r\n        text-align: left;\r\n        margin-left: 20px;\r\n    }\r\n    .productName {\r\n        margin-top: 10px;\r\n        margin-right: 10px;\r\n        display: -webkit-box;\r\n        -webkit-line-clamp: 3;\r\n        -webkit-box-orient: vertical;\r\n        overflow: hidden;\r\n    }\r\n    .productPrice {\r\n        font-weight: bold;\r\n        font-size: 2em;\r\n        color: #D69C9C; \/* Pink color for price *\/\r\n    }\r\n    .wd-star-rating {\r\n        font-size: 15px;\r\n        margin-bottom: 0px;\r\n        display: flex;\r\n        align-items: center;\r\n    }\r\n    .btn {\r\n        padding: 10px;\r\n        background-color: rgb(216, 156, 156); \/* Pink background for the button *\/\r\n        color: white;\r\n        text-decoration: none;\r\n        display: inline-block;\r\n        cursor: pointer;\r\n    }\r\n<\/style>\r\n\r\n<div class=\"product-container-widget\">\r\n    <div class=\"product-container\">\r\n        <div class=\"image-container\">\r\n            <a class=\"productLink\" href=\"#\" style=\"display: block;\">\r\n                <img decoding=\"async\" class=\"productImage\" src=\"\" alt=\"Product Image\" style=\"max-height: 200px; max-width: 200px;\"\/>\r\n            <\/a>\r\n        <\/div>\r\n        <div class=\"product-info\">\r\n            <a class=\"productLink\" href=\"#\" style=\"display: block;\">\r\n                <h5 class=\"productName\"><\/h5>\r\n            <\/a>\r\n            <div style=\"display: flex; align-items: center; margin-top: 5px;\">\r\n                <div class=\"productPrice\"><\/div>\r\n                <img decoding=\"async\" src=\"https:\/\/milkydaisy.com\/wp-content\/uploads\/2024\/02\/disponible_amazon_icon.jpg\" alt=\"Disponible sur Amazon\" style=\"height: 40px; width: auto; margin-left: 20px;\"\/>\r\n            <\/div>\r\n            <div class=\"wd-star-rating\">\r\n                <div class=\"productRating\" style=\"color: black; margin-right: 5px;\"><\/div>\r\n                <span class=\"productRatingStars\" style=\"color: #FFA41C; font-size: 24px;\">\u2605\u2605\u2605\u2605\u2605<\/span> \r\n                <span class=\"productRatingText\" style=\"color: black; margin-left: 10px;\"><\/span>\r\n            <\/div>\r\n            <div style=\"font-size: 15px; margin-bottom: 10px;\"><strong>Recevez le <span class=\"deliveryDate\"><\/span><\/strong><\/div>\r\n            <a class=\"productOfferLink btn\" href=\"#\" target=\"_blank\" rel=\"noopener\">D\u00e9couvrir l&#8217;offre<\/a>\r\n        <\/div>\r\n    <\/div>\r\n\r\n    <script>\r\n        (function() {\r\n            var widgetContainer = document.currentScript.parentElement;\r\n\r\n            function calculateDeliveryDate() {\r\n                var deliveryDate = new Date();\r\n                deliveryDate.setDate(deliveryDate.getDate() + 2);\r\n                var options = { day: 'numeric', month: 'long' };\r\n                return deliveryDate.toLocaleDateString('fr-FR', options);\r\n            }\r\n\r\n            function fetchRandomProduct() {\r\n                fetch('https:\/\/milkydaisy.com\/wp-content\/custom-scripts\/amazon_product.php')\r\n                    .then(response => {\r\n                        if (!response.ok) {\r\n                            throw new Error('Network response was not ok: ' + response.statusText);\r\n                        }\r\n                        return response.json();\r\n                    })\r\n                    .then(data => {\r\n                        displayProduct(data, widgetContainer);\r\n                    })\r\n                    .catch(error => {\r\n                        console.error('Error during fetch: ' + error.message);\r\n                    });\r\n            }\r\n\r\n            function displayProduct(productData, container) {\r\n                container.querySelector('.productName').innerText = productData.short_name;\r\n                container.querySelector('.productImage').src = productData.img_src;\r\n                container.querySelector('.productImage').alt = productData.short_name;\r\n                container.querySelector('.productPrice').innerText = `${productData.price}\u20ac`;\r\n                var rating = parseFloat(productData.rating_average).toFixed(1).replace('.', ',');\r\n                container.querySelector('.productRating').innerText = rating;\r\n                container.querySelector('.productRatingText').innerText = `${productData.rating_number} avis`;\r\n                container.querySelector('.deliveryDate').innerText = calculateDeliveryDate();\r\n                container.querySelector('.productLink').href = productData.href_cecile;\r\n                container.querySelector('.productOfferLink').href = productData.href_cecile;\r\n\r\n                \/\/ Update stars based on rating\r\n                var filledStars = Math.round(productData.rating_average);\r\n                var emptyStars = 5 - filledStars;\r\n                container.querySelector('.productRatingStars').innerText = '\u2605'.repeat(filledStars) + '\u2606'.repeat(emptyStars);\r\n            }\r\n\r\n            fetchRandomProduct();\r\n        })();\r\n    <\/script>\r\n<\/div>\r\n\n<h2 class=\"wp-block-heading\">Alternativas a las ostras para aumentar la producci\u00f3n de leche materna<\/h2>\n\n<p><strong>Alimentos ricos en prote\u00ednas:<\/strong> Las legumbres, los frutos secos, las semillas de ch\u00eda y el tofu son excelentes fuentes de prote\u00ednas vegetales que favorecen la lactancia.<\/p>\n\n<p><strong>Alimentos ricos en hierro: <\/strong>Las espinacas, las lentejas, los frijoles y la carne magra son fuentes de hierro que ayudan a prevenir la anemia y mantener la producci\u00f3n de leche.<\/p>\n\n<p><strong>Alimentos ricos en \u00e1cidos grasos omega-3:<\/strong> Los pescados grasos como el salm\u00f3n, las semillas de lino y las nueces contienen \u00e1cidos grasos omega-3 buenos para la salud.<\/p>\n\n<p><strong><a href=\"https:\/\/milkydaisy.com\/es\/\">Plantas galactog\u00e9nicas:<\/a><\/strong> La avena, el fenogreco, el comino, la albahaca y el hinojo son hierbas y especias tradicionalmente utilizadas para favorecer la lactancia. Aunque estos alimentos no son tan ricos en nutrientes como las ostras, siguen siendo beneficiosos para la lactancia y son m\u00e1s accesibles.<\/p>\n\n<h2 class=\"wp-block-heading\">Consumir ostras durante la lactancia: \u00bfverdad o mentira?<\/h2>\n\n<figure class=\"wp-block-image size-large\"><img decoding=\"async\" width=\"1300\" height=\"729\" src=\"https:\/\/milkydaisy.com\/wp-content\/uploads\/2024\/02\/mere-et-bebe-en-cusine-huitres-et-palourdes-1-1300x729.jpg\" alt=\"Madre y beb&#xE9; en la cocina: bandeja de ostras y almejas durante la lactancia\" class=\"wp-image-29554\" srcset=\"https:\/\/milkydaisy.com\/wp-content\/uploads\/2024\/02\/mere-et-bebe-en-cusine-huitres-et-palourdes-1-1300x729.jpg 1300w, https:\/\/milkydaisy.com\/wp-content\/uploads\/2024\/02\/mere-et-bebe-en-cusine-huitres-et-palourdes-1-430x241.jpg 430w, https:\/\/milkydaisy.com\/wp-content\/uploads\/2024\/02\/mere-et-bebe-en-cusine-huitres-et-palourdes-1-700x392.jpg 700w, https:\/\/milkydaisy.com\/wp-content\/uploads\/2024\/02\/mere-et-bebe-en-cusine-huitres-et-palourdes-1-400x224.jpg 400w, https:\/\/milkydaisy.com\/wp-content\/uploads\/2024\/02\/mere-et-bebe-en-cusine-huitres-et-palourdes-1-768x430.jpg 768w, https:\/\/milkydaisy.com\/wp-content\/uploads\/2024\/02\/mere-et-bebe-en-cusine-huitres-et-palourdes-1-860x482.jpg 860w, https:\/\/milkydaisy.com\/wp-content\/uploads\/2024\/02\/mere-et-bebe-en-cusine-huitres-et-palourdes-1.jpg 1456w\" sizes=\"(max-width: 1300px) 100vw, 1300px\" \/><\/figure>\n\n<p><\/p>\n\n<p>Algunas creencias populares son persistentes, es importante distinguir la verdad de la falsedad. Aqu\u00ed est\u00e1n las ideas m\u00e1s extendidas sobre el tema de las ostras y la lactancia materna:<\/p>\n\n<p>Las ostras pueden aumentar la producci\u00f3n de leche materna: <strong>\u00a1Falso!<\/strong> Aunque las ostras son ricas en nutrientes valiosos para el cuerpo, no hay pruebas cient\u00edficas s\u00f3lidas que respalden esto.<\/p>\n\n<p>Las ostras crudas son mejores que las ostras cocidas durante la lactancia: <strong>\u00a1Falso!<\/strong><\/p>\n\n<p>El consumo de ostras crudas durante la lactancia conlleva un riesgo de contaminaci\u00f3n por agentes pat\u00f3genos, lo que representa un peligro para la madre y el beb\u00e9. Las ostras cocidas, por otro lado, conservan sus valores nutricionales y son adecuadas para la dieta de las mujeres que amamantan: <strong>\u00a1Verdadero!<\/strong><\/p>\n\n<p>Las recomendaciones diet\u00e9ticas generales instan a una alimentaci\u00f3n variada y equilibrada, que incluya el consumo de mariscos.<\/p>\n\n<h2 class=\"wp-block-heading\"><strong>Conclusi\u00f3n:<\/strong><\/h2>\n\n<p>Las ostras, una vez cocidas, son seguras para la madre lactante y su beb\u00e9. Por lo tanto, puede seguir comi\u00e9ndolas y beneficiarse de sus propiedades naturales. Para obtener m\u00e1s informaci\u00f3n sobre alimentaci\u00f3n y lactancia, no dude en consultar los sitios web de la <a href=\"https:\/\/www.who.int\/es\" target=\"_blank\" rel=\"noopener\">OMS<\/a> y de <a href=\"https:\/\/llli.org\/espanol\/\" target=\"_blank\" rel=\"noopener\">La Liga de la Leche<\/a>. Tambi\u00e9n puede consultar la secci\u00f3n de <a href=\"https:\/\/milkydaisy.com\/es\/lactancia-materna\/\">lactancia<\/a> de nuestro blog para obtener m\u00e1s informaci\u00f3n sobre esta maravillosa aventura maternal.<\/p>\n","protected":false},"excerpt":{"rendered":"<p>La lactancia materna es un momento precioso en el que la mam\u00e1 proporciona directamente a su beb\u00e9 todos los nutrientes esenciales para su crecimiento y desarrollo. La alimentaci\u00f3n de la madre lactante es, por lo tanto, un factor clave para la salud del lactante, ya que influye en la calidad de su leche. Comer de &#8230; <a title=\"Ostras Lactancia: Ventajas, Precauciones e Ideas Recetas\" class=\"read-more\" href=\"https:\/\/milkydaisy.com\/es\/lactancia-materna\/ostras-lactancia-ventajas-precauciones-e-ideas-recetas\/\" aria-label=\"Leer m\u00e1s sobre Ostras Lactancia: Ventajas, Precauciones e Ideas Recetas\">Leer m\u00e1s<\/a><\/p>\n","protected":false},"author":79,"featured_media":29563,"parent":18744,"menu_order":0,"comment_status":"open","ping_status":"open","template":"","meta":{"footnotes":""},"class_list":["post-29891","page","type-page","status-publish","has-post-thumbnail"],"_links":{"self":[{"href":"https:\/\/milkydaisy.com\/es\/wp-json\/wp\/v2\/pages\/29891","targetHints":{"allow":["GET"]}}],"collection":[{"href":"https:\/\/milkydaisy.com\/es\/wp-json\/wp\/v2\/pages"}],"about":[{"href":"https:\/\/milkydaisy.com\/es\/wp-json\/wp\/v2\/types\/page"}],"author":[{"embeddable":true,"href":"https:\/\/milkydaisy.com\/es\/wp-json\/wp\/v2\/users\/79"}],"replies":[{"embeddable":true,"href":"https:\/\/milkydaisy.com\/es\/wp-json\/wp\/v2\/comments?post=29891"}],"version-history":[{"count":0,"href":"https:\/\/milkydaisy.com\/es\/wp-json\/wp\/v2\/pages\/29891\/revisions"}],"up":[{"embeddable":true,"href":"https:\/\/milkydaisy.com\/es\/wp-json\/wp\/v2\/pages\/18744"}],"wp:featuredmedia":[{"embeddable":true,"href":"https:\/\/milkydaisy.com\/es\/wp-json\/wp\/v2\/media\/29563"}],"wp:attachment":[{"href":"https:\/\/milkydaisy.com\/es\/wp-json\/wp\/v2\/media?parent=29891"}],"curies":[{"name":"wp","href":"https:\/\/api.w.org\/{rel}","templated":true}]}}