{"id":18487,"date":"2021-10-12T15:51:09","date_gmt":"2021-10-12T13:51:09","guid":{"rendered":"https:\/\/milkydaisy.com\/quienes-somos\/"},"modified":"2023-06-26T10:55:06","modified_gmt":"2023-06-26T08:55:06","slug":"quienes-somos","status":"publish","type":"page","link":"https:\/\/milkydaisy.com\/es\/quienes-somos\/","title":{"rendered":"Qui\u00e9nes somos"},"content":{"rendered":"<p>SOBRE NOSOTROS\t\t\t\t<\/p>\n<h4>Un equipo apasionado, unido y comprometido<\/h4>\n<h4\t\t\t\t\t\tclass=\"info-box-title title box-title-style-default wd-fontsize-m\" data-elementor-setting-key=\"title\">\n\t\t\t\t\t\t\t\tNos encanta lo que hacemos\t\t\t\t\t\t<\/h4>\n<p>En Milky Daisy, nuestra pasi\u00f3n es crear productos de calidad que apoyen a las mam\u00e1s en su maravilloso viaje hacia la lactancia materna.<\/p>\n<p>\t\t\t<a  href=\"#\"><br \/>\n\t\t\t\t\tSeguir leyendo<br \/>\n\t\t\t\t\t\t\t<\/a><\/p>\n<h4\t\t\t\t\t\tclass=\"info-box-title title box-title-style-default wd-fontsize-m\" data-elementor-setting-key=\"title\">\n\t\t\t\t\t\t\t\tNuestro proceso de trabajo\t\t\t\t\t\t<\/h4>\n<p>Trabajamos en estrecha colaboraci\u00f3n con expertos en lactancia, nutricionistas y natur\u00f3patas para elaborar recetas que favorezcan la lactancia.<\/p>\n<p>\t\t\t<a  href=\"#\"><br \/>\n\t\t\t\t\tSeguir leyendo<br \/>\n\t\t\t\t\t\t\t<\/a><br \/>\n\t\t\t\t\t\t\t\t<img width=\"580\" height=\"580\" src=\"https:\/\/milkydaisy.com\/wp-content\/uploads\/2021\/10\/about-us-3-image-1.jpg\" alt=\"\" decoding=\"async\" loading=\"lazy\" srcset=\"https:\/\/milkydaisy.com\/wp-content\/uploads\/2021\/10\/about-us-3-image-1.jpg 580w, https:\/\/milkydaisy.com\/wp-content\/uploads\/2021\/10\/about-us-3-image-1-430x430.jpg 430w, https:\/\/milkydaisy.com\/wp-content\/uploads\/2021\/10\/about-us-3-image-1-150x150.jpg 150w\" sizes=\"auto, (max-width: 580px) 100vw, 580px\" \/><br \/>\n\t\t\t\t\tUNA AVENTURA HUMANA\t\t\t\t<\/p>\n<h4>Acerca de Milky Daisy<\/h4>\n<p>Milky Daisy es mucho m\u00e1s que una tienda online, es una comunidad dedicada a apoyar a las madres lactantes mediante productos de calidad y recursos informativos.  <\/p>\n<p>Le ofrecemos una gama de tisanas ecol\u00f3gicas elaboradas en Francia, formuladas en colaboraci\u00f3n con expertos en lactancia y nutricionistas. Nos esforzamos por hacer que su experiencia de compra sea lo m\u00e1s sencilla y agradable posible, con un proceso de pedido sencillo, un atento servicio de atenci\u00f3n al cliente y una entrega r\u00e1pida.  <\/p>\n<p>Tambi\u00e9n estamos orgullosos de nuestro compromiso con la sostenibilidad, utilizando envases respetuosos con el medio ambiente y apoyando pr\u00e1cticas agr\u00edcolas sostenibles.<\/p>\n<p>\t\t\t\t\t\t\t\t\t<a rel=\"noopener noreferrer nofollow\" href=\"https:\/\/www.facebook.com\/sharer\/sharer.php?u=\" target=\"_blank\" aria-label=\"Lien Facebook\"><br \/>\n\t\t\t\t\t\t\t\t\t\t\t<\/a><br \/>\n\t\t\t\t\t\t\t\t\t<a rel=\"noopener noreferrer nofollow\" href=\"https:\/\/twitter.com\/share?url=\" target=\"_blank\" aria-label=\"Twitter social link\"><br \/>\n\t\t\t\t\t\t\t\t\t\t\t<\/a><br \/>\n\t\t\t\t\t\t\t\t\t<a rel=\"noopener noreferrer nofollow\" href=\"https:\/\/pinterest.com\/pin\/create\/button\/?url=&#038;media=https:\/\/milkydaisy.com\/wp-includes\/images\/media\/default.png&#038;description=\" target=\"_blank\" aria-label=\"Lien Pinterest\"><br \/>\n\t\t\t\t\t\t\t\t\t\t\t<\/a><br \/>\n\t\t\t\t\t\t\t\t\t<a rel=\"noopener noreferrer nofollow\" href=\"https:\/\/www.linkedin.com\/shareArticle?mini=true&#038;url=\" target=\"_blank\" aria-label=\"Lien Linkedin\"><br \/>\n\t\t\t\t\t\t\t\t\t\t\t<\/a><br \/>\n\t\t\t\t\tALGUNAS PALABRAS SOBRE NOSOTROS\t\t\t\t<\/p>\n<h4>NUESTRO EQUIPO<\/h4>\n<p>Un cuarteto din\u00e1mico para apoyar a las madres con pasi\u00f3n y dedicaci\u00f3n<\/p>\n<p>\t\t\t\t\t\t<img width=\"400\" height=\"643\" src=\"https:\/\/milkydaisy.com\/wp-content\/uploads\/2021\/10\/about-us-3-team-member-2.jpg\" alt=\"\" decoding=\"async\" loading=\"lazy\" srcset=\"https:\/\/milkydaisy.com\/wp-content\/uploads\/2021\/10\/about-us-3-team-member-2.jpg 400w, https:\/\/milkydaisy.com\/wp-content\/uploads\/2021\/10\/about-us-3-team-member-2-150x241.jpg 150w\" sizes=\"auto, (max-width: 400px) 100vw, 400px\" \/>\t\t\t\t\t<\/p>\n<h4>\n\t\t\t\t\t\tMargaux Berlioux\t\t\t\t\t<\/h4>\n<p>\t\t\t\t\t\tCO-FUNDADOR<br \/>\n\t\t\t\t\t\t\t\t\t\t\t\t\t\t\t<a rel=\"noopener noreferrer nofollow\" href=\"#\"><br \/>\n\t\t\t\t\t\t\t\t<\/a><br \/>\n\t\t\t\t\t\t\t\t\t\t\t\t\t\t\t<a rel=\"noopener noreferrer nofollow\" href=\"#\"><br \/>\n\t\t\t\t\t\t\t\t<\/a><br \/>\n\t\t\t\t\t\t\t\t\t\t\t\t\t\t\t<a rel=\"noopener noreferrer nofollow\" href=\"#\"><br \/>\n\t\t\t\t\t\t\t\t<\/a><br \/>\n\t\t\t\t\t\t\t\t\t\t\t\t\t\t\t<a rel=\"noopener noreferrer nofollow\" href=\"#\"><br \/>\n\t\t\t\t\t\t\t\t<\/a><br \/>\n\t\t\t\t\t\t<img width=\"400\" height=\"643\" src=\"https:\/\/milkydaisy.com\/wp-content\/uploads\/2021\/10\/about-us-3-team-member-3.jpg\" alt=\"\" decoding=\"async\" loading=\"lazy\" srcset=\"https:\/\/milkydaisy.com\/wp-content\/uploads\/2021\/10\/about-us-3-team-member-3.jpg 400w, https:\/\/milkydaisy.com\/wp-content\/uploads\/2021\/10\/about-us-3-team-member-3-150x241.jpg 150w\" sizes=\"auto, (max-width: 400px) 100vw, 400px\" \/>\t\t\t\t\t<\/p>\n<h4>\n\t\t\t\t\t\tJ\u00e9r\u00e9my Degryse\t\t\t\t\t<\/h4>\n<p>\t\t\t\t\t\tCO-FUNDADOR<br \/>\n\t\t\t\t\t\t\t\t\t\t\t\t\t\t\t<a rel=\"noopener noreferrer nofollow\" href=\"#\"><br \/>\n\t\t\t\t\t\t\t\t<\/a><br \/>\n\t\t\t\t\t\t\t\t\t\t\t\t\t\t\t<a rel=\"noopener noreferrer nofollow\" href=\"#\"><br \/>\n\t\t\t\t\t\t\t\t<\/a><br \/>\n\t\t\t\t\t\t\t\t\t\t\t\t\t\t\t<a rel=\"noopener noreferrer nofollow\" href=\"#\"><br \/>\n\t\t\t\t\t\t\t\t<\/a><br \/>\n\t\t\t\t\t\t\t\t\t\t\t\t\t\t\t<a rel=\"noopener noreferrer nofollow\" href=\"#\"><br \/>\n\t\t\t\t\t\t\t\t<\/a><br \/>\n\t\t\t\t\t\t<img width=\"400\" height=\"643\" src=\"https:\/\/milkydaisy.com\/wp-content\/uploads\/2021\/10\/about-us-3-team-member-4.jpg\" alt=\"\" decoding=\"async\" loading=\"lazy\" srcset=\"https:\/\/milkydaisy.com\/wp-content\/uploads\/2021\/10\/about-us-3-team-member-4.jpg 400w, https:\/\/milkydaisy.com\/wp-content\/uploads\/2021\/10\/about-us-3-team-member-4-150x241.jpg 150w\" sizes=\"auto, (max-width: 400px) 100vw, 400px\" \/>\t\t\t\t\t<\/p>\n<h4>\n\t\t\t\t\t\tEmmanuelle Vachon-Lesage\t\t\t\t\t<\/h4>\n<p>\t\t\t\t\t\tDIRECTOR FINANCIERO<br \/>\n\t\t\t\t\t\t\t\t\t\t\t\t\t\t\t<a rel=\"noopener noreferrer nofollow\" href=\"#\"><br \/>\n\t\t\t\t\t\t\t\t<\/a><br \/>\n\t\t\t\t\t\t\t\t\t\t\t\t\t\t\t<a rel=\"noopener noreferrer nofollow\" href=\"#\"><br \/>\n\t\t\t\t\t\t\t\t<\/a><br \/>\n\t\t\t\t\t\t\t\t\t\t\t\t\t\t\t<a rel=\"noopener noreferrer nofollow\" href=\"#\"><br \/>\n\t\t\t\t\t\t\t\t<\/a><br \/>\n\t\t\t\t\t\t\t\t\t\t\t\t\t\t\t<a rel=\"noopener noreferrer nofollow\" href=\"#\"><br \/>\n\t\t\t\t\t\t\t\t<\/a><br \/>\n\t\t\t\t\t\t<img width=\"400\" height=\"643\" src=\"https:\/\/milkydaisy.com\/wp-content\/uploads\/2021\/10\/about-us-3-team-member-1.jpg\" alt=\"\" decoding=\"async\" loading=\"lazy\" srcset=\"https:\/\/milkydaisy.com\/wp-content\/uploads\/2021\/10\/about-us-3-team-member-1.jpg 400w, https:\/\/milkydaisy.com\/wp-content\/uploads\/2021\/10\/about-us-3-team-member-1-150x241.jpg 150w\" sizes=\"auto, (max-width: 400px) 100vw, 400px\" \/>\t\t\t\t\t<\/p>\n<h4>\n\t\t\t\t\t\tLudovic Lesage\t\t\t\t\t<\/h4>\n<p>\t\t\t\t\t\tEDITOR<br \/>\n\t\t\t\t\t\t\t\t\t\t\t\t\t\t\t<a rel=\"noopener noreferrer nofollow\" href=\"#\"><br \/>\n\t\t\t\t\t\t\t\t<\/a><br \/>\n\t\t\t\t\t\t\t\t\t\t\t\t\t\t\t<a rel=\"noopener noreferrer nofollow\" href=\"#\"><br \/>\n\t\t\t\t\t\t\t\t<\/a><br \/>\n\t\t\t\t\t\t\t\t\t\t\t\t\t\t\t<a rel=\"noopener noreferrer nofollow\" href=\"#\"><br \/>\n\t\t\t\t\t\t\t\t<\/a><br \/>\n\t\t\t\t\t\t\t\t\t\t\t\t\t\t\t<a rel=\"noopener noreferrer nofollow\" href=\"#\"><br \/>\n\t\t\t\t\t\t\t\t<\/a><br \/>\n\t\t\t\t\tPOR MILKY DAISY @ 2023.\t\t\t\t<\/p>\n<h4>Prestamos la m\u00e1xima atenci\u00f3n a cada detalle para garantizar la excelencia de nuestros productos.<\/h4>\n<p>\t\t\t<a  href=\"#\"><br \/>\n\t\t\t\t\tHECHO PARA MAM\u00c1S CON PASI\u00d3N Y DEDICACI\u00d3N<br \/>\n\t\t\t\t\t\t\t<\/a><br \/>\n\t\t\t\t2023<br \/>\n\t\t\t\t\tCREACI\u00d3N<br \/>\n\t\t\t\t200<br \/>\n\t\t\t\t\tCLIENTES SATISFECHOS<br \/>\n\t\t\t\t7<br \/>\n\t\t\t\t\tEMPRESAS ASOCIADAS<br \/>\n\t\t\t\t1<br \/>\n\t\t\t\t\tOFICINA<br \/>\n\t\t\t\t9<br \/>\n\t\t\t\t\tEMPLEADOS<br \/>\n\t\t\t\t3<br \/>\n\t\t\t\t\tPRODUCTOS<\/p>\n","protected":false},"excerpt":{"rendered":"<p>SOBRE NOSOTROS Un equipo apasionado, unido y comprometido Nos encanta lo que hacemos En Milky Daisy, nuestra pasi\u00f3n es crear productos de calidad que apoyen a las mam\u00e1s en su maravilloso viaje hacia la lactancia materna. Seguir leyendo Nuestro proceso de trabajo Trabajamos en estrecha colaboraci\u00f3n con expertos en lactancia, nutricionistas y natur\u00f3patas para elaborar &#8230; <a title=\"Qui\u00e9nes somos\" class=\"read-more\" href=\"https:\/\/milkydaisy.com\/es\/quienes-somos\/\" aria-label=\"Leer m\u00e1s sobre Qui\u00e9nes somos\">Leer m\u00e1s<\/a><\/p>\n","protected":false},"author":1,"featured_media":0,"parent":0,"menu_order":0,"comment_status":"closed","ping_status":"closed","template":"","meta":{"footnotes":""},"class_list":["post-18487","page","type-page","status-publish"],"_links":{"self":[{"href":"https:\/\/milkydaisy.com\/es\/wp-json\/wp\/v2\/pages\/18487","targetHints":{"allow":["GET"]}}],"collection":[{"href":"https:\/\/milkydaisy.com\/es\/wp-json\/wp\/v2\/pages"}],"about":[{"href":"https:\/\/milkydaisy.com\/es\/wp-json\/wp\/v2\/types\/page"}],"author":[{"embeddable":true,"href":"https:\/\/milkydaisy.com\/es\/wp-json\/wp\/v2\/users\/1"}],"replies":[{"embeddable":true,"href":"https:\/\/milkydaisy.com\/es\/wp-json\/wp\/v2\/comments?post=18487"}],"version-history":[{"count":0,"href":"https:\/\/milkydaisy.com\/es\/wp-json\/wp\/v2\/pages\/18487\/revisions"}],"wp:attachment":[{"href":"https:\/\/milkydaisy.com\/es\/wp-json\/wp\/v2\/media?parent=18487"}],"curies":[{"name":"wp","href":"https:\/\/api.w.org\/{rel}","templated":true}]}}