{"id":18489,"date":"2021-10-12T16:27:24","date_gmt":"2021-10-12T14:27:24","guid":{"rendered":"https:\/\/milkydaisy.com\/contact-us\/"},"modified":"2023-07-03T16:33:00","modified_gmt":"2023-07-03T14:33:00","slug":"contact-us","status":"publish","type":"page","link":"https:\/\/milkydaisy.com\/en\/contact-us\/","title":{"rendered":"Contact us"},"content":{"rendered":"<p>INFORMATION QUESTIONS\t\t\t\t<\/p>\n<h4>FREQUENTLY ASKED QUESTIONS<\/h4>\n<p>\t\t\t\t\t\t\t\tCan I change or cancel my order?\t\t\t\t\t\t\t<\/p>\n<p>If you wish to change or cancel your order, please contact us immediately. We will do our best to accommodate your request, but we cannot guarantee that we will be able to modify or cancel it once it has been processed.<\/p>\n<p>\t\t\t\t\t\t\t\tWhere do you deliver?\t\t\t\t\t\t\t<\/p>\n<p>We deliver to mainland France, Belgium, the Netherlands, Germany, Luxembourg, Spain, Italy, Portugal, the UK, Switzerland and the USA.<\/p>\n<p>\t\t\t\t\t\t\t\tWhen will my order be shipped?\t\t\t\t\t\t\t<\/p>\n<p>We aim to dispatch all orders within 48 hours of receipt.<\/p>\n<p>\t\t\t\t\t\t\t\tWill you restock items indicated as &quot;out of stock?&quot;\t\t\t\t\t\t\t<\/p>\n<p>Yes, all our food products are organic. We use only high-quality natural ingredients, carefully selected for their specific benefits.<\/p>\n<p>Ac curae aliquet vivamus aptent duis congue urna venenatis ridiculus faucibus tincidunt a lorem rutrum nullam potenti adipiscing.Adipiscing.<\/p>\n<p>\t\t\t\t\t\t\t\tHow can I return a product?\t\t\t\t\t\t\t<\/p>\n<p>If you are not completely satisfied with your purchase, you may return the product within 14 days of receiving your order. Please contact us for instructions on how to proceed.<\/p>\n<p>\t\t\t\t\tINFORMATION ABOUT US\t\t\t\t<\/p>\n<h4>A QUESTION? CONTACT US!<\/h4>\n<p role=\"status\" aria-live=\"polite\" aria-atomic=\"true\">\n<ul><\/ul>\n<form action=\"\/wp-json\/wpml\/tm\/v1\/ate\/jobs\/download#wpcf7-f1572-o5\" method=\"post\" aria-label=\"Formulaire de contact\" novalidate=\"novalidate\" data-status=\"init\">\n<input type=\"hidden\" name=\"_wpcf7\" value=\"1572\" \/><br \/>\n<input type=\"hidden\" name=\"_wpcf7_version\" value=\"5.7.7\" \/><br \/>\n<input type=\"hidden\" name=\"_wpcf7_locale\" value=\"fr_FR\" \/><br \/>\n<input type=\"hidden\" name=\"_wpcf7_unit_tag\" value=\"wpcf7-f1572-o5\" \/><br \/>\n<input type=\"hidden\" name=\"_wpcf7_container_post\" value=\"0\" \/><br \/>\n<input type=\"hidden\" name=\"_wpcf7_posted_data_hash\" value=\"\" \/><\/p>\n<p><label>Votre Nom<\/label><input size=\"40\" aria-required=\"true\" aria-invalid=\"false\" value=\"\" type=\"text\" name=\"your-name\" \/>\n\t<\/p>\n<p><label>Votre Email<\/label><input size=\"40\" aria-required=\"true\" aria-invalid=\"false\" value=\"\" type=\"email\" name=\"your-email\" \/>\n\t<\/p>\n<p><label>Num\u00e9ro de t\u00e9l\u00e9phone<\/label><input size=\"40\" aria-invalid=\"false\" value=\"\" type=\"tel\" name=\"tel-767\" \/>\n\t<\/p>\n<p><label>Entreprise<\/label><input size=\"40\" aria-invalid=\"false\" value=\"\" type=\"text\" name=\"text-1\" \/>\n\t<\/p>\n<p><label>Votre Message<\/label><textarea cols=\"40\" rows=\"10\" aria-invalid=\"false\" name=\"your-message\"><\/textarea>\n<\/p>\n<p><input type=\"submit\" value=\"ENVOYER\" \/>\n<\/p>\n<\/form>\n","protected":false},"excerpt":{"rendered":"<p>INFORMATION QUESTIONS FREQUENTLY ASKED QUESTIONS Can I change or cancel my order? If you wish to change or cancel your order, please contact us immediately. We will do our best to accommodate your request, but we cannot guarantee that we will be able to modify or cancel it once it has been processed. Where do &#8230; <a title=\"Contact us\" class=\"read-more\" href=\"https:\/\/milkydaisy.com\/en\/contact-us\/\" aria-label=\"Read more about Contact us\">Read more<\/a><\/p>\n","protected":false},"author":1,"featured_media":0,"parent":0,"menu_order":0,"comment_status":"closed","ping_status":"closed","template":"","meta":{"footnotes":""},"class_list":["post-18489","page","type-page","status-publish"],"_links":{"self":[{"href":"https:\/\/milkydaisy.com\/en\/wp-json\/wp\/v2\/pages\/18489","targetHints":{"allow":["GET"]}}],"collection":[{"href":"https:\/\/milkydaisy.com\/en\/wp-json\/wp\/v2\/pages"}],"about":[{"href":"https:\/\/milkydaisy.com\/en\/wp-json\/wp\/v2\/types\/page"}],"author":[{"embeddable":true,"href":"https:\/\/milkydaisy.com\/en\/wp-json\/wp\/v2\/users\/1"}],"replies":[{"embeddable":true,"href":"https:\/\/milkydaisy.com\/en\/wp-json\/wp\/v2\/comments?post=18489"}],"version-history":[{"count":0,"href":"https:\/\/milkydaisy.com\/en\/wp-json\/wp\/v2\/pages\/18489\/revisions"}],"wp:attachment":[{"href":"https:\/\/milkydaisy.com\/en\/wp-json\/wp\/v2\/media?parent=18489"}],"curies":[{"name":"wp","href":"https:\/\/api.w.org\/{rel}","templated":true}]}}