{"id":39270,"date":"2025-02-19T19:40:54","date_gmt":"2025-02-19T18:40:54","guid":{"rendered":"https:\/\/milkydaisy.com\/?post_type=product&#038;p=39270"},"modified":"2025-12-29T15:55:23","modified_gmt":"2025-12-29T14:55:23","slug":"duo-stilltee-bio-geschmack-erdbeere-und-aprikose-honig-40-beutel","status":"publish","type":"product","link":"https:\/\/milkydaisy.com\/de\/produit\/duo-stilltee-bio-geschmack-erdbeere-und-aprikose-honig-40-beutel\/","title":{"rendered":"Duo Bio-Stilltee Erdbeer- und Aprikose-Honig-Geschmack \u2013 40 Beutel"},"content":{"rendered":"<p>&nbsp;<\/p>\n<footer><\/footer>\n<footer><\/footer>\n<footer><\/footer>\n<footer><\/footer>\n<footer><\/footer>\n<footer><\/footer>\n<footer><\/footer>\n<footer><\/footer>\n<footer><\/footer>\n<p>&nbsp;<\/p>\n<p><img decoding=\"async\" src=\"http:\/\/milkydaisy.com\/wp-content\/uploads\/2023\/06\/Liste-Ingredients-Tisane-Fraise-Milky-Daisy-min-1-min-1-1300x542.jpg\" sizes=\"(max-width: 1300px) 100vw, 1300px\" srcset=\"http:\/\/milkydaisy.com\/wp-content\/uploads\/2023\/06\/Liste-Ingredients-Tisane-Fraise-Milky-Daisy-min-1-min-1-1300x542.jpg 1300w, https:\/\/milkydaisy.com\/wp-content\/uploads\/2023\/06\/Liste-Ingredients-Tisane-Fraise-Milky-Daisy-min-1-min-1-400x167.jpg 400w, https:\/\/milkydaisy.com\/wp-content\/uploads\/2023\/06\/Liste-Ingredients-Tisane-Fraise-Milky-Daisy-min-1-min-1-768x320.jpg 768w, https:\/\/milkydaisy.com\/wp-content\/uploads\/2023\/06\/Liste-Ingredients-Tisane-Fraise-Milky-Daisy-min-1-min-1-1536x640.jpg 1536w, https:\/\/milkydaisy.com\/wp-content\/uploads\/2023\/06\/Liste-Ingredients-Tisane-Fraise-Milky-Daisy-min-1-min-1-2048x853.jpg 2048w, https:\/\/milkydaisy.com\/wp-content\/uploads\/2023\/06\/Liste-Ingredients-Tisane-Fraise-Milky-Daisy-min-1-min-1-860x358.jpg 860w, https:\/\/milkydaisy.com\/wp-content\/uploads\/2023\/06\/Liste-Ingredients-Tisane-Fraise-Milky-Daisy-min-1-min-1-430x179.jpg 430w, https:\/\/milkydaisy.com\/wp-content\/uploads\/2023\/06\/Liste-Ingredients-Tisane-Fraise-Milky-Daisy-min-1-min-1-700x292.jpg 700w, https:\/\/milkydaisy.com\/wp-content\/uploads\/2023\/06\/Liste-Ingredients-Tisane-Fraise-Milky-Daisy-min-1-min-1-150x63.jpg 150w\" alt=\"\" width=\"1300\" height=\"542\" \/><br \/>\n<img decoding=\"async\" src=\"http:\/\/milkydaisy.com\/wp-content\/uploads\/2023\/06\/Ingredients-Tisane-Abricot-Milky-Daisy-min-min-1300x542.jpg\" sizes=\"(max-width: 1300px) 100vw, 1300px\" srcset=\"http:\/\/milkydaisy.com\/wp-content\/uploads\/2023\/06\/Ingredients-Tisane-Abricot-Milky-Daisy-min-min-1300x542.jpg 1300w, https:\/\/milkydaisy.com\/wp-content\/uploads\/2023\/06\/Ingredients-Tisane-Abricot-Milky-Daisy-min-min-400x167.jpg 400w, https:\/\/milkydaisy.com\/wp-content\/uploads\/2023\/06\/Ingredients-Tisane-Abricot-Milky-Daisy-min-min-768x320.jpg 768w, https:\/\/milkydaisy.com\/wp-content\/uploads\/2023\/06\/Ingredients-Tisane-Abricot-Milky-Daisy-min-min-1536x640.jpg 1536w, https:\/\/milkydaisy.com\/wp-content\/uploads\/2023\/06\/Ingredients-Tisane-Abricot-Milky-Daisy-min-min-2048x853.jpg 2048w, https:\/\/milkydaisy.com\/wp-content\/uploads\/2023\/06\/Ingredients-Tisane-Abricot-Milky-Daisy-min-min-860x358.jpg 860w, https:\/\/milkydaisy.com\/wp-content\/uploads\/2023\/06\/Ingredients-Tisane-Abricot-Milky-Daisy-min-min-430x179.jpg 430w, https:\/\/milkydaisy.com\/wp-content\/uploads\/2023\/06\/Ingredients-Tisane-Abricot-Milky-Daisy-min-min-700x292.jpg 700w, https:\/\/milkydaisy.com\/wp-content\/uploads\/2023\/06\/Ingredients-Tisane-Abricot-Milky-Daisy-min-min-150x62.jpg 150w\" alt=\"\" width=\"1300\" height=\"542\" \/><br \/>\n<img decoding=\"async\" src=\"http:\/\/milkydaisy.com\/wp-content\/uploads\/2025\/02\/MDT.FRAI1ABMI1-Ambiance-Picture-1-800x800.jpg\" sizes=\"(max-width: 800px) 100vw, 800px\" srcset=\"http:\/\/milkydaisy.com\/wp-content\/uploads\/2025\/02\/MDT.FRAI1ABMI1-Ambiance-Picture-1-800x800.jpg 800w, https:\/\/milkydaisy.com\/wp-content\/uploads\/2025\/02\/MDT.FRAI1ABMI1-Ambiance-Picture-1-300x300.jpg 300w, https:\/\/milkydaisy.com\/wp-content\/uploads\/2025\/02\/MDT.FRAI1ABMI1-Ambiance-Picture-1-150x150.jpg 150w, https:\/\/milkydaisy.com\/wp-content\/uploads\/2025\/02\/MDT.FRAI1ABMI1-Ambiance-Picture-1-768x768.jpg 768w, https:\/\/milkydaisy.com\/wp-content\/uploads\/2025\/02\/MDT.FRAI1ABMI1-Ambiance-Picture-1-430x430.jpg 430w, https:\/\/milkydaisy.com\/wp-content\/uploads\/2025\/02\/MDT.FRAI1ABMI1-Ambiance-Picture-1-700x700.jpg 700w, https:\/\/milkydaisy.com\/wp-content\/uploads\/2025\/02\/MDT.FRAI1ABMI1-Ambiance-Picture-1.jpg 1024w\" alt=\"th\u00e9 allaitement bio\" width=\"800\" height=\"800\" \/><br \/>\n<img decoding=\"async\" src=\"http:\/\/milkydaisy.com\/wp-content\/uploads\/2025\/02\/DSC00322-1199x800.jpg\" sizes=\"(max-width: 1199px) 100vw, 1199px\" srcset=\"http:\/\/milkydaisy.com\/wp-content\/uploads\/2025\/02\/DSC00322-1199x800.jpg 1199w, https:\/\/milkydaisy.com\/wp-content\/uploads\/2025\/02\/DSC00322-400x267.jpg 400w, https:\/\/milkydaisy.com\/wp-content\/uploads\/2025\/02\/DSC00322-768x512.jpg 768w, https:\/\/milkydaisy.com\/wp-content\/uploads\/2025\/02\/DSC00322-1536x1024.jpg 1536w, https:\/\/milkydaisy.com\/wp-content\/uploads\/2025\/02\/DSC00322-scaled.jpg 2048w, https:\/\/milkydaisy.com\/wp-content\/uploads\/2025\/02\/DSC00322-430x287.jpg 430w, https:\/\/milkydaisy.com\/wp-content\/uploads\/2025\/02\/DSC00322-700x467.jpg 700w, https:\/\/milkydaisy.com\/wp-content\/uploads\/2025\/02\/DSC00322-150x100.jpg 150w\" alt=\"tisane allaitement fenouil\" width=\"1199\" height=\"800\" \/><br \/>\n<img decoding=\"async\" src=\"http:\/\/milkydaisy.com\/wp-content\/uploads\/2023\/06\/Aromes-Tisane-Abricot-Miel-Fraise-Milky-Daisy-min-1-1300x542.png\" sizes=\"(max-width: 1300px) 100vw, 1300px\" srcset=\"http:\/\/milkydaisy.com\/wp-content\/uploads\/2023\/06\/Aromes-Tisane-Abricot-Miel-Fraise-Milky-Daisy-min-1-1300x542.png 1300w, https:\/\/milkydaisy.com\/wp-content\/uploads\/2023\/06\/Aromes-Tisane-Abricot-Miel-Fraise-Milky-Daisy-min-1-400x167.png 400w, https:\/\/milkydaisy.com\/wp-content\/uploads\/2023\/06\/Aromes-Tisane-Abricot-Miel-Fraise-Milky-Daisy-min-1-768x320.png 768w, https:\/\/milkydaisy.com\/wp-content\/uploads\/2023\/06\/Aromes-Tisane-Abricot-Miel-Fraise-Milky-Daisy-min-1-1536x640.png 1536w, https:\/\/milkydaisy.com\/wp-content\/uploads\/2023\/06\/Aromes-Tisane-Abricot-Miel-Fraise-Milky-Daisy-min-1-2048x853.png 2048w, https:\/\/milkydaisy.com\/wp-content\/uploads\/2023\/06\/Aromes-Tisane-Abricot-Miel-Fraise-Milky-Daisy-min-1-860x358.png 860w, https:\/\/milkydaisy.com\/wp-content\/uploads\/2023\/06\/Aromes-Tisane-Abricot-Miel-Fraise-Milky-Daisy-min-1-430x179.png 430w, https:\/\/milkydaisy.com\/wp-content\/uploads\/2023\/06\/Aromes-Tisane-Abricot-Miel-Fraise-Milky-Daisy-min-1-700x292.png 700w, https:\/\/milkydaisy.com\/wp-content\/uploads\/2023\/06\/Aromes-Tisane-Abricot-Miel-Fraise-Milky-Daisy-min-1-150x62.png 150w\" alt=\"\" width=\"1300\" height=\"542\" \/><br \/>\n<img decoding=\"async\" src=\"http:\/\/milkydaisy.com\/wp-content\/uploads\/2025\/02\/DSC00520-1199x800.jpg\" sizes=\"(max-width: 1199px) 100vw, 1199px\" srcset=\"http:\/\/milkydaisy.com\/wp-content\/uploads\/2025\/02\/DSC00520-1199x800.jpg 1199w, https:\/\/milkydaisy.com\/wp-content\/uploads\/2025\/02\/DSC00520-400x267.jpg 400w, https:\/\/milkydaisy.com\/wp-content\/uploads\/2025\/02\/DSC00520-768x512.jpg 768w, https:\/\/milkydaisy.com\/wp-content\/uploads\/2025\/02\/DSC00520-1536x1024.jpg 1536w, https:\/\/milkydaisy.com\/wp-content\/uploads\/2025\/02\/DSC00520-scaled.jpg 2048w, https:\/\/milkydaisy.com\/wp-content\/uploads\/2025\/02\/DSC00520-430x287.jpg 430w, https:\/\/milkydaisy.com\/wp-content\/uploads\/2025\/02\/DSC00520-700x467.jpg 700w, https:\/\/milkydaisy.com\/wp-content\/uploads\/2025\/02\/DSC00520-150x100.jpg 150w\" alt=\"th\u00e9 minceur allaitement\" width=\"1199\" height=\"800\" \/><br \/>\n<img decoding=\"async\" src=\"http:\/\/milkydaisy.com\/wp-content\/uploads\/2025\/02\/DSC00535-1199x800.jpg\" sizes=\"(max-width: 1199px) 100vw, 1199px\" srcset=\"http:\/\/milkydaisy.com\/wp-content\/uploads\/2025\/02\/DSC00535-1199x800.jpg 1199w, https:\/\/milkydaisy.com\/wp-content\/uploads\/2025\/02\/DSC00535-400x267.jpg 400w, https:\/\/milkydaisy.com\/wp-content\/uploads\/2025\/02\/DSC00535-768x512.jpg 768w, https:\/\/milkydaisy.com\/wp-content\/uploads\/2025\/02\/DSC00535-1536x1024.jpg 1536w, https:\/\/milkydaisy.com\/wp-content\/uploads\/2025\/02\/DSC00535-scaled.jpg 2048w, https:\/\/milkydaisy.com\/wp-content\/uploads\/2025\/02\/DSC00535-430x287.jpg 430w, https:\/\/milkydaisy.com\/wp-content\/uploads\/2025\/02\/DSC00535-700x467.jpg 700w, https:\/\/milkydaisy.com\/wp-content\/uploads\/2025\/02\/DSC00535-150x100.jpg 150w\" alt=\"tisane galactog\u00e8ne\" width=\"1199\" height=\"800\" \/><\/p>\n","protected":false},"excerpt":{"rendered":"<p>Entdecken Sie die Vielfalt der Geschmacksrichtungen mit unserem Milky Daisy Stilltee Bi-Geschmack Erdbeere &amp; Aprikose-Honig. Dieser in Frankreich entwickelte und hergestellte biologische Kr\u00e4utertee richtet sich an stillende M\u00fctter, die Abwechslung und die Freude am Erforschen neuer Geschmacksrichtungen sch\u00e4tzen.<\/p>\n<p><img decoding=\"async\" class=\"alignnone wp-image-15805\" src=\"http:\/\/milkydaisy.com\/wp-content\/uploads\/2023\/06\/AB-Converted-249x300.png\" alt=\"\" width=\"41\" height=\"50\" \/> <img decoding=\"async\" class=\"alignnone wp-image-15807\" src=\"http:\/\/milkydaisy.com\/wp-content\/uploads\/2023\/06\/Eurofeuille_couleurAB-400x266.jpg\" alt=\"\" width=\"75\" height=\"50\" \/> <img decoding=\"async\" class=\"alignnone wp-image-15810\" src=\"http:\/\/milkydaisy.com\/wp-content\/uploads\/2023\/06\/mad_bloc_cartouche_rvb-small-191x300.jpg\" alt=\"\" width=\"32\" height=\"50\" \/> <img decoding=\"async\" class=\"alignnone wp-image-15809\" src=\"http:\/\/milkydaisy.com\/wp-content\/uploads\/2023\/06\/fsc_solo-260x300.png\" alt=\"\" width=\"43\" height=\"50\" \/><\/p>\n","protected":false},"featured_media":39275,"comment_status":"open","ping_status":"closed","template":"","meta":[],"product_brand":[233],"product_cat":[110],"product_tag":[],"class_list":{"0":"post-39270","1":"product","2":"type-product","3":"status-publish","4":"has-post-thumbnail","6":"product_brand-milky-daisy","7":"product_cat-krautertees","9":"first","10":"outofstock","11":"taxable","12":"shipping-taxable","13":"purchasable","14":"product-type-simple"},"_links":{"self":[{"href":"https:\/\/milkydaisy.com\/de\/wp-json\/wp\/v2\/product\/39270","targetHints":{"allow":["GET"]}}],"collection":[{"href":"https:\/\/milkydaisy.com\/de\/wp-json\/wp\/v2\/product"}],"about":[{"href":"https:\/\/milkydaisy.com\/de\/wp-json\/wp\/v2\/types\/product"}],"replies":[{"embeddable":true,"href":"https:\/\/milkydaisy.com\/de\/wp-json\/wp\/v2\/comments?post=39270"}],"wp:featuredmedia":[{"embeddable":true,"href":"https:\/\/milkydaisy.com\/de\/wp-json\/wp\/v2\/media\/39275"}],"wp:attachment":[{"href":"https:\/\/milkydaisy.com\/de\/wp-json\/wp\/v2\/media?parent=39270"}],"wp:term":[{"taxonomy":"product_brand","embeddable":true,"href":"https:\/\/milkydaisy.com\/de\/wp-json\/wp\/v2\/product_brand?post=39270"},{"taxonomy":"product_cat","embeddable":true,"href":"https:\/\/milkydaisy.com\/de\/wp-json\/wp\/v2\/product_cat?post=39270"},{"taxonomy":"product_tag","embeddable":true,"href":"https:\/\/milkydaisy.com\/de\/wp-json\/wp\/v2\/product_tag?post=39270"}],"curies":[{"name":"wp","href":"https:\/\/api.w.org\/{rel}","templated":true}]}}