{"id":39265,"date":"2025-02-19T19:40:49","date_gmt":"2025-02-19T18:40:49","guid":{"rendered":"https:\/\/milkydaisy.com\/?post_type=product&#038;p=39265"},"modified":"2025-12-29T15:55:33","modified_gmt":"2025-12-29T14:55:33","slug":"stilltee-bio-aprikose-honig-geschmack-40-beutel","status":"publish","type":"product","link":"https:\/\/milkydaisy.com\/de\/produit\/stilltee-bio-aprikose-honig-geschmack-40-beutel\/","title":{"rendered":"Stilltee Bio Aprikose-Honig Geschmack &#8211; 40 Beutel"},"content":{"rendered":"<p><img decoding=\"async\" src=\"http:\/\/milkydaisy.com\/wp-content\/uploads\/2023\/06\/Ingredients-Tisane-Abricot-Milky-Daisy-min-1300x542.png\" sizes=\"(max-width: 1300px) 100vw, 1300px\" srcset=\"http:\/\/milkydaisy.com\/wp-content\/uploads\/2023\/06\/Ingredients-Tisane-Abricot-Milky-Daisy-min-1300x542.png 1300w, https:\/\/milkydaisy.com\/wp-content\/uploads\/2023\/06\/Ingredients-Tisane-Abricot-Milky-Daisy-min-400x167.png 400w, https:\/\/milkydaisy.com\/wp-content\/uploads\/2023\/06\/Ingredients-Tisane-Abricot-Milky-Daisy-min-768x320.png 768w, https:\/\/milkydaisy.com\/wp-content\/uploads\/2023\/06\/Ingredients-Tisane-Abricot-Milky-Daisy-min-1536x640.png 1536w, https:\/\/milkydaisy.com\/wp-content\/uploads\/2023\/06\/Ingredients-Tisane-Abricot-Milky-Daisy-min-2048x853.png 2048w, https:\/\/milkydaisy.com\/wp-content\/uploads\/2023\/06\/Ingredients-Tisane-Abricot-Milky-Daisy-min-860x358.png 860w, https:\/\/milkydaisy.com\/wp-content\/uploads\/2023\/06\/Ingredients-Tisane-Abricot-Milky-Daisy-min-430x179.png 430w, https:\/\/milkydaisy.com\/wp-content\/uploads\/2023\/06\/Ingredients-Tisane-Abricot-Milky-Daisy-min-700x292.png 700w, https:\/\/milkydaisy.com\/wp-content\/uploads\/2023\/06\/Ingredients-Tisane-Abricot-Milky-Daisy-min-150x62.png 150w\" alt=\"\" width=\"1300\" height=\"542\" \/><br \/>\n<img decoding=\"async\" src=\"http:\/\/milkydaisy.com\/wp-content\/uploads\/2023\/06\/tisane-allaitement-abricot-miel-milky-daisy_0004_IMG_3168.jpg\" sizes=\"(max-width: 1200px) 100vw, 1200px\" srcset=\"http:\/\/milkydaisy.com\/wp-content\/uploads\/2023\/06\/tisane-allaitement-abricot-miel-milky-daisy_0004_IMG_3168.jpg 1200w, https:\/\/milkydaisy.com\/wp-content\/uploads\/2023\/06\/tisane-allaitement-abricot-miel-milky-daisy_0004_IMG_3168-400x267.jpg 400w, https:\/\/milkydaisy.com\/wp-content\/uploads\/2023\/06\/tisane-allaitement-abricot-miel-milky-daisy_0004_IMG_3168-768x512.jpg 768w, https:\/\/milkydaisy.com\/wp-content\/uploads\/2023\/06\/tisane-allaitement-abricot-miel-milky-daisy_0004_IMG_3168-860x573.jpg 860w, https:\/\/milkydaisy.com\/wp-content\/uploads\/2023\/06\/tisane-allaitement-abricot-miel-milky-daisy_0004_IMG_3168-430x287.jpg 430w, https:\/\/milkydaisy.com\/wp-content\/uploads\/2023\/06\/tisane-allaitement-abricot-miel-milky-daisy_0004_IMG_3168-700x467.jpg 700w, https:\/\/milkydaisy.com\/wp-content\/uploads\/2023\/06\/tisane-allaitement-abricot-miel-milky-daisy_0004_IMG_3168-150x100.jpg 150w\" alt=\"\" width=\"1200\" height=\"800\" \/><br \/>\n<img decoding=\"async\" src=\"http:\/\/milkydaisy.com\/wp-content\/uploads\/2023\/06\/Lea-Dussaigne.jpeg\" alt=\"L\u00e9a Dussaigne\" \/><br \/>\n<img decoding=\"async\" src=\"http:\/\/milkydaisy.com\/wp-content\/uploads\/2023\/06\/suheda.jpg\" alt=\"suheda\" \/><br \/>\n<img decoding=\"async\" src=\"http:\/\/milkydaisy.com\/wp-content\/uploads\/2023\/06\/profil_pic.jpeg\" alt=\"clo\u00e9 bonnet viala\" \/><br \/>\n<img decoding=\"async\" src=\"http:\/\/milkydaisy.com\/wp-content\/uploads\/2023\/06\/tisane-allaitement-abricot-miel-milky-daisy_0011_IMG_3157.jpg\" sizes=\"(max-width: 1200px) 100vw, 1200px\" srcset=\"http:\/\/milkydaisy.com\/wp-content\/uploads\/2023\/06\/tisane-allaitement-abricot-miel-milky-daisy_0011_IMG_3157.jpg 1200w, https:\/\/milkydaisy.com\/wp-content\/uploads\/2023\/06\/tisane-allaitement-abricot-miel-milky-daisy_0011_IMG_3157-400x267.jpg 400w, https:\/\/milkydaisy.com\/wp-content\/uploads\/2023\/06\/tisane-allaitement-abricot-miel-milky-daisy_0011_IMG_3157-768x512.jpg 768w, https:\/\/milkydaisy.com\/wp-content\/uploads\/2023\/06\/tisane-allaitement-abricot-miel-milky-daisy_0011_IMG_3157-860x573.jpg 860w, https:\/\/milkydaisy.com\/wp-content\/uploads\/2023\/06\/tisane-allaitement-abricot-miel-milky-daisy_0011_IMG_3157-430x287.jpg 430w, https:\/\/milkydaisy.com\/wp-content\/uploads\/2023\/06\/tisane-allaitement-abricot-miel-milky-daisy_0011_IMG_3157-700x467.jpg 700w, https:\/\/milkydaisy.com\/wp-content\/uploads\/2023\/06\/tisane-allaitement-abricot-miel-milky-daisy_0011_IMG_3157-150x100.jpg 150w\" alt=\"\" width=\"1200\" height=\"800\" \/><br \/>\n<img decoding=\"async\" src=\"http:\/\/milkydaisy.com\/wp-content\/uploads\/2023\/06\/Aromes-Tisane-Abricot-Milky-Daisy-min-1300x542.png\" sizes=\"(max-width: 1300px) 100vw, 1300px\" srcset=\"http:\/\/milkydaisy.com\/wp-content\/uploads\/2023\/06\/Aromes-Tisane-Abricot-Milky-Daisy-min-1300x542.png 1300w, https:\/\/milkydaisy.com\/wp-content\/uploads\/2023\/06\/Aromes-Tisane-Abricot-Milky-Daisy-min-400x167.png 400w, https:\/\/milkydaisy.com\/wp-content\/uploads\/2023\/06\/Aromes-Tisane-Abricot-Milky-Daisy-min-768x320.png 768w, https:\/\/milkydaisy.com\/wp-content\/uploads\/2023\/06\/Aromes-Tisane-Abricot-Milky-Daisy-min-1536x640.png 1536w, https:\/\/milkydaisy.com\/wp-content\/uploads\/2023\/06\/Aromes-Tisane-Abricot-Milky-Daisy-min-2048x853.png 2048w, https:\/\/milkydaisy.com\/wp-content\/uploads\/2023\/06\/Aromes-Tisane-Abricot-Milky-Daisy-min-860x358.png 860w, https:\/\/milkydaisy.com\/wp-content\/uploads\/2023\/06\/Aromes-Tisane-Abricot-Milky-Daisy-min-430x179.png 430w, https:\/\/milkydaisy.com\/wp-content\/uploads\/2023\/06\/Aromes-Tisane-Abricot-Milky-Daisy-min-700x292.png 700w, https:\/\/milkydaisy.com\/wp-content\/uploads\/2023\/06\/Aromes-Tisane-Abricot-Milky-Daisy-min-150x62.png 150w\" alt=\"\" width=\"1300\" height=\"542\" \/><br \/>\n<img decoding=\"async\" src=\"http:\/\/milkydaisy.com\/wp-content\/uploads\/2023\/06\/tisane-allaitement-abricot-miel-milky-daisy_0002_IMG_3181.jpg\" sizes=\"(max-width: 1200px) 100vw, 1200px\" srcset=\"http:\/\/milkydaisy.com\/wp-content\/uploads\/2023\/06\/tisane-allaitement-abricot-miel-milky-daisy_0002_IMG_3181.jpg 1200w, https:\/\/milkydaisy.com\/wp-content\/uploads\/2023\/06\/tisane-allaitement-abricot-miel-milky-daisy_0002_IMG_3181-400x267.jpg 400w, https:\/\/milkydaisy.com\/wp-content\/uploads\/2023\/06\/tisane-allaitement-abricot-miel-milky-daisy_0002_IMG_3181-768x512.jpg 768w, https:\/\/milkydaisy.com\/wp-content\/uploads\/2023\/06\/tisane-allaitement-abricot-miel-milky-daisy_0002_IMG_3181-860x573.jpg 860w, https:\/\/milkydaisy.com\/wp-content\/uploads\/2023\/06\/tisane-allaitement-abricot-miel-milky-daisy_0002_IMG_3181-430x287.jpg 430w, https:\/\/milkydaisy.com\/wp-content\/uploads\/2023\/06\/tisane-allaitement-abricot-miel-milky-daisy_0002_IMG_3181-700x467.jpg 700w, https:\/\/milkydaisy.com\/wp-content\/uploads\/2023\/06\/tisane-allaitement-abricot-miel-milky-daisy_0002_IMG_3181-150x100.jpg 150w\" alt=\"\" width=\"1200\" height=\"800\" \/><\/p>\n<footer><\/footer>\n<footer><\/footer>\n<footer><\/footer>\n<footer><\/footer>\n<footer><\/footer>\n<footer><\/footer>\n<footer><\/footer>\n<footer><\/footer>\n<footer><\/footer>\n<p>&nbsp;<\/p>\n<p><img decoding=\"async\" src=\"http:\/\/milkydaisy.com\/wp-content\/uploads\/2023\/06\/tisane-allaitement-abricot-miel-milky-daisy_0010_IMG_3158.jpg\" sizes=\"(max-width: 1200px) 100vw, 1200px\" srcset=\"http:\/\/milkydaisy.com\/wp-content\/uploads\/2023\/06\/tisane-allaitement-abricot-miel-milky-daisy_0010_IMG_3158.jpg 1200w, https:\/\/milkydaisy.com\/wp-content\/uploads\/2023\/06\/tisane-allaitement-abricot-miel-milky-daisy_0010_IMG_3158-400x267.jpg 400w, https:\/\/milkydaisy.com\/wp-content\/uploads\/2023\/06\/tisane-allaitement-abricot-miel-milky-daisy_0010_IMG_3158-768x512.jpg 768w, https:\/\/milkydaisy.com\/wp-content\/uploads\/2023\/06\/tisane-allaitement-abricot-miel-milky-daisy_0010_IMG_3158-860x573.jpg 860w, https:\/\/milkydaisy.com\/wp-content\/uploads\/2023\/06\/tisane-allaitement-abricot-miel-milky-daisy_0010_IMG_3158-430x287.jpg 430w, https:\/\/milkydaisy.com\/wp-content\/uploads\/2023\/06\/tisane-allaitement-abricot-miel-milky-daisy_0010_IMG_3158-700x467.jpg 700w, https:\/\/milkydaisy.com\/wp-content\/uploads\/2023\/06\/tisane-allaitement-abricot-miel-milky-daisy_0010_IMG_3158-150x100.jpg 150w\" alt=\"\" width=\"1200\" height=\"800\" \/><\/p>\n","protected":false},"excerpt":{"rendered":"<p>Genie\u00dfen Sie die einzigartige Kombination aus Aprikose und Honig in unserem Milky Daisy Stilltee Aprikose-Honig Geschmack. Dieser in Frankreich entwickelte und hergestellte biologische Kr\u00e4utertee ist stillenden M\u00fcttern gewidmet, die ihrem K\u00f6rper das Beste aus der Natur zuf\u00fchren m\u00f6chten.<\/p>\n<p><img decoding=\"async\" class=\"alignnone wp-image-15805\" src=\"http:\/\/milkydaisy.com\/wp-content\/uploads\/2023\/06\/AB-Converted-249x300.png\" alt=\"\" width=\"41\" height=\"50\" \/> <img decoding=\"async\" class=\"alignnone wp-image-15807\" src=\"http:\/\/milkydaisy.com\/wp-content\/uploads\/2023\/06\/Eurofeuille_couleurAB-400x266.jpg\" alt=\"\" width=\"75\" height=\"50\" \/> <img decoding=\"async\" class=\"alignnone wp-image-15810\" src=\"http:\/\/milkydaisy.com\/wp-content\/uploads\/2023\/06\/mad_bloc_cartouche_rvb-small-191x300.jpg\" alt=\"\" width=\"32\" height=\"50\" \/> <img decoding=\"async\" class=\"alignnone wp-image-15809\" src=\"http:\/\/milkydaisy.com\/wp-content\/uploads\/2023\/06\/fsc_solo-260x300.png\" alt=\"\" width=\"43\" height=\"50\" \/><\/p>\n","protected":false},"featured_media":39356,"comment_status":"open","ping_status":"closed","template":"","meta":[],"product_brand":[233],"product_cat":[110],"product_tag":[],"class_list":{"0":"post-39265","1":"product","2":"type-product","3":"status-publish","4":"has-post-thumbnail","6":"product_brand-milky-daisy","7":"product_cat-krautertees","9":"first","10":"outofstock","11":"taxable","12":"shipping-taxable","13":"purchasable","14":"product-type-simple"},"_links":{"self":[{"href":"https:\/\/milkydaisy.com\/de\/wp-json\/wp\/v2\/product\/39265","targetHints":{"allow":["GET"]}}],"collection":[{"href":"https:\/\/milkydaisy.com\/de\/wp-json\/wp\/v2\/product"}],"about":[{"href":"https:\/\/milkydaisy.com\/de\/wp-json\/wp\/v2\/types\/product"}],"replies":[{"embeddable":true,"href":"https:\/\/milkydaisy.com\/de\/wp-json\/wp\/v2\/comments?post=39265"}],"wp:featuredmedia":[{"embeddable":true,"href":"https:\/\/milkydaisy.com\/de\/wp-json\/wp\/v2\/media\/39356"}],"wp:attachment":[{"href":"https:\/\/milkydaisy.com\/de\/wp-json\/wp\/v2\/media?parent=39265"}],"wp:term":[{"taxonomy":"product_brand","embeddable":true,"href":"https:\/\/milkydaisy.com\/de\/wp-json\/wp\/v2\/product_brand?post=39265"},{"taxonomy":"product_cat","embeddable":true,"href":"https:\/\/milkydaisy.com\/de\/wp-json\/wp\/v2\/product_cat?post=39265"},{"taxonomy":"product_tag","embeddable":true,"href":"https:\/\/milkydaisy.com\/de\/wp-json\/wp\/v2\/product_tag?post=39265"}],"curies":[{"name":"wp","href":"https:\/\/api.w.org\/{rel}","templated":true}]}}