{"id":39260,"date":"2025-02-19T19:40:44","date_gmt":"2025-02-19T18:40:44","guid":{"rendered":"https:\/\/milkydaisy.com\/?post_type=product&#038;p=39260"},"modified":"2026-04-27T04:16:09","modified_gmt":"2026-04-27T02:16:09","slug":"fenchel-stilltee-bio-erdbeergeschmack-40-beutel","status":"publish","type":"product","link":"https:\/\/milkydaisy.com\/de\/produit\/fenchel-stilltee-bio-erdbeergeschmack-40-beutel\/","title":{"rendered":"Stilltee Bio mit Fenchel \u2013 Erdbeergeschmack \u2013 40 Beutel"},"content":{"rendered":"<p>Stilltee mit Fenchel \u2013 Nat\u00fcrliche Zutaten zur Unterst\u00fctzung der Milchbildung<\/p>\n<p>Der Bio-Stilltee mit Fenchel und Erdbeergeschmack von Milky Daisy f\u00f6rdert die Milchbildung. Er enth\u00e4lt Fenchelsamen, K\u00fcmmel und Brennnessel. Sein zarter Erdbeerduft harmoniert mit den milden Noten von Fenchel und Rooibos. Ein fruchtiger Tee, der Sie begeistern wird. Entdecken Sie unser vollst\u00e4ndiges Sortiment an Stilltees <a href=\"https:\/\/milkydaisy.com\/tisanes-allaitement\" target=\"_new\">hier<\/a>.<\/p>\n<p><img decoding=\"async\" src=\"http:\/\/milkydaisy.com\/wp-content\/uploads\/2023\/06\/Ingredients-Tisane-Fraise-Milky-Daisy-1920-min-1300x542.jpg\" sizes=\"(max-width: 1300px) 100vw, 1300px\" srcset=\"http:\/\/milkydaisy.com\/wp-content\/uploads\/2023\/06\/Ingredients-Tisane-Fraise-Milky-Daisy-1920-min-1300x542.jpg 1300w, https:\/\/milkydaisy.com\/wp-content\/uploads\/2023\/06\/Ingredients-Tisane-Fraise-Milky-Daisy-1920-min-400x167.jpg 400w, https:\/\/milkydaisy.com\/wp-content\/uploads\/2023\/06\/Ingredients-Tisane-Fraise-Milky-Daisy-1920-min-768x320.jpg 768w, https:\/\/milkydaisy.com\/wp-content\/uploads\/2023\/06\/Ingredients-Tisane-Fraise-Milky-Daisy-1920-min-1536x640.jpg 1536w, https:\/\/milkydaisy.com\/wp-content\/uploads\/2023\/06\/Ingredients-Tisane-Fraise-Milky-Daisy-1920-min-860x358.jpg 860w, https:\/\/milkydaisy.com\/wp-content\/uploads\/2023\/06\/Ingredients-Tisane-Fraise-Milky-Daisy-1920-min-430x179.jpg 430w, https:\/\/milkydaisy.com\/wp-content\/uploads\/2023\/06\/Ingredients-Tisane-Fraise-Milky-Daisy-1920-min-700x292.jpg 700w, https:\/\/milkydaisy.com\/wp-content\/uploads\/2023\/06\/Ingredients-Tisane-Fraise-Milky-Daisy-1920-min-150x63.jpg 150w, https:\/\/milkydaisy.com\/wp-content\/uploads\/2023\/06\/Ingredients-Tisane-Fraise-Milky-Daisy-1920-min.jpg 1920w\" alt=\"\" width=\"1300\" height=\"542\" \/><\/p>\n<h2>Stilltee mit Fenchel \u2013 Einzigartiger und k\u00f6stlicher Geschmack<\/h2>\n<p>Die Originalit\u00e4t und Komplexit\u00e4t dieses Stilltees resultieren aus der Kombination von Brennnessel und K\u00fcmmel. St\u00fccke von Erdbeeren verst\u00e4rken den nat\u00fcrlichen Geschmack der Infusion. Brennnesseln sind bekannt f\u00fcr <a href=\"https:\/\/www.medicalnewstoday.com\/articles\/325244\" target=\"_blank\" rel=\"noopener\">ihre zahlreichen gesundheitlichen Vorteile<\/a>.<br \/>\n<img decoding=\"async\" src=\"http:\/\/milkydaisy.com\/wp-content\/uploads\/2023\/06\/MDT.FR1_.45-Ambiance-Web_0004_IMG_3089-min.jpg\" sizes=\"(max-width: 1200px) 100vw, 1200px\" srcset=\"http:\/\/milkydaisy.com\/wp-content\/uploads\/2023\/06\/MDT.FR1_.45-Ambiance-Web_0004_IMG_3089-min.jpg 1200w, https:\/\/milkydaisy.com\/wp-content\/uploads\/2023\/06\/MDT.FR1_.45-Ambiance-Web_0004_IMG_3089-min-400x267.jpg 400w, https:\/\/milkydaisy.com\/wp-content\/uploads\/2023\/06\/MDT.FR1_.45-Ambiance-Web_0004_IMG_3089-min-768x512.jpg 768w, https:\/\/milkydaisy.com\/wp-content\/uploads\/2023\/06\/MDT.FR1_.45-Ambiance-Web_0004_IMG_3089-min-860x573.jpg 860w, https:\/\/milkydaisy.com\/wp-content\/uploads\/2023\/06\/MDT.FR1_.45-Ambiance-Web_0004_IMG_3089-min-430x287.jpg 430w, https:\/\/milkydaisy.com\/wp-content\/uploads\/2023\/06\/MDT.FR1_.45-Ambiance-Web_0004_IMG_3089-min-700x467.jpg 700w, https:\/\/milkydaisy.com\/wp-content\/uploads\/2023\/06\/MDT.FR1_.45-Ambiance-Web_0004_IMG_3089-min-150x100.jpg 150w\" alt=\"\" width=\"1200\" height=\"800\" \/><\/p>\n<p>Ich bin Hebamme und empfehle diesen Stilltee, da ich ihn w\u00e4hrend meiner eigenen Stillzeit getestet habe. Er ist eine tolle Alternative zu den \u201eklassischen\u201c Stilltees mit einem oft sehr (zu) intensiven Fenchelgeschmack. Zudem ist er bio und in Frankreich hergestellt!<\/p>\n<p><img decoding=\"async\" src=\"http:\/\/milkydaisy.com\/wp-content\/uploads\/2023\/06\/Lea-Dussaigne.jpeg\" alt=\"L\u00e9a Dussaigne\" \/><br \/>\n<cite>L\u00e9a DussaigneFreiberufliche Hebamme in Granville<\/cite><\/p>\n<p>Ich bin absolut begeistert von euren Tees \u2013 sie sind k\u00f6stlich und sehr wirksam! Ich empfehle sie regelm\u00e4\u00dfig in meinem Umfeld weiter und sorge stets daf\u00fcr, dass mein Wickeltaschen-Vorrat immer aufgef\u00fcllt ist.<\/p>\n<p><img decoding=\"async\" src=\"http:\/\/milkydaisy.com\/wp-content\/uploads\/2023\/06\/suheda.jpg\" alt=\"suheda\" \/><br \/>\n<cite>SuhedaEntrepreneuse<\/cite><\/p>\n<p>J\u2019ai \u00e9t\u00e9 stup\u00e9faite de ces tisanes d\u2019allaitement avec une pr\u00e9f\u00e9rence pour abricot \/ miel ! \ud83e\udd17<br \/>\nJe ne me suis pas lass\u00e9e des go\u00fbts, malgr\u00e9 la prise pluriquotidienne ! \ud83d\udd25<br \/>\nElles accompagnent mon allaitement en cours ! \ud83d\ude0d M\u00eame mon mari s\u2019y est mis ! \ud83d\udc4d<br \/>\nBravo pour packaging et les saveurs !<\/p>\n<p><img decoding=\"async\" src=\"http:\/\/milkydaisy.com\/wp-content\/uploads\/2023\/06\/profil_pic.jpeg\" alt=\"clo\u00e9 bonnet viala\" \/><br \/>\n<cite>Clo\u00e9 Bonnet-VialaSage-femme en maternit\u00e9 et maman<\/cite><br \/>\n<img decoding=\"async\" src=\"http:\/\/milkydaisy.com\/wp-content\/uploads\/2023\/06\/MDT.FR1_.45-Ambiance-Web_0000_IMG_3111-min.jpg\" sizes=\"(max-width: 1200px) 100vw, 1200px\" srcset=\"http:\/\/milkydaisy.com\/wp-content\/uploads\/2023\/06\/MDT.FR1_.45-Ambiance-Web_0000_IMG_3111-min.jpg 1200w, https:\/\/milkydaisy.com\/wp-content\/uploads\/2023\/06\/MDT.FR1_.45-Ambiance-Web_0000_IMG_3111-min-400x267.jpg 400w, https:\/\/milkydaisy.com\/wp-content\/uploads\/2023\/06\/MDT.FR1_.45-Ambiance-Web_0000_IMG_3111-min-768x512.jpg 768w, https:\/\/milkydaisy.com\/wp-content\/uploads\/2023\/06\/MDT.FR1_.45-Ambiance-Web_0000_IMG_3111-min-860x573.jpg 860w, https:\/\/milkydaisy.com\/wp-content\/uploads\/2023\/06\/MDT.FR1_.45-Ambiance-Web_0000_IMG_3111-min-430x287.jpg 430w, https:\/\/milkydaisy.com\/wp-content\/uploads\/2023\/06\/MDT.FR1_.45-Ambiance-Web_0000_IMG_3111-min-700x467.jpg 700w, https:\/\/milkydaisy.com\/wp-content\/uploads\/2023\/06\/MDT.FR1_.45-Ambiance-Web_0000_IMG_3111-min-150x100.jpg 150w\" alt=\"\" width=\"1200\" height=\"800\" \/><\/p>\n<h2>Engagiert f\u00fcr Qualit\u00e4t und Umwelt<\/h2>\n<p>Bei Milky Daisy w\u00e4hlen wir ausschlie\u00dflich <strong>100 % biologische Zutaten<\/strong> aus. Fenchel, Rooibos, Brennnessel, K\u00fcmmel, Hibiskus und Erdbeerst\u00fccke stammen alle aus kontrolliert biologischem Anbau. Dies garantiert einen Tee von einwandfreier Qualit\u00e4t. Erfahren Sie mehr \u00fcber <a href=\"https:\/\/milkydaisy.com\/nos-engagements\">unsere Qualit\u00e4tsversprechen<\/a>.<br \/>\nUnser <strong>nat\u00fcrliches Erdbeeraroma<\/strong> wird in Grasse, <a href=\"http:\/\/www.ville-grasse.fr\/aromes_et_parfums.mob\" target=\"_blank\" rel=\"noopener\">der Welthauptstadt der D\u00fcfte<\/a>, hergestellt. Dies verleiht unserem Tee eine unvergleichliche Authentizit\u00e4t und Frische.<br \/>\n<img decoding=\"async\" src=\"http:\/\/milkydaisy.com\/wp-content\/uploads\/2023\/06\/Arome-Tisane-Fraise-Milky-Daisy-min-1300x542.png\" sizes=\"(max-width: 1300px) 100vw, 1300px\" srcset=\"http:\/\/milkydaisy.com\/wp-content\/uploads\/2023\/06\/Arome-Tisane-Fraise-Milky-Daisy-min-1300x542.png 1300w, https:\/\/milkydaisy.com\/wp-content\/uploads\/2023\/06\/Arome-Tisane-Fraise-Milky-Daisy-min-400x167.png 400w, https:\/\/milkydaisy.com\/wp-content\/uploads\/2023\/06\/Arome-Tisane-Fraise-Milky-Daisy-min-768x320.png 768w, https:\/\/milkydaisy.com\/wp-content\/uploads\/2023\/06\/Arome-Tisane-Fraise-Milky-Daisy-min-1536x640.png 1536w, https:\/\/milkydaisy.com\/wp-content\/uploads\/2023\/06\/Arome-Tisane-Fraise-Milky-Daisy-min-2048x853.png 2048w, https:\/\/milkydaisy.com\/wp-content\/uploads\/2023\/06\/Arome-Tisane-Fraise-Milky-Daisy-min-860x358.png 860w, https:\/\/milkydaisy.com\/wp-content\/uploads\/2023\/06\/Arome-Tisane-Fraise-Milky-Daisy-min-430x179.png 430w, https:\/\/milkydaisy.com\/wp-content\/uploads\/2023\/06\/Arome-Tisane-Fraise-Milky-Daisy-min-700x292.png 700w, https:\/\/milkydaisy.com\/wp-content\/uploads\/2023\/06\/Arome-Tisane-Fraise-Milky-Daisy-min-150x62.png 150w\" alt=\"arome naturel tisane allaitement\" width=\"1300\" height=\"542\" \/><\/p>\n<h2>Eine umweltfreundliche Verpackung<\/h2>\n<p>Jede Box enth\u00e4lt 40 Teebeutel \u2013 das entspricht einer zweiw\u00f6chigen Kur mit drei Tassen pro Tag. Unsere Teebeutel sind kompostierbar und in einem recycelbaren Plastikbeutel verpackt. Entdecken Sie unsere weiteren Stillprodukte <a href=\"https:\/\/milkydaisy.com\/produits-allaitement\" target=\"_new\">hier<\/a>.<br \/>\nWir verwenden <strong style=\"font-size: 14px; background-color: var(--bgcolor-white); color: var(--wd-text-color);\">FSC\u2122-zertifizierten recycelbaren Karton<\/strong> f\u00fcr unsere Verpackungen. Dies stellt sicher, dass unser Verpackungsmaterial aus nachhaltig bewirtschafteten W\u00e4ldern stammt. Mehr \u00fcber die FSC-Zertifizierung erfahren Sie <a style=\"font-size: 14px; background-color: var(--bgcolor-white);\" href=\"https:\/\/www.fsc.org\/en\" target=\"_new\" rel=\"noopener\">hier<\/a>.<br \/>\n<img decoding=\"async\" src=\"http:\/\/milkydaisy.com\/wp-content\/uploads\/2023\/06\/MDT.FR1_.45-Ambiance-Web_0005_IMG_3187-min-1.jpg\" sizes=\"(max-width: 1200px) 100vw, 1200px\" srcset=\"http:\/\/milkydaisy.com\/wp-content\/uploads\/2023\/06\/MDT.FR1_.45-Ambiance-Web_0005_IMG_3187-min-1.jpg 1200w, https:\/\/milkydaisy.com\/wp-content\/uploads\/2023\/06\/MDT.FR1_.45-Ambiance-Web_0005_IMG_3187-min-1-400x267.jpg 400w, https:\/\/milkydaisy.com\/wp-content\/uploads\/2023\/06\/MDT.FR1_.45-Ambiance-Web_0005_IMG_3187-min-1-768x512.jpg 768w, https:\/\/milkydaisy.com\/wp-content\/uploads\/2023\/06\/MDT.FR1_.45-Ambiance-Web_0005_IMG_3187-min-1-860x573.jpg 860w, https:\/\/milkydaisy.com\/wp-content\/uploads\/2023\/06\/MDT.FR1_.45-Ambiance-Web_0005_IMG_3187-min-1-430x287.jpg 430w, https:\/\/milkydaisy.com\/wp-content\/uploads\/2023\/06\/MDT.FR1_.45-Ambiance-Web_0005_IMG_3187-min-1-700x467.jpg 700w, https:\/\/milkydaisy.com\/wp-content\/uploads\/2023\/06\/MDT.FR1_.45-Ambiance-Web_0005_IMG_3187-min-1-150x100.jpg 150w\" alt=\"\" width=\"1200\" height=\"800\" \/><br \/>\nNiveau stimulation de la lactation je recommande vivement!<\/p>\n<footer>Sarah<\/footer>\n<p>Milch dank nat\u00fcrlicher und biologischer Pflanzen f\u00fcr eine bessere Stillzeit \u2013 das ist das ideale Produkt f\u00fcr mich.<\/p>\n<footer>Stella<\/footer>\n<p>Zuvor hatte ich einen klassischeren Stilltee, von dem ich irgendwann genug hatte. Dieser hier ist sehr lecker, aromatisch und der Geschmack kommt gut zur Geltung.<\/p>\n<footer>Aur\u00e9lie<\/footer>\n<p>Hilft effektiv bei der Milchbildung.<\/p>\n<footer>Clems<\/footer>\n<p>Die Verpackung ist sehr sch\u00f6n. Der Duft des Teebeutels ist wunderbar. Der Tee l\u00e4sst sich angenehm trinken \u2013 eine tolle \u00dcberraschung und eine sch\u00f6ne Geschenkidee! \ud83d\ude42<\/p>\n<footer>Souza<\/footer>\n<p>Dieser Stilltee duftet herrlich nach Erdbeere und schmeckt ausgezeichnet. Er ist bio und wird in Frankreich hergestellt \u2013 man merkt sofort, dass es sich um einen nat\u00fcrlichen und hochwertigen Tee handelt.<\/p>\n<footer>Mandarine<\/footer>\n<p>Es sind wirklich viele Teebeutel in der Box, und die Qualit\u00e4t der Beutel ist deutlich besser als die, die man sonst findet. Der Geschmack passt f\u00fcr jeden und kann zu jeder Tageszeit genossen werden!<\/p>\n<footer>Zia<\/footer>\n<p>Ich liebe diese Tees! Der Erdbeertee ist einfach k\u00f6stlich \u2013 ein echter Genuss! Bio und in Frankreich hergestellt, die Qualit\u00e4t ist sp\u00fcrbar. Absolute Empfehlung!<\/p>\n<footer>Kyumi<\/footer>\n<p>Ich finde, dass es ein sehr hochwertiges Produkt ist. Die Mischung der Aromen ist gelungen, da man die Geschmacksnoten bei jedem Schluck deutlich wahrnimmt.<\/p>\n<footer>Nirina<\/footer>\n<p>&nbsp;<\/p>\n<p><img decoding=\"async\" src=\"http:\/\/milkydaisy.com\/wp-content\/uploads\/2023\/06\/MDT.FR1_.45-Ambiance-Web_0002_IMG_3132-min.jpg\" sizes=\"(max-width: 1200px) 100vw, 1200px\" srcset=\"http:\/\/milkydaisy.com\/wp-content\/uploads\/2023\/06\/MDT.FR1_.45-Ambiance-Web_0002_IMG_3132-min.jpg 1200w, https:\/\/milkydaisy.com\/wp-content\/uploads\/2023\/06\/MDT.FR1_.45-Ambiance-Web_0002_IMG_3132-min-400x267.jpg 400w, https:\/\/milkydaisy.com\/wp-content\/uploads\/2023\/06\/MDT.FR1_.45-Ambiance-Web_0002_IMG_3132-min-768x512.jpg 768w, https:\/\/milkydaisy.com\/wp-content\/uploads\/2023\/06\/MDT.FR1_.45-Ambiance-Web_0002_IMG_3132-min-860x573.jpg 860w, https:\/\/milkydaisy.com\/wp-content\/uploads\/2023\/06\/MDT.FR1_.45-Ambiance-Web_0002_IMG_3132-min-430x287.jpg 430w, https:\/\/milkydaisy.com\/wp-content\/uploads\/2023\/06\/MDT.FR1_.45-Ambiance-Web_0002_IMG_3132-min-700x467.jpg 700w, https:\/\/milkydaisy.com\/wp-content\/uploads\/2023\/06\/MDT.FR1_.45-Ambiance-Web_0002_IMG_3132-min-150x100.jpg 150w\" alt=\"\" width=\"1200\" height=\"800\" \/><\/p>\n<h2>Ein Moment der Entspannung f\u00fcr Sie<\/h2>\n<p>Dieser Tee ist ideal f\u00fcr stillende M\u00fctter. Er ist aber auch eine hervorragende Wahl f\u00fcr alle, die eine k\u00f6stliche und entspannende Kr\u00e4uterinfusion suchen. Sie k\u00f6nnen ihn hei\u00df oder kalt genie\u00dfen. Schauen Sie sich unsere <a href=\"https:\/\/milkydaisy.com\/conseils-allaitement\">Tipps f\u00fcr eine erfolgreiche Stillzeit<\/a> an.<br \/>\nMit dem <strong>Stilltee mit Fenchel von Milky Daisy \u2013 Erdbeergeschmack<\/strong> unterst\u00fctzen Sie Ihre Stillzeit und g\u00f6nnen sich gleichzeitig einen k\u00f6stlichen Moment der Entspannung.<\/p>\n","protected":false},"excerpt":{"rendered":"<p>Der <strong>Stilltee mit Fenchel von Milky Daisy \u2013 Erdbeergeschmack<\/strong> ist weit mehr als nur eine einfache Kr\u00e4uterinfusion. <strong>Mit Liebe in Frankreich hergestellt<\/strong>, wurde dieser Tee speziell entwickelt, um stillende M\u00fctter wie mich zu unterst\u00fctzen. Jedes Detail wird mit besonderer Sorgfalt bedacht, denn wir wissen, wie wertvoll jeder Moment f\u00fcr Sie und Ihr Baby ist. Erfahren Sie mehr \u00fcber unseren Herstellungsprozess <a href=\"https:\/\/milkydaisy.com\/notre-processus-de-fabrication\" target=\"_new\" rel=\"noopener\">hier<\/a>.<\/p>\n<p><img decoding=\"async\" class=\"alignnone wp-image-15805\" src=\"http:\/\/milkydaisy.com\/wp-content\/uploads\/2023\/06\/AB-Converted-249x300.png\" alt=\"\" width=\"41\" height=\"50\" \/><br \/>\n<img decoding=\"async\" class=\"alignnone wp-image-15807\" src=\"http:\/\/milkydaisy.com\/wp-content\/uploads\/2023\/06\/Eurofeuille_couleurAB-400x266.jpg\" alt=\"\" width=\"75\" height=\"50\" \/><br \/>\n<img decoding=\"async\" class=\"alignnone wp-image-15810\" src=\"http:\/\/milkydaisy.com\/wp-content\/uploads\/2023\/06\/mad_bloc_cartouche_rvb-small-191x300.jpg\" alt=\"\" width=\"32\" height=\"50\" \/><br \/>\n<img decoding=\"async\" class=\"alignnone wp-image-15809\" src=\"http:\/\/milkydaisy.com\/wp-content\/uploads\/2023\/06\/fsc_solo-260x300.png\" alt=\"\" width=\"43\" height=\"50\" \/><\/p>\n","protected":false},"featured_media":39362,"comment_status":"open","ping_status":"closed","template":"","meta":[],"product_brand":[233],"product_cat":[110],"product_tag":[],"class_list":{"0":"post-39260","1":"product","2":"type-product","3":"status-publish","4":"has-post-thumbnail","6":"product_brand-milky-daisy","7":"product_cat-krautertees","9":"first","10":"outofstock","11":"taxable","12":"shipping-taxable","13":"purchasable","14":"product-type-simple"},"_links":{"self":[{"href":"https:\/\/milkydaisy.com\/de\/wp-json\/wp\/v2\/product\/39260","targetHints":{"allow":["GET"]}}],"collection":[{"href":"https:\/\/milkydaisy.com\/de\/wp-json\/wp\/v2\/product"}],"about":[{"href":"https:\/\/milkydaisy.com\/de\/wp-json\/wp\/v2\/types\/product"}],"replies":[{"embeddable":true,"href":"https:\/\/milkydaisy.com\/de\/wp-json\/wp\/v2\/comments?post=39260"}],"wp:featuredmedia":[{"embeddable":true,"href":"https:\/\/milkydaisy.com\/de\/wp-json\/wp\/v2\/media\/39362"}],"wp:attachment":[{"href":"https:\/\/milkydaisy.com\/de\/wp-json\/wp\/v2\/media?parent=39260"}],"wp:term":[{"taxonomy":"product_brand","embeddable":true,"href":"https:\/\/milkydaisy.com\/de\/wp-json\/wp\/v2\/product_brand?post=39260"},{"taxonomy":"product_cat","embeddable":true,"href":"https:\/\/milkydaisy.com\/de\/wp-json\/wp\/v2\/product_cat?post=39260"},{"taxonomy":"product_tag","embeddable":true,"href":"https:\/\/milkydaisy.com\/de\/wp-json\/wp\/v2\/product_tag?post=39260"}],"curies":[{"name":"wp","href":"https:\/\/api.w.org\/{rel}","templated":true}]}}