{"id":47512,"date":"2026-03-23T22:22:03","date_gmt":"2026-03-23T21:22:03","guid":{"rendered":"http:\/\/milkydaisy.com\/stillprobleme-schwierigkeiten\/"},"modified":"2026-03-23T22:22:03","modified_gmt":"2026-03-23T21:22:03","slug":"stillprobleme-schwierigkeiten","status":"publish","type":"page","link":"https:\/\/milkydaisy.com\/de\/stillen\/stillprobleme-schwierigkeiten\/","title":{"rendered":"Stillprobleme und Schwierigkeiten"},"content":{"rendered":"Willkommen in unserem Bereich &#8222;Stillen&#8220; unseres Blogs. Hier teilen wir unsere Leidenschaft und unser Fachwissen, um M\u00fctter auf ihrem gesamten Stillweg zu unterst\u00fctzen. Ob praktische Tipps, n\u00e4hrstoffreiche Rezepte zur F\u00f6rderung der Milchproduktion oder inspirierende Stillgeschichten von M\u00fcttern \u2013 wir haben eine F\u00fclle von Informationen zusammengestellt, um Ihnen in dieser wunderbaren und manchmal herausfordernden Zeit zu helfen.\n\nDenn bei Milky Daisy glauben wir, dass jede Mutter eine positive und erf\u00fcllende Stillerfahrung verdient. Setzen Sie sich hin, genie\u00dfen Sie eine Tasse unseres Stilltees und lassen Sie uns gemeinsam die Welt des Stillens entdecken.\n<h1>Mehr erfahren \u00fcber die Ern\u00e4hrung w\u00e4hrend der Stillzeit<\/h1>\n<style>\/*! elementor - v3.14.0 - 26-06-2023 *\/\n.elementor-column .elementor-spacer-inner{height:var(--spacer-size)}.e-con{--container-widget-width:100%}.e-con-inner>.elementor-widget-spacer,.e-con>.elementor-widget-spacer{width:var(--container-widget-width,var(--spacer-size));--align-self:var(--container-widget-align-self,initial);--flex-shrink:0}.e-con-inner>.elementor-widget-spacer>.elementor-widget-container,.e-con-inner>.elementor-widget-spacer>.elementor-widget-container>.elementor-spacer,.e-con>.elementor-widget-spacer>.elementor-widget-container,.e-con>.elementor-widget-spacer>.elementor-widget-container>.elementor-spacer{height:100%}.e-con-inner>.elementor-widget-spacer>.elementor-widget-container>.elementor-spacer>.elementor-spacer-inner,.e-con>.elementor-widget-spacer>.elementor-widget-container>.elementor-spacer>.elementor-spacer-inner{height:var(--container-widget-height,var(--spacer-size))}<\/style>\t\t\t\t\t\t\t<a href=\"\/?page_id=18707\">\n<img width=\"300\" height=\"175\" src=\"https:\/\/milkydaisy.com\/wp-content\/uploads\/2023\/07\/bol-de-fruit-alimentation-allaitement-300-x-175-min-jpg.webp\" alt=\"\" decoding=\"async\" loading=\"lazy\" srcset=\"https:\/\/milkydaisy.com\/wp-content\/uploads\/2023\/07\/bol-de-fruit-alimentation-allaitement-300-x-175-min-jpg.webp 300w, https:\/\/milkydaisy.com\/wp-content\/uploads\/2023\/07\/bol-de-fruit-alimentation-allaitement-300-x-175-min-150x88.webp 150w\" sizes=\"auto, (max-width: 300px) 100vw, 300px\" data-has-transparency=\"false\" data-dominant-color=\"826965\" style=\"--dominant-color: #826965;\">\t\t\t\t\t\t\t<\/a>\n<h6><a href=\"\/?page_id=18707\">Still-Snacks<\/a><\/h6>\n<img width=\"300\" height=\"175\" src=\"https:\/\/milkydaisy.com\/wp-content\/uploads\/2023\/07\/bol-de-fruit-alimentation-allaitement-300-x-175-min-jpg.webp\" alt=\"\" decoding=\"async\" loading=\"lazy\" srcset=\"https:\/\/milkydaisy.com\/wp-content\/uploads\/2023\/07\/bol-de-fruit-alimentation-allaitement-300-x-175-min-jpg.webp 300w, https:\/\/milkydaisy.com\/wp-content\/uploads\/2023\/07\/bol-de-fruit-alimentation-allaitement-300-x-175-min-150x88.webp 150w\" sizes=\"auto, (max-width: 300px) 100vw, 300px\" data-has-transparency=\"false\" data-dominant-color=\"826965\" style=\"--dominant-color: #826965;\">\n<h6>Stillrezepte<\/h6>\n<img width=\"300\" height=\"175\" src=\"https:\/\/milkydaisy.com\/wp-content\/uploads\/2023\/07\/bol-de-fruit-alimentation-allaitement-300-x-175-min-jpg.webp\" alt=\"\" decoding=\"async\" loading=\"lazy\" srcset=\"https:\/\/milkydaisy.com\/wp-content\/uploads\/2023\/07\/bol-de-fruit-alimentation-allaitement-300-x-175-min-jpg.webp 300w, https:\/\/milkydaisy.com\/wp-content\/uploads\/2023\/07\/bol-de-fruit-alimentation-allaitement-300-x-175-min-150x88.webp 150w\" sizes=\"auto, (max-width: 300px) 100vw, 300px\" data-has-transparency=\"false\" data-dominant-color=\"826965\" style=\"--dominant-color: #826965;\">\n<h6>Milchbildende Lebensmittel<\/h6>\n<h6>&nbsp;<\/h6>\n<img width=\"300\" height=\"175\" src=\"https:\/\/milkydaisy.com\/wp-content\/uploads\/2023\/07\/bol-de-fruit-alimentation-allaitement-300-x-175-min-jpg.webp\" alt=\"\" decoding=\"async\" loading=\"lazy\" srcset=\"https:\/\/milkydaisy.com\/wp-content\/uploads\/2023\/07\/bol-de-fruit-alimentation-allaitement-300-x-175-min-jpg.webp 300w, https:\/\/milkydaisy.com\/wp-content\/uploads\/2023\/07\/bol-de-fruit-alimentation-allaitement-300-x-175-min-150x88.webp 150w\" sizes=\"auto, (max-width: 300px) 100vw, 300px\" data-has-transparency=\"false\" data-dominant-color=\"826965\" style=\"--dominant-color: #826965;\">\n<h6>Lebensmittel, die in der Stillzeit vermieden werden sollten<\/h6>\n<img width=\"300\" height=\"175\" src=\"https:\/\/milkydaisy.com\/wp-content\/uploads\/2023\/07\/bol-de-fruit-alimentation-allaitement-300-x-175-min-jpg.webp\" alt=\"\" decoding=\"async\" loading=\"lazy\" srcset=\"https:\/\/milkydaisy.com\/wp-content\/uploads\/2023\/07\/bol-de-fruit-alimentation-allaitement-300-x-175-min-jpg.webp 300w, https:\/\/milkydaisy.com\/wp-content\/uploads\/2023\/07\/bol-de-fruit-alimentation-allaitement-300-x-175-min-150x88.webp 150w\" sizes=\"auto, (max-width: 300px) 100vw, 300px\" data-has-transparency=\"false\" data-dominant-color=\"826965\" style=\"--dominant-color: #826965;\">\n<h6>Qualit\u00e4t der Muttermilch<\/h6>\n<img width=\"300\" height=\"175\" src=\"https:\/\/milkydaisy.com\/wp-content\/uploads\/2023\/07\/bol-de-fruit-alimentation-allaitement-300-x-175-min-jpg.webp\" alt=\"\" decoding=\"async\" loading=\"lazy\" srcset=\"https:\/\/milkydaisy.com\/wp-content\/uploads\/2023\/07\/bol-de-fruit-alimentation-allaitement-300-x-175-min-jpg.webp 300w, https:\/\/milkydaisy.com\/wp-content\/uploads\/2023\/07\/bol-de-fruit-alimentation-allaitement-300-x-175-min-150x88.webp 150w\" sizes=\"auto, (max-width: 300px) 100vw, 300px\" data-has-transparency=\"false\" data-dominant-color=\"826965\" style=\"--dominant-color: #826965;\">\n<h6>Fl\u00fcssigkeitszufuhr w\u00e4hrend der Stillzeit<\/h6>\n<h1>Unsere neuesten Artikel zur Ern\u00e4hrung in der Stillzeit<\/h1>\n\n\n<h2 class=\"wp-block-heading\">H\u00e4ufige Stillprobleme<\/h2>\n\n\n<ul class=\"wp-block-list\">\n<li><a href=\"\/?p=43792\">Verstopfter Milchkanal<\/a><\/li>\n<li><a href=\"\/?p=43828\">Wei\u00dfe Brustwarze<\/a><\/li>\n<li><a href=\"\/?p=43819\">Stillrisse<\/a><\/li>\n<li><a href=\"\/?p=43816\">Saugblase<\/a><\/li>\n<li><a href=\"\/?p=44227\">Milchstau-Knoten<\/a><\/li>\n<li><a href=\"\/?p=43839\">Wei\u00dfe Brustwarzen und Vasospasmus<\/a><\/li>\n<li><a href=\"\/?p=43823\">Zungenb\u00e4ndchen<\/a><\/li>\n<li><a href=\"\/?p=43824\">Lippenb\u00e4ndchen<\/a><\/li>\n<li><a href=\"\/?p=43822\">Wangenb\u00e4ndchen<\/a><\/li>\n<li><a href=\"\/?p=43806\">Stillaversion<\/a><\/li>\n<li><a href=\"\/?page_id=43856\">Dysphorischer Milchspendereflex<\/a><\/li>\n<li><a href=\"\/?p=43832\">Blutungen w\u00e4hrend der Stillzeit<\/a><\/li>\n<li><a href=\"\/?p=43805\">Schmerzhafte Knoten nach dem Abstillen<\/a><\/li>\n<li><a href=\"\/soulager-engorgement-mammaire\/\">Milchstau<\/a><\/li>\n<li><a href=\"\/baisse-de-lactation\/\">Milchmangel<\/a><\/li>\n<\/ul>\n\n","protected":false},"excerpt":{"rendered":"<p>Willkommen in unserem Bereich &#8222;Stillen&#8220; unseres Blogs. Hier teilen wir unsere Leidenschaft und unser Fachwissen, um M\u00fctter auf ihrem gesamten Stillweg zu unterst\u00fctzen. Ob praktische Tipps, n\u00e4hrstoffreiche Rezepte zur F\u00f6rderung der Milchproduktion oder inspirierende Stillgeschichten von M\u00fcttern \u2013 wir haben eine F\u00fclle von Informationen zusammengestellt, um Ihnen in dieser wunderbaren und manchmal herausfordernden Zeit zu &#8230; <a title=\"Stillprobleme und Schwierigkeiten\" class=\"read-more\" href=\"https:\/\/milkydaisy.com\/de\/stillen\/stillprobleme-schwierigkeiten\/\" aria-label=\"Mehr Informationen \u00fcber Stillprobleme und Schwierigkeiten\">Weiterlesen<\/a><\/p>\n","protected":false},"author":0,"featured_media":0,"parent":18730,"menu_order":0,"comment_status":"closed","ping_status":"closed","template":"","meta":{"footnotes":""},"class_list":["post-47512","page","type-page","status-publish"],"_links":{"self":[{"href":"https:\/\/milkydaisy.com\/de\/wp-json\/wp\/v2\/pages\/47512","targetHints":{"allow":["GET"]}}],"collection":[{"href":"https:\/\/milkydaisy.com\/de\/wp-json\/wp\/v2\/pages"}],"about":[{"href":"https:\/\/milkydaisy.com\/de\/wp-json\/wp\/v2\/types\/page"}],"replies":[{"embeddable":true,"href":"https:\/\/milkydaisy.com\/de\/wp-json\/wp\/v2\/comments?post=47512"}],"version-history":[{"count":0,"href":"https:\/\/milkydaisy.com\/de\/wp-json\/wp\/v2\/pages\/47512\/revisions"}],"up":[{"embeddable":true,"href":"https:\/\/milkydaisy.com\/de\/wp-json\/wp\/v2\/pages\/18730"}],"wp:attachment":[{"href":"https:\/\/milkydaisy.com\/de\/wp-json\/wp\/v2\/media?parent=47512"}],"curies":[{"name":"wp","href":"https:\/\/api.w.org\/{rel}","templated":true}]}}