{"id":47503,"date":"2026-03-23T22:12:10","date_gmt":"2026-03-23T21:12:10","guid":{"rendered":"http:\/\/milkydaisy.com\/milky-daisy-engagement\/"},"modified":"2026-03-23T22:12:10","modified_gmt":"2026-03-23T21:12:10","slug":"milky-daisy-engagement","status":"publish","type":"page","link":"https:\/\/milkydaisy.com\/de\/ueber-uns\/milky-daisy-engagement\/","title":{"rendered":"Das Engagement von Milky Daisy"},"content":{"rendered":"<h2>Unsere Leidenschaft, Ihre Unterst\u00fctzung<\/h2>\n<p>Willkommen bei Milky Daisy, einem engagierten Unternehmen, bei dem jedes Detail f\u00fcr Sie durchdacht ist. Unsere Liebe und unser Engagement stehen im Mittelpunkt jedes Produkts, das wir entwickeln. Jeder Artikel wird sorgf\u00e4ltig mit Aufmerksamkeit, Hingabe und einer pers\u00f6nlichen Note gestaltet, um das Beste f\u00fcr unsere gesch\u00e4tzten Kundinnen zu gew\u00e4hrleisten.<\/p>\n<p><img width=\"800\" height=\"400\" src=\"https:\/\/milkydaisy.com\/wp-content\/uploads\/2023\/07\/Untitled-1_0003_djerem_See_a_diverse_group_of_mothers_from_around_the_world_co_4b14371f-7408-4cdf-8743-343e643f540823-jpg.webp\" alt=\"\" decoding=\"async\" loading=\"lazy\" srcset=\"https:\/\/milkydaisy.com\/wp-content\/uploads\/2023\/07\/Untitled-1_0003_djerem_See_a_diverse_group_of_mothers_from_around_the_world_co_4b14371f-7408-4cdf-8743-343e643f540823-jpg.webp 800w, https:\/\/milkydaisy.com\/wp-content\/uploads\/2023\/07\/Untitled-1_0003_djerem_See_a_diverse_group_of_mothers_from_around_the_world_co_4b14371f-7408-4cdf-8743-343e643f540823-400x200.webp 400w, https:\/\/milkydaisy.com\/wp-content\/uploads\/2023\/07\/Untitled-1_0003_djerem_See_a_diverse_group_of_mothers_from_around_the_world_co_4b14371f-7408-4cdf-8743-343e643f540823-768x384.webp 768w, https:\/\/milkydaisy.com\/wp-content\/uploads\/2023\/07\/Untitled-1_0003_djerem_See_a_diverse_group_of_mothers_from_around_the_world_co_4b14371f-7408-4cdf-8743-343e643f540823-430x215.webp 430w, https:\/\/milkydaisy.com\/wp-content\/uploads\/2023\/07\/Untitled-1_0003_djerem_See_a_diverse_group_of_mothers_from_around_the_world_co_4b14371f-7408-4cdf-8743-343e643f540823-700x350.webp 700w, https:\/\/milkydaisy.com\/wp-content\/uploads\/2023\/07\/Untitled-1_0003_djerem_See_a_diverse_group_of_mothers_from_around_the_world_co_4b14371f-7408-4cdf-8743-343e643f540823-150x75.webp 150w\" sizes=\"auto, (max-width: 800px) 100vw, 800px\" \/><\/p>\n<h2 style=\"margin-bottom: var(--wd-tags-mb); font-style: normal; font-variant-ligatures: normal; font-variant-caps: normal; font-weight: var(--wd-title-font-weight); font-family: Montserrat, Arial, Helvetica, sans-serif; text-transform: var(--wd-title-transform); white-space-collapse: collapse;\">M\u00dcTTER UNTERST\u00dcTZEN, BABYS N\u00c4HREN<\/h2>\n<p style=\"margin-bottom: var(--wd-tags-mb); font-style: normal; font-variant-ligatures: normal; font-variant-caps: normal; font-weight: 400; font-family: Montserrat, Arial, Helvetica, sans-serif; font-size: 14px; white-space-collapse: collapse;\">Stillen ist eine Reise, manchmal herausfordernd, aber immer bereichernd. Bei Milky Daisy leitet uns eine tiefe Mission: jede Mama auf dieser Stillreise zu begleiten. Wir glauben fest daran, dass jede Mama mit ihren einzigartigen Herausforderungen und Erfahrungen die bestm\u00f6gliche Unterst\u00fctzung verdient. Deshalb bieten wir ein vielf\u00e4ltiges Sortiment, das auf die individuellen Bed\u00fcrfnisse jeder Einzelnen abgestimmt ist.<\/p>\n<p><img width=\"800\" height=\"400\" src=\"https:\/\/milkydaisy.com\/wp-content\/uploads\/2023\/07\/Untitled-1_0002_djerem_See_a_diverse_group_of_mothers_from_around_the_world_co_4b14371f-7408-4cdf-8743-343e643f54082-jpg.webp\" alt=\"\" decoding=\"async\" loading=\"lazy\" srcset=\"https:\/\/milkydaisy.com\/wp-content\/uploads\/2023\/07\/Untitled-1_0002_djerem_See_a_diverse_group_of_mothers_from_around_the_world_co_4b14371f-7408-4cdf-8743-343e643f54082-jpg.webp 800w, https:\/\/milkydaisy.com\/wp-content\/uploads\/2023\/07\/Untitled-1_0002_djerem_See_a_diverse_group_of_mothers_from_around_the_world_co_4b14371f-7408-4cdf-8743-343e643f54082-400x200.webp 400w, https:\/\/milkydaisy.com\/wp-content\/uploads\/2023\/07\/Untitled-1_0002_djerem_See_a_diverse_group_of_mothers_from_around_the_world_co_4b14371f-7408-4cdf-8743-343e643f54082-768x384.webp 768w, https:\/\/milkydaisy.com\/wp-content\/uploads\/2023\/07\/Untitled-1_0002_djerem_See_a_diverse_group_of_mothers_from_around_the_world_co_4b14371f-7408-4cdf-8743-343e643f54082-430x215.webp 430w, https:\/\/milkydaisy.com\/wp-content\/uploads\/2023\/07\/Untitled-1_0002_djerem_See_a_diverse_group_of_mothers_from_around_the_world_co_4b14371f-7408-4cdf-8743-343e643f54082-700x350.webp 700w, https:\/\/milkydaisy.com\/wp-content\/uploads\/2023\/07\/Untitled-1_0002_djerem_See_a_diverse_group_of_mothers_from_around_the_world_co_4b14371f-7408-4cdf-8743-343e643f54082-150x75.webp 150w\" sizes=\"auto, (max-width: 800px) 100vw, 800px\" \/><\/p>\n<h2 style=\"margin-bottom: var(--wd-tags-mb); font-style: normal; font-variant-ligatures: normal; font-variant-caps: normal; font-weight: var(--wd-title-font-weight); font-family: Montserrat, Arial, Helvetica, sans-serif; text-transform: var(--wd-title-transform); white-space-collapse: collapse;\">QUALIT\u00c4T IM HERZEN UNSERER LEIDENSCHAFT<\/h2>\n<p style=\"margin-bottom: var(--wd-tags-mb); font-style: normal; font-variant-ligatures: normal; font-variant-caps: normal; font-weight: 400; font-family: Montserrat, Arial, Helvetica, sans-serif; font-size: 14px; color: #777777; text-transform: none;\">Vertrauen wird durch Qualit\u00e4t gewonnen. Jedes Milky Daisy Produkt verk\u00f6rpert dieses Ideal. Wir verwenden sorgf\u00e4ltig ausgew\u00e4hlte biologische Zutaten und setzen auf umweltfreundliche Verpackungen. Unsere Produkte sind nicht nur auf Wirksamkeit ausgelegt, sondern auch darauf, gesund, sicher und an die empfindliche Stillphase angepasst zu sein.<\/p>\n<p><img width=\"800\" height=\"400\" src=\"https:\/\/milkydaisy.com\/wp-content\/uploads\/2023\/07\/Untitled-1_0000_djerem_See_a_diverse_group_of_mothers_from_around_the_world_co_4b14371f-7408-4cdf-8743-343e643f5408234-jpg.webp\" alt=\"Kundenservice beantwortet eine Anfrage\" decoding=\"async\" loading=\"lazy\" srcset=\"https:\/\/milkydaisy.com\/wp-content\/uploads\/2023\/07\/Untitled-1_0000_djerem_See_a_diverse_group_of_mothers_from_around_the_world_co_4b14371f-7408-4cdf-8743-343e643f5408234-jpg.webp 800w, https:\/\/milkydaisy.com\/wp-content\/uploads\/2023\/07\/Untitled-1_0000_djerem_See_a_diverse_group_of_mothers_from_around_the_world_co_4b14371f-7408-4cdf-8743-343e643f5408234-400x200.webp 400w, https:\/\/milkydaisy.com\/wp-content\/uploads\/2023\/07\/Untitled-1_0000_djerem_See_a_diverse_group_of_mothers_from_around_the_world_co_4b14371f-7408-4cdf-8743-343e643f5408234-768x384.webp 768w, https:\/\/milkydaisy.com\/wp-content\/uploads\/2023\/07\/Untitled-1_0000_djerem_See_a_diverse_group_of_mothers_from_around_the_world_co_4b14371f-7408-4cdf-8743-343e643f5408234-430x215.webp 430w, https:\/\/milkydaisy.com\/wp-content\/uploads\/2023\/07\/Untitled-1_0000_djerem_See_a_diverse_group_of_mothers_from_around_the_world_co_4b14371f-7408-4cdf-8743-343e643f5408234-700x350.webp 700w, https:\/\/milkydaisy.com\/wp-content\/uploads\/2023\/07\/Untitled-1_0000_djerem_See_a_diverse_group_of_mothers_from_around_the_world_co_4b14371f-7408-4cdf-8743-343e643f5408234-150x75.webp 150w\" sizes=\"auto, (max-width: 800px) 100vw, 800px\" \/><\/p>\n<h3 style=\"margin-bottom: var(--wd-tags-mb); font-style: normal; font-variant-ligatures: normal; font-variant-caps: normal; font-weight: var(--wd-title-font-weight); font-family: Montserrat, Arial, Helvetica, sans-serif; text-transform: var(--wd-title-transform); white-space-collapse: collapse;\">IHRE ZUFRIEDENHEIT, UNSER ZIEL<\/h3>\n<p>Wir sch\u00e4tzen jedes Feedback, jeden Erfahrungsbericht. Mit dem Engagement, Sie zufriedenzustellen, steht unser hingebungsvolles Team stets bereit, um auf Ihre Bed\u00fcrfnisse einzugehen. Jedes Mitglied unseres Teams ist darauf geschult, Ihnen den bestm\u00f6glichen Service zu bieten. Entdecken Sie unser Sortiment, profitieren Sie von unseren Tipps und teilen Sie gerne Ihre Erfahrungen mit uns.<\/p>\n<p>Entdecken Sie unseren Blog, einen Bereich rund um das Stillen. Mit zahlreichen Tipps, Erfahrungsberichten und Forschungsergebnissen m\u00f6chte er alle Mamas begleiten und informieren.<\/p>\n<p><img width=\"800\" height=\"400\" src=\"https:\/\/milkydaisy.com\/wp-content\/uploads\/2023\/07\/Untitled-1_0001_djerem_See_a_diverse_group_of_mothers_from_around_the_world_co_4b14371f-7408-4cdf-8743-343e643f5408-jpg.webp\" alt=\"Gruppe von M\u00fcttern mit ihren Babys\" decoding=\"async\" loading=\"lazy\" srcset=\"https:\/\/milkydaisy.com\/wp-content\/uploads\/2023\/07\/Untitled-1_0001_djerem_See_a_diverse_group_of_mothers_from_around_the_world_co_4b14371f-7408-4cdf-8743-343e643f5408-jpg.webp 800w, https:\/\/milkydaisy.com\/wp-content\/uploads\/2023\/07\/Untitled-1_0001_djerem_See_a_diverse_group_of_mothers_from_around_the_world_co_4b14371f-7408-4cdf-8743-343e643f5408-400x200.webp 400w, https:\/\/milkydaisy.com\/wp-content\/uploads\/2023\/07\/Untitled-1_0001_djerem_See_a_diverse_group_of_mothers_from_around_the_world_co_4b14371f-7408-4cdf-8743-343e643f5408-768x384.webp 768w, https:\/\/milkydaisy.com\/wp-content\/uploads\/2023\/07\/Untitled-1_0001_djerem_See_a_diverse_group_of_mothers_from_around_the_world_co_4b14371f-7408-4cdf-8743-343e643f5408-430x215.webp 430w, https:\/\/milkydaisy.com\/wp-content\/uploads\/2023\/07\/Untitled-1_0001_djerem_See_a_diverse_group_of_mothers_from_around_the_world_co_4b14371f-7408-4cdf-8743-343e643f5408-700x350.webp 700w, https:\/\/milkydaisy.com\/wp-content\/uploads\/2023\/07\/Untitled-1_0001_djerem_See_a_diverse_group_of_mothers_from_around_the_world_co_4b14371f-7408-4cdf-8743-343e643f5408-150x75.webp 150w\" sizes=\"auto, (max-width: 800px) 100vw, 800px\" \/><\/p>\n<h3 style=\"margin-bottom: var(--wd-tags-mb); font-style: normal; font-variant-ligatures: normal; font-variant-caps: normal; font-weight: var(--wd-title-font-weight); font-family: Montserrat, Arial, Helvetica, sans-serif; text-transform: var(--wd-title-transform); white-space-collapse: collapse;\">WERDEN SIE TEIL UNSERER REISE<\/h3>\n<p style=\"margin-bottom: var(--wd-tags-mb); font-style: normal; font-variant-ligatures: normal; font-variant-caps: normal; font-weight: 400; font-family: Montserrat, Arial, Helvetica, sans-serif; font-size: 14px; white-space-collapse: collapse;\">Bei Milky Daisy zu sein bedeutet, eine Gemeinschaft zu w\u00e4hlen. Es bedeutet, sich mit Experten und anderen Mamas zu umgeben, die Ihren Weg teilen und verstehen. Wir sch\u00e4tzen jede Geschichte, jede Erfahrung. Ihre Stimme ist uns wichtig, und wir freuen uns darauf, von Ihnen zu h\u00f6ren.<\/p>\n<p><a href=\"https:\/\/milkydaisy.com\/shop\/\">Entdecken Sie auch unsere Produkte.<\/a><\/p>\n<p>Milky Daisy ist weit mehr als nur eine Marke. Es ist ein Versprechen, ein t\u00e4gliches Engagement f\u00fcr Sie. Wir arbeiten jeden Tag daran, das Stillen zu einem sanfteren, gelasseneren und freudigeren Erlebnis zu machen. Ihr Vertrauen ist unser gr\u00f6\u00dfter Stolz und Ihre Zufriedenheit unsere h\u00f6chste Belohnung.<\/p>\n<h3 style=\"margin-bottom: var(--wd-tags-mb); font-style: normal; font-variant-ligatures: normal; font-variant-caps: normal; font-weight: var(--wd-title-font-weight); font-family: Montserrat, Arial, Helvetica, sans-serif; text-transform: var(--wd-title-transform); white-space-collapse: collapse;\"><strong>ZUS\u00c4TZLICHE RESSOURCEN<\/strong><\/h3>\n<p>Stillen ist eine einzigartige Reise f\u00fcr jede Mama, und der Zugang zu zuverl\u00e4ssigen Ressourcen ist unerl\u00e4sslich. F\u00fcr alle, die weitere Informationen und Unterst\u00fctzung zum Thema Stillen suchen, empfehlen wir die Website der Weltgesundheitsorganisation (WHO), die zahlreiche Ressourcen und Studien \u00fcber die Vorteile und bew\u00e4hrten Methoden des Stillens bietet. Entdecken Sie sie <a href=\"https:\/\/www.who.int\/fr\/health-topics\/breastfeeding#tab=tab_1\" target=\"_new\" rel=\"noopener\">hier<\/a>.<\/p>\n<p>Au\u00dferdem ist <a href=\"https:\/\/www.lllfrance.org\/\" target=\"_new\" rel=\"noopener\">La Leche League<\/a> eine internationale Organisation, die sich der Unterst\u00fctzung des Stillens widmet. Sie bieten eine Vielzahl von Ressourcen, Selbsthilfegruppen und Expertenratschl\u00e4gen, um M\u00fcttern bei den Herausforderungen und Freuden des Stillens zu helfen.<\/p>\n","protected":false},"excerpt":{"rendered":"<p>Unsere Leidenschaft, Ihre Unterst\u00fctzung Willkommen bei Milky Daisy, einem engagierten Unternehmen, bei dem jedes Detail f\u00fcr Sie durchdacht ist. Unsere Liebe und unser Engagement stehen im Mittelpunkt jedes Produkts, das wir entwickeln. Jeder Artikel wird sorgf\u00e4ltig mit Aufmerksamkeit, Hingabe und einer pers\u00f6nlichen Note gestaltet, um das Beste f\u00fcr unsere gesch\u00e4tzten Kundinnen zu gew\u00e4hrleisten. M\u00dcTTER UNTERST\u00dcTZEN, &#8230; <a title=\"Das Engagement von Milky Daisy\" class=\"read-more\" href=\"https:\/\/milkydaisy.com\/de\/ueber-uns\/milky-daisy-engagement\/\" aria-label=\"Mehr Informationen \u00fcber Das Engagement von Milky Daisy\">Weiterlesen<\/a><\/p>\n","protected":false},"author":0,"featured_media":0,"parent":18483,"menu_order":0,"comment_status":"closed","ping_status":"closed","template":"","meta":{"footnotes":""},"class_list":["post-47503","page","type-page","status-publish"],"_links":{"self":[{"href":"https:\/\/milkydaisy.com\/de\/wp-json\/wp\/v2\/pages\/47503","targetHints":{"allow":["GET"]}}],"collection":[{"href":"https:\/\/milkydaisy.com\/de\/wp-json\/wp\/v2\/pages"}],"about":[{"href":"https:\/\/milkydaisy.com\/de\/wp-json\/wp\/v2\/types\/page"}],"replies":[{"embeddable":true,"href":"https:\/\/milkydaisy.com\/de\/wp-json\/wp\/v2\/comments?post=47503"}],"version-history":[{"count":0,"href":"https:\/\/milkydaisy.com\/de\/wp-json\/wp\/v2\/pages\/47503\/revisions"}],"up":[{"embeddable":true,"href":"https:\/\/milkydaisy.com\/de\/wp-json\/wp\/v2\/pages\/18483"}],"wp:attachment":[{"href":"https:\/\/milkydaisy.com\/de\/wp-json\/wp\/v2\/media?parent=47503"}],"curies":[{"name":"wp","href":"https:\/\/api.w.org\/{rel}","templated":true}]}}