{"id":45174,"date":"2025-09-21T15:11:26","date_gmt":"2025-09-21T13:11:26","guid":{"rendered":"https:\/\/milkydaisy.com\/stillen\/stillstand-bei-gestillten-babys\/"},"modified":"2025-09-21T19:12:46","modified_gmt":"2025-09-21T17:12:46","slug":"stillstand-bei-gestillten-babys","status":"publish","type":"page","link":"https:\/\/milkydaisy.com\/de\/stillen\/stillstand-bei-gestillten-babys\/","title":{"rendered":"Stillkaries beim Baby: Der vollst\u00e4ndige Leitfaden zum Verstehen, Vorbeugen und Behandeln."},"content":{"rendered":"<div style='background-color: rgba(255, 0, 0, 0.05); border-left: 5px solid #ebc1c2; padding: 15px; margin-bottom: 20px; border-radius: 5px;'>\n<p style='margin: 0; font-size: 1.05em;'><span style='color: #c76363; font-weight: bold;'>Kurz gesagt: <\/span>Der Zusammenhang zwischen <strong>Stillen<\/strong> und <strong>Karies bei Babys<\/strong> wird oft missverstanden. Muttermilch allein ist nicht die Hauptursache f\u00fcr Karies. Tats\u00e4chlich ist die Mundhygiene ab dem ersten Zahn entscheidend, um <a href=\"https:\/\/milkydaisy.com\/en\/breastfeeding\/dental-care-and-breastfeeding\">Flaschenkaries<\/a> vorzubeugen. Die Einf\u00fchrung anderer zuckerhaltiger Lebensmittel und n\u00e4chtliches Stillen erh\u00f6hen das Risiko, wodurch eine Reinigungsroutine f\u00fcr die Zahngesundheit Ihres Kindes unerl\u00e4sslich wird.<\/p>\n<\/div>\n<h2>Die wahren Ursachen von Karies bei Babys erkennen<\/h2>\n<p>Muttermilch ist sch\u00fctzend, doch die wahre Gefahr lauert woanders. Die Einf\u00fchrung von <strong>zugesetztem Zucker<\/strong> durch S\u00e4fte, Kompotte oder Kekse schafft ein saures Milieu. Zudem ist die <strong>\u00dcbertragung kariogener Bakterien<\/strong> von Eltern auf das Kind, etwa durch das Teilen von Besteck oder das Reinigen des Schnullers mit dem Mund, ein oft untersch\u00e4tzter und gro\u00dfer Risikofaktor. Wachsamkeit ist daher ab der Beikosteinf\u00fchrung geboten.<\/p>\n<p>Eine <strong>unzureichende Mundhygiene<\/strong> ist der dritte Schl\u00fcsselfaktor. Ohne regelm\u00e4\u00dfige Reinigung ab dem ersten Zahn sammelt sich Plaque an und ern\u00e4hrt die Bakterien. Diese Nachl\u00e4ssigkeit verwandelt den Mund des Babys in einen N\u00e4hrboden f\u00fcr die Entwicklung von Karies. Gute Gewohnheiten sollten so fr\u00fch wie m\u00f6glich etabliert werden, um das L\u00e4cheln des Kindes zu sch\u00fctzen. Weitere Informationen zur Mundgesundheit w\u00e4hrend der Stillzeit finden Sie unter <a href=\"https:\/\/milkydaisy.com\/en\/breastfeeding\/dental-care-and-breastfeeding\">Zahnpflege und Stillen<\/a>.<\/p>\n<div>\n<blockquote cite=\"\">\n<p>       Die Reaktion muss sofort erfolgen: Wenn ein Zahn durchbricht, kommt sofort die Zahnb\u00fcrste zum Einsatz. Stillen sch\u00fctzt, entbindet aber keinesfalls von einer gr\u00fcndlichen Mundhygiene zur Vorbeugung der <a href=\"https:\/\/milkydaisy.com\/en\/breastfeeding\/dental-care-and-breastfeeding\">Karies beim Baby<\/a>.     <\/p>\n<\/blockquote>\n<p>\u2014Dr. Christophe Lequart, <cite>Porte-parole de l&#8217;UFSBD<\/cite><\/p>\n<p>   <script type=\"application\/ld+json\">     {\"@context\":\"https:\/\/schema.org\",\"@type\":\"WebPage\",\"name\":\"Karies bei gestillten Babys\",\"author\":{\"@type\":\"Person\",\"name\":\"Dr. Christophe Lequart\"},\"dateModified\":\"2025-09-21\"}   <\/script> <\/div>\n<h2>N\u00e4chtliches Stillen: Was ist das tats\u00e4chliche Risiko f\u00fcr die Z\u00e4hne?<\/h2>\n<p>Die Sorge um <strong>n\u00e4chtliche Stillmahlzeiten<\/strong> ist weit verbreitet. Nachts nimmt die Produktion von <strong>Speichel<\/strong>, der die Z\u00e4hne auf nat\u00fcrliche Weise sch\u00fctzt, ab. Bleibt Milch im Mund eines Babys, das bereits Z\u00e4hne hat, erh\u00f6ht sich das Kariesrisiko, insbesondere wenn seine Ern\u00e4hrung bereits mit Zucker diversifiziert ist. Muttermilch allein ist nicht der Hauptschuldige, aber die <strong>H\u00e4ufigkeit der Expositionen<\/strong> ohne Reinigung kann eine Rolle spielen. Es ist daher entscheidend, die richtigen Ma\u00dfnahmen zu verstehen.<\/p>\n<p>Es ist nicht notwendig, das <strong>Baby abzustillen<\/strong>, um seine Z\u00e4hne zu sch\u00fctzen. Eine <strong>einfache Ma\u00dfnahme<\/strong> besteht darin, vor dem Schlafengehen einen feuchten Tupfer \u00fcber Zahnfleisch und Z\u00e4hne zu streichen. Versuchen Sie nach dem Stillen, Ihr Baby sanft von der Brust zu l\u00f6sen, um zu verhindern, dass es mit Milch im Mund einschl\u00e4ft. Eine ausgezeichnete <strong>t\u00e4gliche Mundhygiene<\/strong> bleibt die beste Verteidigung gegen <a href=\"https:\/\/milkydaisy.com\/en\/breastfeeding\/dental-care-and-breastfeeding\">Karies bei gestillten Babys<\/a>.<\/p>\n<p><img decoding=\"async\" src=\"https:\/\/milkydaisy.com\/wp-content\/uploads\/2025\/09\/brossage-dents-bebe-allaite-1.jpg\" alt=\"Zahnputzendes Stillbaby\" \/><\/p>\n<h2 style=\"text-align:center; color:#c76363; margin-top:30px;\">Kariespr\u00e4vention beim gestillten Baby: Ma\u00dfnahmen nach Alter<\/h2>\n<table style=\"width:100%; max-width:800px; margin: 20px auto; border-collapse: collapse; box-shadow: 0 2px 4px rgba(0,0,0,0.1);\">\n<thead>\n<tr>\n<th style=\"border: 1px solid #ebc1c2; padding: 12px; background-color: #c76363; color: white; text-align: left;\">Altersgruppe<\/th>\n<th style=\"border: 1px solid #ebc1c2; padding: 12px; background-color: #c76363; color: white; text-align: left;\">Wichtigste Hygienema\u00dfnahme<\/th>\n<th style=\"border: 1px solid #ebc1c2; padding: 12px; background-color: #c76363; color: white; text-align: left;\">Empfohlene Hilfsmittel<\/th>\n<th style=\"border: 1px solid #ebc1c2; padding: 12px; background-color: #c76363; color: white; text-align: left;\">Zahnpasta<\/th>\n<\/tr>\n<\/thead>\n<tbody>\n<tr style=\"background-color:#fff;\">\n<td style=\"border: 1px solid #ebc1c2; padding: 10px;\"><strong>0-6 Monate (vor den Z\u00e4hnen)<\/strong><\/td>\n<td style=\"border: 1px solid #ebc1c2; padding: 10px; font-size:0.9em;\">Reinigen Sie das Zahnfleisch einmal t\u00e4glich, idealerweise abends, um das Baby daran zu gew\u00f6hnen und Milchreste zu entfernen.<\/td>\n<td style=\"border: 1px solid #ebc1c2; padding: 10px; font-size:0.9em;\">Feuchte sterile Kompresse um den Zeigefinger gewickelt oder ein Silikon-Fingerling.<\/td>\n<td style=\"border: 1px solid #ebc1c2; padding: 10px; font-size:0.9em;\">Keine. Die Reinigung erfolgt ausschlie\u00dflich mit Wasser.<\/td>\n<\/tr>\n<tr style=\"background-color:#f8f9fa;\">\n<td style=\"border: 1px solid #ebc1c2; padding: 10px;\"><strong>6-12 Monate (erste Z\u00e4hne)<\/strong><\/td>\n<td style=\"border: 1px solid #ebc1c2; padding: 10px; font-size:0.9em;\">Sanftes Z\u00e4hneputzen ab dem Zahndurchbruch, morgens und abends. Das abendliche Putzen ist das wichtigste.<\/td>\n<td style=\"border: 1px solid #ebc1c2; padding: 10px; font-size:0.9em;\">Zahnb\u00fcrste mit sehr kleinem Kopf und extra-weichen Borsten, geeignet f\u00fcr das erste Alter.<\/td>\n<td style=\"border: 1px solid #ebc1c2; padding: 10px; font-size:0.9em;\">Verwenden Sie eine fluoridhaltige Zahnpasta (1000 ppm Fluorid). Menge: die Gr\u00f6\u00dfe eines Reiskorns.<\/td>\n<\/tr>\n<tr style=\"background-color:#fff;\">\n<td style=\"border: 1px solid #ebc1c2; padding: 10px;\"><strong>12-24 Monate<\/strong><\/td>\n<td style=\"border: 1px solid #ebc1c2; padding: 10px; font-size:0.9em;\">Systematisches Z\u00e4hneputzen morgens und abends durch einen Erwachsenen, f\u00fcr 2 Minuten. Dies ist die Schl\u00fcsselma\u00dfnahme gegen Karies beim gestillten Baby. Weitere Informationen zur Zahnpflege w\u00e4hrend der Stillzeit finden Sie unter <a href=\"https:\/\/milkydaisy.com\/en\/breastfeeding\/dental-care-and-breastfeeding\">Zahnpflege und Stillen<\/a>.<\/td>\n<td style=\"border: 1px solid #ebc1c2; padding: 10px; font-size:0.9em;\">Zahnb\u00fcrste f\u00fcr Kleinkinder, alle 3 Monate oder bei Besch\u00e4digung der Borsten wechseln.<\/td>\n<td style=\"border: 1px solid #ebc1c2; padding: 10px; font-size:0.9em;\">Weiterhin eine fluoridhaltige Zahnpasta (1000 ppm). Menge: die Gr\u00f6\u00dfe eines Reiskorns.<\/td>\n<\/tr>\n<\/tbody>\n<\/table>\n<h2>Praktischer Leitfaden: Wie reinigt man die Z\u00e4hne eines gestillten Babys effektiv?<\/h2>\n<p>Die Mundhygiene beginnt <strong>lange vor dem ersten Zahn<\/strong>. Reinigen Sie t\u00e4glich das Zahnfleisch Ihres S\u00e4uglings mit einer <strong>feuchten sterilen Kompresse<\/strong>, um Milchreste zu entfernen und ihn an den Kontakt zu gew\u00f6hnen. Diese einfache Geste ist der <strong>erste Schritt zur Vorbeugung<\/strong> und bereitet Ihr Kind darauf vor, das Z\u00e4hneputzen ohne Schwierigkeiten zu akzeptieren.<\/p>\n<p>Sobald der erste Zahn durchbricht, verwenden Sie eine <strong>Fingerzahnb\u00fcrste<\/strong> aus Silikon und anschlie\u00dfend eine kleine Zahnb\u00fcrste mit weichen Borsten. Ziel ist es, Plaque zu entfernen, um Karies zu vermeiden. Tragen Sie eine reiskorngro\u00dfe Menge fluoridhaltiger Zahnpasta auf und machen Sie das Z\u00e4hneputzen zu einem <strong>t\u00e4glichen Spielmoment<\/strong>. Weitere Informationen zur Zahnpflege w\u00e4hrend der Stillzeit finden Sie unter <a href=\"https:\/\/milkydaisy.com\/en\/breastfeeding\/dental-care-and-breastfeeding\">Zahnpflege und Stillen<\/a>.<\/p>\n<h2>Die Wahl der Zahnpasta: mit oder ohne Fluorid?<\/h2>\n<p>Die Frage des Fluorids ist zentral f\u00fcr die Zahngesundheit des Babys. Gesundheitsbeh\u00f6rden empfehlen die Verwendung einer <strong>fluoridhaltigen Zahnpasta ab dem ersten Zahn<\/strong>. Fluorid ist der wirksamste Wirkstoff, um den <strong>Zahnschmelz zu st\u00e4rken<\/strong> und das Auftreten von Karies zu verhindern. Es ist ein wertvoller Verb\u00fcndeter, selbst f\u00fcr ein gestilltes Baby, um externe Risikofaktoren wie zugesetzten Zucker zu bek\u00e4mpfen.<\/p>\n<p>Die Dosierung ist entscheidend f\u00fcr die Sicherheit. F\u00fcr Kinder unter 3 Jahren ist eine <strong>Menge in der Gr\u00f6\u00dfe eines Reiskorns<\/strong> ausreichend. W\u00e4hlen Sie eine Zahnpasta mit einer Fluoridkonzentration von <strong>1000 ppm<\/strong>. Diese kleine Dosis, ein- bis zweimal t\u00e4glich angewendet, bietet maximalen Schutz ohne Risiko, falls das Kind etwas davon verschluckt, was in diesem Alter h\u00e4ufig vorkommt. Weitere Informationen zur Zahnpflege w\u00e4hrend des Stillens finden Sie unter <a href=\"https:\/\/milkydaisy.com\/en\/breastfeeding\/dental-care-and-breastfeeding\">Zahnpflege und Stillen<\/a>.<\/p>\n<h2>Erste Anzeichen von Karies erkennen: Die Warnsignale<\/h2>\n<p>Fr\u00fcherkennung ist der Schl\u00fcssel im Kampf gegen <a href=\"https:\/\/milkydaisy.com\/en\/breastfeeding\/dental-care-and-breastfeeding\">Karies bei gestillten Babys<\/a>. Das allererste Anzeichen ist oft eine <strong>wei\u00dfe, matte Linie<\/strong>, die auf dem Zahn, direkt am Zahnfleischrand, erscheint. Diese <strong>kreidigen Flecken<\/strong>, auch &#8222;White Spots&#8220; genannt, deuten auf eine Demineralisierung des Zahnschmelzes hin. In diesem Stadium ist der Prozess mit einer strengen Mundhygiene und angepasster Fluoridzufuhr noch <strong>oft reversibel<\/strong>, daher ist eine regelm\u00e4\u00dfige Inspektion so wichtig.<\/p>\n<p>Ohne Eingreifen entwickeln sich diese wei\u00dfen Flecken weiter und werden <strong>gelblich oder br\u00e4unlich<\/strong>, was darauf hindeutet, dass der Zahnschmelz besch\u00e4digt ist und sich eine Kavit\u00e4t bildet. Weitere Anzeichen k\u00f6nnen alarmieren: anhaltend <strong>schlechter Atem<\/strong>, rotes oder beim Z\u00e4hneputzen blutendes Zahnfleisch oder ein Baby, das beim Essen <strong>Schmerzen<\/strong> zu haben scheint. Eine erh\u00f6hte Wachsamkeit ist daher erforderlich, um schnellstm\u00f6glich zu handeln und bei Auftreten dieser Symptome einen Kinderzahnarzt aufzusuchen.<\/p>\n<p><img decoding=\"async\" src=\"https:\/\/milkydaisy.com\/wp-content\/uploads\/2025\/09\/hygiene-bucco-dentaire-bebe-1.jpg\" alt=\"baby-oral-hygiene\" \/><\/p>\n<h2>Wann sollte man zum ersten Mal einen Zahnarzt aufsuchen?<\/h2>\n<p>Die offizielle Empfehlung ist klar: Der <strong>erste Zahnarztbesuch<\/strong> sollte innerhalb von sechs Monaten nach dem Durchbruch des ersten Zahns und <strong>sp\u00e4testens im Alter von einem Jahr<\/strong> stattfinden. Dieser fr\u00fche Termin ist f\u00fcr die Pr\u00e4vention unerl\u00e4sslich. Er erm\u00f6glicht es dem Zahnarzt, die Entwicklung der Mundh\u00f6hle zu \u00fcberpr\u00fcfen und Ihnen <strong>personalisierte Ratschl\u00e4ge<\/strong> zu geben, um Ihr Kind vor Karies zu sch\u00fctzen und von Anfang an gute Gewohnheiten zu etablieren. Weitere Informationen zur Zahnpflege w\u00e4hrend der Stillzeit finden Sie unter <a href=\"https:\/\/milkydaisy.com\/en\/breastfeeding\/dental-care-and-breastfeeding\">Zahnpflege und Stillen<\/a>.<\/p>\n<h2 style=\"text-align: center; color: #c76363;\">H\u00e4ufig gestellte Fragen zu Karies bei gestillten Babys<\/h2>\n<details style=\"margin-bottom: 10px; border: 1px solid #ebc1c2; padding: 10px; border-radius: 5px;\">\n<summary style=\"font-weight: bold; color: #c76363; cursor: pointer;\">Welche Behandlungsm\u00f6glichkeiten gibt es f\u00fcr Karies an einem Milchzahn?<\/summary>\n<p style=\"margin-top: 5px;\">Die Behandlung h\u00e4ngt vom Fortschritt der Karies ab. Bei einer einfachen Demineralisierung (wei\u00dfer Fleck) kann der Kinderzahnarzt einen Fluoridlack auftragen, um das Fortschreiten zu stoppen. Ist die Karies tiefer, ist eine F\u00fcllung mit einem naturfarbenen Material notwendig. In schweren F\u00e4llen kann eine Kinderkrone oder sogar die Extraktion des Zahnes in Betracht gezogen werden, um eine Infektion zu vermeiden. Es ist wichtig, schnell einen Zahnarzt aufzusuchen.<\/p>\n<\/details>\n<details style=\"margin-bottom: 10px; border: 1px solid #ebc1c2; padding: 10px; border-radius: 5px;\">\n<summary style=\"font-weight: bold; color: #c76363; cursor: pointer;\">Welche Risiken bestehen, wenn Karies bei einem Baby nicht behandelt wird?<\/summary>\n<p style=\"margin-top: 5px;\">Karies an einem Milchzahn zu ignorieren, kann schwerwiegende Folgen haben. Abgesehen von den <strong>Schmerzen<\/strong>, die das Essen und den Schlaf des Babys st\u00f6ren k\u00f6nnen, besteht ein hohes Risiko einer <strong>Infektion<\/strong> (Zahnabszess), die sich ausbreiten kann. Ein stark besch\u00e4digter Milchzahn kann auch den Keim des darunter liegenden bleibenden Zahnes sch\u00e4digen, was zu Missbildungen oder Flecken am zuk\u00fcnftigen Zahn f\u00fchren kann. Schlie\u00dflich kann der vorzeitige Verlust eines Milchzahnes zu Ausrichtungsproblemen der bleibenden Z\u00e4hne f\u00fchren.<\/p>\n<\/details>\n<details style=\"margin-bottom: 10px; border: 1px solid #ebc1c2; padding: 10px; border-radius: 5px;\">\n<summary style=\"font-weight: bold; color: #c76363; cursor: pointer;\">Welche Lebensmittel sollte ich vermeiden, um die Z\u00e4hne meines gestillten Babys zu sch\u00fctzen?<\/summary>\n<p style=\"margin-top: 5px;\">Sobald die Beikost begonnen hat, sind der gr\u00f6\u00dfte Feind der Z\u00e4hne <strong>zugesetzter Zucker<\/strong> und h\u00e4ufiges Naschen. Vermeiden Sie Fruchts\u00e4fte (auch &#8222;ohne Zuckerzusatz&#8220;), Sirupe, Limonaden sowie Kekse, Kuchen und S\u00fc\u00dfigkeiten. Achten Sie auch auf versteckten Zucker in industriellen Kompotten, Babycerealien oder aromatisierten Joghurts. Bevorzugen Sie Wasser als einziges Getr\u00e4nk neben der Muttermilch und begrenzen Sie die Nahrungsaufnahme zwischen den Mahlzeiten, damit der Speichel seine sch\u00fctzende Arbeit verrichten kann.<\/p>\n<\/details>\n<details style=\"border: 1px solid #ebc1c2; padding: 10px; border-radius: 5px;\">\n<summary style=\"font-weight: bold; color: #c76363; cursor: pointer;\">Erh\u00f6ht ein restriktives Zungenband das Kariesrisiko?<\/summary>\n<p style=\"margin-top: 5px;\">Ein <a href=\"https:\/\/milkydaisy.com\/en\/breastfeeding\/tongue-tie\" target=\"_blank\" rel=\"noopener\">restriktives Zungenband<\/a> kann indirekt zum Kariesrisiko beitragen. Eine eingeschr\u00e4nkte Beweglichkeit der Zunge kann verhindern, dass sie den Mund und die Z\u00e4hne nach dem Stillen auf nat\u00fcrliche Weise reinigt, was die Stagnation von Milch beg\u00fcnstigt. Wenn andere Risikofaktoren vorhanden sind (unzureichende Hygiene, Zucker), kann dies den Kariesprozess beschleunigen. Es ist daher entscheidend, beim Z\u00e4hneputzen noch wachsamer zu sein, wenn Ihr Baby ein Zungenband hat.<\/p>\n<\/details>\n<p><script type=\"application\/ld+json\"> {   \"@context\": \"https:\/\/schema.org\",   \"@type\": \"FAQPage\",   \"mainEntity\": [{     \"@type\": \"Question\",     \"name\": \"Welche Behandlungen gibt es bei einem Karies an einem Milchzahn?\",     \"acceptedAnswer\": {       \"@type\": \"Answer\",       \"text\": \"Die Behandlung eines Karies bei einem S\u00e4ugling h\u00e4ngt vom Ausma\u00df ab. Bei beginnendem Karies (wei\u00dfer Fleck) kann eine Fluoridlackanwendung durch den Zahnarzt ausreichen, um das Fortschreiten zu stoppen. Ist der Zahn bereits zerst\u00f6rt, ist eine F\u00fcllung (eine f\u00fcr Kinder geeignete \u201aPlombe\u2018) erforderlich. In fortgeschritteneren F\u00e4llen kann eine Kinderkrone zur Sicherung des Zahns eingesetzt werden. Bei starker Entz\u00fcndung kann die Entfernung des Milchzahns n\u00f6tig sein, um den bleibenden Zahn zu sch\u00fctzen.\"     }   },{     \"@type\": \"Question\",     \"name\": \"Welche Risiken bestehen, wenn ein Karies bei einem gestillten Baby nicht behandelt wird?\",     \"acceptedAnswer\": {       \"@type\": \"Answer\",       \"text\": \"Das Ignorieren eines Karies an einem Milchzahn kann schwerwiegende Folgen haben. Es kann zu starken Schmerzen, Problemen beim Essen und Schlafen sowie zu Infektionen wie Abszessen f\u00fchren. Eine unbehandelte Infektion kann den Keim des bleibenden Zahns darunter sch\u00e4digen und zu Fehlbildungen oder Verz\u00f6gerungen beim Zahndurchbruch f\u00fchren. Daher ist eine Untersuchung bei den ersten Anzeichen wichtig, um Komplikationen zu vermeiden.\"     }   },{     \"@type\": \"Question\",     \"name\": \"Kann die Ern\u00e4hrung meines gestillten Babys Karies beg\u00fcnstigen, auch ohne zugesetzten Zucker?\",     \"acceptedAnswer\": {       \"@type\": \"Answer\",       \"text\": \"Ja, insbesondere ab Beginn der Beikost. Stillmilch allein hat sch\u00fctzende Eigenschaften, aber in Kombination mit anderen kohlenhydratreichen Nahrungsmitteln (Obst, Mus, Getreide, Brot ...) steigt das Kariesrisiko, vor allem bei unzureichender Mundhygiene. Nachtstillen nach Einf\u00fchrung fester Nahrung kann ebenfalls ein Risikofaktor sein, wenn Milch im Mund stehen bleibt. Entscheidend ist das gr\u00fcndliche Z\u00e4hneputzen nach der letzten Mahlzeit des Abends. Weitere Informationen finden Sie unter: https:\/\/milkydaisy.com\/en\/breastfeeding\/dental-care-and-breastfeeding\"     }   }] } <\/script><\/p>\n<p><img decoding=\"async\" src=\"\" alt=\"\" \/><\/p>\n","protected":false},"excerpt":{"rendered":"<p>Kurz gesagt: Der Zusammenhang zwischen Stillen und Karies bei Babys wird oft missverstanden. Muttermilch allein ist nicht die Hauptursache f\u00fcr Karies. Tats\u00e4chlich ist die Mundhygiene ab dem ersten Zahn entscheidend, um Flaschenkaries vorzubeugen. Die Einf\u00fchrung anderer zuckerhaltiger Lebensmittel und n\u00e4chtliches Stillen erh\u00f6hen das Risiko, wodurch eine Reinigungsroutine f\u00fcr die Zahngesundheit Ihres Kindes unerl\u00e4sslich wird. Die &#8230; <a title=\"Stillkaries beim Baby: Der vollst\u00e4ndige Leitfaden zum Verstehen, Vorbeugen und Behandeln.\" class=\"read-more\" href=\"https:\/\/milkydaisy.com\/de\/stillen\/stillstand-bei-gestillten-babys\/\" aria-label=\"Mehr Informationen \u00fcber Stillkaries beim Baby: Der vollst\u00e4ndige Leitfaden zum Verstehen, Vorbeugen und Behandeln.\">Weiterlesen<\/a><\/p>\n","protected":false},"author":1,"featured_media":45120,"parent":18730,"menu_order":0,"comment_status":"open","ping_status":"open","template":"","meta":{"footnotes":""},"class_list":["post-45174","page","type-page","status-publish","has-post-thumbnail"],"_links":{"self":[{"href":"https:\/\/milkydaisy.com\/de\/wp-json\/wp\/v2\/pages\/45174","targetHints":{"allow":["GET"]}}],"collection":[{"href":"https:\/\/milkydaisy.com\/de\/wp-json\/wp\/v2\/pages"}],"about":[{"href":"https:\/\/milkydaisy.com\/de\/wp-json\/wp\/v2\/types\/page"}],"author":[{"embeddable":true,"href":"https:\/\/milkydaisy.com\/de\/wp-json\/wp\/v2\/users\/1"}],"replies":[{"embeddable":true,"href":"https:\/\/milkydaisy.com\/de\/wp-json\/wp\/v2\/comments?post=45174"}],"version-history":[{"count":0,"href":"https:\/\/milkydaisy.com\/de\/wp-json\/wp\/v2\/pages\/45174\/revisions"}],"up":[{"embeddable":true,"href":"https:\/\/milkydaisy.com\/de\/wp-json\/wp\/v2\/pages\/18730"}],"wp:featuredmedia":[{"embeddable":true,"href":"https:\/\/milkydaisy.com\/de\/wp-json\/wp\/v2\/media\/45120"}],"wp:attachment":[{"href":"https:\/\/milkydaisy.com\/de\/wp-json\/wp\/v2\/media?parent=45174"}],"curies":[{"name":"wp","href":"https:\/\/api.w.org\/{rel}","templated":true}]}}