{"id":45169,"date":"2025-09-21T15:11:26","date_gmt":"2025-09-21T13:11:26","guid":{"rendered":"https:\/\/milkydaisy.com\/stillen\/stillen-schrunden-bilder\/"},"modified":"2025-09-21T19:12:39","modified_gmt":"2025-09-21T17:12:39","slug":"stillen-schrunden-bilder","status":"publish","type":"page","link":"https:\/\/milkydaisy.com\/de\/stillen\/stillen-schrunden-bilder\/","title":{"rendered":"Stillwunden: Fotos zur Erkennung und zum Verst\u00e4ndnis"},"content":{"rendered":"<div style='background-color: rgba(255, 0, 0, 0.05); border-left: 5px solid #ebc1c2; padding: 15px; margin-bottom: 20px; border-radius: 5px;'>\n<p style='margin: 0; font-size: 1.05em;'><span style='color: #c76363; font-weight: bold;'>Kurz gesagt: <\/span><strong>Stillrisse<\/strong> zeigen sich visuell als Risse oder Schnitte an der Brustwarze, oft verursacht durch eine falsche Anlegetechnik. Dieser Artikel f\u00fchrt Sie mit <strong>Fotos<\/strong> an die Hand, um sie zu erkennen, ihre Ursache zu verstehen und sie effektiv zu behandeln. Erfahren Sie, wie Sie die Anzeichen identifizieren, ihrem Auftreten vorbeugen und wann Sie einen Arzt aufsuchen sollten, um eine angemessene Unterst\u00fctzung zu erhalten, insbesondere wenn Sie eine <a href=\"https:\/\/milkydaisy.com\/en\/breastfeeding\/white-nipple-breastfeeding\">wei\u00dfe Brustwarze<\/a> bemerken.<\/p>\n<\/div>\n<h2>Bildergalerie: Das Aussehen von Stillrissen erkennen<\/h2>\n<h3>Foto 1: Der leichte Riss oder die Sch\u00fcrfwunde<\/h3>\n<p>Auf diesem Bild ist eine <strong>oberfl\u00e4chliche Fissur<\/strong> zu sehen, \u00e4hnlich einem kleinen Schnitt oder einer Sch\u00fcrfwunde an der Brustwarze. Die Farbe ist oft rosa oder leuchtend rot. Der Schmerz ist typischerweise <strong>scharf zu Beginn des Stillens<\/strong>, kann aber danach nachlassen. Dies ist das erste Stadium, ein Signal, dass die Anlegetechnik des Babys schnell angepasst werden muss, um eine Verschlimmerung der L\u00e4sion zu vermeiden.<\/p>\n<h3>Foto 2: Der tiefe und\/oder blutende Riss<\/h3>\n<p>Dieses Foto zeigt eine <strong>schwerere L\u00e4sion<\/strong>, einen klaren Schnitt, der n\u00e4ssen oder bluten kann. Der Schmerz ist oft konstant und unertr\u00e4glich. Eine solche Verletzung ist ein Einfallstor f\u00fcr Infektionen. Es ist entscheidend, schnell mit geeigneten Pflegema\u00dfnahmen zu handeln. F\u00fcr weitere Informationen zu diesem Thema, besuchen Sie unsere Seite \u00fcber <a href=\"https:\/\/milkydaisy.com\/en\/breastfeeding\/bleeding-while-breastfeeding\">Blutungen beim Stillen<\/a>.<\/p>\n<div>\n<blockquote cite=\"t\u00e9moignage-consultante-lactation-ibclc\">\n<p>       Stillen sollte nicht wehtun. Ein stechender Schmerz zu Beginn des Stillens ist ein Warnsignal. Achten Sie auf Ihre Brustwarze: Eine einfache R\u00f6tung oder eine <a href=\"https:\/\/milkydaisy.com\/en\/breastfeeding\/bleeding-while-breastfeeding\">Blutung<\/a>, selbst minimal, zeigt an, dass sofort gehandelt werden muss.     <\/p>\n<\/blockquote>\n<p>\u2014Chlo\u00e9 L., <cite>Stillberaterin IBCLC<\/cite><\/p>\n<\/p><\/div>\n<h2>Die Entwicklungsstadien einer Brustwarzenrhagade: Von der Reizung bis zum Riss<\/h2>\n<p>Das erste Stadium ist oft eine <strong>einfache Reizung<\/strong>. Die Brustwarze erscheint nach dem Stillen rot, empfindlich und leicht geschwollen. Schmerzen sind vorhanden, k\u00f6nnen aber ertr\u00e4glich sein. In diesem Stadium gibt es noch keine offene Wunde, aber es ist ein entscheidendes <strong>Warnsignal<\/strong>, das auf ein Problem mit der Positionierung oder dem Saugen hinweist, das sofort korrigiert werden muss, um eine Verschlimmerung zu vermeiden.<\/p>\n<p>Ohne Eingreifen entwickelt sich die Reizung zu einem <strong>oberfl\u00e4chlichen Riss<\/strong>. Ein kleiner Schnitt, \u00e4hnlich einem Schorf, wird an der Spitze oder Basis der Brustwarze sichtbar. Der Schmerz wird <strong>st\u00e4rker und akuter<\/strong>, besonders zu Beginn des Stillens. Dieses Stadium erfordert lokale Pflege und eine schnelle Korrektur des Anlegens, um die Heilung zu erm\u00f6glichen und eine Verschlechterung der Situation zu verhindern.<\/p>\n<p>Das fortgeschrittenste Stadium ist die <strong>tiefe, blutende Rhagade<\/strong>. Der Riss weitet sich aus, vertieft sich und kann bluten, was das Stillen extrem schmerzhaft macht. Das Infektionsrisiko ist dann h\u00f6her. Das Betrachten von <a href=\"https:\/\/milkydaisy.com\/en\/breastfeeding\/white-nipple-breastfeeding\">wei\u00dfe Brustwarzen beim Stillen<\/a> kann helfen, dieses Stadium zu erkennen und die Dringlichkeit zu verstehen, einen Arzt f\u00fcr einen angepassten Behandlungsplan zu konsultieren.<\/p>\n<p><img decoding=\"async\" src=\"https:\/\/milkydaisy.com\/wp-content\/uploads\/2025\/09\/bonne-vs-mauvaise-prise-au-sein-1.jpg\" alt=\"Gute vs. schlechte Brustwarzenhaltung\" \/><\/p>\n<h2 style=\"text-align:center; color:#c76363; margin-top:30px;\">Visuelle Vergleichstabelle der Brustwarzenrisse-Stadien<\/h2>\n<table style=\"width:100%; max-width:800px; margin: 20px auto; border-collapse: collapse; box-shadow: 0 2px 4px rgba(0,0,0,0.1);\">\n<thead>\n<tr>\n<th style=\"border: 1px solid #ebc1c2; padding: 12px; background-color: #c76363; color: white; text-align: left;\">Stadium des Risses<\/th>\n<th style=\"border: 1px solid #ebc1c2; padding: 12px; background-color: #c76363; color: white; text-align: left;\">Bildbeschreibung<\/th>\n<th style=\"border: 1px solid #ebc1c2; padding: 12px; background-color: #c76363; color: white; text-align: left;\">Begleitende Symptome<\/th>\n<\/tr>\n<\/thead>\n<tbody>\n<tr style=\"background-color:#fff;\">\n<td style=\"border: 1px solid #ebc1c2; padding: 10px;\"><strong>Stadium 1: Reizung<\/strong><\/td>\n<td style=\"border: 1px solid #ebc1c2; padding: 10px; font-size:0.9em;\">Die Brustwarze ist leuchtend rot, gl\u00e4nzend, mit sehr d\u00fcnner Haut, wie ein Kratzer oder eine leichte Verbrennung. Keine sichtbare Schnittwunde.<\/td>\n<td style=\"border: 1px solid #ebc1c2; padding: 10px; font-size:0.9em;\">Akute Schmerzen zu Beginn des Stillens, die dann abklingen. Empfindlichkeit bei Kontakt mit Kleidung.<\/td>\n<\/tr>\n<tr style=\"background-color:#f8f9fa;\">\n<td style=\"border: 1px solid #ebc1c2; padding: 10px;\"><strong>Stadium 2: Oberfl\u00e4chlicher Riss<\/strong><\/td>\n<td style=\"border: 1px solid #ebc1c2; padding: 10px; font-size:0.9em;\">Eine oder mehrere kleine Schnittwunden erscheinen, oft am \u00dcbergang von Brustwarze und Warzenhof. Der Riss ist klar, aber nicht tief.<\/td>\n<td style=\"border: 1px solid #ebc1c2; padding: 10px; font-size:0.9em;\">Intensive und anhaltende Schmerzen w\u00e4hrend eines Gro\u00dfteils des Stillens. Gef\u00fchl eines &#8222;Messerstichs&#8220;.<\/td>\n<\/tr>\n<tr style=\"background-color:#fff;\">\n<td style=\"border: 1px solid #ebc1c2; padding: 10px;\"><strong>Stadium 3: Tiefer Riss<\/strong><\/td>\n<td style=\"border: 1px solid #ebc1c2; padding: 10px; font-size:0.9em;\">Der Schnitt ist tief, offen, mit deutlich sichtbaren R\u00e4ndern. Es k\u00f6nnen sich Krusten bilden und leichte Blutungen w\u00e4hrend des Stillens sind m\u00f6glich. Weitere Informationen finden Sie unter <a href=\"https:\/\/milkydaisy.com\/en\/breastfeeding\/bleeding-while-breastfeeding\">Blutungen beim Stillen<\/a>.<\/td>\n<td style=\"border: 1px solid #ebc1c2; padding: 10px; font-size:0.9em;\">Extreme Schmerzen, die das Stillen unertr\u00e4glich machen. Angst vor dem Anlegen des Babys an die Brust.<\/td>\n<\/tr>\n<tr style=\"background-color:#f8f9fa;\">\n<td style=\"border: 1px solid #ebc1c2; padding: 10px;\"><strong>Stadium 4: Infizierter Riss<\/strong><\/td>\n<td style=\"border: 1px solid #ebc1c2; padding: 10px; font-size:0.9em;\">Der Riss zeigt Anzeichen einer Infektion: gelblich-gr\u00fcnliches Sekret, Eiter, ausgedehnte R\u00f6tung und W\u00e4rme um den Warzenhof.<\/td>\n<td style=\"border: 1px solid #ebc1c2; padding: 10px; font-size:0.9em;\">Pulsierende Schmerzen auch zwischen den Stillmahlzeiten, intensives Brennen, Fieber und Sch\u00fcttelfrost m\u00f6glich. Dringende \u00e4rztliche Konsultation.<\/td>\n<\/tr>\n<\/tbody>\n<\/table>\n<h2>Ursachen von Brustwarzenrissen: Oft eine falsche Anlegetechnik<\/h2>\n<p>Die Hauptursache f\u00fcr Brustwarzenrisse ist eine <strong>falsche Anlegetechnik<\/strong>. Wenn das Baby nicht genug Warzenhof erfasst, quetscht und reibt es die Brustwarze. Diese wiederholte Reibung f\u00fchrt zu schmerzhaften L\u00e4sionen. Optisch erkennt man eine schlechte Anlegetechnik an gespitzten Lippen und einem vom Busen entfernten Kinn. Eine <strong>gute Position<\/strong> ist daher entscheidend f\u00fcr Pr\u00e4vention und Heilung.<\/p>\n<p>Im Gegensatz dazu zeigt eine <strong>korrekte Anlegetechnik<\/strong> einen weit ge\u00f6ffneten Mund und nach au\u00dfen gest\u00fclpte Lippen. Manchmal ist das Problem anatomisch bedingt. Ein <a href=\"https:\/\/milkydaisy.com\/en\/breastfeeding\/tongue-tie\"><strong>restriktives Zungenb\u00e4ndchen<\/strong><\/a> kann beispielsweise ein ad\u00e4quates Saugen verhindern und Risse verursachen. Aufmerksame Beobachtung ist der Schl\u00fcssel zur Diagnose, um die richtige L\u00f6sung zu finden.<\/p>\n<h2>Brustwarzenrisse oder etwas anderes? Lernen Sie, den Unterschied zu erkennen<\/h2>\n<p>Ein intensiver Schmerz, wie <strong>Nadelstiche in der Brust<\/strong>, kann auf eine Brustsoorinfektion hinweisen. Visuell kann die Brustwarze <strong>leuchtend rosa, gl\u00e4nzend und manchmal schuppig<\/strong> erscheinen. Im Gegensatz zu einem Riss h\u00e4lt der Schmerz oft nach dem Stillen an. Achten Sie auch auf den Mund Ihres Babys auf <strong>wei\u00dfe Flecken<\/strong> (Soor), ein h\u00e4ufiges Zeichen einer gemeinsamen Infektion. Eine medizinische Diagnose ist unerl\u00e4sslich f\u00fcr eine geeignete antimykotische Behandlung f\u00fcr Sie beide.<\/p>\n<p>Ekzeme an der Brustwarze \u00e4u\u00dfern sich durch <strong>intensiven Juckreiz<\/strong>, trockene Haut und R\u00f6tungen. Sie k\u00f6nnten <strong>kleine Bl\u00e4schen oder n\u00e4ssende Plaques<\/strong> sehen, die Krusten bilden. Das Erscheinungsbild ist oft diffuser als ein klarer Riss. Wenn Sie eine Vorgeschichte von Ekzemen haben, ist das Risiko h\u00f6her. Eine Konsultation ist notwendig, um eine kortikoidhaltige Creme zu erhalten, die mit dem Stillen vereinbar ist, und um andere Diagnosen auszuschlie\u00dfen.<\/p>\n<p>Ein Vasospasmus verursacht einen <strong>akuten, brennenden Schmerz<\/strong> w\u00e4hrend oder nach dem Stillen. Die Brustwarze wird pl\u00f6tzlich <strong>wei\u00df und kann dann blau oder rot werden<\/strong>, wenn sie sich erw\u00e4rmt. Dieses Ph\u00e4nomen ist auf eine schlechte Durchblutung zur\u00fcckzuf\u00fchren, oft ausgel\u00f6st durch K\u00e4lte oder eine schlechte Anlegetechnik. Das Anlegen von <strong>trockener W\u00e4rme<\/strong> unmittelbar nach dem Stillen kann den Schmerz wirksam lindern. Weitere Informationen finden Sie in unserem Leitfaden zum <a href=\"https:\/\/milkydaisy.com\/en\/breastfeeding\/white-nipple-breastfeeding\">wei\u00dfen Brustwarzen w\u00e4hrend des Stillens<\/a>.<\/p>\n<p><!DOCTYPE html> <html lang=\"fr\">  <head>     <meta charset=\"UTF-8\">     <meta name=\"viewport\" content=\"width=device-width, initial-scale=1.0\">     <title>Avis et T\u00e9moignages sur les Crevasses d&#8217;Allaitement<\/title>          <script type=\"application\/ld+json\">     {       \"@context\": \"https:\/\/schema.org\/\",       \"@type\": \"Review\",       \"itemReviewed\": {         \"@type\": \"Article\",         \"name\": \"Crevasses Allaitement : Photos, Causes et Soins\"       },       \"reviewRating\": {         \"@type\": \"Rating\",         \"ratingValue\": \"4.5\",         \"bestRating\": \"5\",         \"worstRating\": \"1\",         \"ratingCount\": \"3\"       },       \"reviewBody\": \"Compilation de t\u00e9moignages de m\u00e8res sur l'apparence de leurs crevasses et les solutions efficaces. Les exp\u00e9riences varient d'une simple ligne rouge \u00e0 des fissures profondes et saignantes. Les solutions mentionn\u00e9es incluent la correction de la position, l'utilisation de cr\u00e8mes, et l'identification de causes sous-jacentes comme un frein de langue restrictif.\"     }     <\/script> <\/head>  <body>     <\/p>\n<article>\n<h1>Paroles de mamans : elles d\u00e9crivent leurs crevasses et leurs solutions<\/h1>\n<div>\n<p><strong>Avis de :<\/strong> Chlo\u00e9<\/p>\n<\/p><\/div>\n<p>&#8222;Am Anfang war es nur ein roter Strich an der Brustwarze, der schnell zu einem tiefen, sehr schmerzhaften Riss wurde, besonders beim Anlegen. Lanolin-Salbe und Kompressen mit Muttermilch haben sehr geholfen. Au\u00dferdem habe ich mit einer Stillberaterin die Anlegetechnik korrigiert \u2014 das war der Schl\u00fcssel.&#8220;<\/p>\n<div>\n<p><strong>Avis de :<\/strong> Sophie<\/p>\n<\/p><\/div>\n<p>&#8222;Bei mir sah es aus wie ein eingerissenes Lippenst\u00fcck, aber an der Brustwarze. Es war trocken und blutete nach dem Stillen ein wenig. Der Schmerz war heftig. Meine Hebamme vermutete ein <a href='https:\/\/milkydaisy.com\/en\/breastfeeding\/tongue-tie'>restriktives Zungenb\u00e4ndchen<\/a> bei meinem Baby. Nach einem kleinen Eingriff verbesserte sich der Saugreflex und meine Risse konnten endlich heilen!&#8220;<\/p>\n<div>\n<p><strong>Avis de :<\/strong> Manon<\/p>\n<\/p><\/div>\n<p>&#8222;Ich hatte mehrere kleine Risse an der Spitze der Brustwarze, wie Rasierklingen-Schnitte. Manchmal bildete sich eine gelbliche Kruste. Ich habe f\u00fcr ein paar Tage Silikon-Stilleinlagen benutzt, um meinen Brustwarzen Ruhe zu g\u00f6nnen. Dazu trug das Auftragen meiner eigenen Muttermilch und das Lufttrocknen wahre Wunder.&#8220;<\/p>\n<\/article>\n<p> <\/body>  <\/html><br \/>\n<img decoding=\"async\" src=\"\" alt=\"\" \/><\/p>\n<h2>Pflege und Vorbeugung von Brustwarzenrissen: Illustrierte Anleitungen<\/h2>\n<p><strong>Vorbeugung<\/strong> ist der Schl\u00fcssel. Eine gute Stillposition des Babys ist grundlegend, um Risse zu vermeiden. Beachten Sie die Vergleichsfotos: Der Mund des Babys sollte <strong>weit ge\u00f6ffnet<\/strong> sein und einen gro\u00dfen Teil des Warzenhofs umfassen, nicht nur die Brustwarze. Wenn die Schmerzen trotz scheinbar korrekter Position anhalten, k\u00f6nnte ein <a href=\"https:\/\/milkydaisy.com\/en\/breastfeeding\/tongue-tie\">restriktives Zungenb\u00e4ndchen<\/a> die Ursache sein. Eine fr\u00fchzeitige Anpassung \u00e4ndert alles.<\/p>\n<p>Zur Pflege kann das Auftragen einer <strong>gereinigten Lanolincreme<\/strong> nach jeder Stillmahlzeit die Heilung erheblich unterst\u00fctzen. Wie das Bild zeigt, gen\u00fcgt eine kleine Menge. Tragen Sie sie sanft auf Brustwarze und Warzenhof auf. Es ist auch vorteilhaft, die Br\u00fcste einige Minuten an der <strong>Luft trocknen<\/strong> zu lassen. Diese einfache Ma\u00dfnahme f\u00f6rdert die Heilung und beugt Mazeration vor.<\/p>\n<p>Die Verwendung von <strong>Stilleinlagen<\/strong> ist eine wertvolle Hilfe. Sie sch\u00fctzen gereizte Brustwarzen vor Reibung durch Kleidung, wie auf dem Foto illustriert. Indem sie einen bel\u00fcfteten Raum schaffen, f\u00f6rdern sie die <strong>Heilung<\/strong> und k\u00f6nnen kleine Milchaustritte auffangen. W\u00e4hlen Sie Modelle mit Bel\u00fcftungsl\u00f6chern, um eine zu feuchte Umgebung zu vermeiden, die die Heilung verlangsamen k\u00f6nnte.<\/p>\n<h2 style=\"text-align: center; color: #c76363;\">H\u00e4ufig gestellte Fragen zum Aussehen von Stillrissen<\/h2>\n<details style=\"margin-bottom: 10px; border: 1px solid #ebc1c2; padding: 10px; border-radius: 5px;\">\n<summary style=\"font-weight: bold; color: #c76363; cursor: pointer;\">Wie sieht ein infizierter Stillriss aus?<\/summary>\n<p style=\"margin-top: 5px;\">Ein infizierter Stillriss zeigt deutliche visuelle Anzeichen, die Anlass zur Sorge geben sollten. \u00dcber den Riss selbst hinaus k\u00f6nnten Sie eine <strong>intensive und ausgedehnte R\u00f6tung<\/strong> um die Brustwarze, eine <strong>Schwellung<\/strong> des Warzenhofs und manchmal einen gelblichen oder gr\u00fcnlichen Eiterfluss bemerken. Der Bereich kann sich ungew\u00f6hnlich warm anf\u00fchlen. Der Schmerz, anstatt nach dem Stillen nachzulassen, wird oft <strong>pochend und konstant<\/strong>. Fieber oder Sch\u00fcttelfrost k\u00f6nnen diese bakterielle Superinfektion ebenfalls begleiten.<\/p>\n<\/details>\n<details style=\"margin-bottom: 10px; border: 1px solid #ebc1c2; padding: 10px; border-radius: 5px;\">\n<summary style=\"font-weight: bold; color: #c76363; cursor: pointer;\">Sind meine Stillrisse ernst?<\/summary>\n<p style=\"margin-top: 5px;\">Die Schwere eines Stillrisses wird anhand seiner Tiefe, des verursachten Schmerzes und seiner Auswirkungen auf das Stillen beurteilt. Eine einfache Reizung ist bereits ein Warnsignal. Ein Stillriss gilt als schwerwiegend, wenn er <strong>tief, sehr breit ist oder bei jedem Stillen stark blutet<\/strong>. Leichte <a href=\"https:\/\/milkydaisy.com\/en\/breastfeeding\/bleeding-while-breastfeeding\" style=\"color: #c76363; text-decoration: underline;\">Blutungen w\u00e4hrend des Stillens<\/a> k\u00f6nnen auftreten, aber wenn sie anhalten oder der Schmerz Sie vor dem Anlegen f\u00fcrchten l\u00e4sst, ist es entscheidend zu handeln. Das Ausbleiben einer Besserung trotz Pflege ist ebenfalls ein Zeichen f\u00fcr die Schwere.<\/p>\n<\/details>\n<details style=\"margin-bottom: 10px; border: 1px solid #ebc1c2; padding: 10px; border-radius: 5px;\">\n<summary style=\"font-weight: bold; color: #c76363; cursor: pointer;\">Kann ein Stillriss wie ein wei\u00dfer Punkt aussehen?<\/summary>\n<p style=\"margin-top: 5px;\">Nein, ihr Aussehen ist sehr unterschiedlich. Ein Stillriss ist eine <strong>Fissur oder ein Schnitt<\/strong> in der Haut der Brustwarze, eine oft rosafarbene oder rote lineare L\u00e4sion. Ein wei\u00dfer Punkt hingegen ist typischerweise ein <strong>verstopfter Milchgang<\/strong>. Visuell pr\u00e4sentiert er sich als kleine <strong>Blase oder wei\u00dfes Bl\u00e4schen<\/strong> an der Brustwarzenspitze, verursacht durch eingedickte Milch, die eine Pore verstopft. Obwohl beide schmerzhaft sein k\u00f6nnen, sollten ihr Aussehen und ihre Ursache nicht verwechselt werden.<\/p>\n<\/details>\n<details style=\"border: 1px solid #ebc1c2; padding: 10px; border-radius: 5px;\">\n<summary style=\"font-weight: bold; color: #c76363; cursor: pointer;\">Wann sollte ich meine Stillrisse einem Arzt zeigen?<\/summary>\n<p style=\"margin-top: 5px;\">Es ist unerl\u00e4sslich, einen Arzt (Arzt, Hebamme, Stillberaterin) zu konsultieren, wenn Sie <strong>Anzeichen einer Infektion<\/strong> (Eiter, Fieber, ausgedehnte R\u00f6tung) bemerken. Konsultieren Sie auch, wenn der Schmerz unertr\u00e4glich ist, wenn der Riss nach <strong>48 Stunden sorgf\u00e4ltiger Pflege<\/strong> (Korrektur des Anlegens, Anwendung von Lanolin usw.) <strong>keine Besserung<\/strong> zeigt oder wenn er gr\u00f6\u00dfer oder tiefer zu werden scheint. Eine \u00e4rztliche Meinung ist unerl\u00e4sslich, um eine geeignete Behandlung zu erhalten und Ihr Stillen zu sch\u00fctzen.<\/p>\n<\/details>\n<p><script type=\"application\/ld+json\"> {   \"@context\": \"https:\/\/schema.org\",   \"@type\": \"FAQPage\",   \"mainEntity\": [{     \"@type\": \"Question\",     \"name\": \"Wie sieht eine infizierte Brustwarzenrhagade aus?\",     \"acceptedAnswer\": {       \"@type\": \"Answer\",       \"text\": \"Eine infizierte Brustwarzenrhagade zeigt deutliche Anzeichen einer Infektion. Optisch wird der Bereich um den Riss r\u00f6ter, geschwollen und f\u00fchlt sich warm an. Sie k\u00f6nnten Eiter (gelblich oder gr\u00fcnlich) oder honigfarbene Krusten bemerken. Der Schmerz, anstatt sich zu bessern, verst\u00e4rkt sich und kann stechend oder brennend werden, selbst zwischen den Stillmahlzeiten. Wenn Sie Fieber oder Sch\u00fcttelfrost entwickeln, kann dies auf eine beginnende Mastitis hindeuten, die von der infizierten Rhagade ausgeht.\"     }   },{     \"@type\": \"Question\",     \"name\": \"Sind meine Brustwarzenrhagaden ernst?\",     \"acceptedAnswer\": {       \"@type\": \"Answer\",       \"text\": \"Die Schwere einer Brustwarzenrhagade h\u00e4ngt von ihrer Tiefe, dem Schmerz und ihren Auswirkungen auf das Stillen ab. Eine einfache Reizung ist schmerzhaft, aber oberfl\u00e4chlich. Eine Rhagade gilt als ernst, wenn sie tief ist, bei jedem Stillen stark blutet oder wenn der Schmerz so intensiv ist, dass Sie das Anlegen f\u00fcrchten. Wenn die Rhagade nach 2-3 Tagen sorgf\u00e4ltiger Pflege und Korrektur der Anlegetechnik keine Anzeichen einer Heilung zeigt, ist es wichtig, sie als ernstes Problem zu betrachten, das nicht unbehandelt bleiben sollte.\"     }   },{     \"@type\": \"Question\",     \"name\": \"Wann sollte ich meine Brustwarzenrhagaden einem Arzt zeigen?\",     \"acceptedAnswer\": {       \"@type\": \"Answer\",       \"text\": \"Es ist ratsam, in mehreren F\u00e4llen schnell einen Arzt (Arzt, Hebamme, Stillberaterin IBCLC) aufzusuchen. Konsultieren Sie einen Arzt, wenn der Schmerz unertr\u00e4glich ist, die Rhagade sehr tief ist oder sich ausbreitet, wenn Sie Anzeichen einer Infektion (Eiter, W\u00e4rme, ausgedehnte R\u00f6tung, Fieber) bemerken oder wenn sich die Situation nach 48 Stunden trotz Ihrer Bem\u00fchungen zur Korrektur der Position \u00fcberhaupt nicht bessert. Ein Fachmann kann eine genaue Diagnose stellen, andere Ursachen wie eine Candidose oder einen <a href=\"https:\/\/milkydaisy.com\/en\/breastfeeding\/white-nipple-breastfeeding\">Vasospasmus der Brustwarze<\/a> ausschlie\u00dfen und Ihnen bei Bedarf eine geeignete Behandlung verschreiben.\"     }   }] } <\/script><\/p>\n<p><img decoding=\"async\" src=\"\" alt=\"\" \/><\/p>\n","protected":false},"excerpt":{"rendered":"<p>Kurz gesagt: Stillrisse zeigen sich visuell als Risse oder Schnitte an der Brustwarze, oft verursacht durch eine falsche Anlegetechnik. Dieser Artikel f\u00fchrt Sie mit Fotos an die Hand, um sie zu erkennen, ihre Ursache zu verstehen und sie effektiv zu behandeln. Erfahren Sie, wie Sie die Anzeichen identifizieren, ihrem Auftreten vorbeugen und wann Sie einen &#8230; <a title=\"Stillwunden: Fotos zur Erkennung und zum Verst\u00e4ndnis\" class=\"read-more\" href=\"https:\/\/milkydaisy.com\/de\/stillen\/stillen-schrunden-bilder\/\" aria-label=\"Mehr Informationen \u00fcber Stillwunden: Fotos zur Erkennung und zum Verst\u00e4ndnis\">Weiterlesen<\/a><\/p>\n","protected":false},"author":1,"featured_media":45106,"parent":18730,"menu_order":0,"comment_status":"open","ping_status":"open","template":"","meta":{"footnotes":""},"class_list":["post-45169","page","type-page","status-publish","has-post-thumbnail"],"_links":{"self":[{"href":"https:\/\/milkydaisy.com\/de\/wp-json\/wp\/v2\/pages\/45169","targetHints":{"allow":["GET"]}}],"collection":[{"href":"https:\/\/milkydaisy.com\/de\/wp-json\/wp\/v2\/pages"}],"about":[{"href":"https:\/\/milkydaisy.com\/de\/wp-json\/wp\/v2\/types\/page"}],"author":[{"embeddable":true,"href":"https:\/\/milkydaisy.com\/de\/wp-json\/wp\/v2\/users\/1"}],"replies":[{"embeddable":true,"href":"https:\/\/milkydaisy.com\/de\/wp-json\/wp\/v2\/comments?post=45169"}],"version-history":[{"count":0,"href":"https:\/\/milkydaisy.com\/de\/wp-json\/wp\/v2\/pages\/45169\/revisions"}],"up":[{"embeddable":true,"href":"https:\/\/milkydaisy.com\/de\/wp-json\/wp\/v2\/pages\/18730"}],"wp:featuredmedia":[{"embeddable":true,"href":"https:\/\/milkydaisy.com\/de\/wp-json\/wp\/v2\/media\/45106"}],"wp:attachment":[{"href":"https:\/\/milkydaisy.com\/de\/wp-json\/wp\/v2\/media?parent=45169"}],"curies":[{"name":"wp","href":"https:\/\/api.w.org\/{rel}","templated":true}]}}