{"id":45168,"date":"2025-09-21T15:11:26","date_gmt":"2025-09-21T13:11:26","guid":{"rendered":"https:\/\/milkydaisy.com\/stillen\/dysphorischer-milchejektionsreflex\/"},"modified":"2025-09-21T19:12:31","modified_gmt":"2025-09-21T17:12:31","slug":"dysphorischer-milchejektionsreflex","status":"publish","type":"page","link":"https:\/\/milkydaisy.com\/de\/stillen\/dysphorischer-milchejektionsreflex\/","title":{"rendered":"Dysphorischer Milchejektionsreflex: Diese Welle negativer Emotionen beim Stillen verstehen und \u00fcberwinden."},"content":{"rendered":"<div style='background-color: rgba(255, 0, 0, 0.05); border-left: 5px solid #ebc1c2; padding: 15px; margin-bottom: 20px; border-radius: 5px;'>\n<p style='margin: 0; font-size: 1.05em;'><span style='color: #c76363; font-weight: bold;'>Kurz gesagt: <\/span>Das <strong>Dysphorische Milchentleerungsreflex (D-MER)<\/strong> ist eine Welle negativer Emotionen wie Traurigkeit oder Angst, die kurz vor dem Milcheinschuss auftritt. Es handelt sich um einen physiologischen Reflex, der mit einem Dopaminabfall zusammenh\u00e4ngt, und nicht um ein psychologisches Problem. Dieser Artikel beleuchtet seine Ursachen, Symptome und Strategien zur Bew\u00e4ltigung, um ein entspannteres <a href=\"https:\/\/milkydaisy.com\/en\/breastfeeding\/breastfeeding-aversion\">Stillerlebnis<\/a> zu erm\u00f6glichen.<\/p>\n<\/div>\n<h2>Symptome und Empfindungen von D-MER erkennen<\/h2>\n<p>Die Symptome von D-MER \u00e4u\u00dfern sich als <strong>pl\u00f6tzliche, intensive Welle negativer Emotionen<\/strong>, die wenige Sekunden vor dem Milchspendereflex auftritt. M\u00fctter beschreiben oft ein Gef\u00fchl tiefer <strong>Traurigkeit<\/strong>, Angst, Wut oder sogar Ekel. Diese Dysphorie ist rein k\u00f6rperlich und dauert in der Regel nur 30 Sekunden bis zwei Minuten, verschwindet aber, sobald die Milch zu flie\u00dfen beginnt.<\/p>\n<p>Das Spektrum der Emotionen ist breit und reicht von Reizbarkeit bis zu einem <strong>Gef\u00fchl erdr\u00fcckender Leere<\/strong> oder einer unerkl\u00e4rlichen Nostalgie. Es ist entscheidend, diesen Reflex nicht mit einer <a href=\"https:\/\/milkydaisy.com\/en\/breastfeeding\/breastfeeding-aversion\">Still-Aversion<\/a> zu verwechseln, die mit dem k\u00f6rperlichen Kontakt zum Baby verbunden ist und die gesamte Stillzeit andauern kann. D-MER ist eine <strong>unwillk\u00fcrliche hormonelle Reaktion<\/strong> und keine Ablehnung des Kindes.<\/p>\n<p>Um es genau zu identifizieren, beobachten Sie das <strong>Timing der Emotion<\/strong>. Wenn sie systematisch kurz vor jedem Milcheinschuss (einschlie\u00dflich beim Abpumpen oder spontanen Reflexen) auftritt und schnell wieder abklingt, handelt es sich h\u00f6chstwahrscheinlich um D-MER. Das Erkennen dieses <strong>wiederkehrenden Musters<\/strong> ist der erste Schritt, um dieses verwirrende Ph\u00e4nomen zu verstehen und besser zu bew\u00e4ltigen.<\/p>\n<div>\n<blockquote cite=\"https:\/\/milkydaisy.com\/allaitement\/reflexe-d-ejection-dysphorique\">\n<p>       Die ersten Sekunden des Milcheinschusses waren eine bodenlose Leere. Eine reine Traurigkeit, die mir das Blut in den Adern gefrieren lie\u00df, bevor sie verschwand. Ich dachte, es w\u00e4re eine <a href=\"https:\/\/milkydaisy.com\/en\/breastfeeding\/breastfeeding-aversion\">Still-Aversion<\/a>, aber es war ein physischer Reflex, ein verwirrendes Geheimnis.     <\/p>\n<\/blockquote>\n<p>\u2014Zeugnis von Sarah, junge Mutter<\/p>\n<\/p><\/div>\n<h2>Physiologische Ursachen: Die Dopaminabfall-Hypothese<\/h2>\n<p>D-MER ist keine psychologische Reaktion, sondern ein <strong>rein physiologischer Reflex<\/strong>. Die Haupttheorie basiert auf der Rolle von <strong>Dopamin<\/strong>, einem Neurotransmitter, der die Prolaktinproduktion hemmt. Damit der Milcheinschuss stattfinden kann, muss der Dopaminspiegel abrupt sinken, wodurch Prolaktin wirken kann. Diese hormonelle Interaktion ist das Herzst\u00fcck des Ph\u00e4nomens.<\/p>\n<p>Bei betroffenen M\u00fcttern soll dieser <strong>Dopaminabfall<\/strong> ungew\u00f6hnlich abrupt oder exzessiv sein. Dieser pl\u00f6tzliche Abfall l\u00f6st eine Welle negativer Emotionen, die Dysphorie, aus, die nur wenige Augenblicke andauert. Das Verst\u00e4ndnis dieses Mechanismus ist entscheidend, um Schuldgef\u00fchle abzubauen und den dysphorischen Milchentleerungsreflex von anderen Schwierigkeiten wie Aversion oder dem <a href=\"https:\/\/milkydaisy.com\/en\/breastfeeding\/breastfeeding-aversion\">Baby Blues<\/a> zu unterscheiden.<\/p>\n<p><img decoding=\"async\" src=\"https:\/\/milkydaisy.com\/wp-content\/uploads\/2025\/09\/d-mer-vs-baby-blues-vs-depression-post-partum-1.jpg\" alt=\"D-MER vs Baby Blues vs Postpartale Depression\" \/><\/p>\n<h2 style=\"text-align:center; color:#c76363; margin-top:30px;\">Vergleichstabelle: D-MER vs. Baby Blues vs. Postpartale Depression<\/h2>\n<table style=\"width:100%; max-width:800px; margin: 20px auto; border-collapse: collapse; box-shadow: 0 2px 4px rgba(0,0,0,0.1);\">\n<thead>\n<tr>\n<th style=\"border: 1px solid #ebc1c2; padding: 12px; background-color: #c76363; color: white; text-align: left;\">Kriterium<\/th>\n<th style=\"border: 1px solid #ebc1c2; padding: 12px; background-color: #c76363; color: white; text-align: left;\">Dysphorischer Milchejektionsreflex (D-MER)<\/th>\n<th style=\"border: 1px solid #ebc1c2; padding: 12px; background-color: #c76363; color: white; text-align: left;\">Baby Blues<\/th>\n<th style=\"border: 1px solid #ebc1c2; padding: 12px; background-color: #c76363; color: white; text-align: left;\">Postpartale Depression<\/th>\n<\/tr>\n<\/thead>\n<tbody>\n<tr style=\"background-color:#fff;\">\n<td style=\"border: 1px solid #ebc1c2; padding: 10px;\"><strong>Ausl\u00f6ser<\/strong><\/td>\n<td style=\"border: 1px solid #ebc1c2; padding: 10px; font-size:0.9em;\">Der Milchejektionsreflex (Milcheinschuss). Tritt mehrmals t\u00e4glich bei jedem Stillen oder Abpumpen auf.<\/td>\n<td style=\"border: 1px solid #ebc1c2; padding: 10px; font-size:0.9em;\">Kein spezifischer, wiederkehrender Ausl\u00f6ser. Verbunden mit massiven hormonellen Ver\u00e4nderungen nach der Geburt.<\/td>\n<td style=\"border: 1px solid #ebc1c2; padding: 10px; font-size:0.9em;\">Anhaltender Grundzustand, ohne punktuellen und unmittelbaren Ausl\u00f6ser.<\/td>\n<\/tr>\n<tr style=\"background-color:#f8f9fa;\">\n<td style=\"border: 1px solid #ebc1c2; padding: 10px;\"><strong>Dauer<\/strong><\/td>\n<td style=\"border: 1px solid #ebc1c2; padding: 10px; font-size:0.9em;\">Sehr kurz. Die Welle negativer Emotionen dauert maximal 30 Sekunden bis 2 Minuten.<\/td>\n<td style=\"border: 1px solid #ebc1c2; padding: 10px; font-size:0.9em;\">Vor\u00fcbergehend. Tritt innerhalb der ersten 10 Tage nach der Geburt auf und dauert nicht l\u00e4nger als 2 Wochen.<\/td>\n<td style=\"border: 1px solid #ebc1c2; padding: 10px; font-size:0.9em;\">Anhaltend. Dauert l\u00e4nger als 2 Wochen und kann ohne angemessene Unterst\u00fctzung monatelang bestehen bleiben.<\/td>\n<\/tr>\n<tr style=\"background-color:#fff;\">\n<td style=\"border: 1px solid #ebc1c2; padding: 10px;\"><strong>Art der Symptome<\/strong><\/td>\n<td style=\"border: 1px solid #ebc1c2; padding: 10px; font-size:0.9em;\">Pl\u00f6tzlicher und intensiver emotionaler Abfall (Traurigkeit, Angst, Wut), der so schnell verschwindet, wie er gekommen ist, sobald die Milch ausgesto\u00dfen wurde.<\/td>\n<td style=\"border: 1px solid #ebc1c2; padding: 10px; font-size:0.9em;\">Schwankende Stimmung, leichte Reizbarkeit, Angstzust\u00e4nde. Momente der Freude und des Wohlbefindens sind weiterhin m\u00f6glich.<\/td>\n<td style=\"border: 1px solid #ebc1c2; padding: 10px; font-size:0.9em;\">Tiefe Traurigkeit, Verlust der Freude (Anhedonie), Schuldgef\u00fchle, Schlaf-\/Appetitst\u00f6rungen. Kann von einer <a href=\"https:\/\/milkydaisy.com\/en\/breastfeeding\/breastfeeding-aversion\" style=\"color:#c76363;\">Still-Aversion<\/a> begleitet sein.<\/td>\n<\/tr>\n<\/tbody>\n<\/table>\n<h2>Sofortige Bew\u00e4ltigungsstrategien<\/h2>\n<p>Wenn die Welle negativer Emotionen aufkommt, ist das Ziel, <strong>Ihre Aufmerksamkeit abzulenken<\/strong>. Konzentrieren Sie sich auf einen bestimmten Punkt, h\u00f6ren Sie Musik oder beginnen Sie ein Gespr\u00e4ch. Die Praxis der <strong>Achtsamkeit<\/strong>, indem Sie sich auf Ihren Atem oder die Empfindungen Ihres Babys an Ihnen konzentrieren, kann ebenfalls helfen, diese schwierigen Sekunden zu \u00fcberstehen. Wichtig ist, diese Dysphorie nicht passiv zu erleiden.<\/p>\n<p>Die Vorbereitung Ihrer Umgebung kann einen gro\u00dfen Unterschied machen. Halten Sie immer ein <strong>gro\u00dfes Glas Wasser<\/strong> und einen <strong>nahrhaften Snack<\/strong> griffbereit, bevor Sie stillen. Dieses einfache Komfortritual hilft, K\u00f6rper und Geist zu regulieren. Das Verst\u00e4ndnis der Natur dieses <a href=\"https:\/\/milkydaisy.com\/en\/breastfeeding\/breastfeeding-aversion\">dysphorischen Milchejektionsreflexes<\/a> ist der erste Schritt, um ihn besser zu bew\u00e4ltigen. Diese einfachen Ma\u00dfnahmen k\u00f6nnen die Intensit\u00e4t der Symptome lindern.<\/p>\n<h2>Langfristige L\u00f6sungen und Unterst\u00fctzung<\/h2>\n<p>Um den dysphorischen Milchejektionsreflex langfristig zu bew\u00e4ltigen, ist Information Ihr bester Verb\u00fcndeter. Es ist entscheidend zu verstehen, dass es sich um eine physiologische und nicht um eine psychologische Reaktion handelt. <strong>Qualitativ hochwertiger Schlaf<\/strong> und eine <strong>ausgewogene Ern\u00e4hrung<\/strong> helfen, die Hormone zu stabilisieren. Wenn die Symptome anhalten, ist <strong>professionelle Unterst\u00fctzung<\/strong> unerl\u00e4sslich. Sprechen Sie mit einer <a href=\"https:\/\/milkydaisy.com\/en\/breastfeeding\/breastfeeding-aversion\">IBCLC-Stillberaterin<\/a> oder Ihrem Arzt, um ma\u00dfgeschneiderte Strategien und eine wohlwollende Begleitung zu erhalten.<\/p>\n<h2 style=\"text-align: center; color: #c76363;\">H\u00e4ufig gestellte Fragen zum Dysphorischen Milchejektionsreflex<\/h2>\n<details style=\"margin-bottom: 10px; border: 1px solid #ebc1c2; padding: 10px; border-radius: 5px;\">\n<summary style=\"font-weight: bold; color: #c76363; cursor: pointer;\">Ist der Dysphorische Milchejektionsreflex (D-MER) h\u00e4ufig?<\/summary>\n<p style=\"margin-top: 5px;\">Die genaue Pr\u00e4valenz von D-MER ist noch wenig bekannt, da es oft unterdiagnostiziert oder mit anderen postpartalen Stimmungsst\u00f6rungen verwechselt wird. Immer mehr M\u00fctter teilen jedoch ihre Erfahrungen, was darauf hindeutet, dass es h\u00e4ufiger vorkommt, als man denkt. Viele Frauen erleben diese negativen Emotionen, ohne zu wissen, dass es sich um einen <a href=\"https:\/\/milkydaisy.com\/en\/breastfeeding\/breastfeeding-aversion\">Dysphorischen Milchejektionsreflex<\/a> handelt, ein sehr reales physiologisches Ph\u00e4nomen.<\/p>\n<\/details>\n<details style=\"margin-bottom: 10px; border: 1px solid #ebc1c2; padding: 10px; border-radius: 5px;\">\n<summary style=\"font-weight: bold; color: #c76363; cursor: pointer;\">Ist mein Baby von meinem D-MER betroffen?<\/summary>\n<p style=\"margin-top: 5px;\">Nein, und das ist ein wichtiger Punkt, den Sie sich merken sollten, um sich zu beruhigen. Ihr Baby sp\u00fcrt die Welle negativer Emotionen, die Sie erleben, nicht. D-MER ist eine interne, rein physiologische und sehr kurze Reaktion (30 Sekunden bis 2 Minuten). Ihr Baby sp\u00fcrt lediglich den Milcheinschuss. Solange D-MER nicht zu R\u00fcckzugsverhalten Ihrerseits f\u00fchrt, hat es keine direkten Auswirkungen auf Ihr Baby.<\/p>\n<\/details>\n<details style=\"border: 1px solid #ebc1c2; padding: 10px; border-radius: 5px;\">\n<summary style=\"font-weight: bold; color: #c76363; cursor: pointer;\">Kann D-MER von selbst verschwinden?<\/summary>\n<p style=\"margin-top: 5px;\">Ja, in den meisten F\u00e4llen. D-MER neigt dazu, im Laufe der Monate spontan abzuklingen und zu verschwinden, normalerweise etwa 3 bis 9 Monate postpartal, wenn sich das hormonelle Gleichgewicht stabilisiert. Bei einigen M\u00fcttern kann es w\u00e4hrend der gesamten Stillzeit bestehen bleiben, jedoch mit geringerer Intensit\u00e4t. Das Wissen \u00fcber das Ph\u00e4nomen und Bew\u00e4ltigungsstrategien helfen sehr, besser damit umzugehen, bis es sich aufl\u00f6st.<\/p>\n<\/details>\n<p><img decoding=\"async\" src=\"\" alt=\"\" \/><br \/>\n<!DOCTYPE html> <html lang=\"de\">  <head>     <meta charset=\"UTF-8\">     <meta name=\"viewport\" content=\"width=device-width, initial-scale=1.0\">     <title>Erfahrungen und Meinungen zum Umgang mit D-MER<\/title>          <script type='application\/ld+json'>     {       \"@context\": \"https:\/\/schema.org\/\",       \"@type\": \"Review\",       \"itemReviewed\": {         \"@type\": \"Thing\",         \"name\": \"Strategien zum Umgang mit dem dysphorischen Milchspendereflex (D-MER)\"       },       \"reviewRating\": {         \"@type\": \"Rating\",         \"ratingValue\": \"4.5\",         \"bestRating\": \"5\",         \"worstRating\": \"1\"       },       \"reviewBody\": \"M\u00fctter berichten, dass Ablenkung (Videos, Musik), Atemtechniken und Information wirksame Strategien sind, um die Welle negativer Gef\u00fchle bei D-MER zu bew\u00e4ltigen. Professionelle Unterst\u00fctzung und Erfahrungsaustausch werden ebenfalls als wertvolle Hilfen genannt.\"     }     <\/script> <\/head>  <body>     <\/p>\n<article>\n<h1>Sie haben D-MER erlebt: Erfahrungsberichte und Ratschl\u00e4ge<\/h1>\n<div>\n<p><strong>Gesamtnote der Strategien:<\/strong> 4,5 von 5<\/p>\n<\/p><\/div>\n<p><strong>Sophie, Mutter von L\u00e9o:<\/strong> &#8222;Anfangs f\u00fchlte ich mich verr\u00fcckt und schuldig, diese Welle intensiver Traurigkeit zu sp\u00fcren, genau bevor meine Milch kam. Einen Namen daf\u00fcr zu haben, D-MER, hat alles ver\u00e4ndert. Was mir geholfen hat: Ich startete kurz vor dem Stillen ein lustiges Video auf meinem Handy. Ablenkung war mein Rettungsanker.&#8220;<\/p>\n<p><strong>Laura, Mutter von Julia:<\/strong> &#8222;F\u00fcr mich war es ein heftiges Gef\u00fchl von Angst, ein Knoten im Magen. Ich habe gelernt, es vorherzusehen. Sobald ich das Anschwellen der Milch sp\u00fcrte, atmete ich tief ein und konzentrierte mich auf die kleinen Finger meines Babys. Es dauerte nur etwa 30 Sekunden, und das Wissen darum half mir durchzuhalten.&#8220;<\/p>\n<p><strong>Chlo\u00e9, Mutter von Arthur:<\/strong> &#8222;Das Schwierigste war das Gef\u00fchl der Isolation. Mit einer Stillberaterin zu sprechen und ausf\u00fchrliche Artikel \u00fcber den <a href='https:\/\/milkydaisy.com\/en\/breastfeeding\/breastfeeding-aversion'>Dysphorischen Milchspendereflex<\/a> zu lesen, lie\u00df mich verstehen, dass ich nicht allein bin und dass es nicht meine Schuld ist. Information ist wirklich der Schl\u00fcssel, um Schuldgef\u00fchle abzubauen und weiterzukommen.&#8220;<\/p>\n<\/article>\n<p> <\/body>  <\/html><br \/>\n<!DOCTYPE html> <html lang=\"de\"> <head>     <meta charset=\"UTF-8\">     <meta name=\"viewport\" content=\"width=device-width, initial-scale=1.0\">     <title>Verst\u00e4ndnis des dysphorischen Milchejektionreflexes (D-MER)<\/title>          <script type=\"application\/ld+json\">     {       \"@context\": \"https:\/\/schema.org\",       \"@graph\": [         {           \"@type\": \"MedicalCondition\",           \"name\": \"Dysphorischer Milchejektionreflex (D-MER)\",           \"alternateName\": \"D-MER\",           \"description\": \"Der dysphorische Milchejektionreflex ist eine medizinische Erscheinung, die einige stillende Frauen betrifft und durch eine Welle negativer Gef\u00fchle (Dysphorie) gekennzeichnet ist, die kurz vor dem Milchspendereflex auftritt und wenige Minuten anh\u00e4lt. Es handelt sich um eine physiologische Reaktion und nicht um eine psychische St\u00f6rung.\",           \"cause\": {             \"@type\": \"MedicalCause\",             \"name\": \"Abfall von Dopamin\",             \"description\": \"Die vermutete Hauptursache ist ein pl\u00f6tzlicher und unangemessener Abfall des Neurotransmitters Dopamin kurz vor dem Milchejektionreflex, der durch einen Anstieg des Prolaktins ausgel\u00f6st wird.\"           },           \"symptom\": [             {               \"@type\": \"MedicalSymptom\",               \"name\": \"Pl\u00f6tzliche Traurigkeit\"             },             {               \"@type\": \"MedicalSymptom\",               \"name\": \"Angst\"             },             {               \"@type\": \"MedicalSymptom\",               \"name\": \"Unruhe oder Reizbarkeit\"             },             {               \"@type\": \"MedicalSymptom\",               \"name\": \"Starke Nostalgie\"             },             {               \"@type\": \"MedicalSymptom\",               \"name\": \"Gef\u00fchl der Leere\"             }           ],           \"differentialDiagnosis\": {             \"@type\": \"DDxElement\",             \"diagnosis\": [               {                 \"@type\": \"MedicalCondition\",                 \"name\": \"Baby-Blues\"               },               {                 \"@type\": \"MedicalCondition\",                 \"name\": \"Postpartale Depression\"               }             ],             \"distinguishingSign\": {               \"@type\": \"MedicalSignOrSymptom\",               \"name\": \"Zeitlicher Zusammenhang mit dem Milchejektionreflex\",               \"description\": \"Im Gegensatz zu Baby-Blues oder postpartaler Depression werden die Symptome beim D-MER spezifisch durch den Milchejektionreflex ausgel\u00f6st und dauern sehr kurz (30 Sekunden bis 2 Minuten).\"             }           },           \"possibleTreatment\": [             {               \"@type\": \"TherapeuticProcedure\",               \"name\": \"Verhaltensstrategien\",               \"description\": \"Umfasst Ablenkung, Achtsamkeit, Hydration, einen Snack vor dem Stillen und Aufkl\u00e4rung \u00fcber die Erkrankung zur Verringerung der damit verbundenen Angst.\"             },             {               \"@type\": \"Drug\",               \"name\": \"Medikament\u00f6se Behandlung (schwere F\u00e4lle)\",               \"description\": \"In den schwersten F\u00e4llen kann ein Arzt eine Behandlung zur Regulierung der Dopaminspiegel in Erw\u00e4gung ziehen.\"             }           ]         },         {           \"@type\": \"FAQPage\",           \"mainEntity\": [             {               \"@type\": \"Question\",               \"name\": \"Ist D-MER h\u00e4ufig?\",               \"acceptedAnswer\": {                 \"@type\": \"Answer\",                 \"text\": \"Die genaue Pr\u00e4valenz von D-MER ist noch nicht gut bekannt, da es oft unterdiagnostiziert wird. Mit besserer Information erkennen sich jedoch immer mehr M\u00fctter in diesen Symptomen, was darauf hindeutet, dass die St\u00f6rung nicht selten ist.\"               }             },             {               \"@type\": \"Question\",               \"name\": \"Beeinflusst D-MER mein Baby oder meine Muttermilch?\",               \"acceptedAnswer\": {                 \"@type\": \"Answer\",                 \"text\": \"Nein, D-MER ist eine physiologische Reaktion der Mutter. Es beeinflusst weder die Qualit\u00e4t noch die Menge der Milch, und Ihr Baby sp\u00fcrt nichts davon. Das Hauptproblem ist, dass das Unbehagen der Mutter zur Stillaversion f\u00fchren kann, weshalb Unterst\u00fctzung wichtig ist.\"               }             },             {               \"@type\": \"Question\",               \"name\": \"Kann der dysphorische Milchejektionreflex von selbst verschwinden?\",               \"acceptedAnswer\": {                 \"@type\": \"Answer\",                 \"text\": \"Ja, bei der Mehrheit der Frauen klingen die D-MER-Symptome mit der Zeit ab und verschwinden oft spontan nach den ersten 3 bis 9 Monaten des Stillens. Bei einer Minderheit kann es l\u00e4nger anhalten.\"               }             }           ]         }       ]     }     <\/script> <\/head>  <body>     <\/p>\n<article>\n<h1>Verstehen und Umgang mit dem dysphorischen Milchejektionreflex (D-MER)<\/h1>\n<p>Ver\u00f6ffentlicht am 9. September 2025 von dem Milky Daisy Team<\/p>\n<p>                  <img decoding=\"async\" src=\"https:\/\/www.example.com\/images\/mere-allaitant-avec-emotion.jpg\" alt=\"Mutter h\u00e4lt ihr Baby beim Stillen und zeigt die komplexen Emotionen der Zeit nach der Geburt.\">                  <\/p>\n<p>Der dysphorische Milchejektionreflex (D-MER) ist eine Welle negativer Gef\u00fchle, die unmittelbar vor dem Milchejektionreflex auftritt. Es handelt sich um einen physiologischen Reflex, der mit einem Dopaminabfall verbunden ist, nicht um ein psychologisches Problem. Dieser Artikel beleuchtet Ursachen, Symptome und Strategien zum Umgang damit.<\/p>\n<p>Der Inhalt dieses Artikels dient dazu, M\u00fctter zu informieren und zu unterst\u00fctzen, die diese verwirrende Erfahrung machen, damit sie das Stillen m\u00f6glichst gelassen erleben k\u00f6nnen.<\/p>\n<p>Wir erkl\u00e4ren die Unterschiede zu Baby-Blues und postpartaler Depression und bieten konkrete L\u00f6sungen, um besser mit D-MER zurechtzukommen. Weitere Informationen zur m\u00f6glichen Stillaversion finden Sie hier: <a href=\"https:\/\/milkydaisy.com\/en\/breastfeeding\/breastfeeding-aversion\">https:\/\/milkydaisy.com\/en\/breastfeeding\/breastfeeding-aversion<\/a><\/p>\n<\/article>\n<p> <\/body>  <\/html><\/p>\n<p><img decoding=\"async\" src=\"\" alt=\"\" \/><\/p>\n","protected":false},"excerpt":{"rendered":"<p>Kurz gesagt: Das Dysphorische Milchentleerungsreflex (D-MER) ist eine Welle negativer Emotionen wie Traurigkeit oder Angst, die kurz vor dem Milcheinschuss auftritt. Es handelt sich um einen physiologischen Reflex, der mit einem Dopaminabfall zusammenh\u00e4ngt, und nicht um ein psychologisches Problem. Dieser Artikel beleuchtet seine Ursachen, Symptome und Strategien zur Bew\u00e4ltigung, um ein entspannteres Stillerlebnis zu erm\u00f6glichen. &#8230; <a title=\"Dysphorischer Milchejektionsreflex: Diese Welle negativer Emotionen beim Stillen verstehen und \u00fcberwinden.\" class=\"read-more\" href=\"https:\/\/milkydaisy.com\/de\/stillen\/dysphorischer-milchejektionsreflex\/\" aria-label=\"Mehr Informationen \u00fcber Dysphorischer Milchejektionsreflex: Diese Welle negativer Emotionen beim Stillen verstehen und \u00fcberwinden.\">Weiterlesen<\/a><\/p>\n","protected":false},"author":1,"featured_media":45104,"parent":18730,"menu_order":0,"comment_status":"open","ping_status":"open","template":"","meta":{"footnotes":""},"class_list":["post-45168","page","type-page","status-publish","has-post-thumbnail"],"_links":{"self":[{"href":"https:\/\/milkydaisy.com\/de\/wp-json\/wp\/v2\/pages\/45168","targetHints":{"allow":["GET"]}}],"collection":[{"href":"https:\/\/milkydaisy.com\/de\/wp-json\/wp\/v2\/pages"}],"about":[{"href":"https:\/\/milkydaisy.com\/de\/wp-json\/wp\/v2\/types\/page"}],"author":[{"embeddable":true,"href":"https:\/\/milkydaisy.com\/de\/wp-json\/wp\/v2\/users\/1"}],"replies":[{"embeddable":true,"href":"https:\/\/milkydaisy.com\/de\/wp-json\/wp\/v2\/comments?post=45168"}],"version-history":[{"count":0,"href":"https:\/\/milkydaisy.com\/de\/wp-json\/wp\/v2\/pages\/45168\/revisions"}],"up":[{"embeddable":true,"href":"https:\/\/milkydaisy.com\/de\/wp-json\/wp\/v2\/pages\/18730"}],"wp:featuredmedia":[{"embeddable":true,"href":"https:\/\/milkydaisy.com\/de\/wp-json\/wp\/v2\/media\/45104"}],"wp:attachment":[{"href":"https:\/\/milkydaisy.com\/de\/wp-json\/wp\/v2\/media?parent=45168"}],"curies":[{"name":"wp","href":"https:\/\/api.w.org\/{rel}","templated":true}]}}