{"id":45165,"date":"2025-09-21T15:07:46","date_gmt":"2025-09-21T13:07:46","guid":{"rendered":"https:\/\/milkydaisy.com\/stillen\/saugblase\/"},"modified":"2025-09-21T19:12:26","modified_gmt":"2025-09-21T17:12:26","slug":"saugblase","status":"publish","type":"page","link":"https:\/\/milkydaisy.com\/de\/stillen\/saugblase\/","title":{"rendered":"Saugblase: Ursachen, Erkennung und Behandlungsm\u00f6glichkeiten"},"content":{"rendered":"<div style='background-color: rgba(255, 0, 0, 0.05); border-left: 5px solid #ebc1c2; padding: 15px; margin-bottom: 20px; border-radius: 5px;'>\n<p style='margin: 0; font-size: 1.05em;'><span style='color: #c76363; font-weight: bold;'>Kurz gesagt: <\/span>Die <strong>Saugblase<\/strong> ist eine kleine, gutartige und sehr h\u00e4ufige Blase bei S\u00e4uglingen. Sie tritt an den Lippen des Babys auf, oft aufgrund wiederholter Reibung beim Stillen (an der Brust oder mit der Flasche) oder beim Daumen-\/Schnullerlutschen. Diese kleine L\u00e4sion ist in der Regel schmerzlos und verschwindet spontan, ohne dass eine spezifische Behandlung erforderlich ist. Es ist wichtig, sie nicht aufzustechen. Weitere Informationen zu \u00e4hnlichen Themen finden Sie unter <a href=\"https:\/\/milkydaisy.com\/en\/breastfeeding\/baby-lip-tie\">Baby-Lippenb\u00e4ndchen<\/a>.<\/p>\n<\/div>\n<h2>Die Hauptursachen: Reibung und intensives Saugen<\/h2>\n<p>Die Saugblase entsteht haupts\u00e4chlich durch <strong>kr\u00e4ftiges und wiederholtes Reiben<\/strong>. W\u00e4hrend des Stillens kann ein falsches Anlegen an die Brust die Ursache sein, was zu \u00fcberm\u00e4\u00dfiger Reibung an den Lippen des S\u00e4uglings f\u00fchrt. Manchmal kann ein <a href=\"https:\/\/milkydaisy.com\/en\/breastfeeding\/tongue-tie\">restriktives Zungenband<\/a> das Saugen erschweren und dieses Ph\u00e4nomen verst\u00e4rken. Es handelt sich um eine rein mechanische Reaktion und nicht um ein Zeichen einer Infektion.<\/p>\n<p>Nicht-nutritives Saugen ist die andere Hauptursache. Ob mit <strong>Daumen, Fingern oder Schnuller<\/strong>, der l\u00e4ngere Kontakt und die st\u00e4ndige Reibung k\u00f6nnen diese kleine Blase bilden. Dieses Saugbed\u00fcrfnis ist <strong>nat\u00fcrlich und beruhigend<\/strong> f\u00fcr das Baby, kann aber manchmal diese kleine, vor\u00fcbergehende und harmlose Markierung auf seinen Lippen hinterlassen.<\/p>\n<h2>Wie erkennt man eine Saugblase?<\/h2>\n<p>Die Saugblase ist leicht zu erkennen. Sie befindet sich normalerweise in der <strong>Mitte der Oberlippe<\/strong> Ihres Babys, wo die Reibung am gr\u00f6\u00dften ist. Sie \u00e4hnelt einer kleinen <strong>Blase oder Schwiele<\/strong>, ist wei\u00dflich oder durchscheinend und hat eine glatte Textur. Ihre Gr\u00f6\u00dfe variiert, bleibt aber klein. Das Wichtigste ist, dass sie <strong>v\u00f6llig schmerzlos<\/strong> ist und das Stillen Ihres S\u00e4uglings in keiner Weise st\u00f6rt. Sie verschwindet von selbst innerhalb weniger Tage oder Wochen. Weitere Informationen zu \u00e4hnlichen Themen finden Sie unter <a href=\"https:\/\/milkydaisy.com\/en\/breastfeeding\/milk-bleb\">Milchbl\u00e4schen<\/a>.<\/p>\n<div>\n<blockquote cite=\"avis-expert-lactation-cloque-succion\">\n<p>       Ich beruhige Eltern st\u00e4ndig: die Saugblase ist eine rein mechanische Reaktion, ein einfacher \u201eHornhaut\u201c-Belag der Lippe. Sie verursacht keine Schmerzen beim Baby und darf auf keinen Fall aufgestochen werden. <a href=\"https:\/\/milkydaisy.com\/en\/breastfeeding\/milk-bleb\">Mehr dazu<\/a>     <\/p>\n<\/blockquote>\n<p>\u2014Carine Lef\u00e8vre, <cite>IBCLC-Laktationsberaterin<\/cite><\/p>\n<p>   <script type=\"application\/ld+json\">   {     \"@context\": \"https:\/\/schema.org\",     \"@type\": \"CreativeWork\",     \"name\": \"Avis expert: Saugblase\",     \"text\": \"Ich beruhige Eltern st\u00e4ndig: die Saugblase ist eine rein mechanische Reaktion, ein einfacher \u201aHornhaut\u2018-Belag der Lippe. Sie verursacht keine Schmerzen beim Baby und darf auf keinen Fall aufgestochen werden.\",     \"author\": {       \"@type\": \"Person\",       \"name\": \"Carine Lef\u00e8vre\",       \"jobTitle\": \"IBCLC-Laktationsberaterin\"     }   }   <\/script> <\/div>\n<p><img decoding=\"async\" src=\"https:\/\/milkydaisy.com\/wp-content\/uploads\/2025\/09\/cloque-de-succion-vs-muguet-1.jpg\" alt=\"Saugblase vs Soor\" \/><\/p>\n<h2>Ist eine Saugblase schmerzhaft oder gef\u00e4hrlich?<\/h2>\n<p>Eine der Hauptsorgen von Eltern ist, ob diese Blase wehtut. Seien Sie versichert, die <a href=\"https:\/\/milkydaisy.com\/en\/breastfeeding\/milk-bleb\">Saugblase<\/a> ist <strong>im Allgemeinen schmerzlos<\/strong> und st\u00f6rt das Baby \u00fcberhaupt nicht. Sie <strong>beeintr\u00e4chtigt das Stillen<\/strong>, ob an der Brust oder mit der Flasche, nicht. Diese kleine L\u00e4sion ist oberfl\u00e4chlich und stellt <strong>keine Gefahr<\/strong> f\u00fcr die Gesundheit Ihres Kindes dar. Sie verschwindet von selbst, ohne Narben zu hinterlassen, was ihren v\u00f6llig harmlosen Charakter best\u00e4tigt.<\/p>\n<h2 style=\"text-align:center; color:#c76363; margin-top:30px;\">Vergleichstabelle: Saugb Blase vs. Andere orale Erkrankungen<\/h2>\n<table style=\"width:100%; max-width:800px; margin: 20px auto; border-collapse: collapse; box-shadow: 0 2px 4px rgba(0,0,0,0.1);\">\n<thead>\n<tr>\n<th style=\"border: 1px solid #ebc1c2; padding: 12px; background-color: #c76363; color: white; text-align: left;\">Kriterium<\/th>\n<th style=\"border: 1px solid #ebc1c2; padding: 12px; background-color: #c76363; color: white; text-align: left;\">Saugb Blase<\/th>\n<th style=\"border: 1px solid #ebc1c2; padding: 12px; background-color: #c76363; color: white; text-align: left;\">Mundsoor<\/th>\n<th style=\"border: 1px solid #ebc1c2; padding: 12px; background-color: #c76363; color: white; text-align: left;\">Lippenherpes (Fieberbl\u00e4schen)<\/th>\n<\/tr>\n<\/thead>\n<tbody>\n<tr style=\"background-color:#fff;\">\n<td style=\"border: 1px solid #ebc1c2; padding: 10px;\"><strong>Aussehen<\/strong><\/td>\n<td style=\"border: 1px solid #ebc1c2; padding: 10px; font-size:0.9em;\">Eine einzelne, kleine, mit klarer Fl\u00fcssigkeit gef\u00fcllte <a href=\"https:\/\/milkydaisy.com\/en\/breastfeeding\/milk-bleb\">Blase<\/a> mit d\u00fcnner Haut.<\/td>\n<td style=\"border: 1px solid #ebc1c2; padding: 10px; font-size:0.9em;\">Wei\u00dfliche, cremige Bel\u00e4ge, die an geronnene Milch erinnern. Lassen sich nicht abkratzen.<\/td>\n<td style=\"border: 1px solid #ebc1c2; padding: 10px; font-size:0.9em;\">Ansammlung kleiner Bl\u00e4schen, die n\u00e4ssen und dann verkrusten.<\/td>\n<\/tr>\n<tr style=\"background-color:#f8f9fa;\">\n<td style=\"border: 1px solid #ebc1c2; padding: 10px;\"><strong>Lokalisation<\/strong><\/td>\n<td style=\"border: 1px solid #ebc1c2; padding: 10px; font-size:0.9em;\">Auf den Lippen, meist in der Mitte der Oberlippe.<\/td>\n<td style=\"border: 1px solid #ebc1c2; padding: 10px; font-size:0.9em;\">Innenseite der Wangen, Zunge, Gaumen, Zahnfleisch. Kann sich ausbreiten.<\/td>\n<td style=\"border: 1px solid #ebc1c2; padding: 10px; font-size:0.9em;\">Auf oder um die Lippen, manchmal in der N\u00e4he der Nase oder am Kinn.<\/td>\n<\/tr>\n<tr style=\"background-color:#fff;\">\n<td style=\"border: 1px solid #ebc1c2; padding: 10px;\"><strong>Ursache<\/strong><\/td>\n<td style=\"border: 1px solid #ebc1c2; padding: 10px; font-size:0.9em;\">Mechanische und wiederholte Reibung beim Stillen (Brust, Flasche) oder Daumenlutschen.<\/td>\n<td style=\"border: 1px solid #ebc1c2; padding: 10px; font-size:0.9em;\">Infektion durch einen Pilz (Candida albicans).<\/td>\n<td style=\"border: 1px solid #ebc1c2; padding: 10px; font-size:0.9em;\">Virusinfektion (Herpes-simplex-Virus Typ 1). Sehr ansteckend.<\/td>\n<\/tr>\n<tr style=\"background-color:#f8f9fa;\">\n<td style=\"border: 1px solid #ebc1c2; padding: 10px;\"><strong>Schmerz \/ Beschwerden<\/strong><\/td>\n<td style=\"border: 1px solid #ebc1c2; padding: 10px; font-size:0.9em;\">In der Regel schmerzlos. Das Baby ern\u00e4hrt sich normal weiter.<\/td>\n<td style=\"border: 1px solid #ebc1c2; padding: 10px; font-size:0.9em;\">Kann schmerzhaft sein und das Saugen behindern, was zu Reizbarkeit f\u00fchrt.<\/td>\n<td style=\"border: 1px solid #ebc1c2; padding: 10px; font-size:0.9em;\">Schmerzhaft, mit brennenden Empfindungen. Kann von Fieber begleitet sein.<\/td>\n<\/tr>\n<tr style=\"background-color:#fff;\">\n<td style=\"border: 1px solid #ebc1c2; padding: 10px;\"><strong>Vorgehen<\/strong><\/td>\n<td style=\"border: 1px solid #ebc1c2; padding: 10px; font-size:0.9em;\">Keine Behandlung. Verschwindet von selbst in wenigen Tagen. Nicht aufstechen.<\/td>\n<td style=\"border: 1px solid #ebc1c2; padding: 10px; font-size:0.9em;\">\u00c4rztliche Konsultation zur Behandlung mit Antimykotika erforderlich.<\/td>\n<td style=\"border: 1px solid #ebc1c2; padding: 10px; font-size:0.9em;\">Dringende \u00e4rztliche Konsultation. Herpes kann bei S\u00e4uglingen schwerwiegend sein.<\/td>\n<\/tr>\n<\/tbody>\n<\/table>\n<h2>Welche Behandlung f\u00fcr eine Saugblase?<\/h2>\n<p>Der beste Ansatz bei einer Saugblase ist Geduld. Tats\u00e4chlich ist <strong>keine spezifische Behandlung<\/strong> notwendig, da sie v\u00f6llig harmlos ist. Der K\u00f6rper Ihres Babys wird sie innerhalb weniger Tage auf nat\u00fcrliche Weise resorbieren. Die goldene Regel ist, sie <strong>niemals aufzustechen<\/strong> oder zu reiben, da dies eine Infektion verursachen k\u00f6nnte. Lassen Sie die Natur einfach ihren Lauf nehmen f\u00fcr eine <strong>spontane Heilung<\/strong> und ohne Komplikationen. Weitere Informationen zu verwandten Themen finden Sie unter <a href=\"https:\/\/milkydaisy.com\/en\/breastfeeding\/clogged-milk-duct-white-spot\">verstopfter Milchgang mit wei\u00dfem Punkt<\/a>.<\/p>\n<h2>Wie beugt man Saugblasen vor?<\/h2>\n<p>Die Vorbeugung beruht haupts\u00e4chlich auf der <strong>Optimierung des Saugverhaltens<\/strong>. Bei einem gestillten Baby achten Sie auf einen <strong>guten Griff an der Brust<\/strong>: Der Mund sollte weit ge\u00f6ffnet sein und einen gro\u00dfen Teil des Warzenhofs umschlie\u00dfen. Wenn die Blasen trotz guter Technik bestehen bleiben, ist es sinnvoll, das Vorhandensein von <a href=\"https:\/\/milkydaisy.com\/en\/breastfeeding\/tongue-tie\"><strong>restriktiven Zungenb\u00e4ndchen<\/strong><\/a> von einem Fachmann \u00fcberpr\u00fcfen zu lassen. Die \u00dcberwachung des <strong>nicht-nutritiven Saugens<\/strong> (Daumen, Schnuller) ist ebenfalls ein Ansatz, um Reibung zu begrenzen.<\/p>\n<p><img decoding=\"async\" src=\"\" alt=\"\" \/><\/p>\n<h2 style=\"text-align: center; color: #c76363;\">Ihre Fragen zur Saugblase<\/h2>\n<details style=\"margin-bottom: 10px; border: 1px solid #ebc1c2; padding: 10px; border-radius: 5px;\">\n<summary style=\"font-weight: bold; color: #c76363; cursor: pointer;\">Wann sollte man wegen einer Saugblase einen Arzt aufsuchen?<\/summary>\n<p style=\"margin-top: 5px;\">In den allermeisten F\u00e4llen ist ein Arztbesuch nicht notwendig. Es ist jedoch ratsam, einen Kinderarzt oder eine Stillberaterin zu konsultieren, wenn Sie Anzeichen einer Infektion bemerken (ausgedehnte R\u00f6tung, Eiter, W\u00e4rme bei Ber\u00fchrung, Fieber), wenn das Baby Schmerzen zu haben scheint und das Stillen verweigert, oder wenn die Blasen sehr h\u00e4ufig und hartn\u00e4ckig auftreten. Ein wiederholtes Auftreten kann manchmal auf eine Saugproblematik hinweisen, die beispielsweise mit einem <a href=\"https:\/\/milkydaisy.com\/en\/breastfeeding\/tongue-tie\" style=\"color: #c76363;\">restriktiven Zungenband<\/a> zusammenh\u00e4ngt, das beurteilt werden sollte.<\/p>\n<\/details>\n<details style=\"margin-bottom: 10px; border: 1px solid #ebc1c2; padding: 10px; border-radius: 5px;\">\n<summary style=\"font-weight: bold; color: #c76363; cursor: pointer;\">Wie lange dauert es, bis eine Saugblase verschwindet?<\/summary>\n<p style=\"margin-top: 5px;\">Die Heilung ist in der Regel sehr schnell. Die Lippenhaut eines S\u00e4uglings regeneriert sich schnell. Die Blase wird sich zur\u00fcckbilden, austrocknen und die d\u00fcnne Hautschicht wird sich innerhalb weniger Tage, oft zwischen 24 Stunden und einer Woche, von selbst abl\u00f6sen. Es ist wichtig, sie nicht zu ber\u00fchren, um den nat\u00fcrlichen Heilungsprozess zu erm\u00f6glichen.<\/p>\n<\/details>\n<details style=\"border: 1px solid #ebc1c2; padding: 10px; border-radius: 5px;\">\n<summary style=\"font-weight: bold; color: #c76363; cursor: pointer;\">Kann sich eine Saugblase infizieren?<\/summary>\n<p style=\"margin-top: 5px;\">Das Infektionsrisiko ist extrem gering. Die Blase ist eine mechanische Schutzreaktion, und die Haut bleibt unter der Blase normalerweise intakt. Eine Infektion k\u00f6nnte nur auftreten, wenn die Blase durchstochen oder abgerissen w\u00fcrde, wodurch Bakterien eindringen k\u00f6nnten. Solange Sie sie in Ruhe lassen, ist das Risiko praktisch nicht vorhanden. Wenn Sie eine abnormale R\u00f6tung, N\u00e4ssen oder Schwellung bemerken, konsultieren Sie Ihren Arzt.<\/p>\n<\/details>\n<p><img decoding=\"async\" src=\"\" alt=\"\" \/><\/p>\n","protected":false},"excerpt":{"rendered":"<p>Kurz gesagt: Die Saugblase ist eine kleine, gutartige und sehr h\u00e4ufige Blase bei S\u00e4uglingen. Sie tritt an den Lippen des Babys auf, oft aufgrund wiederholter Reibung beim Stillen (an der Brust oder mit der Flasche) oder beim Daumen-\/Schnullerlutschen. Diese kleine L\u00e4sion ist in der Regel schmerzlos und verschwindet spontan, ohne dass eine spezifische Behandlung erforderlich &#8230; <a title=\"Saugblase: Ursachen, Erkennung und Behandlungsm\u00f6glichkeiten\" class=\"read-more\" href=\"https:\/\/milkydaisy.com\/de\/stillen\/saugblase\/\" aria-label=\"Mehr Informationen \u00fcber Saugblase: Ursachen, Erkennung und Behandlungsm\u00f6glichkeiten\">Weiterlesen<\/a><\/p>\n","protected":false},"author":1,"featured_media":45095,"parent":18730,"menu_order":0,"comment_status":"open","ping_status":"open","template":"","meta":{"footnotes":""},"class_list":["post-45165","page","type-page","status-publish","has-post-thumbnail"],"_links":{"self":[{"href":"https:\/\/milkydaisy.com\/de\/wp-json\/wp\/v2\/pages\/45165","targetHints":{"allow":["GET"]}}],"collection":[{"href":"https:\/\/milkydaisy.com\/de\/wp-json\/wp\/v2\/pages"}],"about":[{"href":"https:\/\/milkydaisy.com\/de\/wp-json\/wp\/v2\/types\/page"}],"author":[{"embeddable":true,"href":"https:\/\/milkydaisy.com\/de\/wp-json\/wp\/v2\/users\/1"}],"replies":[{"embeddable":true,"href":"https:\/\/milkydaisy.com\/de\/wp-json\/wp\/v2\/comments?post=45165"}],"version-history":[{"count":0,"href":"https:\/\/milkydaisy.com\/de\/wp-json\/wp\/v2\/pages\/45165\/revisions"}],"up":[{"embeddable":true,"href":"https:\/\/milkydaisy.com\/de\/wp-json\/wp\/v2\/pages\/18730"}],"wp:featuredmedia":[{"embeddable":true,"href":"https:\/\/milkydaisy.com\/de\/wp-json\/wp\/v2\/media\/45095"}],"wp:attachment":[{"href":"https:\/\/milkydaisy.com\/de\/wp-json\/wp\/v2\/media?parent=45165"}],"curies":[{"name":"wp","href":"https:\/\/api.w.org\/{rel}","templated":true}]}}