{"id":35010,"date":"2024-05-29T17:42:21","date_gmt":"2024-05-29T15:42:21","guid":{"rendered":"https:\/\/milkydaisy.com\/wandernana-kirschstiel-bewertungen-die-flache-bauch-infusion-ueber-die-alle-sprechen\/"},"modified":"2024-06-06T12:35:25","modified_gmt":"2024-06-06T10:35:25","slug":"wandernana-kirschstiel-bewertungen-die-flache-bauch-infusion-ueber-die-alle-sprechen","status":"publish","type":"page","link":"https:\/\/milkydaisy.com\/de\/wandernana-erfahrungen\/wandernana-kirschstiel-bewertungen-die-flache-bauch-infusion-ueber-die-alle-sprechen\/","title":{"rendered":"Wandernana Kirschstiel Bewertungen: Die flache Bauch-Infusion, \u00fcber die alle sprechen"},"content":{"rendered":"\n<h2 class=\"wp-block-heading\">Einf\u00fchrung: Wandernana Kirschstiel, sollten Sie es kaufen?<\/h2>\n\n<p>Wandernana hat sich schnell mit seinen Detox- und Schlankheitsprodukten auf dem Markt etabliert. Unter ihren Angeboten ist die &#8222;Kirschstiele&#8220; Infusion besonders beliebt f\u00fcr ihre Verdauungsvorteile und die Reduzierung von Bl\u00e4hungen, was zu einem flachen Bauch beitr\u00e4gt. Dieses Flaggschiff-Produkt, neben einer breiten Palette von Detox-Tees und Infusionen, hat eine gro\u00dfe Gemeinschaft von Nutzern begeistert. Die Marke hat jedoch auch Kontroversen erlebt, insbesondere aufgrund von Lieferproblemen und einigen von Verbrauchern gemeldeten Nebenwirkungen.&#13;\n&#13;\n<\/p>\n\n<p><strong>Wir empfehlen ihre Kirschstiele<\/strong> als mildere Option mit sichtbaren Ergebnissen, obwohl sie weniger effektiv sind als andere Produkte der Marke. In diesem Artikel stellen wir Wandernana vor und f\u00fcgen Verbraucherbewertungen des Produkts hinzu, einschlie\u00dflich positiver und negativer R\u00fcckmeldungen.&#13;\n&#13;\n<\/p>\n\n<div class=\"product-container\" style=\"text-align: center; margin: 20px auto; box-shadow: 0 4px 8px 0 rgba(0, 0, 0, 0.2); display: flex; align-items: start; padding-bottom: 20px; cursor: pointer;\" onclick=\"handleProductClick(event)\">\r\n    <div class=\"image-container\" style=\"flex: 1; display: flex; align-items: center; justify-content: center; height: 200px; overflow: hidden; margin-top: 20px;\">\r\n        <img decoding=\"async\" id=\"productImage\" src=\"https:\/\/m.media-amazon.com\/images\/I\/714TAlcfF5L._SL1500_.jpg\" alt=\"Kirschstiele Tee ganz\" style=\"max-height: 200px; max-width: 200px;\"\/>\r\n    <\/div>\r\n    <div style=\"flex: 2; text-align: left; margin-left: 20px;\">\r\n        <h5 id=\"productName\" style=\"margin-top: 10px; margin-right: 10px; display: -webkit-box; -webkit-line-clamp: 3; -webkit-box-orient: vertical; overflow: hidden; text-transform: none; font-weight: 600;\">\r\n            Kirschstiele Tee ganz und getrocknet 100 g x 2 PACKUNG\r\n        <\/h5>\r\n        <div style=\"display: flex; align-items: center; margin-top: 5px;\">\r\n            <div id=\"productPrice\" class=\"price\" style=\"font-weight: 600; font-size: 2em; color: black;\">\r\n                <span style=\"font-weight: bold;\">14<\/span><span style=\"font-size: 0.5em; vertical-align: super; font-weight: normal;\">,99\u20ac<\/span>\r\n            <\/div>\r\n            <img decoding=\"async\" src=\"http:\/\/milkydaisy.com\/wp-content\/uploads\/2024\/05\/Verfugbar-bei-Amazon.jpg\" alt=\"Verf\u00fcgbar bei Amazon\" style=\"height: 40px; width: auto; margin-left: 20px;\"\/>\r\n        <\/div>\r\n        <div class=\"wd-star-rating\" style=\"font-size: 15px; margin-bottom: 0px; display: flex; align-items: center;\">\r\n            <img decoding=\"async\" class=\"star-image\" src=\"\" alt=\"Sternbewertung\" style=\"height: 18px; width: auto;\"\/>\r\n            <div style=\"color: #007185; margin-left: 5px; font-weight: 500;\">(4,2)<\/div>\r\n            <span style=\"color: #007185; margin-left: 10px; font-weight: 500;\">14 Bewertungen<\/span>\r\n        <\/div>                    \r\n        <div style=\"font-size: 15px; margin-bottom: 10px; font-weight: 500;\">\r\n            <img decoding=\"async\" src=\"https:\/\/milkydaisy.com\/wp-content\/uploads\/2024\/05\/amazon_prime_icon.svg\" alt=\"Amazon Prime\" style=\"height: auto; width: 60px;\"\/>\r\n            <div>GRATIS Lieferung <strong><span class=\"deliveryDate\"><\/span><\/strong><\/div>\r\n        <\/div>        \r\n        <a id=\"productOfferLink\" class=\"btn\" href=\"https:\/\/amzn.to\/4bD4uVn\" target=\"_blank\" style=\"padding: 10px 20px; background-color: #FFD814; color: #131921; font-weight: 600; text-decoration: none; display: inline-block; cursor: pointer; border-radius: 20px; text-transform: none;\" rel=\"noopener\">Angebot entdecken<\/a>\r\n    <\/div>\r\n<\/div>\r\n\r\n<script>\r\n    document.addEventListener('DOMContentLoaded', function() {\r\n        function handleProductClick(event) {\r\n            if (!event.target.closest('a, button, input')) {\r\n                window.open('https:\/\/amzn.to\/4bzbtPf', '_blank');\r\n            }\r\n        }\r\n    \r\n        function updateDeliveryDates() {\r\n            var deliveryDate = new Date();\r\n            deliveryDate.setDate(deliveryDate.getDate() + 2);\r\n            var options = { weekday: 'long', day: 'numeric', month: 'long' };\r\n            var formattedDate = deliveryDate.toLocaleDateString('de-DE', options);\r\n            var deliveryDateElements = document.querySelectorAll('.deliveryDate');\r\n            deliveryDateElements.forEach(function(element) {\r\n                element.textContent = formattedDate;\r\n            });\r\n        }\r\n    \r\n        function fillStars(averageRating) {\r\n            var ratingRoundedHalf = Math.round(averageRating * 2) \/ 2; \/\/ Round to nearest 0.5\r\n            var imageSrc = \"https:\/\/milkydaisy.com\/wp-content\/uploads\/2024\/05\/\" + ratingRoundedHalf.toString().replace('.', '') + \"_stars.svg\"; \/\/ Ensure filenames are correct\r\n            var starImages = document.querySelectorAll('.star-image');\r\n            starImages.forEach(function(img) {\r\n                img.src = imageSrc;\r\n                img.alt = \"Sternbewertung \" + ratingRoundedHalf;\r\n                img.onerror = function() { \/\/ Fallback image if specific star rating not available\r\n                    this.onerror = null; \/\/ Prevent looping\r\n                    this.src = \"https:\/\/milkydaisy.com\/wp-content\/uploads\/2024\/05\/default_star.svg\"; \/\/ Default star image\r\n                };\r\n            });\r\n        }\r\n    \r\n        updateDeliveryDates();\r\n        fillStars(4.2);  \/\/ Adjusted for the new product rating\r\n    });\r\n<\/script>\n\n<h2 class=\"wp-block-heading\">Die Marke Wandernana<\/h2>\n\n<p>Wandernana, spezialisiert auf Detox-Kuren mit Tees und Infusionen, hat sich durch effektive Marketingkampagnen und Kooperationen mit Influencern einen Namen in den sozialen Medien gemacht. Die Marke hat jedoch eine kontroverse Phase durchgemacht, gekennzeichnet durch zahlreiche negative Bewertungen, die auf <strong>Lieferprobleme, nicht existenten Kundendienst und schwere Nebenwirkungen<\/strong> wie Bauchkr\u00e4mpfe und schwere Durchf\u00e4lle hinweisen.&#13;\n&#13;\n<\/p>\n\n<p>Diese Effekte wurden mit dem Vorhandensein von <strong>Sennesbl\u00e4ttern<\/strong> in ihrer &#8222;Express-Kur&#8220; Produktlinie in Verbindung gebracht, einer Pflanze, die eine verbotene Substanz enth\u00e4lt. Im November 2023 reformulierte Wandernana sein Sortiment, entfernte Sennesbl\u00e4tter aus der Zusammensetzung und machte den Tee weniger gesundheitssch\u00e4dlich. Trotz dieser Reformulierung beklagen einige, dass die Wirkungen nicht mehr so deutlich sind.&#13;\n&#13;\n<\/p>\n\n<p>Heute erh\u00e4lt Wandernana nur noch sehr wenige negative Kommentare, obwohl Bedenken hinsichtlich der Transparenz ihrer Bewertungen auf <a href=\"https:\/\/fr.trustpilot.com\/review\/www.wandernana.com\" target=\"_blank\" rel=\"noopener\">TrustPilot<\/a> bestehen. Die Seite warnt Benutzer mit folgender Nachricht: <strong>&#8222;Wir haben festgestellt, dass dieses Unternehmen Trustpilot-Inhalte falsch dargestellt hat. Dazu geh\u00f6rt die irref\u00fchrende Darstellung der Marke Trustpilot: wie unser Name oder Logo, ein TrustScore, eine Sternebewertung, Widgets, Bewertungen und andere markenbezogene Inhalte.&#8220;<\/strong> Dies k\u00f6nnte tats\u00e4chlich darauf zur\u00fcckzuf\u00fchren sein, dass es nicht m\u00f6glich ist, produktspezifische Bewertungen einzusehen, da die angezeigte Bewertung die Gesamtbewertung der Marke ist, was irref\u00fchrend sein kann. Trotz dieser Bedenken bleiben die Gesamtbewertungen der Produkte von Wandernana \u00fcberwiegend positiv, und die Benutzer loben oft die Qualit\u00e4t und Wirksamkeit der Produkte.&#13;\n&#13;\n<\/p>\n\n<h2 class=\"wp-block-heading\">Wandernana Kirschstiel Bewertungen: Flache Bauch-Infusion<\/h2>\n\n<div class=\"product-container\" style=\"text-align: center; margin: 20px auto; box-shadow: 0 4px 8px 0 rgba(0, 0, 0, 0.2); display: flex; align-items: start; padding-bottom: 20px; cursor: pointer;\" onclick=\"handleProductClick(event)\">\r\n    <div class=\"image-container\" style=\"flex: 1; display: flex; align-items: center; justify-content: center; height: 200px; overflow: hidden; margin-top: 20px;\">\r\n        <img decoding=\"async\" id=\"productImage\" src=\"https:\/\/m.media-amazon.com\/images\/I\/71cW1uVpnpL._SL1000_.jpg\" alt=\"Kirschstiele ganz\" style=\"max-height: 200px; max-width: 200px;\"\/>\r\n    <\/div>\r\n    <div style=\"flex: 2; text-align: left; margin-left: 20px;\">\r\n        <h5 id=\"productName\" style=\"margin-top: 10px; margin-right: 10px; display: -webkit-box; -webkit-line-clamp: 3; -webkit-box-orient: vertical; overflow: hidden; text-transform: none; font-weight: 600;\">\r\n            Naturix24 \u2013 Kirschstiele ganz \u2013 500 g Beutel\r\n        <\/h5>\r\n        <div style=\"display: flex; align-items: center; margin-top: 5px;\">\r\n            <div id=\"productPrice\" class=\"price\" style=\"font-weight: 600; font-size: 2em; color: black;\">\r\n                <span style=\"font-weight: bold;\">19<\/span><span style=\"font-size: 0.5em; vertical-align: super; font-weight: normal;\">,90\u20ac<\/span>\r\n            <\/div>\r\n            <img decoding=\"async\" src=\"http:\/\/milkydaisy.com\/wp-content\/uploads\/2024\/05\/Verfugbar-bei-Amazon.jpg\" alt=\"Verf\u00fcgbar bei Amazon\" style=\"height: 40px; width: auto; margin-left: 20px;\"\/>\r\n        <\/div>\r\n        <div class=\"wd-star-rating\" style=\"font-size: 15px; margin-bottom: 0px; display: flex; align-items: center;\">\r\n            <img decoding=\"async\" class=\"star-image\" src=\"\" alt=\"Sternbewertung\" style=\"height: 18px; width: auto;\"\/>\r\n            <div style=\"color: #007185; margin-left: 5px; font-weight: 500;\">(4)<\/div>\r\n            <span style=\"color: #007185; margin-left: 10px; font-weight: 500;\">43 Bewertungen<\/span>\r\n        <\/div>                    \r\n        <div style=\"font-size: 15px; margin-bottom: 10px; font-weight: 500;\">\r\n            <img decoding=\"async\" src=\"https:\/\/milkydaisy.com\/wp-content\/uploads\/2024\/05\/amazon_prime_icon.svg\" alt=\"Amazon Prime\" style=\"height: auto; width: 60px;\"\/>\r\n            <div>GRATIS Lieferung <strong><span class=\"deliveryDate\"><\/span><\/strong><\/div>\r\n        <\/div>        \r\n        <a id=\"productOfferLink\" class=\"btn\" href=\"https:\/\/amzn.to\/3UDtuVM\" target=\"_blank\" style=\"padding: 10px 20px; background-color: #FFD814; color: #131921; font-weight: 600; text-decoration: none; display: inline-block; cursor: pointer; border-radius: 20px; text-transform: none;\" rel=\"noopener\">Angebot entdecken<\/a>\r\n    <\/div>\r\n<\/div>\r\n\r\n<script>\r\n    document.addEventListener('DOMContentLoaded', function() {\r\n        function handleProductClick(event) {\r\n            if (!event.target.closest('a, button, input')) {\r\n                window.open('https:\/\/amzn.to\/3UV0bPK', '_blank');\r\n            }\r\n        }\r\n    \r\n        function updateDeliveryDates() {\r\n            var deliveryDate = new Date();\r\n            deliveryDate.setDate(deliveryDate.getDate() + 2);\r\n            var options = { weekday: 'long', day: 'numeric', month: 'long' };\r\n            var formattedDate = deliveryDate.toLocaleDateString('de-DE', options);\r\n            var deliveryDateElements = document.querySelectorAll('.deliveryDate');\r\n            deliveryDateElements.forEach(function(element) {\r\n                element.textContent = formattedDate;\r\n            });\r\n        }\r\n    \r\n        function fillStars(averageRating) {\r\n            var ratingRoundedHalf = Math.round(averageRating * 2) \/ 2; \/\/ Round to nearest 0.5\r\n            var imageSrc = \"https:\/\/milkydaisy.com\/wp-content\/uploads\/2024\/05\/\" + ratingRoundedHalf.toString().replace('.', '') + \"_stars.svg\"; \/\/ Ensure filenames are correct\r\n            var starImages = document.querySelectorAll('.star-image');\r\n            starImages.forEach(function(img) {\r\n                img.src = imageSrc;\r\n                img.alt = \"Sternbewertung \" + ratingRoundedHalf;\r\n                img.onerror = function() { \/\/ Fallback image if specific star rating not available\r\n                    this.onerror = null; \/\/ Prevent looping\r\n                    this.src = \"https:\/\/milkydaisy.com\/wp-content\/uploads\/2024\/05\/default_star.svg\"; \/\/ Default star image\r\n                };\r\n            });\r\n        }\r\n    \r\n        updateDeliveryDates();\r\n        fillStars(4);  \/\/ Adjusted for the new product rating\r\n    });\r\n<\/script>\n\n<h3 class=\"wp-block-heading\">Eine mildere Option<\/h3>\n\n<p>Unter den Produkten von Wandernana zeichnet sich die Kirschstiele-Infusion durch ihre Milde aus. Weniger leistungsf\u00e4hig f\u00fcr den Gewichtsverlust im Vergleich zu Produkten wie Adieu Kilos und der Express-Kur, bietet sie eine weniger invasive Alternative. Benutzer sch\u00e4tzen ihre Verdauungsvorteile und die Reduzierung von Bl\u00e4hungen, ohne die schweren Nebenwirkungen der anderen Produkte der Marke.&#13;\n&#13;\n<\/p>\n\n<h3 class=\"wp-block-heading\">Eigenschaften und Vorteile<\/h3>\n\n<ul class=\"wp-block-list\">\n<li><strong>100% nat\u00fcrlich<\/strong>: Kirschstiele sind v\u00f6llig nat\u00fcrlich und bieten eine gesunde L\u00f6sung ohne k\u00fcnstliche Zus\u00e4tze.&#13;\n<\/li>\n\n\n\n<li><strong>Aromatisierte Varianten<\/strong>: F\u00fcr diejenigen, die den Geschmack von Kirschstielen unangenehm finden, bietet Wandernana aromatisierte Varianten mit Pfirsich, Minze, exotischen Fr\u00fcchten und roten Fr\u00fcchten, was den Konsum angenehmer macht.&#13;\n<\/li>\n\n\n\n<li><strong>Wiederverwendbar<\/strong>: Sie k\u00f6nnen Ihre Kirschstiele mindestens zweimal k\u00fchlen und wiederverwenden.&#13;\n<\/li>\n\n\n\n<li><strong>In Apotheken verkauft<\/strong>: Wandernana Kirschstiele sind in Apotheken erh\u00e4ltlich, was ihre Qualit\u00e4t und Einhaltung von Gesundheits- und Sicherheitsstandards gew\u00e4hrleistet.&#13;\n<\/li>\n\n\n\n<li><strong>Kompatibilit\u00e4t mit <a href=\"\/?page_id=18729\">Schwangerschaft<\/a> und <a href=\"\/?page_id=18730\">Stillen<\/a><\/strong>: Dieses Produkt wird als kompatibel mit Schwangerschaft und Stillen angegeben, obwohl es immer empfohlen wird, vor Beginn einer neuen Kur einen Gesundheitsfachmann zu konsultieren.&#13;\n&#13;\n<\/li>\n<\/ul>\n\n<h3 class=\"wp-block-heading\">Vorsichtsma\u00dfnahmen<\/h3>\n\n<ul class=\"wp-block-list\">\n<li><strong>Vorsicht f\u00fcr Schwangere oder Stillende<\/strong>: Trotz der Behauptungen der Marke wird empfohlen, vor Beginn einer neuen Kur einen Gesundheitsfachmann zu konsultieren, insbesondere f\u00fcr Schwangere oder Stillende. F\u00fcr weitere Informationen lesen Sie bitte unseren Artikel <a href=\"\/?p=31961#:~:text=La%20consommation%20de%20tisane%20de,cutan%C3%A9es\">Kirschstiel und Schwangerschaft<\/a>.&#13;\n&#13;\n<\/li>\n<\/ul>\n\n<h3 class=\"wp-block-heading\">Was K\u00e4ufer sagen<\/h3>\n\n<table style=\"width: 100%; border-collapse: collapse; margin: 20px auto; max-width: 800px; text-align: left;\">\r\n    <tr>\r\n        <th style=\"width: 50%; padding: 10px; background-color: #e6ffe6;\"><img decoding=\"async\" src=\"https:\/\/img.icons8.com\/emoji\/48\/000000\/check-mark-emoji.png\" alt=\"Check Mark\" style=\"width: 20px; height: 20px; vertical-align: middle;\"\/> Positive Bewertungen<\/th>\r\n        <th style=\"width: 50%; padding: 10px; background-color: #ffe6e6;\"><img decoding=\"async\" src=\"https:\/\/img.icons8.com\/color\/48\/000000\/cancel.png\" alt=\"Red Cross\" style=\"width: 20px; height: 20px; vertical-align: middle;\"\/> Negative Bewertungen<\/th>\r\n    <\/tr>\r\n    <tr>\r\n        <td style=\"padding: 10px; border: 1px solid #ddd;\">\r\n            Meghane (15. Mai 2024) &#8211; Bewertet mit 5\/5<br\/>&#8222;Ich habe meinen Kirschstiel-Tee geliebt, ich f\u00fchle mich viel weniger aufgebl\u00e4ht. Der Geschmack ist gut, kann hei\u00df oder kalt getrunken werden. Ich empfehle es.&#8220;\r\n        <\/td>\r\n        <td style=\"padding: 10px; border: 1px solid #ddd;\">\r\n            Naomie TK (23. Dez. 2020) &#8211; Bewertet mit 1\/5<br\/>&#8222;Anscheinend sind Kirschstiele mit dem Stillen kompatibel? Absolut nicht, mein Baby hatte h\u00e4ufigen Stuhlgang. Ungepr\u00fcfte Marke.&#8220;\r\n        <\/td>\r\n    <\/tr>\r\n    <tr>\r\n        <td style=\"padding: 10px; border: 1px solid #ddd;\">\r\n            Halimi (9. Apr. 2024) &#8211; Bewertet mit 4\/5<br\/>&#8222;Bestellte die Kirschstiele, gut zu trinken und wirksame Ergebnisse bei t\u00e4glicher Einnahme.&#8220;\r\n        <\/td>\r\n        <td style=\"padding: 10px; border: 1px solid #ddd;\">\r\n            As (12. Juni 2020) &#8211; Bewertet mit 3\/5<br\/>&#8222;Bestellungen kamen schnell an. Schrecklicher Geschmack, musste Minze und Zitrone hinzuf\u00fcgen. Insekten im Tee gefunden, Konsum eingestellt.&#8220;\r\n        <\/td>\r\n    <\/tr>\r\n    <tr>\r\n        <td style=\"padding: 10px; border: 1px solid #ddd;\">\r\n            Aur\u00e9lie (1. Aug. 2020) &#8211; Bewertet mit 5\/5<br\/>&#8222;Ausgezeichnete Qualit\u00e4tsprodukte! Die Kur und Kirschstiele getestet, sp\u00fcrbare Ver\u00e4nderung in meiner Gesundheit.&#8220;\r\n        <\/td>\r\n        <td style=\"padding: 10px; border: 1px solid #ddd;\">\r\n            Sawssen MSEENAOUI (10. Nov. 2023) &#8211; Bewertet mit 1\/5<br\/>&#8222;Zu meiden, ich habe Kirschstiele bei Wandernana bestellt, ich wurde abgebucht, aber habe meine Bestellung nie erhalten. Ich kontaktiere sie wiederholt, aber erhalte keine Antwort per E-Mail oder Instagram. Wenn ich einen ihrer Beitr\u00e4ge kommentiere und eine Antwort fordere, blockieren sie mich. Nicht bestellen, sie sind Betr\u00fcger.&#8220;\r\n        <\/td>\r\n    <\/tr>\r\n    <tr>\r\n        <td style=\"padding: 10px; border: 1px solid #ddd;\">\r\n            Hni Nin (5. Apr. 2024) &#8211; Bewertet mit 5\/5<br\/>&#8222;Nach meiner Entbindung habe ich mich f\u00fcr Wandernana-Produkte entschieden, auf Empfehlung meiner Schw\u00e4gerin. Ich bin begeistert von diesen Tees, die leicht konsumierbar sind dank ihres subtilen Geschmacks, aber vor allem wegen der erzielten Ergebnisse. Ich empfehle diese Kuren w\u00e4rmstens.&#8220;\r\n        <\/td>\r\n        <td style=\"padding: 10px; border: 1px solid #ddd;\">\r\n        <\/td>\r\n    <\/tr>\r\n<\/table>  \n\n<script type=\"application\/ld+json\">\r\n{\r\n  \"@context\": \"https:\/\/schema.org\",\r\n  \"@type\": \"Product\",\r\n  \"name\": \"Kirschstiel-Tee\",\r\n  \"aggregateRating\": {\r\n    \"@type\": \"AggregateRating\",\r\n    \"ratingValue\": \"3.5\",\r\n    \"reviewCount\": \"6\"\r\n  },\r\n  \"review\": [\r\n    {\r\n      \"@type\": \"Review\",\r\n      \"author\": {\r\n        \"@type\": \"Person\",\r\n        \"name\": \"Meghane\"\r\n      },\r\n      \"datePublished\": \"2024-05-15\",\r\n      \"reviewRating\": {\r\n        \"@type\": \"Rating\",\r\n        \"ratingValue\": \"5\"\r\n      },\r\n      \"reviewBody\": \"Ich habe meinen Kirschstiel-Tee geliebt, ich f\u00fchle mich viel weniger aufgebl\u00e4ht. Der Geschmack ist gut, kann hei\u00df oder kalt getrunken werden. Ich empfehle es.\"\r\n    },\r\n    {\r\n      \"@type\": \"Review\",\r\n      \"author\": {\r\n        \"@type\": \"Person\",\r\n        \"name\": \"Naomie TK\"\r\n      },\r\n      \"datePublished\": \"2020-12-23\",\r\n      \"reviewRating\": {\r\n        \"@type\": \"Rating\",\r\n        \"ratingValue\": \"1\"\r\n      },\r\n      \"reviewBody\": \"Anscheinend sind Kirschstiele mit dem Stillen kompatibel? Absolut nicht, mein Baby hatte h\u00e4ufigen Stuhlgang. Ungepr\u00fcfte Marke.\"\r\n    },\r\n    {\r\n      \"@type\": \"Review\",\r\n      \"author\": {\r\n        \"@type\": \"Person\",\r\n        \"name\": \"Halimi\"\r\n      },\r\n      \"datePublished\": \"2024-04-09\",\r\n      \"reviewRating\": {\r\n        \"@type\": \"Rating\",\r\n        \"ratingValue\": \"4\"\r\n      },\r\n      \"reviewBody\": \"Bestellte die Kirschstiele, gut zu trinken und wirksame Ergebnisse bei t\u00e4glicher Einnahme.\"\r\n    },\r\n    {\r\n      \"@type\": \"Review\",\r\n      \"author\": {\r\n        \"@type\": \"Person\",\r\n        \"name\": \"Sawssen MSEENAOUI\"\r\n      },\r\n      \"datePublished\": \"2023-11-10\",\r\n      \"reviewRating\": {\r\n        \"@type\": \"Rating\",\r\n        \"ratingValue\": \"1\"\r\n      },\r\n      \"reviewBody\": \"Zu meiden, ich habe Kirschstiele bei Wandernana bestellt, ich wurde abgebucht, aber habe meine Bestellung nie erhalten. Ich kontaktiere sie wiederholt, aber erhalte keine Antwort per E-Mail oder Instagram. Wenn ich einen ihrer Beitr\u00e4ge kommentiere und eine Antwort fordere, blockieren sie mich. Nicht bestellen, sie sind Betr\u00fcger.\"\r\n    }\r\n  ]\r\n}\r\n\r\n<\/script>  \n\n<h2 class=\"wp-block-heading\">Fazit<\/h2>\n\n<p>Wandernana hat seine Produkte und Dienstleistungen nach einer Phase der Kontroversen verbessert. Die Kirschstiele-Infusion bleibt eine zuverl\u00e4ssige Option f\u00fcr diejenigen, die ihre Verdauung verbessern m\u00f6chten, ohne die aggressiven Nebenwirkungen anderer Kuren. Es wird jedoch empfohlen, vorsichtig zu sein, insbesondere f\u00fcr schwangere oder stillende Frauen, und vor Beginn einer neuen Kur einen Gesundheitsfachmann zu konsultieren. Verbraucher sollten auch auf die Praktiken der Bewertungspublikation der Marke auf TrustPilot achten.&#13;\n&#13;\n<\/p>\n\n<style>\r\n.collapsible {\r\n  background-color: #f9f9f9;\r\n  color: #444;\r\n  cursor: pointer;\r\n  padding: 18px;\r\n  width: 100%;\r\n  border: none;\r\n  text-align: left;\r\n  outline: none;\r\n  font-size: 15px;\r\n  transition: 0.4s;\r\n}\r\n\r\n.active, .collapsible:hover {\r\n  background-color: #ccc;\r\n}\r\n\r\n.collapsible:after {\r\n  content: '\\002B'; \/* Unicode f\u00fcr '+' Zeichen *\/\r\n  color: #777;\r\n  font-weight: bold;\r\n  float: right;\r\n  margin-left: 5px;\r\n}\r\n\r\n.active:after {\r\n  content: \"\\2212\"; \/* Unicode f\u00fcr '\u2212' Zeichen *\/\r\n}\r\n\r\n.content {\r\n  padding: 0 18px;\r\n  max-height: 0;\r\n  overflow: hidden;\r\n  transition: max-height 0.2s ease-out;\r\n  background-color: #f1f1f1;\r\n}\r\n<\/style>  \r\n<button class=\"collapsible\" id=\"references\">Anmerkungen und Referenzen<\/button>\r\n\r\n<div class=\"content\">\r\n  <ul>\r\n    <li><a href=\"https:\/\/rappel.conso.gouv.fr\/fiche-rappel\/13055\/Interne\" target=\"_blank\" rel=\"noopener\">Details zur Wandernana-Senna-Infusion<\/a><\/li>\r\n  <\/ul>\r\n<\/div>\r\n<script>\r\n    var coll = document.getElementsByClassName(\"collapsible\");\r\n    var i;\r\n\r\n    for (i = 0; i < coll.length; i++) {\r\n        coll[i].addEventListener(\"click\", function() {\r\n            this.classList.toggle(\"active\");\r\n            var content = this.nextElementSibling;\r\n            if (content.style.maxHeight){\r\n                content.style.maxHeight = null;\r\n            } else {\r\n                content.style.maxHeight = content.scrollHeight + \"px\";\r\n            } \r\n        });\r\n    }\r\n<\/script>\n","protected":false},"excerpt":{"rendered":"<p>Einf\u00fchrung: Wandernana Kirschstiel, sollten Sie es kaufen? Wandernana hat sich schnell mit seinen Detox- und Schlankheitsprodukten auf dem Markt etabliert. Unter ihren Angeboten ist die &#8222;Kirschstiele&#8220; Infusion besonders beliebt f\u00fcr ihre Verdauungsvorteile und die Reduzierung von Bl\u00e4hungen, was zu einem flachen Bauch beitr\u00e4gt. Dieses Flaggschiff-Produkt, neben einer breiten Palette von Detox-Tees und Infusionen, hat eine &#8230; <a title=\"Wandernana Kirschstiel Bewertungen: Die flache Bauch-Infusion, \u00fcber die alle sprechen\" class=\"read-more\" href=\"https:\/\/milkydaisy.com\/de\/wandernana-erfahrungen\/wandernana-kirschstiel-bewertungen-die-flache-bauch-infusion-ueber-die-alle-sprechen\/\" aria-label=\"Mehr Informationen \u00fcber Wandernana Kirschstiel Bewertungen: Die flache Bauch-Infusion, \u00fcber die alle sprechen\">Weiterlesen<\/a><\/p>\n","protected":false},"author":104,"featured_media":47184,"parent":47619,"menu_order":0,"comment_status":"open","ping_status":"open","template":"","meta":{"footnotes":""},"class_list":["post-35010","page","type-page","status-publish","has-post-thumbnail"],"_links":{"self":[{"href":"https:\/\/milkydaisy.com\/de\/wp-json\/wp\/v2\/pages\/35010","targetHints":{"allow":["GET"]}}],"collection":[{"href":"https:\/\/milkydaisy.com\/de\/wp-json\/wp\/v2\/pages"}],"about":[{"href":"https:\/\/milkydaisy.com\/de\/wp-json\/wp\/v2\/types\/page"}],"author":[{"embeddable":true,"href":"https:\/\/milkydaisy.com\/de\/wp-json\/wp\/v2\/users\/104"}],"replies":[{"embeddable":true,"href":"https:\/\/milkydaisy.com\/de\/wp-json\/wp\/v2\/comments?post=35010"}],"version-history":[{"count":0,"href":"https:\/\/milkydaisy.com\/de\/wp-json\/wp\/v2\/pages\/35010\/revisions"}],"up":[{"embeddable":true,"href":"https:\/\/milkydaisy.com\/de\/wp-json\/wp\/v2\/pages\/47619"}],"wp:featuredmedia":[{"embeddable":true,"href":"https:\/\/milkydaisy.com\/de\/wp-json\/wp\/v2\/media\/47184"}],"wp:attachment":[{"href":"https:\/\/milkydaisy.com\/de\/wp-json\/wp\/v2\/media?parent=35010"}],"curies":[{"name":"wp","href":"https:\/\/api.w.org\/{rel}","templated":true}]}}