{"id":31548,"date":"2024-03-22T16:13:31","date_gmt":"2024-03-22T15:13:31","guid":{"rendered":"https:\/\/milkydaisy.com\/chili-und-stillen-das-gleichgewicht-fuer-mutter-und-baby-finden\/"},"modified":"2024-03-28T09:23:52","modified_gmt":"2024-03-28T08:23:52","slug":"chili-und-stillen-das-gleichgewicht-fuer-mutter-und-baby-finden","status":"publish","type":"page","link":"https:\/\/milkydaisy.com\/de\/stillen\/chili-und-stillen-das-gleichgewicht-fuer-mutter-und-baby-finden\/","title":{"rendered":"Chili und Stillen: Das Gleichgewicht f\u00fcr Mutter und Baby finden"},"content":{"rendered":"\n<p>W\u00e4hrend des Stillens Chili zu essen, besch\u00e4ftigt viele M\u00fctter, die sich um die Gesundheit ihres Babys sorgen. Obwohl Chili Gerichte bereichert und ern\u00e4hrungsphysiologische Vorteile bietet, ist die Frage nach seinem Einfluss auf Muttermilch und die Gesundheit des Babys legitim. <strong>Chili und Stillen <\/strong>: ein kompatibles Duo? <strong>Die Antwort ist ja, vorausgesetzt, es wird in Ma\u00dfen konsumiert und auf die Reaktionen des Babys geachtet.<\/strong><\/p>\n\n<h2 class=\"wp-block-heading\">Die Vorteile des Pfeffers<\/h2>\n\n<p>Pfeffer, auch bekannt als <strong>Chili<\/strong> oder <strong>Paprika<\/strong>, ist eine Frucht aus S\u00fcdamerika. Diese Zutat wird f\u00fcr ihren unverwechselbaren Geschmack und ihre N\u00e4hrstoffe gesch\u00e4tzt; tats\u00e4chlich wird sie weltweit in der K\u00fcche verwendet. Es gibt eine gro\u00dfe Vielfalt an Pfeffersorten, von mild bis sehr scharf, deren Sch\u00e4rfegrad mit der <strong><a href=\"https:\/\/de.wikipedia.org\/wiki\/Scoville-Skala\" target=\"_blank\" rel=\"noopener\">Scoville-Skala<\/a><\/strong> gemessen wird. Pfeffer enth\u00e4lt <strong><a href=\"https:\/\/de.wikipedia.org\/wiki\/Capsaicin\" target=\"_blank\" rel=\"noopener\">Capsaicin<\/a><\/strong>, das f\u00fcr seine antioxidativen und schmerzstillenden Eigenschaften bekannt ist. Es ist auch f\u00fcr das Hitzegef\u00fchl verantwortlich, das nach dem Verzehr entsteht.<\/p>\n\n<ul class=\"wp-block-list\">\n<li><strong>F\u00fcr M\u00fctter:<\/strong> Der Verzehr von Pfeffer beschleunigt die postpartale Erholung und tr\u00e4gt zur Erhaltung der allgemeinen Gesundheit bei. Was das Baby betrifft, gelangen die Vorteile \u00fcber die Muttermilch, wodurch die Entwicklung und das Wachstum unterst\u00fctzt werden. Um jedoch unerw\u00fcnschte Nebenwirkungen zu vermeiden, ist es wichtig, sich ausgewogen und abwechslungsreich zu ern\u00e4hren.<\/li>\n<\/ul>\n\n<p class=\"has-text-align-center\"><strong>Ern\u00e4hrungsf\u00fchrer f\u00fcr Pfeffer<\/strong><\/p>\n\n<meta charset=\"UTF-8\"\/>\r\n<meta name=\"viewport\" content=\"width=device-width, initial-scale=1.0\"\/>\r\n<title>Ern\u00e4hrungsf\u00fchrer f\u00fcr Pfeffer<\/title>\r\n<style>\r\n  .accordion {\r\n    background-color: #eee;\r\n    color: #444;\r\n    cursor: pointer;\r\n    padding: 18px;\r\n    width: 95%;\r\n    border: none;\r\n    text-align: left;\r\n    outline: none;\r\n    font-size: 15px;\r\n    transition: 0.4s;\r\n  }\r\n\r\n  .active, .accordion:hover {\r\n    background-color: #ccc;\r\n  }\r\n\r\n  .panel {\r\n    padding: 0 18px;\r\n    background-color: white;\r\n    display: none;\r\n    overflow: hidden;\r\n  }\r\n<\/style>\r\n\r\n\r\n\r\n<button class=\"accordion\">Vitamine<\/button>\r\n<div class=\"panel\">\r\n  <p>Pfeffer ist reich an Vitaminen A, C und E. Vitamin C, ein leistungsstarker Antioxidans, st\u00e4rkt das Immunsystem. Vitamin A ist f\u00fcr die Sehkraft und die Haut unverzichtbar, w\u00e4hrend Vitamin E Zellen vor oxidativem Stress sch\u00fctzt.<\/p>\r\n<\/div>\r\n\r\n<button class=\"accordion\">Mineralstoffe<\/button>\r\n<div class=\"panel\">\r\n  <p>Pfeffer liefert wichtige Mineralstoffe wie Kalium, das den Blutdruck reguliert, und Magnesium, das f\u00fcr die Energieproduktion und die Knochengesundheit unerl\u00e4sslich ist.<\/p>\r\n<\/div>\r\n\r\n<button class=\"accordion\">Antioxidantien<\/button>\r\n<div class=\"panel\">\r\n  <p>Reich an Antioxidantien wie Carotinoiden und Flavonoiden helfen Pfeffer, Zellen vor Sch\u00e4den durch freie Radikale zu sch\u00fctzen und das Risiko chronischer Krankheiten zu reduzieren.<\/p>\r\n<\/div>\r\n\r\n<button class=\"accordion\">Capsaicin<\/button>\r\n<div class=\"panel\">\r\n  <p>Capsaicin, verantwortlich f\u00fcr die w\u00fcrzige Sensation von Pfeffer, bietet Vorteile wie die Reduzierung von Entz\u00fcndungen, die Schmerzkontrolle und m\u00f6glicherweise Unterst\u00fctzung beim Abnehmen durch Steigerung des Stoffwechsels.<\/p>\r\n<\/div>\r\n\r\n<button class=\"accordion\">Kalorien und Ballaststoffe<\/button>\r\n<div class=\"panel\">\r\n  <p>Niedrig in Kalorien und reich an Ballaststoffen ist Pfeffer eine ausgezeichnete Wahl f\u00fcr diejenigen, die ihr Gewicht verwalten m\u00f6chten, w\u00e4hrend sie die gute Verdauungsgesundheit f\u00f6rdern.<\/p>\r\n<\/div>\r\n\r\n<script>\r\nvar acc = document.getElementsByClassName(\"accordion\");\r\nvar i;\r\n\r\nfor (i = 0; i < acc.length; i++) {\r\n  acc[i].addEventListener(\"click\", function() {\r\n    this.classList.toggle(\"active\");\r\n    var panel = this.nextElementSibling;\r\n    if (panel.style.display === \"block\") {\r\n      panel.style.display = \"none\";\r\n    } else {\r\n      panel.style.display = \"block\";\r\n    }\r\n  });\r\n}\r\n<\/script>\r\n\n<div style=\"height:20px\" aria-hidden=\"true\" class=\"wp-block-spacer\"><\/div>\n\n<h2 class=\"wp-block-heading\">Pfeffer und Stillen: Vorsichtsma\u00dfnahmen und Nebenwirkungen<\/h2>\n\n<p>Obwohl Pfeffer Vorteile bietet, sollte er sparsam in die Ern\u00e4hrung stillender M\u00fctter integriert werden. Gew\u00fcrze, einschlie\u00dflich Pfeffer, k\u00f6nnen bei einigen Babys Empfindlichkeiten verursachen. Diese Empfindlichkeit k\u00f6nnte sich in folgenden Symptomen \u00e4u\u00dfern:<\/p>\n\n<ul class=\"wp-block-list\">\n<li>Reizbarkeit<\/li>\n\n\n\n<li>Schlafst\u00f6rungen<\/li>\n\n\n\n<li>Koliken, ungew\u00f6hnliche St\u00fchle (wie Durchfall oder Verstopfung)<\/li>\n\n\n\n<li>unruhiges Verhalten w\u00e4hrend oder nach dem Stillen, oder sogar Verweigerung des Saugens.<\/li>\n<\/ul>\n\n<p><strong>Was tun in diesem Fall?<\/strong> Wenn Ihr Baby anscheinend negativ auf Pfeffer reagiert, erw\u00e4gen Sie, ihn aus Ihrer Ern\u00e4hrung zu reduzieren oder zu eliminieren. Ersetzen Sie ihn durch mildere Kr\u00e4uter und Gew\u00fcrze, um Ihre Gerichte zu w\u00fcrzen. Wenn sich die Dinge nicht verbessern, konsultieren Sie Ihren Arzt oder eine Stillberaterin f\u00fcr ma\u00dfgeschneiderte Ratschl\u00e4ge.<\/p>\n\n<h2 class=\"wp-block-heading\">Wie wirkt sich Pfeffer auf Muttermilch aus?<\/h2>\n\n<p>Das in Pfeffer enthaltene Capsaicin kann in die Muttermilch \u00fcbertragen und ihren Geschmack leicht ver\u00e4ndern. Die geringe Konzentration im Milch beeintr\u00e4chtigt jedoch nicht ihre ern\u00e4hrungsphysiologische Qualit\u00e4t. Im Gegenteil, diese kleine Variation f\u00fchrt das Baby neuen Dingen zu! In diesem Zusammenhang legen Studien nahe, dass eine fr\u00fchzeitige Exposition gegen\u00fcber einer Vielzahl von Aromen durch Muttermilch eine positive Wirkung auf die Akzeptanz fester Lebensmittel beim Kind haben kann. Es ist jedoch immer noch wichtig, auf Signale zu achten, die auf eine Empfindlichkeit gegen\u00fcber Gew\u00fcrzen hinweisen k\u00f6nnten.<\/p>\n\n<p><strong>Pfeffer und Stillen: Fakten von Mythen trennen.<\/strong> Es wird oft gesagt, dass Pfeffer Verdauungsprobleme verursachen oder im Gegenteil den Geschmack der Muttermilch verbessern und das Appetit des Babys steigern k\u00f6nnte. In Wirklichkeit reagiert jedes Kind anders: Einige k\u00f6nnen Unbehagen bei st\u00e4rkeren Geschm\u00e4cken versp\u00fcren, w\u00e4hrend andere nicht betroffen zu sein scheinen. Forschungen kommen zu dem Schluss, dass gelegentliches Essen von Pfeffer w\u00e4hrend des Stillens weder f\u00fcr die Laktation noch f\u00fcr das Wohlbefinden des Babys ein besonderes Risiko darstellt.<\/p>\n\n<figure class=\"wp-block-image size-large\"><img decoding=\"async\" width=\"1300\" height=\"729\" src=\"https:\/\/milkydaisy.com\/wp-content\/uploads\/2024\/03\/Allaitement-et-Piment-paniette-1300x729.jpg\" alt=\"Stillen und Pfeffer\" class=\"wp-image-31163\" srcset=\"https:\/\/milkydaisy.com\/wp-content\/uploads\/2024\/03\/Allaitement-et-Piment-paniette-1300x729.jpg 1300w, https:\/\/milkydaisy.com\/wp-content\/uploads\/2024\/03\/Allaitement-et-Piment-paniette-430x241.jpg 430w, https:\/\/milkydaisy.com\/wp-content\/uploads\/2024\/03\/Allaitement-et-Piment-paniette-700x392.jpg 700w, https:\/\/milkydaisy.com\/wp-content\/uploads\/2024\/03\/Allaitement-et-Piment-paniette-400x224.jpg 400w, https:\/\/milkydaisy.com\/wp-content\/uploads\/2024\/03\/Allaitement-et-Piment-paniette-768x430.jpg 768w, https:\/\/milkydaisy.com\/wp-content\/uploads\/2024\/03\/Allaitement-et-Piment-paniette-860x482.jpg 860w, https:\/\/milkydaisy.com\/wp-content\/uploads\/2024\/03\/Allaitement-et-Piment-paniette.jpg 1456w\" sizes=\"(max-width: 1300px) 100vw, 1300px\" \/><\/figure>\n\n<div style=\"height:21px\" aria-hidden=\"true\" class=\"wp-block-spacer\"><\/div>\n\n<h2 class=\"wp-block-heading\">Das richtige Gleichgewicht zwischen Pfeffer und Stillen finden<\/h2>\n\n<p><strong>Allgemeine Empfehlungen<\/strong><\/p>\n\n<p>Um Chili oder scharfe So\u00dfe (wie Harissa oder Tabasco) w\u00e4hrend des Stillens zu integrieren, ist es ratsam, mit kleinen Mengen zu beginnen. Dies erm\u00f6glicht es Ihnen, die Toleranzschwelle Ihres Babys zu beurteilen und Ihre Lieblingsgerichte zu genie\u00dfen, ohne seiner Gesundheit zu schaden. Wenn Ihr Kind keine Beschwerden zeigt, k\u00f6nnen Sie die Dosis allm\u00e4hlich erh\u00f6hen und dabei auf sein Verhalten achten. Die Kombination von Chili mit anderen Lebensmitteln hilft, den scharfen Effekt zu reduzieren und wird vom Kind leichter akzeptiert. Ideal sind mildere Sorten von Paprika oder Saucen.<\/p>\n\n<p><strong>Pfeffer und Stillen: Milde Alternativen<\/strong><\/p>\n\n<p>Hier sind einige Ideen, um den Geschmack Ihrer Gerichte ohne die Verwendung von Pfeffer zu verbessern. Diese Alternativen erm\u00f6glichen es Ihnen, die Freuden zu variieren, w\u00e4hrend Sie auf die Sensibilit\u00e4t Ihres Babys achten. Verwenden Sie frische Kr\u00e4uter wie Petersilie, Basilikum, Thymian und Koriander zum Kochen. Was Gew\u00fcrze betrifft, werden Kreuzk\u00fcmmel, Kurkuma, Paprika und Zimt von den meisten Kindern in der Regel gut vertragen.<\/p>\n\n\r\n\r\n\r\n<meta charset=\"UTF-8\"\/>\r\n<meta name=\"viewport\" content=\"width=device-width, initial-scale=1.0\"\/>\r\n<title>Widget Produit<\/title>\r\n<style>\r\n    .product-container {\r\n        text-align: center;\r\n        margin: 20px auto;\r\n        box-shadow: 0 4px 8px 0 rgba(0, 0, 0, 0.2);\r\n        display: flex;\r\n        align-items: start;\r\n        padding-bottom: 20px;\r\n    }\r\n    .image-container {\r\n        flex: 1;\r\n        display: flex;\r\n        align-items: center;\r\n        justify-content: center;\r\n        height: 200px;\r\n        overflow: hidden;\r\n        margin-top: 20px;\r\n    }\r\n    .product-info {\r\n        flex: 2;\r\n        text-align: left;\r\n        margin-left: 20px;\r\n    }\r\n    .productName {\r\n        margin-top: 10px;\r\n        margin-right: 10px;\r\n        display: -webkit-box;\r\n        -webkit-line-clamp: 3;\r\n        -webkit-box-orient: vertical;\r\n        overflow: hidden;\r\n    }\r\n    .productPrice {\r\n        font-weight: bold;\r\n        font-size: 2em;\r\n        color: #D69C9C; \/* Pink color for price *\/\r\n    }\r\n    .wd-star-rating {\r\n        font-size: 15px;\r\n        margin-bottom: 0px;\r\n        display: flex;\r\n        align-items: center;\r\n    }\r\n    .btn {\r\n        padding: 10px;\r\n        background-color: rgb(216, 156, 156); \/* Pink background for the button *\/\r\n        color: white;\r\n        text-decoration: none;\r\n        display: inline-block;\r\n        cursor: pointer;\r\n    }\r\n<\/style>\r\n\r\n\r\n\r\n<div class=\"product-container-widget\" id=\"unique-product-container\">\r\n    <div class=\"product-container\">\r\n        <div class=\"image-container\">\r\n            <a class=\"productLink\" href=\"https:\/\/amzn.to\/495OjhR\" style=\"display: block;\" target=\"_blank\" rel=\"noopener\">\r\n                <img decoding=\"async\" class=\"productImage\" src=\"https:\/\/m.media-amazon.com\/images\/I\/51utTnWbdrL.jpg\" alt=\"Manuel tr\u00e8s illustr\u00e9 d'allaitement\" style=\"max-height: 200px; max-width: 200px;\"\/>\r\n            <\/a>\r\n        <\/div>\r\n        <div class=\"product-info\">\r\n            <a class=\"productLink\" href=\"https:\/\/amzn.to\/495OjhR\" style=\"display: block;\" target=\"_blank\" rel=\"noopener\">\r\n                <h5 class=\"productName\">Manuel tr\u00e8s illustr\u00e9 d'allaitement<\/h5>\r\n            <\/a>\r\n            <div style=\"display: flex; align-items: center; margin-top: 5px;\">\r\n                <div class=\"productPrice\">24 euros<\/div>\r\n                <img decoding=\"async\" src=\"https:\/\/milkydaisy.com\/wp-content\/uploads\/2024\/02\/disponible_amazon_icon.jpg\" alt=\"Disponible sur Amazon\" style=\"height: 40px; width: auto; margin-left: 20px;\"\/>\r\n            <\/div>\r\n            <div class=\"wd-star-rating\">\r\n                <div class=\"productRating\" style=\"color: black; margin-right: 5px;\">4,8<\/div>\r\n                <span class=\"productRatingStars\" style=\"color: #FFA41C; font-size: 24px;\">\u2605\u2605\u2605\u2605\u2605<\/span> \r\n                <span class=\"productRatingText\" style=\"color: black; margin-left: 10px;\">918 avis<\/span>\r\n            <\/div>\r\n            <div style=\"font-size: 15px; margin-bottom: 10px;\"><strong>Recevez le <span class=\"deliveryDate\"><\/span><\/strong><\/div>\r\n            <a class=\"productOfferLink btn\" href=\"https:\/\/amzn.to\/495OjhR\" target=\"_blank\" rel=\"noopener\">D\u00e9couvrir l'offre<\/a>\r\n        <\/div>\r\n    <\/div>\r\n<\/div>\r\n\r\n<script>\r\n    (function() {\r\n        var widgetContainer = document.currentScript.parentElement;\r\n\r\n        function calculateDeliveryDate() {\r\n            var deliveryDate = new Date();\r\n            deliveryDate.setDate(deliveryDate.getDate() + 2);\r\n            var options = { day: 'numeric', month: 'long' };\r\n            return deliveryDate.toLocaleDateString('fr-FR', options);\r\n        }\r\n\r\n        function fetchRandomProduct() {\r\n            fetch('https:\/\/milkydaisy.com\/wp-content\/custom-scripts\/amazon_product.php')\r\n                .then(response => {\r\n                    if (!response.ok) {\r\n                        throw new Error('Network response was not ok: ' + response.statusText);\r\n                    }\r\n                    return response.json();\r\n                })\r\n                .then(data => {\r\n                    displayProduct(data, widgetContainer);\r\n                })\r\n                .catch(error => {\r\n                    console.error('Error during fetch: ' + error.message);\r\n                });\r\n        }\r\n\r\n        function displayProduct(productData, container) {\r\n            container.querySelector('.productName').innerText = productData.short_name;\r\n            container.querySelector('.productImage').src = productData.img_src;\r\n            container.querySelector('.productImage').alt = productData.short_name;\r\n            container.querySelector('.productPrice').innerText = `${productData.price}\u20ac`;\r\n            var rating = parseFloat(productData.rating_average).toFixed(1).replace('.', ',');\r\n            container.querySelector('.productRating').innerText = rating;\r\n            container.querySelector('.productRatingText').innerText = `${productData.rating_number} avis`;\r\n            container.querySelector('.deliveryDate').innerText = calculateDeliveryDate();\r\n            container.querySelector('.productLink').href = productData.href_cecile;\r\n            container.querySelector('.productOfferLink').href = productData.href_cecile;\r\n\r\n            \/\/ Update stars based on rating\r\n            var filledStars = Math.round(productData.rating_average);\r\n            var emptyStars = 5 - filledStars;\r\n            container.querySelector('.productRatingStars').innerText = '\u2605'.repeat(filledStars) + '\u2606'.repeat(emptyStars);\r\n        }\r\n\r\n        fetchRandomProduct();\r\n    })();\r\n<\/script>\r\n\r\n\r\n\r\n\n<h2 class=\"wp-block-heading\">Fazit<\/h2>\n\n<p>Die Einf\u00fchrung von Chili oder scharfer So\u00dfe kann w\u00e4hrend des Stillens in Betracht gezogen werden, solange man nach den Mahlzeiten auf die Reaktionen des Babys achten bleibt. Die Kombination von Chili mit einer ausgewogenen Ern\u00e4hrung bleibt ideal f\u00fcr das Wohlbefinden beider. Schlie\u00dflich ist es wie bei jeder Ern\u00e4hrungsumstellung in dieser Zeit unerl\u00e4sslich, die Empfindlichkeiten des S\u00e4uglings zu ber\u00fccksichtigen. In diesem Zusammenhang erweist sich die Kombination von Chili und Stillen als kompatibel und erleichtert die Qualit\u00e4t intimer Momente des Teilens zwischen Mutter und Neugeborenem.<\/p>\n\n<p>Um die Feinheiten der Ern\u00e4hrung w\u00e4hrend des Stillens weiter zu erkunden, laden wir Sie ein, unseren Artikel \u00fcber den Verzehr von Austern w\u00e4hrend dieser wichtigen Zeit zu lesen. F\u00fcr weitere Details besuchen Sie <strong><a href=\"https:\/\/milkydaisy.com\/de\/stillen\/ernahrung-stillen\/austern-stillen-vorteile-vorsichtsmassnahmen-und-rezeptideen\/\">diese Seite<\/a><\/strong>.<\/p>\n","protected":false},"excerpt":{"rendered":"<p>W\u00e4hrend des Stillens Chili zu essen, besch\u00e4ftigt viele M\u00fctter, die sich um die Gesundheit ihres Babys sorgen. Obwohl Chili Gerichte bereichert und ern\u00e4hrungsphysiologische Vorteile bietet, ist die Frage nach seinem Einfluss auf Muttermilch und die Gesundheit des Babys legitim. Chili und Stillen : ein kompatibles Duo? Die Antwort ist ja, vorausgesetzt, es wird in Ma\u00dfen &#8230; <a title=\"Chili und Stillen: Das Gleichgewicht f\u00fcr Mutter und Baby finden\" class=\"read-more\" href=\"https:\/\/milkydaisy.com\/de\/stillen\/chili-und-stillen-das-gleichgewicht-fuer-mutter-und-baby-finden\/\" aria-label=\"Mehr Informationen \u00fcber Chili und Stillen: Das Gleichgewicht f\u00fcr Mutter und Baby finden\">Weiterlesen<\/a><\/p>\n","protected":false},"author":79,"featured_media":31160,"parent":18730,"menu_order":0,"comment_status":"open","ping_status":"open","template":"","meta":{"footnotes":""},"class_list":["post-31548","page","type-page","status-publish","has-post-thumbnail"],"_links":{"self":[{"href":"https:\/\/milkydaisy.com\/de\/wp-json\/wp\/v2\/pages\/31548","targetHints":{"allow":["GET"]}}],"collection":[{"href":"https:\/\/milkydaisy.com\/de\/wp-json\/wp\/v2\/pages"}],"about":[{"href":"https:\/\/milkydaisy.com\/de\/wp-json\/wp\/v2\/types\/page"}],"author":[{"embeddable":true,"href":"https:\/\/milkydaisy.com\/de\/wp-json\/wp\/v2\/users\/79"}],"replies":[{"embeddable":true,"href":"https:\/\/milkydaisy.com\/de\/wp-json\/wp\/v2\/comments?post=31548"}],"version-history":[{"count":0,"href":"https:\/\/milkydaisy.com\/de\/wp-json\/wp\/v2\/pages\/31548\/revisions"}],"up":[{"embeddable":true,"href":"https:\/\/milkydaisy.com\/de\/wp-json\/wp\/v2\/pages\/18730"}],"wp:featuredmedia":[{"embeddable":true,"href":"https:\/\/milkydaisy.com\/de\/wp-json\/wp\/v2\/media\/31160"}],"wp:attachment":[{"href":"https:\/\/milkydaisy.com\/de\/wp-json\/wp\/v2\/media?parent=31548"}],"curies":[{"name":"wp","href":"https:\/\/api.w.org\/{rel}","templated":true}]}}