{"id":18757,"date":"2023-07-03T16:22:01","date_gmt":"2023-07-03T14:22:01","guid":{"rendered":"https:\/\/milkydaisy.com\/die-besten-snacks-fuer-die-stillzeit-ein-umfassender-leitfaden\/welchen-joghurt-sollte-man-essen-wenn-man-stillt\/"},"modified":"2023-07-03T16:31:39","modified_gmt":"2023-07-03T14:31:39","slug":"welchen-joghurt-sollte-man-essen-wenn-man-stillt","status":"publish","type":"page","link":"https:\/\/milkydaisy.com\/de\/stillen\/die-optimale-ernaehrung-in-der-stillzeit-ein-umfassender-leitfaden\/die-besten-snacks-fuer-die-stillzeit-ein-umfassender-leitfaden\/welchen-joghurt-sollte-man-essen-wenn-man-stillt\/","title":{"rendered":"Welchen Joghurt sollte man essen, wenn man stillt?"},"content":{"rendered":"\n<p><strong>Warum Joghurt in der Stillzeit gut ist<\/strong><\/p>\n\n<p>Joghurt ist aufgrund seiner vielen ern\u00e4hrungsphysiologischen Vorteile eine ausgezeichnete Wahl f\u00fcr stillende M\u00fctter.<\/p>\n\n<p><strong>Kalziumreichtum von Joghurt<\/strong><\/p>\n\n<p>Joghurt ist eine ausgezeichnete Quelle f\u00fcr Kalzium, ein Mineral, das f\u00fcr die Gesundheit der Knochen und Z\u00e4hne Ihres Babys wichtig ist. Kalzium f\u00f6rdert au\u00dferdem die Muskelkontraktion und die Blutgerinnung.<\/p>\n\n<p><strong>Bedeutung von Probiotika<\/strong><\/p>\n\n<p>Die Probiotika im Joghurt helfen, eine gute Darmgesundheit zu erhalten, die f\u00fcr die optimale Aufnahme von N\u00e4hrstoffen unerl\u00e4sslich ist.<\/p>\n\n<p><strong>Wie man den richtigen Joghurt ausw\u00e4hlt<\/strong><\/p>\n\n<p>Nicht alle Joghurts sind gleich. Hier sind einige Kriterien, anhand derer Sie den ges\u00fcndesten Joghurt ausw\u00e4hlen k\u00f6nnen.<\/p>\n\n<p><strong>Nat\u00fcrlicher Joghurt ohne Zuckerzusatz<\/strong><\/p>\n\n<p>Entscheiden Sie sich f\u00fcr nat\u00fcrliche Joghurts ohne Zuckerzusatz. Zuckerzusatz kann das Risiko einer Gewichtszunahme und von Typ-2-Diabetes erh\u00f6hen.<\/p>\n\n<p><strong>Joghurt mit Probiotika<\/strong><\/p>\n\n<p>Joghurt mit Probiotika ist eine ausgezeichnete Wahl, um die Darmgesundheit zu f\u00f6rdern.<\/p>\n\n<p><strong>Joghurt aus Vollmilch<\/strong><\/p>\n\n<p>W\u00e4hlen Sie Joghurt aus Vollmilch, um die Vorteile der gesunden Fette zu nutzen.<\/p>\n\n<p><strong>Welche Joghurtarten Sie vermeiden sollten<\/strong><\/p>\n\n<p>Einige Joghurts k\u00f6nnen aufgrund ihres Gehalts an Zusatzstoffen und Zucker weniger gesund sein.<\/p>\n\n<p><strong>Joghurt mit k\u00fcnstlichen S\u00fc\u00dfstoffen<\/strong><\/p>\n\n<p>Vermeiden Sie Joghurt mit k\u00fcnstlichen S\u00fc\u00dfstoffen, da diese das Gleichgewicht Ihrer Darmmikrobiota st\u00f6ren k\u00f6nnen.<\/p>\n\n<p><strong>Joghurt mit k\u00fcnstlichen Aromen<\/strong><\/p>\n\n<p>Joghurt mit k\u00fcnstlichen Aromen kann Chemikalien enthalten, die f\u00fcr die Gesundheit nicht f\u00f6rderlich sind.<\/p>\n\n<p><strong>Hausgemachte Joghurtrezepte f\u00fcr stillende M\u00fctter<\/strong><\/p>\n\n<p>Wenn Sie die volle Kontrolle \u00fcber die Zutaten Ihres Joghurts haben m\u00f6chten, warum versuchen Sie nicht, ihn selbst herzustellen?<\/p>\n\n<p><strong>Rezept f\u00fcr selbstgemachten Naturjoghurt<\/strong><\/p>\n\n<p>Sie ben\u00f6tigen Vollmilch und Joghurtkulturen, um Ihren eigenen Naturjoghurt herzustellen.<\/p>\n\n<p><strong>Selbstgemachter Fruchtjoghurt<\/strong><\/p>\n\n<p>F\u00fcgen Sie frisches Obst f\u00fcr einen zus\u00e4tzlichen N\u00e4hrstoffschub und Geschmack hinzu.<\/p>\n\n<p><strong>Wie man Joghurt zu Hause zubereitet<\/strong><\/p>\n\n<p>Es gibt viele Online-Tutorials, die Sie bei der Zubereitung von selbstgemachtem Joghurt anleiten.<\/p>\n\n<p><strong>Verantwortungsvoller Joghurtkonsum in der Stillzeit<\/strong><\/p>\n\n<p>Wie bei allem ist M\u00e4\u00dfigung der Schl\u00fcssel, wenn es um den Verzehr von Joghurt in der Stillzeit geht.<\/p>\n\n<p><strong>Gleichgewicht ist der Schl\u00fcssel<\/strong><\/p>\n\n<p>Auch wenn Joghurt gesund ist, sollte er nicht den Hauptteil Ihrer Ern\u00e4hrung ausmachen. Achten Sie darauf, dass Sie eine Vielzahl von Lebensmitteln zu sich nehmen, um alle N\u00e4hrstoffe zu erhalten, die Sie und Ihr Baby f\u00fcr ihre Gesundheit ben\u00f6tigen.<\/p>\n\n<p><strong>H\u00f6ren Sie auf Ihren K\u00f6rper<\/strong><\/p>\n\n<p>Wenn Sie feststellen, dass Ihr Baby nach dem Verzehr von Joghurt schlecht reagiert, kann es sein, dass es auf bestimmte Inhaltsstoffe empfindlich reagiert. In diesem Fall sollten Sie sich an eine medizinische Fachkraft wenden.<\/p>\n\n<p><strong>Schlussfolgerung<\/strong><\/p>\n\n<p>Alles in allem kann Joghurt eine ausgezeichnete Ern\u00e4hrungsoption f\u00fcr stillende M\u00fctter sein, vorausgesetzt, Sie w\u00e4hlen die richtige Art von Joghurt und konsumieren ihn auf verantwortungsvolle Weise.<\/p>\n\n<p><strong>FAQ<\/strong><\/p>\n\n<p><strong>1. Kann ich Joghurt essen, wenn ich stille?<\/strong><\/p>\n\n<p>Ja, Joghurt ist im Allgemeinen sicher und vorteilhaft f\u00fcr stillende M\u00fctter.<\/p>\n\n<p><strong>2. Welche Art von Joghurt sollte ich essen, wenn ich stille?<\/strong><\/p>\n\n<p>Entscheiden Sie sich f\u00fcr nat\u00fcrlichen Joghurt, der aus Vollmilch hergestellt wird und Probiotika enth\u00e4lt.<\/p>\n\n<p><strong>3. Sind Joghurts mit k\u00fcnstlichen Aromen in der Stillzeit sicher?<\/strong><\/p>\n\n<p>Aufgrund der Chemikalien, die sie enthalten k\u00f6nnen, sollten sie vermieden werden.<\/p>\n\n<p><strong>4. Wie kann ich zu Hause meinen eigenen Joghurt herstellen?<\/strong><\/p>\n\n<p>Es gibt viele Online-Anleitungen, die Ihnen bei der Zubereitung Ihres eigenen Joghurts helfen.<\/p>\n\n<p><strong>5. Was kann ich tun, wenn mein Baby schlecht reagiert, nachdem ich Joghurt zu mir genommen habe?<\/strong><\/p>\n\n<p>Wenden Sie sich an eine medizinische Fachkraft, wenn Sie vermuten, dass Ihr Baby auf bestimmte Inhaltsstoffe im Joghurt empfindlich reagiert.<\/p>\n","protected":false},"excerpt":{"rendered":"<p>Warum Joghurt in der Stillzeit gut ist Joghurt ist aufgrund seiner vielen ern\u00e4hrungsphysiologischen Vorteile eine ausgezeichnete Wahl f\u00fcr stillende M\u00fctter. Kalziumreichtum von Joghurt Joghurt ist eine ausgezeichnete Quelle f\u00fcr Kalzium, ein Mineral, das f\u00fcr die Gesundheit der Knochen und Z\u00e4hne Ihres Babys wichtig ist. Kalzium f\u00f6rdert au\u00dferdem die Muskelkontraktion und die Blutgerinnung. Bedeutung von Probiotika &#8230; <a title=\"Welchen Joghurt sollte man essen, wenn man stillt?\" class=\"read-more\" href=\"https:\/\/milkydaisy.com\/de\/stillen\/die-optimale-ernaehrung-in-der-stillzeit-ein-umfassender-leitfaden\/die-besten-snacks-fuer-die-stillzeit-ein-umfassender-leitfaden\/welchen-joghurt-sollte-man-essen-wenn-man-stillt\/\" aria-label=\"Mehr Informationen \u00fcber Welchen Joghurt sollte man essen, wenn man stillt?\">Weiterlesen<\/a><\/p>\n","protected":false},"author":1,"featured_media":0,"parent":18736,"menu_order":0,"comment_status":"closed","ping_status":"closed","template":"","meta":{"footnotes":""},"class_list":["post-18757","page","type-page","status-publish"],"_links":{"self":[{"href":"https:\/\/milkydaisy.com\/de\/wp-json\/wp\/v2\/pages\/18757","targetHints":{"allow":["GET"]}}],"collection":[{"href":"https:\/\/milkydaisy.com\/de\/wp-json\/wp\/v2\/pages"}],"about":[{"href":"https:\/\/milkydaisy.com\/de\/wp-json\/wp\/v2\/types\/page"}],"author":[{"embeddable":true,"href":"https:\/\/milkydaisy.com\/de\/wp-json\/wp\/v2\/users\/1"}],"replies":[{"embeddable":true,"href":"https:\/\/milkydaisy.com\/de\/wp-json\/wp\/v2\/comments?post=18757"}],"version-history":[{"count":0,"href":"https:\/\/milkydaisy.com\/de\/wp-json\/wp\/v2\/pages\/18757\/revisions"}],"up":[{"embeddable":true,"href":"https:\/\/milkydaisy.com\/de\/wp-json\/wp\/v2\/pages\/18736"}],"wp:attachment":[{"href":"https:\/\/milkydaisy.com\/de\/wp-json\/wp\/v2\/media?parent=18757"}],"curies":[{"name":"wp","href":"https:\/\/api.w.org\/{rel}","templated":true}]}}