{"id":18483,"date":"2021-10-12T15:51:09","date_gmt":"2021-10-12T13:51:09","guid":{"rendered":"https:\/\/milkydaisy.com\/ueber-uns\/"},"modified":"2023-06-26T10:53:58","modified_gmt":"2023-06-26T08:53:58","slug":"ueber-uns","status":"publish","type":"page","link":"https:\/\/milkydaisy.com\/de\/ueber-uns\/","title":{"rendered":"\u00dcber uns"},"content":{"rendered":"<p>\u00dcBER UNS\t\t\t\t<\/p>\n<h4>Ein leidenschaftliches, eingespieltes und engagiertes Team<\/h4>\n<h4\t\t\t\t\t\tclass=\"info-box-title title box-title-style-default wd-fontsize-m\" data-elementor-setting-key=\"title\">\n\t\t\t\t\t\t\t\tWir lieben, was wir tun\t\t\t\t\t\t<\/h4>\n<p>Bei Milky Daisy ist es unsere Leidenschaft, hochwertige Produkte zu entwickeln, die M\u00fctter auf ihrer wunderbaren Reise des Stillens unterst\u00fctzen.<\/p>\n<p>\t\t\t<a  href=\"#\"><br \/>\n\t\t\t\t\tLesen Sie mehr<br \/>\n\t\t\t\t\t\t\t<\/a><\/p>\n<h4\t\t\t\t\t\tclass=\"info-box-title title box-title-style-default wd-fontsize-m\" data-elementor-setting-key=\"title\">\n\t\t\t\t\t\t\t\tUnser Arbeitsprozess\t\t\t\t\t\t<\/h4>\n<p>Wir arbeiten eng mit Laktationsexperten, Ern\u00e4hrungswissenschaftlern und Naturheilkundlern zusammen, um Rezepte zu entwickeln, die die Laktation f\u00f6rdern.<\/p>\n<p>\t\t\t<a  href=\"#\"><br \/>\n\t\t\t\t\tLesen Sie mehr<br \/>\n\t\t\t\t\t\t\t<\/a><br \/>\n\t\t\t\t\t\t\t\t<img width=\"580\" height=\"580\" src=\"https:\/\/milkydaisy.com\/wp-content\/uploads\/2021\/10\/about-us-3-image-1.jpg\" alt=\"\" decoding=\"async\" loading=\"lazy\" srcset=\"https:\/\/milkydaisy.com\/wp-content\/uploads\/2021\/10\/about-us-3-image-1.jpg 580w, https:\/\/milkydaisy.com\/wp-content\/uploads\/2021\/10\/about-us-3-image-1-430x430.jpg 430w, https:\/\/milkydaisy.com\/wp-content\/uploads\/2021\/10\/about-us-3-image-1-150x150.jpg 150w\" sizes=\"auto, (max-width: 580px) 100vw, 580px\" \/><br \/>\n\t\t\t\t\tEIN MENSCHLICHES ABENTEUER\t\t\t\t<\/p>\n<h4>\u00dcber Milky Daisy<\/h4>\n<p>Milky Daisy ist mehr als nur ein Online-Shop, es ist eine Gemeinschaft, die sich der Unterst\u00fctzung von stillenden M\u00fcttern durch hochwertige Produkte und informative Ressourcen verschrieben hat.  <\/p>\n<p>Wir stellen Ihnen eine Reihe von in Frankreich hergestellten Bio-Kr\u00e4utertees zur Verf\u00fcgung, die in Zusammenarbeit mit Laktationsexperten und Ern\u00e4hrungswissenschaftlern formuliert wurden. Wir bem\u00fchen uns, Ihr Einkaufserlebnis so einfach und angenehm wie m\u00f6glich zu gestalten, mit einem einfachen Bestellvorgang, einem aufmerksamen Kundenservice und einer schnellen Lieferung.  <\/p>\n<p>Wir sind auch stolz auf unser Engagement f\u00fcr Nachhaltigkeit, indem wir umweltfreundliche Verpackungen verwenden und nachhaltige landwirtschaftliche Praktiken unterst\u00fctzen.<\/p>\n<p>\t\t\t\t\t\t\t\t\t<a rel=\"noopener noreferrer nofollow\" href=\"https:\/\/www.facebook.com\/sharer\/sharer.php?u=\" target=\"_blank\" aria-label=\"Lien Facebook\"><br \/>\n\t\t\t\t\t\t\t\t\t\t\t<\/a><br \/>\n\t\t\t\t\t\t\t\t\t<a rel=\"noopener noreferrer nofollow\" href=\"https:\/\/twitter.com\/share?url=\" target=\"_blank\" aria-label=\"Twitter social link\"><br \/>\n\t\t\t\t\t\t\t\t\t\t\t<\/a><br \/>\n\t\t\t\t\t\t\t\t\t<a rel=\"noopener noreferrer nofollow\" href=\"https:\/\/pinterest.com\/pin\/create\/button\/?url=&#038;media=https:\/\/milkydaisy.com\/wp-includes\/images\/media\/default.png&#038;description=\" target=\"_blank\" aria-label=\"Lien Pinterest\"><br \/>\n\t\t\t\t\t\t\t\t\t\t\t<\/a><br \/>\n\t\t\t\t\t\t\t\t\t<a rel=\"noopener noreferrer nofollow\" href=\"https:\/\/www.linkedin.com\/shareArticle?mini=true&#038;url=\" target=\"_blank\" aria-label=\"Lien Linkedin\"><br \/>\n\t\t\t\t\t\t\t\t\t\t\t<\/a><br \/>\n\t\t\t\t\tEIN PAAR WORTE \u00dcBER UNS\t\t\t\t<\/p>\n<h4>UNSER TEAM<\/h4>\n<p>Ein dynamisches Quartett, das M\u00fctter mit Leidenschaft und Hingabe unterst\u00fctzt<\/p>\n<p>\t\t\t\t\t\t<img width=\"400\" height=\"643\" src=\"https:\/\/milkydaisy.com\/wp-content\/uploads\/2021\/10\/about-us-3-team-member-2.jpg\" alt=\"\" decoding=\"async\" loading=\"lazy\" srcset=\"https:\/\/milkydaisy.com\/wp-content\/uploads\/2021\/10\/about-us-3-team-member-2.jpg 400w, https:\/\/milkydaisy.com\/wp-content\/uploads\/2021\/10\/about-us-3-team-member-2-150x241.jpg 150w\" sizes=\"auto, (max-width: 400px) 100vw, 400px\" \/>\t\t\t\t\t<\/p>\n<h4>\n\t\t\t\t\t\tMargaux Berlioux\t\t\t\t\t<\/h4>\n<p>\t\t\t\t\t\tCO-FONDATORIN<br \/>\n\t\t\t\t\t\t\t\t\t\t\t\t\t\t\t<a rel=\"noopener noreferrer nofollow\" href=\"#\"><br \/>\n\t\t\t\t\t\t\t\t<\/a><br \/>\n\t\t\t\t\t\t\t\t\t\t\t\t\t\t\t<a rel=\"noopener noreferrer nofollow\" href=\"#\"><br \/>\n\t\t\t\t\t\t\t\t<\/a><br \/>\n\t\t\t\t\t\t\t\t\t\t\t\t\t\t\t<a rel=\"noopener noreferrer nofollow\" href=\"#\"><br \/>\n\t\t\t\t\t\t\t\t<\/a><br \/>\n\t\t\t\t\t\t\t\t\t\t\t\t\t\t\t<a rel=\"noopener noreferrer nofollow\" href=\"#\"><br \/>\n\t\t\t\t\t\t\t\t<\/a><br \/>\n\t\t\t\t\t\t<img width=\"400\" height=\"643\" src=\"https:\/\/milkydaisy.com\/wp-content\/uploads\/2021\/10\/about-us-3-team-member-3.jpg\" alt=\"\" decoding=\"async\" loading=\"lazy\" srcset=\"https:\/\/milkydaisy.com\/wp-content\/uploads\/2021\/10\/about-us-3-team-member-3.jpg 400w, https:\/\/milkydaisy.com\/wp-content\/uploads\/2021\/10\/about-us-3-team-member-3-150x241.jpg 150w\" sizes=\"auto, (max-width: 400px) 100vw, 400px\" \/>\t\t\t\t\t<\/p>\n<h4>\n\t\t\t\t\t\tJ\u00e9r\u00e9my Degryse\t\t\t\t\t<\/h4>\n<p>\t\t\t\t\t\tCO-GR\u00dcNDER<br \/>\n\t\t\t\t\t\t\t\t\t\t\t\t\t\t\t<a rel=\"noopener noreferrer nofollow\" href=\"#\"><br \/>\n\t\t\t\t\t\t\t\t<\/a><br \/>\n\t\t\t\t\t\t\t\t\t\t\t\t\t\t\t<a rel=\"noopener noreferrer nofollow\" href=\"#\"><br \/>\n\t\t\t\t\t\t\t\t<\/a><br \/>\n\t\t\t\t\t\t\t\t\t\t\t\t\t\t\t<a rel=\"noopener noreferrer nofollow\" href=\"#\"><br \/>\n\t\t\t\t\t\t\t\t<\/a><br \/>\n\t\t\t\t\t\t\t\t\t\t\t\t\t\t\t<a rel=\"noopener noreferrer nofollow\" href=\"#\"><br \/>\n\t\t\t\t\t\t\t\t<\/a><br \/>\n\t\t\t\t\t\t<img width=\"400\" height=\"643\" src=\"https:\/\/milkydaisy.com\/wp-content\/uploads\/2021\/10\/about-us-3-team-member-4.jpg\" alt=\"\" decoding=\"async\" loading=\"lazy\" srcset=\"https:\/\/milkydaisy.com\/wp-content\/uploads\/2021\/10\/about-us-3-team-member-4.jpg 400w, https:\/\/milkydaisy.com\/wp-content\/uploads\/2021\/10\/about-us-3-team-member-4-150x241.jpg 150w\" sizes=\"auto, (max-width: 400px) 100vw, 400px\" \/>\t\t\t\t\t<\/p>\n<h4>\n\t\t\t\t\t\tEmmanuelle Vachon-Lesage\t\t\t\t\t<\/h4>\n<p>\t\t\t\t\t\tFINANZDIREKTORIN<br \/>\n\t\t\t\t\t\t\t\t\t\t\t\t\t\t\t<a rel=\"noopener noreferrer nofollow\" href=\"#\"><br \/>\n\t\t\t\t\t\t\t\t<\/a><br \/>\n\t\t\t\t\t\t\t\t\t\t\t\t\t\t\t<a rel=\"noopener noreferrer nofollow\" href=\"#\"><br \/>\n\t\t\t\t\t\t\t\t<\/a><br \/>\n\t\t\t\t\t\t\t\t\t\t\t\t\t\t\t<a rel=\"noopener noreferrer nofollow\" href=\"#\"><br \/>\n\t\t\t\t\t\t\t\t<\/a><br \/>\n\t\t\t\t\t\t\t\t\t\t\t\t\t\t\t<a rel=\"noopener noreferrer nofollow\" href=\"#\"><br \/>\n\t\t\t\t\t\t\t\t<\/a><br \/>\n\t\t\t\t\t\t<img width=\"400\" height=\"643\" src=\"https:\/\/milkydaisy.com\/wp-content\/uploads\/2021\/10\/about-us-3-team-member-1.jpg\" alt=\"\" decoding=\"async\" loading=\"lazy\" srcset=\"https:\/\/milkydaisy.com\/wp-content\/uploads\/2021\/10\/about-us-3-team-member-1.jpg 400w, https:\/\/milkydaisy.com\/wp-content\/uploads\/2021\/10\/about-us-3-team-member-1-150x241.jpg 150w\" sizes=\"auto, (max-width: 400px) 100vw, 400px\" \/>\t\t\t\t\t<\/p>\n<h4>\n\t\t\t\t\t\tLudovic Lesage\t\t\t\t\t<\/h4>\n<p>\t\t\t\t\t\tREDAKTEUR<br \/>\n\t\t\t\t\t\t\t\t\t\t\t\t\t\t\t<a rel=\"noopener noreferrer nofollow\" href=\"#\"><br \/>\n\t\t\t\t\t\t\t\t<\/a><br \/>\n\t\t\t\t\t\t\t\t\t\t\t\t\t\t\t<a rel=\"noopener noreferrer nofollow\" href=\"#\"><br \/>\n\t\t\t\t\t\t\t\t<\/a><br \/>\n\t\t\t\t\t\t\t\t\t\t\t\t\t\t\t<a rel=\"noopener noreferrer nofollow\" href=\"#\"><br \/>\n\t\t\t\t\t\t\t\t<\/a><br \/>\n\t\t\t\t\t\t\t\t\t\t\t\t\t\t\t<a rel=\"noopener noreferrer nofollow\" href=\"#\"><br \/>\n\t\t\t\t\t\t\t\t<\/a><br \/>\n\t\t\t\t\tBY MILKY DAISY @ 2023.\t\t\t\t<\/p>\n<h4>Jedes Detail wird mit gr\u00f6\u00dfter Sorgfalt behandelt, um die hervorragende Qualit\u00e4t unserer Produkte zu gew\u00e4hrleisten.<\/h4>\n<p>\t\t\t<a  href=\"#\"><br \/>\n\t\t\t\t\tMIT LEIDENSCHAFT UND HINGABE F\u00dcR M\u00dcTTER GEMACHT<br \/>\n\t\t\t\t\t\t\t<\/a><br \/>\n\t\t\t\t2023<br \/>\n\t\t\t\t\tKREATION<br \/>\n\t\t\t\t200<br \/>\n\t\t\t\t\tZUFRIEDENE KUNDEN<br \/>\n\t\t\t\t7<br \/>\n\t\t\t\t\tPARTNERUNTERNEHMEN<br \/>\n\t\t\t\t1<br \/>\n\t\t\t\t\tBUREAU<br \/>\n\t\t\t\t9<br \/>\n\t\t\t\t\tMITARBEITER<br \/>\n\t\t\t\t3<br \/>\n\t\t\t\t\tPRODUKTE<\/p>\n","protected":false},"excerpt":{"rendered":"<p>\u00dcBER UNS Ein leidenschaftliches, eingespieltes und engagiertes Team Wir lieben, was wir tun Bei Milky Daisy ist es unsere Leidenschaft, hochwertige Produkte zu entwickeln, die M\u00fctter auf ihrer wunderbaren Reise des Stillens unterst\u00fctzen. Lesen Sie mehr Unser Arbeitsprozess Wir arbeiten eng mit Laktationsexperten, Ern\u00e4hrungswissenschaftlern und Naturheilkundlern zusammen, um Rezepte zu entwickeln, die die Laktation f\u00f6rdern. &#8230; <a title=\"\u00dcber uns\" class=\"read-more\" href=\"https:\/\/milkydaisy.com\/de\/ueber-uns\/\" aria-label=\"Mehr Informationen \u00fcber \u00dcber uns\">Weiterlesen<\/a><\/p>\n","protected":false},"author":1,"featured_media":0,"parent":0,"menu_order":0,"comment_status":"closed","ping_status":"closed","template":"","meta":{"footnotes":""},"class_list":["post-18483","page","type-page","status-publish"],"_links":{"self":[{"href":"https:\/\/milkydaisy.com\/de\/wp-json\/wp\/v2\/pages\/18483","targetHints":{"allow":["GET"]}}],"collection":[{"href":"https:\/\/milkydaisy.com\/de\/wp-json\/wp\/v2\/pages"}],"about":[{"href":"https:\/\/milkydaisy.com\/de\/wp-json\/wp\/v2\/types\/page"}],"author":[{"embeddable":true,"href":"https:\/\/milkydaisy.com\/de\/wp-json\/wp\/v2\/users\/1"}],"replies":[{"embeddable":true,"href":"https:\/\/milkydaisy.com\/de\/wp-json\/wp\/v2\/comments?post=18483"}],"version-history":[{"count":0,"href":"https:\/\/milkydaisy.com\/de\/wp-json\/wp\/v2\/pages\/18483\/revisions"}],"wp:attachment":[{"href":"https:\/\/milkydaisy.com\/de\/wp-json\/wp\/v2\/media?parent=18483"}],"curies":[{"name":"wp","href":"https:\/\/api.w.org\/{rel}","templated":true}]}}