{"id":17140,"date":"2023-06-09T20:46:59","date_gmt":"2023-06-09T18:46:59","guid":{"rendered":"https:\/\/milkydaisy.com\/?page_id=17140"},"modified":"2023-07-03T16:33:03","modified_gmt":"2023-07-03T14:33:03","slug":"datenschutzrichtlinie","status":"publish","type":"page","link":"https:\/\/milkydaisy.com\/de\/datenschutzrichtlinie\/","title":{"rendered":"Datenschutzrichtlinie"},"content":{"rendered":"\n<p>Bei Milky Daisy respektieren wir Ihre Privatsph\u00e4re und verpflichten uns, sie zu sch\u00fctzen. Diese Datenschutzrichtlinie erl\u00e4utert, wie wir Ihre pers\u00f6nlichen Daten sammeln, verwenden und sch\u00fctzen.<\/p>\n\n<h2 class=\"wp-block-heading\">Sammeln von Informationen<\/h2>\n\n<p>Wenn Sie unsere Website nutzen, k\u00f6nnen wir auf zwei Arten Informationen \u00fcber Sie sammeln:<\/p>\n\n<ol class=\"wp-block-list\">\n<li><strong>Informationen, die Sie uns zur Verf\u00fcgung stellen:<\/strong> Dazu geh\u00f6ren Informationen, die Sie uns zur Verf\u00fcgung stellen, wenn Sie ein Konto einrichten, eine Bestellung aufgeben, sich f\u00fcr unseren Newsletter anmelden oder mit unserem Kundenservice kommunizieren. Diese Informationen k\u00f6nnen Ihren Namen, Ihre E-Mail-Adresse, Lieferadresse, Telefonnummer und Zahlungsdetails umfassen.<\/li>\n\n\n\n<li><strong>Informationen, die wir automatisch sammeln :<\/strong> Wenn Sie auf unserer Website surfen, k\u00f6nnen wir Informationen \u00fcber Ihre Nutzung unserer Website sammeln, einschlie\u00dflich Ihrer IP-Adresse, des Browsertyps, den Sie verwenden, der Seiten, die Sie besuchen, und der Cookies.<\/li>\n<\/ol>\n\n<h2 class=\"wp-block-heading\">Verwendung von Informationen<\/h2>\n\n<p>Wir verwenden Ihre Informationen, um :<\/p>\n\n<ul class=\"wp-block-list\">\n<li>Ihre Bestellungen bearbeiten und ausliefern.<\/li>\n\n\n\n<li>Ihnen Informationen und Aktualisierungen zu unseren Produkten und Dienstleistungen zur Verf\u00fcgung zu stellen.<\/li>\n\n\n\n<li>Verbesserung unserer Website und unserer Dienstleistungen.<\/li>\n\n\n\n<li>Beantwortung Ihrer Fragen und Antr\u00e4ge.<\/li>\n<\/ul>\n\n<h2 class=\"wp-block-heading\">Teilen von Informationen<\/h2>\n\n<p>Wir verkaufen, tauschen oder vermieten Ihre pers\u00f6nlichen Daten nicht an Dritte. Wir k\u00f6nnen Ihre Informationen an dritte Dienstleister weitergeben, die uns beim Betrieb unserer Website, bei der Durchf\u00fchrung unserer Gesch\u00e4fte oder bei Ihren Diensten unterst\u00fctzen, solange sie sich damit einverstanden erkl\u00e4ren, diese Informationen vertraulich zu behandeln.<\/p>\n\n<h2 class=\"wp-block-heading\">Sicherheit der Informationen<\/h2>\n\n<p>Wir setzen eine Vielzahl von Sicherheitsma\u00dfnahmen ein, um die Sicherheit Ihrer pers\u00f6nlichen Daten zu wahren. Ihre pers\u00f6nlichen Informationen befinden sich hinter sicheren Netzwerken und sind nur f\u00fcr eine begrenzte Anzahl von Personen zug\u00e4nglich, die besondere Zugriffsrechte auf diese Systeme haben und verpflichtet sind, die Informationen vertraulich zu behandeln.<\/p>\n\n<h2 class=\"wp-block-heading\">Ihre Rechte<\/h2>\n\n<p>Sie haben das Recht, Zugang zu Ihren personenbezogenen Daten zu verlangen, sie zu korrigieren, zu l\u00f6schen oder ihre Verarbeitung einzuschr\u00e4nken. Sie k\u00f6nnen diese Rechte aus\u00fcben, indem Sie uns unter hello@@milkydaisy.com kontaktieren.<\/p>\n\n<h2 class=\"wp-block-heading\">\u00c4nderungen an unserer Datenschutzrichtlinie<\/h2>\n\n<p>Wir behalten uns das Recht vor, diese Datenschutzrichtlinie jederzeit zu \u00e4ndern. Wenn wir uns dazu entschlie\u00dfen, unsere Datenschutzrichtlinien zu \u00e4ndern, werden wir diese \u00c4nderungen auf dieser Seite ver\u00f6ffentlichen.<\/p>\n","protected":false},"excerpt":{"rendered":"<p>Bei Milky Daisy respektieren wir Ihre Privatsph\u00e4re und verpflichten uns, sie zu sch\u00fctzen. Diese Datenschutzrichtlinie erl\u00e4utert, wie wir Ihre pers\u00f6nlichen Daten sammeln, verwenden und sch\u00fctzen. Sammeln von Informationen Wenn Sie unsere Website nutzen, k\u00f6nnen wir auf zwei Arten Informationen \u00fcber Sie sammeln: Verwendung von Informationen Wir verwenden Ihre Informationen, um : Teilen von Informationen Wir &#8230; <a title=\"Datenschutzrichtlinie\" class=\"read-more\" href=\"https:\/\/milkydaisy.com\/de\/datenschutzrichtlinie\/\" aria-label=\"Mehr Informationen \u00fcber Datenschutzrichtlinie\">Weiterlesen<\/a><\/p>\n","protected":false},"author":1,"featured_media":0,"parent":0,"menu_order":0,"comment_status":"closed","ping_status":"open","template":"","meta":{"footnotes":""},"class_list":["post-17140","page","type-page","status-publish"],"_links":{"self":[{"href":"https:\/\/milkydaisy.com\/de\/wp-json\/wp\/v2\/pages\/17140","targetHints":{"allow":["GET"]}}],"collection":[{"href":"https:\/\/milkydaisy.com\/de\/wp-json\/wp\/v2\/pages"}],"about":[{"href":"https:\/\/milkydaisy.com\/de\/wp-json\/wp\/v2\/types\/page"}],"author":[{"embeddable":true,"href":"https:\/\/milkydaisy.com\/de\/wp-json\/wp\/v2\/users\/1"}],"replies":[{"embeddable":true,"href":"https:\/\/milkydaisy.com\/de\/wp-json\/wp\/v2\/comments?post=17140"}],"version-history":[{"count":0,"href":"https:\/\/milkydaisy.com\/de\/wp-json\/wp\/v2\/pages\/17140\/revisions"}],"wp:attachment":[{"href":"https:\/\/milkydaisy.com\/de\/wp-json\/wp\/v2\/media?parent=17140"}],"curies":[{"name":"wp","href":"https:\/\/api.w.org\/{rel}","templated":true}]}}